{"id":342,"date":"2022-12-05T15:52:22","date_gmt":"2022-12-05T15:52:22","guid":{"rendered":"https:\/\/help.unhcr.org\/lithuania\/about-unhcr-in-lithuania\/"},"modified":"2025-09-09T14:50:56","modified_gmt":"2025-09-09T14:50:56","slug":"about-unhcr-in-lithuania","status":"publish","type":"page","link":"https:\/\/help.unhcr.org\/lithuania\/fr\/about-unhcr-in-lithuania\/","title":{"rendered":"\u00c0 propos du HCR en Lituanie"},"content":{"rendered":"\n<p class=\"has-text-align-left has-background\" style=\"background-color:#fdf799\">L\u2019ensemble des informations et services offerts par le HCR et ses partenaires sont <strong>GRATUITS<\/strong>.<\/p>\n\n\n\n<p>Le UNHCR, l&rsquo;Agence des Nations unies pour les r\u00e9fugi\u00e9s, prot\u00e8ge les personnes contraintes de fuir leurs maisons en raison de conflits et parce qu\u2019elles y sont pers\u00e9cut\u00e9es. Nous sauvons des vies, prot\u00e9geons des droits et aidons \u00e0 b\u00e2tir un avenir meilleur.<\/p>\n\n\n\n<p>En Lituanie, le HCR aide les autorit\u00e9s nationales \u00e0 accomplir leurs t\u00e2ches en accord avec les normes internationales et europ\u00e9ennes. Le HCR n\u2019intervient pas dans la proc\u00e9dure d\u2019asile en Lituanie. En Lituanie, la proc\u00e9dure d&rsquo;asile rel\u00e8ve de la responsabilit\u00e9 du D\u00e9partement des migrations.<\/p>\n\n\n\n<p>Le HCR en Lituanie dispose d\u2019un bureau de liaison \u00e0 Vilnius. Le HCR en Lituanie fait partie de la repr\u00e9sentation du HCR pour les pays nordiques et baltes, qui est bas\u00e9e \u00e0 Stockholm (Su\u00e8de). Cependant, il n&rsquo;est pas possible de prendre rendez-vous en personne avec ces deux bureaux.<\/p>\n\n\n\n<h2 class=\"wp-block-heading\">Contactez-nous<\/h2>\n\n\n\n<p>Si vous n&rsquo;avez pas trouv\u00e9 sur cette page \u00ab AIDE \u00bb les informations que vous recherchiez, n&rsquo;h\u00e9sitez pas \u00e0 nous contacter par t\u00e9l\u00e9phone ou par e-mail:<\/p>\n\n\n\n<p><strong>T\u00e9l\u00e9phone:<\/strong><\/p>\n\n\n\n<ul class=\"wp-block-list\">\n<li>Repr\u00e9sentation du HCR pour les pays nordiques et baltes (Stockholm, Su\u00e8de) : ? <a href=\"tel:46101012800\">+46 10 10 12 800<\/a> (du lundi au vendredi, 10h00-12h00 heure de Stockholm)<\/li>\n<\/ul>\n\n\n\n<ul class=\"wp-block-list\">\n<li>Bureau de liaison du HCR (Vilnius, Lituanie): ? <a href=\"tel:37052107416\">+370 5210 7416<\/a> (du lundi au vendredi, 9h00-17h00 heure de Vilnius)<\/li>\n<\/ul>\n\n\n\n<p><strong>Courriel:<\/strong> ?&nbsp;<a href=\"mailto:swestprotection@unhcr.org\">swestprotection@unhcr.org<\/a><\/p>\n\n\n\n<p class=\"has-text-align-center has-black-color has-text-color has-background\" style=\"background-color:#cce3f2\"><strong>Si vous ne parlez pas anglais ou su\u00e9dois<\/strong><\/p>\n\n\n\n<p>Bien que nous puissions r\u00e9pondre aux appels seulement en anglais ou en su\u00e9dois, vous pouvez nous envoyer un e-mail <strong>dans votre langue pr\u00e9f\u00e9r\u00e9e<\/strong> pour expliquer votre situation, et nous vous r\u00e9pondrons. Notre r\u00e9ponse sera r\u00e9dig\u00e9e, dans la plupart des cas, en anglais, mais nous vous encourageons \u00e0 utiliser Google Traduction si vous avez des difficult\u00e9s \u00e0 la comprendre, ou \u00e0 nous envoyer un autre e-mail nous demandant de la clarifier.<\/p>\n","protected":false},"excerpt":{"rendered":"<p>L\u2019ensemble des informations et services offerts par le HCR et ses partenaires sont GRATUITS. Le UNHCR, l&rsquo;Agence des Nations unies pour les r\u00e9fugi\u00e9s, prot\u00e8ge les personnes contraintes de fuir leurs maisons en raison de conflits et parce qu\u2019elles y sont pers\u00e9cut\u00e9es. Nous sauvons des vies, prot\u00e9geons des droits et aidons \u00e0 b\u00e2tir un avenir meilleur. [&hellip;]<\/p>\n","protected":false},"author":310,"featured_media":0,"parent":0,"menu_order":0,"comment_status":"closed","ping_status":"closed","template":"","meta":{"_acf_changed":false,"footnotes":""},"class_list":["post-342","page","type-page","status-publish","hentry"],"acf":[],"_links":{"self":[{"href":"https:\/\/help.unhcr.org\/lithuania\/fr\/wp-json\/wp\/v2\/pages\/342","targetHints":{"allow":["GET"]}}],"collection":[{"href":"https:\/\/help.unhcr.org\/lithuania\/fr\/wp-json\/wp\/v2\/pages"}],"about":[{"href":"https:\/\/help.unhcr.org\/lithuania\/fr\/wp-json\/wp\/v2\/types\/page"}],"author":[{"embeddable":true,"href":"https:\/\/help.unhcr.org\/lithuania\/fr\/wp-json\/wp\/v2\/users\/310"}],"replies":[{"embeddable":true,"href":"https:\/\/help.unhcr.org\/lithuania\/fr\/wp-json\/wp\/v2\/comments?post=342"}],"version-history":[{"count":6,"href":"https:\/\/help.unhcr.org\/lithuania\/fr\/wp-json\/wp\/v2\/pages\/342\/revisions"}],"predecessor-version":[{"id":1062,"href":"https:\/\/help.unhcr.org\/lithuania\/fr\/wp-json\/wp\/v2\/pages\/342\/revisions\/1062"}],"wp:attachment":[{"href":"https:\/\/help.unhcr.org\/lithuania\/fr\/wp-json\/wp\/v2\/media?parent=342"}],"curies":[{"name":"wp","href":"https:\/\/api.w.org\/{rel}","templated":true}]}}