{"id":339,"date":"2022-12-05T15:37:00","date_gmt":"2022-12-05T15:37:00","guid":{"rendered":"https:\/\/help.unhcr.org\/lithuania\/where-to-find-help-in-lithuania\/i-need-help-to-find-a-missing-family-member-in-another-country-family-tracing\/"},"modified":"2025-09-09T14:48:25","modified_gmt":"2025-09-09T14:48:25","slug":"i-need-help-to-find-a-missing-family-member-in-another-country-family-tracing","status":"publish","type":"page","link":"https:\/\/help.unhcr.org\/lithuania\/fr\/where-to-find-help-in-lithuania\/i-need-help-to-find-a-missing-family-member-in-another-country-family-tracing\/","title":{"rendered":"J&rsquo;ai besoin d&rsquo;aide pour retrouver un membre de ma famille disparu dans un autre pays (recherche familiale)"},"content":{"rendered":"\n<p>Si vous r\u00e9sidez en Lituanie, nous vous conseillons de contacter notre partenaire, la Croix-Rouge lituanienne. Cette organisation propose des services de recherche familiale. Veuillez trouver leurs coordonn\u00e9es ci-dessous:<\/p>\n\n\n\n<div class=\"wp-block-group has-background\" style=\"background-color:#abb7c230\"><div class=\"wp-block-group__inner-container is-layout-flow wp-block-group-is-layout-flow\">\n<h3 class=\"wp-block-heading\"><strong>&nbsp; Croix-Rouge lituanienne<\/strong><\/h3>\n\n\n\n<ul class=\"wp-block-list\">\n<li>\u00a0\u00a0\u00a0\u00a0<strong> Adresse:<\/strong> Jasinskio str. 16B, 03163 Vilnius<\/li>\n\n\n\n<li>\u00a0\u00a0\u00a0<strong>  T\u00e9l\u00e9phone:<\/strong> ? <a href=\"tel:37065292905\">+370 652 92 905<\/a><\/li>\n\n\n\n<li>&nbsp;&nbsp;&nbsp;&nbsp;<strong> Courriel: <\/strong>? <a href=\"mailto:tracing@redcross.lt\" target=\"_blank\" rel=\"noreferrer noopener\">tracing@redcross.lt<\/a><\/li>\n<\/ul>\n<\/div><\/div>\n\n\n\n<p><a href=\"https:\/\/familylinks.icrc.org\/how-it-works\" target=\"_blank\" rel=\"noreferrer noopener\">En savoir plus sur le travail de la Croix-Rouge lituanienne et le Comit\u00e9 international de la Croix-Rouge en mati\u00e8re de recherche familiale.<\/a><\/p>\n\n\n\n<p>Si vous r\u00e9sidez en dehors de la Lituanie, nous vous recommandons de consulter <a href=\"https:\/\/help.unhcr.org\/fr\/\" data-type=\"link\" data-id=\"https:\/\/help.unhcr.org\/fr\/\">le site AIDE du pays dans lequel vous r\u00e9sidez.<\/a><\/p>\n\n\n\n<p>Veuillez noter que le HCR <strong>ne propose pas <\/strong>de services de recherche familiale.<\/p>\n","protected":false},"excerpt":{"rendered":"<p>Si vous r\u00e9sidez en Lituanie, nous vous conseillons de contacter notre partenaire, la Croix-Rouge lituanienne. Cette organisation propose des services de recherche familiale. Veuillez trouver leurs coordonn\u00e9es ci-dessous: &nbsp; Croix-Rouge lituanienne En savoir plus sur le travail de la Croix-Rouge lituanienne et le Comit\u00e9 international de la Croix-Rouge en mati\u00e8re de recherche familiale. Si vous [&hellip;]<\/p>\n","protected":false},"author":310,"featured_media":0,"parent":329,"menu_order":4,"comment_status":"closed","ping_status":"closed","template":"","meta":{"_acf_changed":false,"footnotes":""},"class_list":["post-339","page","type-page","status-publish","hentry"],"acf":[],"_links":{"self":[{"href":"https:\/\/help.unhcr.org\/lithuania\/fr\/wp-json\/wp\/v2\/pages\/339","targetHints":{"allow":["GET"]}}],"collection":[{"href":"https:\/\/help.unhcr.org\/lithuania\/fr\/wp-json\/wp\/v2\/pages"}],"about":[{"href":"https:\/\/help.unhcr.org\/lithuania\/fr\/wp-json\/wp\/v2\/types\/page"}],"author":[{"embeddable":true,"href":"https:\/\/help.unhcr.org\/lithuania\/fr\/wp-json\/wp\/v2\/users\/310"}],"replies":[{"embeddable":true,"href":"https:\/\/help.unhcr.org\/lithuania\/fr\/wp-json\/wp\/v2\/comments?post=339"}],"version-history":[{"count":5,"href":"https:\/\/help.unhcr.org\/lithuania\/fr\/wp-json\/wp\/v2\/pages\/339\/revisions"}],"predecessor-version":[{"id":1055,"href":"https:\/\/help.unhcr.org\/lithuania\/fr\/wp-json\/wp\/v2\/pages\/339\/revisions\/1055"}],"up":[{"embeddable":true,"href":"https:\/\/help.unhcr.org\/lithuania\/fr\/wp-json\/wp\/v2\/pages\/329"}],"wp:attachment":[{"href":"https:\/\/help.unhcr.org\/lithuania\/fr\/wp-json\/wp\/v2\/media?parent=339"}],"curies":[{"name":"wp","href":"https:\/\/api.w.org\/{rel}","templated":true}]}}