{"id":336,"date":"2022-12-05T15:47:39","date_gmt":"2022-12-05T15:47:39","guid":{"rendered":"https:\/\/help.unhcr.org\/lithuania\/where-to-find-help-in-lithuania\/helpline-services\/"},"modified":"2025-09-09T14:42:29","modified_gmt":"2025-09-09T14:42:29","slug":"helpline-services","status":"publish","type":"page","link":"https:\/\/help.unhcr.org\/lithuania\/fr\/where-to-find-help-in-lithuania\/helpline-services\/","title":{"rendered":"Assistance t\u00e9l\u00e9phonique"},"content":{"rendered":"\n<p><strong>Vous pouvez contacter diverses ONG ou institutions par le biais de lignes t\u00e9l\u00e9phoniques sp\u00e9cifiques pour obtenir d&rsquo;autres formes d&rsquo;aide et de soutien:<\/strong><\/p>\n\n\n\n<ul class=\"wp-block-list\">\n<li>Si vous souffrez d\u2019id\u00e9es suicidaires envahissantes ou si vous connaissez quelqu&rsquo;un qui en souffre, contactez le ? <strong><a href=\"tel:112\">112 <\/a><\/strong>pour obtenir une assistance t\u00e9l\u00e9phonique d\u2019urgence, disponible en lituanien, anglais, russe et polonais.<\/li>\n\n\n\n<li>Pour obtenir des conseils m\u00e9dicaux et des informations sur l&rsquo;unit\u00e9 d&rsquo;urgences psychiatriques la plus proche en Lituanie, composez le ? <a href=\"tel:112\"><strong>112<\/strong><\/a>, disponible en lituanien, anglais, russe et polonais.<\/li>\n\n\n\n<li>Pour une aide psychologique pour les jeunes, contactez Jaunimo linija en composant le ? <strong><a href=\"tel:37080028888\">+370 800 28888<\/a><\/strong> (ouvert 24h\/24 et 7j\/7) ou contactez-les via leur ? <a href=\"https:\/\/jaunimolinija.lt\/lt\/pagalba\/pagalba-pokalbiais-internetu\/\" target=\"_blank\" rel=\"noreferrer noopener\"><strong>chat en ligne<\/strong><\/a><strong> <\/strong>(tous les jours, 18h00-24h00), disponible en lituanien.<\/li>\n\n\n\n<li>Pour une aide psychologique pour les hommes, contactez <strong>Nelik vienas<\/strong> en composant le ? <strong><a href=\"tel:37060411119\">+370 604 11119<\/a><\/strong> (every day, 18.00-21.00) (tous les jours, 18h00-21h00) ou contactez-les par e-mail \u00e0 ? <a href=\"http:\/\/pagalba@nelikvienas.lt.\">pagalba@nelikvienas.lt.<\/a><\/li>\n\n\n\n<li>Pour une aide psychologique, si vous souffrez mentalement, contactez Vilties linija en composant le ? <strong><a href=\"tel:116123\">116 123<\/a> <\/strong>(ouvert 24h\/24 et 7j\/7) ou contactez-les via leur ? <a href=\"https:\/\/www.viltieslinija.lt\/\" target=\"_blank\" rel=\"noreferrer noopener\">chat en ligne<\/a>, disponible en lituanien.<\/li>\n\n\n\n<li>Si vous avez moins de 18 ans ou si vous connaissez quelqu\u2019un qui a besoin d\u2019aide ou de conseils, contactez Vaik\u0173 linija en composant le ? <strong><a href=\"tel:116111\">116 111<\/a><\/strong> (tous les jours, 11h00-23h00) ou contactez-le via leur ? <a href=\"https:\/\/www.vaikulinija.lt\/\" target=\"_blank\" rel=\"noreferrer noopener\"><strong>chat en ligne<\/strong><\/a> (tous les jours, 18h00-23h00), disponible en anglais et lituanien<\/li>\n<\/ul>\n\n\n\n<p>Si votre question concerne le contenu de ce site internet \u00ab AIDE \u00bb, <a href=\"https:\/\/help.unhcr.org\/lithuania\/fr\/about-unhcr-in-lithuania\/\" data-type=\"link\" data-id=\"https:\/\/help.unhcr.org\/lithuania\/fr\/about-unhcr-in-lithuania\/\" target=\"_blank\" rel=\"noreferrer noopener\">vous pouvez nous contacter.<\/a><\/p>\n","protected":false},"excerpt":{"rendered":"<p>Vous pouvez contacter diverses ONG ou institutions par le biais de lignes t\u00e9l\u00e9phoniques sp\u00e9cifiques pour obtenir d&rsquo;autres formes d&rsquo;aide et de soutien: Si votre question concerne le contenu de ce site internet \u00ab AIDE \u00bb, vous pouvez nous contacter.<\/p>\n","protected":false},"author":310,"featured_media":0,"parent":329,"menu_order":3,"comment_status":"closed","ping_status":"closed","template":"","meta":{"_acf_changed":false,"footnotes":""},"class_list":["post-336","page","type-page","status-publish","hentry"],"acf":[],"_links":{"self":[{"href":"https:\/\/help.unhcr.org\/lithuania\/fr\/wp-json\/wp\/v2\/pages\/336","targetHints":{"allow":["GET"]}}],"collection":[{"href":"https:\/\/help.unhcr.org\/lithuania\/fr\/wp-json\/wp\/v2\/pages"}],"about":[{"href":"https:\/\/help.unhcr.org\/lithuania\/fr\/wp-json\/wp\/v2\/types\/page"}],"author":[{"embeddable":true,"href":"https:\/\/help.unhcr.org\/lithuania\/fr\/wp-json\/wp\/v2\/users\/310"}],"replies":[{"embeddable":true,"href":"https:\/\/help.unhcr.org\/lithuania\/fr\/wp-json\/wp\/v2\/comments?post=336"}],"version-history":[{"count":4,"href":"https:\/\/help.unhcr.org\/lithuania\/fr\/wp-json\/wp\/v2\/pages\/336\/revisions"}],"predecessor-version":[{"id":1043,"href":"https:\/\/help.unhcr.org\/lithuania\/fr\/wp-json\/wp\/v2\/pages\/336\/revisions\/1043"}],"up":[{"embeddable":true,"href":"https:\/\/help.unhcr.org\/lithuania\/fr\/wp-json\/wp\/v2\/pages\/329"}],"wp:attachment":[{"href":"https:\/\/help.unhcr.org\/lithuania\/fr\/wp-json\/wp\/v2\/media?parent=336"}],"curies":[{"name":"wp","href":"https:\/\/api.w.org\/{rel}","templated":true}]}}