{"id":333,"date":"2022-12-05T15:44:05","date_gmt":"2022-12-05T15:44:05","guid":{"rendered":"https:\/\/help.unhcr.org\/lithuania\/where-to-find-help-in-lithuania\/emergency-services\/"},"modified":"2025-09-09T14:37:17","modified_gmt":"2025-09-09T14:37:17","slug":"emergency-services","status":"publish","type":"page","link":"https:\/\/help.unhcr.org\/lithuania\/fr\/where-to-find-help-in-lithuania\/emergency-services\/","title":{"rendered":"Services d&rsquo;urgence"},"content":{"rendered":"\n<p class=\"has-text-align-center has-background\" style=\"background-color:#fdf799\"><strong>Le num\u00e9ro d&rsquo;urgence commun de la police lituanienne, des secours et des pompiers, ainsi que pour des urgences m\u00e9dicales en Lituanie, est le ? <a href=\"tel:112\">112<\/a>.<\/strong><\/p>\n\n\n\n<p>En appelant le ? <strong><a href=\"tel:112\">112<\/a><\/strong>, l\u2019aide est disponible en lituanien, anglais, russe et polonais. <a href=\"https:\/\/112.lt\/apie-numeri-112\/mobilioji-aplikacija\/\" data-type=\"link\" data-id=\"https:\/\/112.lt\/apie-numeri-112\/mobilioji-aplikacija\/\" target=\"_blank\" rel=\"noreferrer noopener\">Vous pouvez t\u00e9l\u00e9charger l&rsquo;application 112 sur votre t\u00e9l\u00e9phone<\/a> et communiquer avec les services d&rsquo;urgence en utilisant <strong>la langue des signes lituanienne<\/strong>. Les interpr\u00e8tes en langue des signes sont disponibles 24h\/24 et 7j\/7.<\/p>\n","protected":false},"excerpt":{"rendered":"<p>Le num\u00e9ro d&rsquo;urgence commun de la police lituanienne, des secours et des pompiers, ainsi que pour des urgences m\u00e9dicales en Lituanie, est le ? 112. En appelant le ? 112, l\u2019aide est disponible en lituanien, anglais, russe et polonais. Vous pouvez t\u00e9l\u00e9charger l&rsquo;application 112 sur votre t\u00e9l\u00e9phone et communiquer avec les services d&rsquo;urgence en utilisant [&hellip;]<\/p>\n","protected":false},"author":310,"featured_media":0,"parent":329,"menu_order":1,"comment_status":"closed","ping_status":"closed","template":"","meta":{"_acf_changed":false,"footnotes":""},"class_list":["post-333","page","type-page","status-publish","hentry"],"acf":[],"_links":{"self":[{"href":"https:\/\/help.unhcr.org\/lithuania\/fr\/wp-json\/wp\/v2\/pages\/333","targetHints":{"allow":["GET"]}}],"collection":[{"href":"https:\/\/help.unhcr.org\/lithuania\/fr\/wp-json\/wp\/v2\/pages"}],"about":[{"href":"https:\/\/help.unhcr.org\/lithuania\/fr\/wp-json\/wp\/v2\/types\/page"}],"author":[{"embeddable":true,"href":"https:\/\/help.unhcr.org\/lithuania\/fr\/wp-json\/wp\/v2\/users\/310"}],"replies":[{"embeddable":true,"href":"https:\/\/help.unhcr.org\/lithuania\/fr\/wp-json\/wp\/v2\/comments?post=333"}],"version-history":[{"count":6,"href":"https:\/\/help.unhcr.org\/lithuania\/fr\/wp-json\/wp\/v2\/pages\/333\/revisions"}],"predecessor-version":[{"id":1034,"href":"https:\/\/help.unhcr.org\/lithuania\/fr\/wp-json\/wp\/v2\/pages\/333\/revisions\/1034"}],"up":[{"embeddable":true,"href":"https:\/\/help.unhcr.org\/lithuania\/fr\/wp-json\/wp\/v2\/pages\/329"}],"wp:attachment":[{"href":"https:\/\/help.unhcr.org\/lithuania\/fr\/wp-json\/wp\/v2\/media?parent=333"}],"curies":[{"name":"wp","href":"https:\/\/api.w.org\/{rel}","templated":true}]}}