{"id":331,"date":"2022-12-05T15:42:09","date_gmt":"2022-12-05T15:42:09","guid":{"rendered":"https:\/\/help.unhcr.org\/lithuania\/where-to-find-help-in-lithuania\/counselling-services-for-the-asylum-procedure\/"},"modified":"2025-09-09T14:33:46","modified_gmt":"2025-09-09T14:33:46","slug":"counselling-services-for-the-asylum-procedure","status":"publish","type":"page","link":"https:\/\/help.unhcr.org\/lithuania\/fr\/where-to-find-help-in-lithuania\/counselling-services-for-the-asylum-procedure\/","title":{"rendered":"Services de conseil relatifs \u00e0 la proc\u00e9dure d\u2019asile"},"content":{"rendered":"\n<p>Si vous \u00eates en Lituanie et que vous avez besoin d\u2019un conseil juridique dans votre dossier d\u2019asile, ou si vous avez des questions sur la proc\u00e9dure d\u2019asile ou de r\u00e9unification familiale en Lituanie, veuillez contacter notre partenaire, <a href=\"https:\/\/redcross.lt\/\" data-type=\"link\" data-id=\"https:\/\/redcross.lt\/\" target=\"_blank\" rel=\"noreferrer noopener\">la Croix-Rouge lituanienne<\/a>, qui pourrait \u00eatre en mesure de vous donner des conseils juridiques dans votre dossier.<\/p>\n\n\n\n<div class=\"wp-block-group has-background\" style=\"background-color:#abb7c230\"><div class=\"wp-block-group__inner-container is-layout-flow wp-block-group-is-layout-flow\">\n<h3 class=\"wp-block-heading\"><strong>&nbsp;Croix-Rouge lituanienne&nbsp;&nbsp;<\/strong>&nbsp;<\/h3>\n\n\n\n<ul class=\"wp-block-list\">\n<li>\u00a0\u00a0\u00a0 <strong>Adresse: <\/strong>Jasinskio str. 16B, 03163 Vilnius\u00a0\u00a0\u00a0<\/li>\n\n\n\n<li>\u00a0\u00a0\u00a0 <strong>T\u00e9l:<\/strong> ? <a href=\"tel:37068216597\">(+370) 682 16 597<\/a>\u00a0\u00a0\u00a0<\/li>\n\n\n\n<li>&nbsp;&nbsp;&nbsp;<strong> Courriel:<\/strong> ? <a href=\"mailto:legal@redcross.lt\" target=\"_blank\" rel=\"noreferrer noopener\">legal@redcross.lt<\/a>&nbsp;<\/li>\n\n\n\n<li>&nbsp;&nbsp;&nbsp; <strong>Site internet:<\/strong> <a href=\"http:\/\/www.redcross.lt\/\" target=\"_blank\" rel=\"noreferrer noopener\">www.redcross.lt<\/a>&nbsp;<\/li>\n<\/ul>\n<\/div><\/div>\n\n\n\n<p>Si vous \u00eates en Lituanie et que vous vous trouvez face \u00e0 de s\u00e9rieux d\u00e9fis avec les autorit\u00e9s, vous pouvez vous adresser au <strong>bureau du m\u00e9diateur du Seimas (Parlement lituanien)<\/strong>, qui est autoris\u00e9 \u00e0 prot\u00e9ger les droits de l\u2019homme et \u00e0 enqu\u00eater sur les plaintes individuelles contre les autorit\u00e9s lituaniennes:<\/p>\n\n\n\n<div class=\"wp-block-group has-background\" style=\"background-color:#abb7c230\"><div class=\"wp-block-group__inner-container is-layout-flow wp-block-group-is-layout-flow\">\n<h3 class=\"wp-block-heading\"><strong>Bureau du m\u00e9diateur du Seimas (Parlement lituanien)<\/strong><\/h3>\n\n\n\n<ul class=\"wp-block-list\">\n<li>&nbsp;&nbsp;&nbsp; <strong>Adresse: <\/strong>Gedimino pr. 56, 01110 Vilnius<\/li>\n\n\n\n<li>\u00a0\u00a0\u00a0<strong> T\u00e9l:<\/strong> ? <a href=\"tel:880022100\">8 800 22100<\/a> \/ <a href=\"tel:37070665105\">(+370) 706 65105<\/a><\/li>\n\n\n\n<li>&nbsp;&nbsp;&nbsp; <strong>E-mail: <\/strong>? <a href=\"mailto:ombuds@lrski.lt\" target=\"_blank\" rel=\"noreferrer noopener\">ombuds@lrski.lt<\/a><\/li>\n\n\n\n<li>&nbsp;&nbsp;&nbsp; <strong>Site internet: <\/strong><a href=\"http:\/\/www.lrski.lt\" target=\"_blank\" rel=\"noreferrer noopener\">www.lrski.lt<\/a><\/li>\n<\/ul>\n<\/div><\/div>\n\n\n\n<p>Veuillez noter que le HCR <strong>n\u2019intervient pas <\/strong>dans la proc\u00e9dure d&rsquo;asile en Lituanie et ne peut pas offrir de conseils juridiques aux demandeurs individuels concernant, par exemple, l&rsquo;asile ou la r\u00e9unification familiale. Le HCR travaille avec une organisation non gouvernementale nationale exp\u00e9riment\u00e9e, la Croix-Rouge lituanienne, dont les membres du personnel sont engag\u00e9s pour offrir de l\u2019aide et des conseils.<\/p>\n","protected":false},"excerpt":{"rendered":"<p>Si vous \u00eates en Lituanie et que vous avez besoin d\u2019un conseil juridique dans votre dossier d\u2019asile, ou si vous avez des questions sur la proc\u00e9dure d\u2019asile ou de r\u00e9unification familiale en Lituanie, veuillez contacter notre partenaire, la Croix-Rouge lituanienne, qui pourrait \u00eatre en mesure de vous donner des conseils juridiques dans votre dossier. &nbsp;Croix-Rouge [&hellip;]<\/p>\n","protected":false},"author":310,"featured_media":0,"parent":329,"menu_order":1,"comment_status":"closed","ping_status":"closed","template":"","meta":{"_acf_changed":false,"footnotes":""},"class_list":["post-331","page","type-page","status-publish","hentry"],"acf":[],"_links":{"self":[{"href":"https:\/\/help.unhcr.org\/lithuania\/fr\/wp-json\/wp\/v2\/pages\/331","targetHints":{"allow":["GET"]}}],"collection":[{"href":"https:\/\/help.unhcr.org\/lithuania\/fr\/wp-json\/wp\/v2\/pages"}],"about":[{"href":"https:\/\/help.unhcr.org\/lithuania\/fr\/wp-json\/wp\/v2\/types\/page"}],"author":[{"embeddable":true,"href":"https:\/\/help.unhcr.org\/lithuania\/fr\/wp-json\/wp\/v2\/users\/310"}],"replies":[{"embeddable":true,"href":"https:\/\/help.unhcr.org\/lithuania\/fr\/wp-json\/wp\/v2\/comments?post=331"}],"version-history":[{"count":5,"href":"https:\/\/help.unhcr.org\/lithuania\/fr\/wp-json\/wp\/v2\/pages\/331\/revisions"}],"predecessor-version":[{"id":1026,"href":"https:\/\/help.unhcr.org\/lithuania\/fr\/wp-json\/wp\/v2\/pages\/331\/revisions\/1026"}],"up":[{"embeddable":true,"href":"https:\/\/help.unhcr.org\/lithuania\/fr\/wp-json\/wp\/v2\/pages\/329"}],"wp:attachment":[{"href":"https:\/\/help.unhcr.org\/lithuania\/fr\/wp-json\/wp\/v2\/media?parent=331"}],"curies":[{"name":"wp","href":"https:\/\/api.w.org\/{rel}","templated":true}]}}