{"id":329,"date":"2022-12-05T15:38:54","date_gmt":"2022-12-05T15:38:54","guid":{"rendered":"https:\/\/help.unhcr.org\/lithuania\/where-to-find-help-in-lithuania\/"},"modified":"2024-08-06T15:13:25","modified_gmt":"2024-08-06T15:13:25","slug":"where-to-find-help-in-lithuania","status":"publish","type":"page","link":"https:\/\/help.unhcr.org\/lithuania\/fr\/where-to-find-help-in-lithuania\/","title":{"rendered":"O\u00f9 trouver de l&rsquo;aide en Lituanie"},"content":{"rendered":"\n<p class=\"has-background\" style=\"background-color:#fdf799\">L\u2019ensemble des informations et services offerts par le HCR et ses partenaires sont <strong>GRATUITS<\/strong>.<\/p>\n\n\n\n<p>Sur cette page, vous trouverez les coordonn\u00e9es des organisations qui peuvent apporter leur aide pendant la proc\u00e9dure d&rsquo;asile en Lituanie. Vous trouverez \u00e9galement les num\u00e9ros d&rsquo;urgence et les coordonn\u00e9es d&rsquo;autres fournisseurs de services en Lituanie.<\/p>\n\n\n\n<p><\/p>\n","protected":false},"excerpt":{"rendered":"<p>L\u2019ensemble des informations et services offerts par le HCR et ses partenaires sont GRATUITS. Sur cette page, vous trouverez les coordonn\u00e9es des organisations qui peuvent apporter leur aide pendant la proc\u00e9dure d&rsquo;asile en Lituanie. Vous trouverez \u00e9galement les num\u00e9ros d&rsquo;urgence et les coordonn\u00e9es d&rsquo;autres fournisseurs de services en Lituanie.<\/p>\n","protected":false},"author":310,"featured_media":0,"parent":0,"menu_order":0,"comment_status":"closed","ping_status":"closed","template":"page-templates\/listing_page.php","meta":{"_acf_changed":false,"footnotes":""},"class_list":["post-329","page","type-page","status-publish","hentry"],"acf":[],"_links":{"self":[{"href":"https:\/\/help.unhcr.org\/lithuania\/fr\/wp-json\/wp\/v2\/pages\/329","targetHints":{"allow":["GET"]}}],"collection":[{"href":"https:\/\/help.unhcr.org\/lithuania\/fr\/wp-json\/wp\/v2\/pages"}],"about":[{"href":"https:\/\/help.unhcr.org\/lithuania\/fr\/wp-json\/wp\/v2\/types\/page"}],"author":[{"embeddable":true,"href":"https:\/\/help.unhcr.org\/lithuania\/fr\/wp-json\/wp\/v2\/users\/310"}],"replies":[{"embeddable":true,"href":"https:\/\/help.unhcr.org\/lithuania\/fr\/wp-json\/wp\/v2\/comments?post=329"}],"version-history":[{"count":2,"href":"https:\/\/help.unhcr.org\/lithuania\/fr\/wp-json\/wp\/v2\/pages\/329\/revisions"}],"predecessor-version":[{"id":386,"href":"https:\/\/help.unhcr.org\/lithuania\/fr\/wp-json\/wp\/v2\/pages\/329\/revisions\/386"}],"wp:attachment":[{"href":"https:\/\/help.unhcr.org\/lithuania\/fr\/wp-json\/wp\/v2\/media?parent=329"}],"curies":[{"name":"wp","href":"https:\/\/api.w.org\/{rel}","templated":true}]}}