{"id":326,"date":"2022-12-05T16:32:40","date_gmt":"2022-12-05T16:32:40","guid":{"rendered":"https:\/\/help.unhcr.org\/lithuania\/applying-for-family-reunification\/"},"modified":"2025-09-09T14:30:24","modified_gmt":"2025-09-09T14:30:24","slug":"applying-for-family-reunification","status":"publish","type":"page","link":"https:\/\/help.unhcr.org\/lithuania\/fr\/applying-for-family-reunification\/","title":{"rendered":"Demande de r\u00e9unification familiale"},"content":{"rendered":"\n<p>Si vous avez obtenu le statut de r\u00e9fugi\u00e9 ou la protection subsidiaire en Lituanie et que vous avez \u00e9t\u00e9 s\u00e9par\u00e9 de votre famille, vous pouvez demander la r\u00e9unification familiale afin que votre famille puisse vous rejoindre en Lituanie, sous r\u00e9serve de conditions sp\u00e9cifiques.<\/p>\n","protected":false},"excerpt":{"rendered":"<p>Si vous avez obtenu le statut de r\u00e9fugi\u00e9 ou la protection subsidiaire en Lituanie et que vous avez \u00e9t\u00e9 s\u00e9par\u00e9 de votre famille, vous pouvez demander la r\u00e9unification familiale afin que votre famille puisse vous rejoindre en Lituanie, sous r\u00e9serve de conditions sp\u00e9cifiques.<\/p>\n","protected":false},"author":310,"featured_media":0,"parent":0,"menu_order":0,"comment_status":"closed","ping_status":"closed","template":"faq_page.php","meta":{"_acf_changed":false,"footnotes":""},"class_list":["post-326","page","type-page","status-publish","hentry"],"acf":[],"_links":{"self":[{"href":"https:\/\/help.unhcr.org\/lithuania\/fr\/wp-json\/wp\/v2\/pages\/326","targetHints":{"allow":["GET"]}}],"collection":[{"href":"https:\/\/help.unhcr.org\/lithuania\/fr\/wp-json\/wp\/v2\/pages"}],"about":[{"href":"https:\/\/help.unhcr.org\/lithuania\/fr\/wp-json\/wp\/v2\/types\/page"}],"author":[{"embeddable":true,"href":"https:\/\/help.unhcr.org\/lithuania\/fr\/wp-json\/wp\/v2\/users\/310"}],"replies":[{"embeddable":true,"href":"https:\/\/help.unhcr.org\/lithuania\/fr\/wp-json\/wp\/v2\/comments?post=326"}],"version-history":[{"count":3,"href":"https:\/\/help.unhcr.org\/lithuania\/fr\/wp-json\/wp\/v2\/pages\/326\/revisions"}],"predecessor-version":[{"id":1023,"href":"https:\/\/help.unhcr.org\/lithuania\/fr\/wp-json\/wp\/v2\/pages\/326\/revisions\/1023"}],"wp:attachment":[{"href":"https:\/\/help.unhcr.org\/lithuania\/fr\/wp-json\/wp\/v2\/media?parent=326"}],"curies":[{"name":"wp","href":"https:\/\/api.w.org\/{rel}","templated":true}]}}