{"id":317,"date":"2022-12-05T16:30:05","date_gmt":"2022-12-05T16:30:05","guid":{"rendered":"https:\/\/help.unhcr.org\/lithuania\/can-i-appeal-a-negative-decision\/"},"modified":"2025-07-18T09:01:46","modified_gmt":"2025-07-18T09:01:46","slug":"can-i-appeal-a-negative-decision","status":"publish","type":"page","link":"https:\/\/help.unhcr.org\/lithuania\/fr\/how-to-apply-for-asylum-in-lithuania\/can-i-appeal-a-negative-decision\/","title":{"rendered":"Puis-je interjeter appel d&rsquo;une d\u00e9cision n\u00e9gative ?"},"content":{"rendered":"\n<p class=\"has-black-color has-text-color has-background\" style=\"background-color:#cce3f2\"><strong>Veuillez noter qu&rsquo;il existe actuellement un \u00e9tat d&rsquo;urgence en Lituanie. Cela signifie qu\u2019il existe des r\u00e8gles particuli\u00e8res et des d\u00e9lais dans la proc\u00e9dure d\u2019asile qui peuvent avoir des r\u00e9percussions sur votre dossier. Pour plus d\u2019informations, nous vous conseillons de consulter votre avocat.<\/strong><\/p>\n\n\n\n<p>Si votre demande d\u2019asile est rejet\u00e9e, vous avez le droit d\u2019interjeter appel devant le tribunal administratif r\u00e9gional. Pour cette proc\u00e9dure, vous pouvez demander de b\u00e9n\u00e9ficier gratuitement d\u2019un avocat si vous n&rsquo;avez pas les moyens de payer un avocat.<\/p>\n\n\n\n<p>Veuillez noter que pendant l&rsquo;\u00e9tat d&rsquo;urgence en Lituanie, vous pouvez interjeter appel seulement <strong>dans un d\u00e9lai de 7 jours<\/strong> suivant la notification de la d\u00e9cision de rejet de votre demande d&rsquo;asile. Lorsque l&rsquo;\u00e9tat d&rsquo;urgence sera termin\u00e9, le d\u00e9lai s\u2019\u00e9l\u00e8ve g\u00e9n\u00e9ralement \u00e0 14 jours et, dans certains cas, \u00e0 7 jours. Nous vous conseillons de consulter votre <a href=\"https:\/\/redcross.lt\/\" data-type=\"link\" data-id=\"https:\/\/redcross.lt\/\">avocat <\/a>si vous avez des questions relatives au d\u00e9lai applicable dans votre dossier.<\/p>\n\n\n\n<p>Pendant la dur\u00e9e de l\u2019\u00e9tat d\u2019urgence, vous devriez \u00e9galement demander \u00e0 rester en Lituanie jusqu\u2019\u00e0 ce que vous receviez la d\u00e9cision relative \u00e0 votre appel, si vous souhaitez continuer \u00e0 rester en Lituanie en attendant une r\u00e9ponse \u00e0 votre appel.<\/p>\n\n\n\n<p>Le tribunal administratif r\u00e9gional peut soit demander au D\u00e9partement des migrations de prendre une nouvelle d\u00e9cision dans votre dossier, soit confirmer la d\u00e9cision prise par le D\u00e9partement des migrations qui a rejet\u00e9 votre demande. Si le tribunal administratif r\u00e9gional confirme la d\u00e9cision, vous pouvez toujours faire appel du jugement aupr\u00e8s de la Cour administrative supr\u00eame de Lituanie dans les 14 jours suivant la date de publication du jugement.<\/p>\n\n\n\n<p>Si votre appel est rejet\u00e9 \u00e0 toutes les instances, vous devrez quitter la Lituanie. <a href=\"https:\/\/lithuania.iom.int\/assisted-voluntary-return-and-reintegration\" data-type=\"link\" data-id=\"https:\/\/lithuania.iom.int\/assisted-voluntary-return-and-reintegration\" target=\"_blank\" rel=\"noreferrer noopener\">L&rsquo;Organisation internationale pour les migrations pr\u00e9voit une aide pour le retour volontaire assist\u00e9 et la r\u00e9insertion<\/a> ; vous pouvez les contacter si vous avez besoin d&rsquo;aide pour retourner dans votre pays d&rsquo;origine.<\/p>\n\n\n\n<p>Pour plus d&rsquo;informations sur la proc\u00e9dure d&rsquo;asile en Lituanie, veuillez consulter les sites internet du D\u00e9partement des migrations, qui contiennent des informations en <a href=\"https:\/\/www.migracija.lt\/noriu-gauti-prieglobst%C4%AF-lr\" target=\"_blank\" rel=\"noreferrer noopener\">anglais<\/a> et <a href=\"https:\/\/www.migracija.lt\/noriu-gauti-prieglobst%C4%AF-lr\" target=\"_blank\" rel=\"noreferrer noopener\">lituanien<\/a>.<\/p>\n\n\n\n<div class=\"wp-block-buttons is-content-justification-center is-layout-flex wp-container-core-buttons-is-layout-16018d1d wp-block-buttons-is-layout-flex\">\n<div class=\"wp-block-button\"><a class=\"wp-block-button__link has-white-color has-text-color has-background wp-element-button\" href=\"https:\/\/help.unhcr.org\/lithuania\/fr\/how-to-apply-for-asylum-in-lithuania\/i-need-a-lawyer-and-or-an-interpreter-in-my-case\/\" style=\"background-color:#0072bc\"><strong>J\u2019ai besoin d&rsquo;un avocat et\/ou d&rsquo;un interpr\u00e8te dans mon dossier<\/strong><\/a><\/div>\n<\/div>\n","protected":false},"excerpt":{"rendered":"<p>Veuillez noter qu&rsquo;il existe actuellement un \u00e9tat d&rsquo;urgence en Lituanie. Cela signifie qu\u2019il existe des r\u00e8gles particuli\u00e8res et des d\u00e9lais dans la proc\u00e9dure d\u2019asile qui peuvent avoir des r\u00e9percussions sur votre dossier. Pour plus d\u2019informations, nous vous conseillons de consulter votre avocat. Si votre demande d\u2019asile est rejet\u00e9e, vous avez le droit d\u2019interjeter appel devant [&hellip;]<\/p>\n","protected":false},"author":310,"featured_media":0,"parent":305,"menu_order":4,"comment_status":"closed","ping_status":"closed","template":"","meta":{"_acf_changed":false,"footnotes":""},"class_list":["post-317","page","type-page","status-publish","hentry"],"acf":[],"_links":{"self":[{"href":"https:\/\/help.unhcr.org\/lithuania\/fr\/wp-json\/wp\/v2\/pages\/317","targetHints":{"allow":["GET"]}}],"collection":[{"href":"https:\/\/help.unhcr.org\/lithuania\/fr\/wp-json\/wp\/v2\/pages"}],"about":[{"href":"https:\/\/help.unhcr.org\/lithuania\/fr\/wp-json\/wp\/v2\/types\/page"}],"author":[{"embeddable":true,"href":"https:\/\/help.unhcr.org\/lithuania\/fr\/wp-json\/wp\/v2\/users\/310"}],"replies":[{"embeddable":true,"href":"https:\/\/help.unhcr.org\/lithuania\/fr\/wp-json\/wp\/v2\/comments?post=317"}],"version-history":[{"count":5,"href":"https:\/\/help.unhcr.org\/lithuania\/fr\/wp-json\/wp\/v2\/pages\/317\/revisions"}],"predecessor-version":[{"id":995,"href":"https:\/\/help.unhcr.org\/lithuania\/fr\/wp-json\/wp\/v2\/pages\/317\/revisions\/995"}],"up":[{"embeddable":true,"href":"https:\/\/help.unhcr.org\/lithuania\/fr\/wp-json\/wp\/v2\/pages\/305"}],"wp:attachment":[{"href":"https:\/\/help.unhcr.org\/lithuania\/fr\/wp-json\/wp\/v2\/media?parent=317"}],"curies":[{"name":"wp","href":"https:\/\/api.w.org\/{rel}","templated":true}]}}