{"id":314,"date":"2022-12-05T16:28:51","date_gmt":"2022-12-05T16:28:51","guid":{"rendered":"https:\/\/help.unhcr.org\/lithuania\/how-to-apply-for-asylum-in-lithuania\/what-can-be-the-decision-in-my-case\/"},"modified":"2024-09-04T09:51:36","modified_gmt":"2024-09-04T09:51:36","slug":"what-can-be-the-decision-in-my-case","status":"publish","type":"page","link":"https:\/\/help.unhcr.org\/lithuania\/fr\/how-to-apply-for-asylum-in-lithuania\/what-can-be-the-decision-in-my-case\/","title":{"rendered":"Quelle peut \u00eatre la d\u00e9cision dans mon dossier ?"},"content":{"rendered":"\n<p>La d\u00e9cision relative \u00e0 votre demande d\u2019asile vous sera communiqu\u00e9e par le D\u00e9partement des migrations ou, si vous avez un avocat, \u00e0 votre avocat.<\/p>\n\n\n\n<p>Il existe trois issues possibles \u00e0 votre proc\u00e9dure d&rsquo;asile :<\/p>\n\n\n\n<ul class=\"wp-block-list\">\n<li>Vous \u00eates <strong>reconnu comme r\u00e9fugi\u00e9<\/strong> et un permis de s\u00e9jour permanent vous est d\u00e9livr\u00e9.<\/li>\n\n\n\n<li><strong>Une protection subsidiaire vous est accord\u00e9e<\/strong> et un permis de s\u00e9jour temporaire d\u2019une dur\u00e9e initiale de 2 ans vous est d\u00e9livr\u00e9 qui peut \u00eatre prolong\u00e9 \u00e0 des dur\u00e9es de 2 ans.<\/li>\n\n\n\n<li>Votre demande de protection internationale est <strong>rejet\u00e9e<\/strong>.<\/li>\n<\/ul>\n\n\n\n<p>Si <strong>l\u2019asile vous est accord\u00e9<\/strong> (statut de r\u00e9fugi\u00e9 ou protection subsidiaire), le D\u00e9partement des migrations vous remettra un document qui d\u00e9crit vos droits et obligations. Les droits et les services sont g\u00e9n\u00e9ralement les m\u00eames, que vous soyez reconnu comme r\u00e9fugi\u00e9 ou que vous obteniez une protection subsidiaire. La principale diff\u00e9rence consiste en la dur\u00e9e du permis de s\u00e9jour qui vous est d\u00e9livr\u00e9. Vous serez \u00e9galement inscrit au programme d&rsquo;int\u00e9gration o\u00f9 vous apprendrez comment vivre en Lituanie.<\/p>\n\n\n\n<p>Si <strong>votre demande d\u2019asile est rejet\u00e9e<\/strong>, vous recevrez une notification en lituanien indiquant les raisons juridiques et factuelles du rejet de votre demande d\u2019asile. Les \u00e9l\u00e9ments cl\u00e9s de cette d\u00e9cision vous seront expliqu\u00e9s dans une langue que vous comprenez.<\/p>\n\n\n\n<div class=\"wp-block-buttons is-content-justification-center is-layout-flex wp-container-core-buttons-is-layout-16018d1d wp-block-buttons-is-layout-flex\">\n<div class=\"wp-block-button\"><a class=\"wp-block-button__link has-white-color has-text-color has-background wp-element-button\" href=\"https:\/\/help.unhcr.org\/lithuania\/fr\/can-i-appeal-a-negative-decision\/\" style=\"background-color:#0072bc\"><strong>Puis-je interjeter appel d&rsquo;une d\u00e9cision n\u00e9gative ?<\/strong><\/a><\/div>\n<\/div>\n","protected":false},"excerpt":{"rendered":"<p>La d\u00e9cision relative \u00e0 votre demande d\u2019asile vous sera communiqu\u00e9e par le D\u00e9partement des migrations ou, si vous avez un avocat, \u00e0 votre avocat. Il existe trois issues possibles \u00e0 votre proc\u00e9dure d&rsquo;asile : Si l\u2019asile vous est accord\u00e9 (statut de r\u00e9fugi\u00e9 ou protection subsidiaire), le D\u00e9partement des migrations vous remettra un document qui d\u00e9crit [&hellip;]<\/p>\n","protected":false},"author":310,"featured_media":0,"parent":305,"menu_order":3,"comment_status":"closed","ping_status":"closed","template":"","meta":{"_acf_changed":false,"footnotes":""},"class_list":["post-314","page","type-page","status-publish","hentry"],"acf":[],"_links":{"self":[{"href":"https:\/\/help.unhcr.org\/lithuania\/fr\/wp-json\/wp\/v2\/pages\/314","targetHints":{"allow":["GET"]}}],"collection":[{"href":"https:\/\/help.unhcr.org\/lithuania\/fr\/wp-json\/wp\/v2\/pages"}],"about":[{"href":"https:\/\/help.unhcr.org\/lithuania\/fr\/wp-json\/wp\/v2\/types\/page"}],"author":[{"embeddable":true,"href":"https:\/\/help.unhcr.org\/lithuania\/fr\/wp-json\/wp\/v2\/users\/310"}],"replies":[{"embeddable":true,"href":"https:\/\/help.unhcr.org\/lithuania\/fr\/wp-json\/wp\/v2\/comments?post=314"}],"version-history":[{"count":3,"href":"https:\/\/help.unhcr.org\/lithuania\/fr\/wp-json\/wp\/v2\/pages\/314\/revisions"}],"predecessor-version":[{"id":505,"href":"https:\/\/help.unhcr.org\/lithuania\/fr\/wp-json\/wp\/v2\/pages\/314\/revisions\/505"}],"up":[{"embeddable":true,"href":"https:\/\/help.unhcr.org\/lithuania\/fr\/wp-json\/wp\/v2\/pages\/305"}],"wp:attachment":[{"href":"https:\/\/help.unhcr.org\/lithuania\/fr\/wp-json\/wp\/v2\/media?parent=314"}],"curies":[{"name":"wp","href":"https:\/\/api.w.org\/{rel}","templated":true}]}}