{"id":311,"date":"2022-12-05T16:27:36","date_gmt":"2022-12-05T16:27:36","guid":{"rendered":"https:\/\/help.unhcr.org\/lithuania\/how-to-apply-for-asylum-in-lithuania\/what-happens-after-i-apply-for-asylum\/"},"modified":"2024-09-04T09:51:18","modified_gmt":"2024-09-04T09:51:18","slug":"what-happens-after-i-apply-for-asylum","status":"publish","type":"page","link":"https:\/\/help.unhcr.org\/lithuania\/fr\/how-to-apply-for-asylum-in-lithuania\/what-happens-after-i-apply-for-asylum\/","title":{"rendered":"Que se passe-t-il apr\u00e8s avoir d\u00e9pos\u00e9 une demande d\u2019asile ?"},"content":{"rendered":"\n<h2 class=\"wp-block-heading\"><strong>\u00c9tape 1 \u2013 Inscription<\/strong><\/h2>\n\n\n\n<p>Apr\u00e8s l\u2019inscription, vous allez recevoir un certificat indiquant que vous avez d\u00e9pos\u00e9 une demande d\u2019asile et une carte d\u2019inscription pour \u00e9trangers. Il est important que vous gardiez ces documents en lieu s\u00fbr et que vous en ayez toujours une copie sur vous. Le D\u00e9partement des migrations proc\u00e9dera \u00e0 l&rsquo;\u00e9tude de votre demande d\u2019asile. Le D\u00e9partement des migrations engagera la proc\u00e9dure qui prend g\u00e9n\u00e9ralement jusqu\u2019\u00e0 <strong>6 mois.<\/strong><\/p>\n\n\n\n<p>Une fois votre demande enregistr\u00e9e, vous aurez le statut de demandeur d\u2019asile jusqu\u2019\u00e0 ce qu\u2019une d\u00e9cision finale soit prise. Dans des cas particuliers (par exemple si les autorit\u00e9s doivent v\u00e9rifier votre identit\u00e9 ou pour emp\u00eacher que vous preniez la fuite), le tribunal peut autoriser votre d\u00e9tention. Dans certaines situations (par exemple si la Lituanie est en \u00e9tat d&rsquo;urgence), vous pouvez \u00e9galement \u00eatre tenu de rester dans des sites d&rsquo;h\u00e9bergement ferm\u00e9s en attendant l\u2019issue de votre demande d&rsquo;asile).<\/p>\n\n\n\n<p>En tant que demandeur d\u2019asile, vous \u00eates autoris\u00e9 \u00e0 travailler seulement si la d\u00e9cision relative \u00e0 votre demande d\u2019asile n\u2019a pas \u00e9t\u00e9 rendue dans les 6 mois.<\/p>\n\n\n\n<h2 class=\"wp-block-heading\"><strong>\u00c9tape 2 \u2013 Entretien<\/strong><\/h2>\n\n\n\n<p>Vous aurez la possibilit\u00e9 d&rsquo;expliquer les raisons de votre demande d&rsquo;asile en Lituanie lors d&rsquo;un entretien individuel. L&rsquo;entretien d&rsquo;asile est <strong>une \u00e9tape tr\u00e8s importante<\/strong> dans la proc\u00e9dure d&rsquo;asile. Au cours de l&rsquo;entretien, vous avez une possibilit\u00e9 d\u2019apporter autant d&rsquo;informations que possible afin d\u2019appuyer votre demande d&rsquo;asile et de pr\u00e9senter l\u2019ensemble des documents disponibles pour appuyer votre requ\u00eate d&rsquo;asile. Il est important de faire un compte rendu complet de ce qui vous est arriv\u00e9 et de ce que vous craignez si vous \u00eates renvoy\u00e9 dans votre pays d&rsquo;origine.<\/p>\n\n\n\n<p>Avant, pendant et apr\u00e8s l&rsquo;entretien vous pouvez produire des <strong>documents <\/strong>et d&rsquo;autres preuves afin d\u2019appuyer votre r\u00e9cit d&rsquo;asile. Vous pouvez \u00e9galement envoyer ces documents au D\u00e9partement des migrations par e-mail \u00e0 <a href=\"mailto:info@migracija.gov.lt\">info@migracija.gov.lt<\/a> (vous devez indiquer dans l&rsquo;e-mail votre code ILTU, ce code peut appara\u00eetre dans votre dossier sur des documents \u00e9mis par les autorit\u00e9s lituaniennes ; si vous avez besoin d\u2019aide pour identifier votre code ILTU, demandez de l\u2019aide au personnel de votre centre d\u2019h\u00e9bergement).<\/p>\n\n\n\n<p>Aucune <strong>information que vous produisez dans le cadre de votre demande d&rsquo;asile<\/strong> (documents, proc\u00e8s-verbaux lors de l&rsquo;entretien avec vous) ne sera partag\u00e9e par les autorit\u00e9s lituaniennes avec votre pays d&rsquo;origine ou qui que ce soit d&rsquo;autre. Si vous avez besoin d&rsquo;un interpr\u00e8te, vous pouvez en demander un.<\/p>\n\n\n\n<h2 class=\"wp-block-heading\"><strong>\u00c9tape 3 \u2013 D\u00e9cision<\/strong><\/h2>\n\n\n\n<div class=\"wp-block-buttons is-content-justification-center is-layout-flex wp-container-core-buttons-is-layout-16018d1d wp-block-buttons-is-layout-flex\">\n<div class=\"wp-block-button\"><a class=\"wp-block-button__link has-white-color has-text-color has-background wp-element-button\" href=\"https:\/\/help.unhcr.org\/lithuania\/how-to-apply-for-asylum-in-lithuania\/fr\/what-can-be-the-decision-in-my-case\/\" style=\"background-color:#0072bc\"><strong>Quelle peut \u00eatre la d\u00e9cision dans mon dossier ?<\/strong><\/a><\/div>\n<\/div>\n","protected":false},"excerpt":{"rendered":"<p>\u00c9tape 1 \u2013 Inscription Apr\u00e8s l\u2019inscription, vous allez recevoir un certificat indiquant que vous avez d\u00e9pos\u00e9 une demande d\u2019asile et une carte d\u2019inscription pour \u00e9trangers. Il est important que vous gardiez ces documents en lieu s\u00fbr et que vous en ayez toujours une copie sur vous. Le D\u00e9partement des migrations proc\u00e9dera \u00e0 l&rsquo;\u00e9tude de votre [&hellip;]<\/p>\n","protected":false},"author":310,"featured_media":0,"parent":305,"menu_order":1,"comment_status":"closed","ping_status":"closed","template":"","meta":{"_acf_changed":false,"footnotes":""},"class_list":["post-311","page","type-page","status-publish","hentry"],"acf":[],"_links":{"self":[{"href":"https:\/\/help.unhcr.org\/lithuania\/fr\/wp-json\/wp\/v2\/pages\/311","targetHints":{"allow":["GET"]}}],"collection":[{"href":"https:\/\/help.unhcr.org\/lithuania\/fr\/wp-json\/wp\/v2\/pages"}],"about":[{"href":"https:\/\/help.unhcr.org\/lithuania\/fr\/wp-json\/wp\/v2\/types\/page"}],"author":[{"embeddable":true,"href":"https:\/\/help.unhcr.org\/lithuania\/fr\/wp-json\/wp\/v2\/users\/310"}],"replies":[{"embeddable":true,"href":"https:\/\/help.unhcr.org\/lithuania\/fr\/wp-json\/wp\/v2\/comments?post=311"}],"version-history":[{"count":3,"href":"https:\/\/help.unhcr.org\/lithuania\/fr\/wp-json\/wp\/v2\/pages\/311\/revisions"}],"predecessor-version":[{"id":504,"href":"https:\/\/help.unhcr.org\/lithuania\/fr\/wp-json\/wp\/v2\/pages\/311\/revisions\/504"}],"up":[{"embeddable":true,"href":"https:\/\/help.unhcr.org\/lithuania\/fr\/wp-json\/wp\/v2\/pages\/305"}],"wp:attachment":[{"href":"https:\/\/help.unhcr.org\/lithuania\/fr\/wp-json\/wp\/v2\/media?parent=311"}],"curies":[{"name":"wp","href":"https:\/\/api.w.org\/{rel}","templated":true}]}}