{"id":308,"date":"2022-12-05T16:25:43","date_gmt":"2022-12-05T16:25:43","guid":{"rendered":"https:\/\/help.unhcr.org\/lithuania\/how-to-apply-for-asylum-in-lithuania\/how-to-apply-for-asylum\/"},"modified":"2025-07-18T09:06:57","modified_gmt":"2025-07-18T09:06:57","slug":"how-to-apply-for-asylum","status":"publish","type":"page","link":"https:\/\/help.unhcr.org\/lithuania\/fr\/how-to-apply-for-asylum-in-lithuania\/how-to-apply-for-asylum\/","title":{"rendered":"Comment demander l&rsquo;asile"},"content":{"rendered":"\n<p>Une demande d&rsquo;asile peut \u00eatre soumise sur le territoire de la Lituanie ou \u00e0 un point d&rsquo;entr\u00e9e (un a\u00e9roport, un poste de contr\u00f4le frontalier ou un port). Vous pouvez demander l&rsquo;asile aupr\u00e8s d&rsquo;un garde-fronti\u00e8re (<strong>Service de garde-fronti\u00e8re de l&rsquo;\u00c9tat<\/strong>) \u00e0 tout point de passage \u00e0 la fronti\u00e8re lituanienne en entrant dans le pays. Vous pouvez demander l&rsquo;asile m\u00eame si vous n&rsquo;avez pas de visa valide, de documents de voyage ou de permis de s\u00e9jour lituanien.<\/p>\n\n\n\n<p>Sur le territoire lituanien, vous pouvez demander l&rsquo;asile soit aupr\u00e8s des unit\u00e9s du Service de garde-fronti\u00e8re de l&rsquo;\u00c9tat, soit aupr\u00e8s du <strong>D\u00e9partement de la migration.<\/strong> <a href=\"https:\/\/migracija.lrv.lt\/en\/structure-and-contacts\/information-for-visitors\/\" data-type=\"link\" data-id=\"https:\/\/migracija.lrv.lt\/en\/structure-and-contacts\/information-for-visitors\/\" target=\"_blank\" rel=\"noreferrer noopener\">Vous pouvez trouver les bureaux locaux du D\u00e9partement de la migration ainsi que leurs coordonn\u00e9es et heures d&rsquo;ouverture sur le site web du D\u00e9partement de la migration.<\/a><\/p>\n\n\n\n<p>Si vous \u00eates en Bi\u00e9lorussie et que vous n&rsquo;\u00eates pas citoyen de ce pays, vous pouvez \u00e9galement demander l&rsquo;asile en Lituanie \u00e0 <a href=\"https:\/\/by.mfa.lt\/\" data-type=\"link\" data-id=\"https:\/\/by.mfa.lt\/\" target=\"_blank\" rel=\"noreferrer noopener\">l&rsquo;Ambassade de la R\u00e9publique de Lituanie en Bi\u00e9lorussie.<\/a><\/p>\n\n\n\n<p>Pour plus d&rsquo;informations concernant la proc\u00e9dure d&rsquo;asile en Lituanie, veuillez consulter les sites web du D\u00e9partement de la migration, disponibles en <a href=\"https:\/\/www.migracija.lt\/noriu-gauti-prieglobst%C4%AF-lr\" target=\"_blank\" rel=\"noreferrer noopener\">anglais<\/a> et <a href=\"https:\/\/www.migracija.lt\/noriu-gauti-prieglobst%C4%AF-lr\" target=\"_blank\" rel=\"noreferrer noopener\">lituanien<\/a>.<\/p>\n\n\n\n<p>Toutes les questions concernant <a href=\"https:\/\/www.migracija.lt\/en\/noriu-gauti-prieglobst%C4%AF-lr\" data-type=\"link\" data-id=\"https:\/\/www.migracija.lt\/en\/noriu-gauti-prieglobst%C4%AF-lr\" target=\"_blank\" rel=\"noreferrer noopener\">la proc\u00e9dure d&rsquo;asile<\/a> sont g\u00e9r\u00e9es par les autorit\u00e9s lituaniennes selon les r\u00e8gles et r\u00e9glementations nationales, avec des fonctionnaires nationaux form\u00e9s et comp\u00e9tents sp\u00e9cialis\u00e9s dans les questions d&rsquo;asile. Le HCR <strong>n&rsquo;est pas<\/strong> impliqu\u00e9 dans le traitement des demandes d&rsquo;asile en Lituanie.<\/p>\n\n\n\n<div class=\"wp-block-buttons is-content-justification-center is-layout-flex wp-container-core-buttons-is-layout-16018d1d wp-block-buttons-is-layout-flex\">\n<div class=\"wp-block-button\"><a class=\"wp-block-button__link has-white-color has-text-color has-background wp-element-button\" href=\"https:\/\/help.unhcr.org\/lithuania\/fr\/how-to-apply-for-asylum-in-lithuania\/what-happens-after-i-apply-for-asylum\/\" style=\"background-color:#0072bc\"><strong>Que se passe-t-il apr\u00e8s ma demande d\u2019asile ?<\/strong><\/a><\/div>\n<\/div>\n","protected":false},"excerpt":{"rendered":"<p>Une demande d&rsquo;asile peut \u00eatre soumise sur le territoire de la Lituanie ou \u00e0 un point d&rsquo;entr\u00e9e (un a\u00e9roport, un poste de contr\u00f4le frontalier ou un port). Vous pouvez demander l&rsquo;asile aupr\u00e8s d&rsquo;un garde-fronti\u00e8re (Service de garde-fronti\u00e8re de l&rsquo;\u00c9tat) \u00e0 tout point de passage \u00e0 la fronti\u00e8re lituanienne en entrant dans le pays. Vous pouvez [&hellip;]<\/p>\n","protected":false},"author":310,"featured_media":0,"parent":305,"menu_order":1,"comment_status":"closed","ping_status":"closed","template":"","meta":{"_acf_changed":false,"footnotes":""},"class_list":["post-308","page","type-page","status-publish","hentry"],"acf":[],"_links":{"self":[{"href":"https:\/\/help.unhcr.org\/lithuania\/fr\/wp-json\/wp\/v2\/pages\/308","targetHints":{"allow":["GET"]}}],"collection":[{"href":"https:\/\/help.unhcr.org\/lithuania\/fr\/wp-json\/wp\/v2\/pages"}],"about":[{"href":"https:\/\/help.unhcr.org\/lithuania\/fr\/wp-json\/wp\/v2\/types\/page"}],"author":[{"embeddable":true,"href":"https:\/\/help.unhcr.org\/lithuania\/fr\/wp-json\/wp\/v2\/users\/310"}],"replies":[{"embeddable":true,"href":"https:\/\/help.unhcr.org\/lithuania\/fr\/wp-json\/wp\/v2\/comments?post=308"}],"version-history":[{"count":6,"href":"https:\/\/help.unhcr.org\/lithuania\/fr\/wp-json\/wp\/v2\/pages\/308\/revisions"}],"predecessor-version":[{"id":1004,"href":"https:\/\/help.unhcr.org\/lithuania\/fr\/wp-json\/wp\/v2\/pages\/308\/revisions\/1004"}],"up":[{"embeddable":true,"href":"https:\/\/help.unhcr.org\/lithuania\/fr\/wp-json\/wp\/v2\/pages\/305"}],"wp:attachment":[{"href":"https:\/\/help.unhcr.org\/lithuania\/fr\/wp-json\/wp\/v2\/media?parent=308"}],"curies":[{"name":"wp","href":"https:\/\/api.w.org\/{rel}","templated":true}]}}