{"id":305,"date":"2022-12-05T16:23:54","date_gmt":"2022-12-05T16:23:54","guid":{"rendered":"https:\/\/help.unhcr.org\/lithuania\/how-to-apply-for-asylum-in-lithuania\/"},"modified":"2024-08-06T09:55:01","modified_gmt":"2024-08-06T09:55:01","slug":"how-to-apply-for-asylum-in-lithuania","status":"publish","type":"page","link":"https:\/\/help.unhcr.org\/lithuania\/fr\/how-to-apply-for-asylum-in-lithuania\/","title":{"rendered":"Comment demander l&rsquo;asile en Lituanie"},"content":{"rendered":"\n<p>Si vous avez peur de retourner dans votre pays d&rsquo;origine ou dans le pays dans lequel vous avez v\u00e9cu pr\u00e9c\u00e9demment parce que vous craignez la violence, la pers\u00e9cution, la guerre ou si vous risquez de subir un pr\u00e9judice grave dans ce pays, vous pouvez demander la protection en Lituanie. La premi\u00e8re \u00e9tape pour obtenir une protection internationale consiste \u00e0 demander l&rsquo;asile.<\/p>\n\n\n\n<p>Veuillez noter que vous devez vous trouver sur le territoire lituanien ou \u00e0 un port d&rsquo;entr\u00e9e (a\u00e9roport, poste de contr\u00f4le frontalier terrestre ou port maritime) avant de pouvoir demander l&rsquo;asile en Lituanie.<\/p>\n\n\n\n<p>Si vous \u00eates en Bi\u00e9lorussie, vous pouvez \u00e9galement demander l&rsquo;asile \u00e0 l&rsquo;ambassade de Lituanie en Bi\u00e9lorussie.<\/p>\n","protected":false},"excerpt":{"rendered":"<p>Si vous avez peur de retourner dans votre pays d&rsquo;origine ou dans le pays dans lequel vous avez v\u00e9cu pr\u00e9c\u00e9demment parce que vous craignez la violence, la pers\u00e9cution, la guerre ou si vous risquez de subir un pr\u00e9judice grave dans ce pays, vous pouvez demander la protection en Lituanie. La premi\u00e8re \u00e9tape pour obtenir une [&hellip;]<\/p>\n","protected":false},"author":310,"featured_media":0,"parent":0,"menu_order":0,"comment_status":"closed","ping_status":"closed","template":"page-templates\/listing_page.php","meta":{"_acf_changed":false,"footnotes":""},"class_list":["post-305","page","type-page","status-publish","hentry"],"acf":[],"_links":{"self":[{"href":"https:\/\/help.unhcr.org\/lithuania\/fr\/wp-json\/wp\/v2\/pages\/305","targetHints":{"allow":["GET"]}}],"collection":[{"href":"https:\/\/help.unhcr.org\/lithuania\/fr\/wp-json\/wp\/v2\/pages"}],"about":[{"href":"https:\/\/help.unhcr.org\/lithuania\/fr\/wp-json\/wp\/v2\/types\/page"}],"author":[{"embeddable":true,"href":"https:\/\/help.unhcr.org\/lithuania\/fr\/wp-json\/wp\/v2\/users\/310"}],"replies":[{"embeddable":true,"href":"https:\/\/help.unhcr.org\/lithuania\/fr\/wp-json\/wp\/v2\/comments?post=305"}],"version-history":[{"count":2,"href":"https:\/\/help.unhcr.org\/lithuania\/fr\/wp-json\/wp\/v2\/pages\/305\/revisions"}],"predecessor-version":[{"id":364,"href":"https:\/\/help.unhcr.org\/lithuania\/fr\/wp-json\/wp\/v2\/pages\/305\/revisions\/364"}],"wp:attachment":[{"href":"https:\/\/help.unhcr.org\/lithuania\/fr\/wp-json\/wp\/v2\/media?parent=305"}],"curies":[{"name":"wp","href":"https:\/\/api.w.org\/{rel}","templated":true}]}}