{"id":303,"date":"2022-12-05T15:34:46","date_gmt":"2022-12-05T15:34:46","guid":{"rendered":"https:\/\/help.unhcr.org\/lithuania\/warning-about-risks-of-human-trafficking\/"},"modified":"2024-08-06T09:49:49","modified_gmt":"2024-08-06T09:49:49","slug":"warning-about-risks-of-human-trafficking","status":"publish","type":"page","link":"https:\/\/help.unhcr.org\/lithuania\/fr\/warning-about-risks-of-human-trafficking\/","title":{"rendered":"Avertissements relatifs aux risques de traite des \u00eatres humains"},"content":{"rendered":"\n<p class=\"has-text-align-left has-background\" style=\"background-color:#fdf799\"><strong>Si vous \u00eates un survivant de la traite ou si vous soup\u00e7onnez quelqu&rsquo;un d&rsquo;autre de l\u2019\u00eatre, vous devez contacter la police lituanienne au num\u00e9ro de t\u00e9l\u00e9phone d&rsquo;urgence (en composant le ? 112).\u00a0 Tout contact avec la police demeure strictement confidentiel.<\/strong><\/p>\n\n\n\n<p>De nombreuses personnes vont vouloir vous aider lors de votre voyage et apr\u00e8s votre arriv\u00e9e en Lituanie. Mais tous ne seront peut-\u00eatre pas ce qu\u2019ils pr\u00e9tendent \u00eatre ; certaines personnes peuvent vouloir profiter de votre situation.<\/p>\n\n\n\n<p>Elles peuvent par exemple vous promettre un h\u00e9bergement, un transport ou de la nourriture gratuite et les utiliser pour vous contraindre \u00e0 des actes sexuels, au travail ou \u00e0 d\u2019autres services avec lesquels vous n\u2019\u00eates pas d\u2019accord. Ou ils peuvent vouloir vous faire du mal ou prendre vos documents ou autres affaires.<\/p>\n\n\n\n<p><strong>Veuillez regarder la vid\u00e9o d\u2019information du HCR sur \u00ab Comment rester en s\u00e9curit\u00e9 \u00bb :<\/strong><\/p>\n\n\n\n<figure class=\"wp-block-embed is-type-video is-provider-youtube wp-block-embed-youtube wp-embed-aspect-16-9 wp-has-aspect-ratio\"><div class=\"wp-block-embed__wrapper\">\n<iframe loading=\"lazy\" title=\"Stay Safe \u2013 Important reminders for refugees to help stay safe while travelling.\" width=\"640\" height=\"360\" src=\"https:\/\/www.youtube.com\/embed\/Zrf01K2eBJc?start=1&#038;feature=oembed\" frameborder=\"0\" allow=\"accelerometer; autoplay; clipboard-write; encrypted-media; gyroscope; picture-in-picture; web-share\" referrerpolicy=\"strict-origin-when-cross-origin\" allowfullscreen><\/iframe>\n<\/div><\/figure>\n\n\n\n<p>La vid\u00e9o est \u00e9galement disponible en <a href=\"https:\/\/www.youtube.com\/watch?v=FV0xjx_SGsk\" data-type=\"link\" data-id=\"https:\/\/www.youtube.com\/watch?v=FV0xjx_SGsk\" target=\"_blank\" rel=\"noreferrer noopener\">ukrainien <\/a>et en <a href=\"https:\/\/www.youtube.com\/watch?v=4HJrKKxu8-I\" data-type=\"link\" data-id=\"https:\/\/www.youtube.com\/watch?v=4HJrKKxu8-I\" target=\"_blank\" rel=\"noreferrer noopener\">russe<\/a>.<\/p>\n","protected":false},"excerpt":{"rendered":"<p>Si vous \u00eates un survivant de la traite ou si vous soup\u00e7onnez quelqu&rsquo;un d&rsquo;autre de l\u2019\u00eatre, vous devez contacter la police lituanienne au num\u00e9ro de t\u00e9l\u00e9phone d&rsquo;urgence (en composant le ? 112).\u00a0 Tout contact avec la police demeure strictement confidentiel. De nombreuses personnes vont vouloir vous aider lors de votre voyage et apr\u00e8s votre arriv\u00e9e [&hellip;]<\/p>\n","protected":false},"author":310,"featured_media":0,"parent":0,"menu_order":0,"comment_status":"closed","ping_status":"closed","template":"faq_page.php","meta":{"_acf_changed":false,"footnotes":""},"class_list":["post-303","page","type-page","status-publish","hentry"],"acf":[],"_links":{"self":[{"href":"https:\/\/help.unhcr.org\/lithuania\/fr\/wp-json\/wp\/v2\/pages\/303","targetHints":{"allow":["GET"]}}],"collection":[{"href":"https:\/\/help.unhcr.org\/lithuania\/fr\/wp-json\/wp\/v2\/pages"}],"about":[{"href":"https:\/\/help.unhcr.org\/lithuania\/fr\/wp-json\/wp\/v2\/types\/page"}],"author":[{"embeddable":true,"href":"https:\/\/help.unhcr.org\/lithuania\/fr\/wp-json\/wp\/v2\/users\/310"}],"replies":[{"embeddable":true,"href":"https:\/\/help.unhcr.org\/lithuania\/fr\/wp-json\/wp\/v2\/comments?post=303"}],"version-history":[{"count":2,"href":"https:\/\/help.unhcr.org\/lithuania\/fr\/wp-json\/wp\/v2\/pages\/303\/revisions"}],"predecessor-version":[{"id":362,"href":"https:\/\/help.unhcr.org\/lithuania\/fr\/wp-json\/wp\/v2\/pages\/303\/revisions\/362"}],"wp:attachment":[{"href":"https:\/\/help.unhcr.org\/lithuania\/fr\/wp-json\/wp\/v2\/media?parent=303"}],"curies":[{"name":"wp","href":"https:\/\/api.w.org\/{rel}","templated":true}]}}