{"id":299,"date":"2022-12-02T09:58:38","date_gmt":"2022-12-02T09:58:38","guid":{"rendered":"https:\/\/help.unhcr.org\/lithuania\/welcome\/"},"modified":"2024-08-05T15:01:08","modified_gmt":"2024-08-05T15:01:08","slug":"welcome","status":"publish","type":"page","link":"https:\/\/help.unhcr.org\/lithuania\/fr\/","title":{"rendered":"Bienvenue"},"content":{"rendered":"\n<p>Bienvenue sur le site \u00ab AIDE \u00bb g\u00e9r\u00e9 par <strong>le HCR, l\u2019Agence des Nations unies pour les r\u00e9fugi\u00e9s<\/strong>. <strong>Les r\u00e9fugi\u00e9s, les demandeurs d&rsquo;asile et les apatrides<\/strong>, ainsi que les membres de leur famille et les personnes qui les aident, peuvent obtenir des informations sur la proc\u00e9dure d&rsquo;asile et les services disponibles en <strong>Lituanie<\/strong>.<\/p>\n\n\n\n<h3 class=\"wp-block-heading has-black-color has-text-color has-background\" style=\"background-color:#cce3f2\">Vous trouverez sur ce site:<\/h3>\n\n\n\n<p class=\"has-background\" style=\"background-color:#abb7c230\"><a href=\"https:\/\/help.unhcr.org\/lithuania\/fr\/information-for-people-fleeing-ukraine\">\u27a1\ufe0f<strong>Informations pour les personnes qui arrivent d&rsquo;Ukraine<\/strong><\/a><strong><font><br><\/font><\/strong><a href=\"https:\/\/help.unhcr.org\/lithuania\/fr\/warning-about-risks-of-human-trafficking\/\">\u27a1\ufe0f<strong>Avertissements relatifs aux risques de traite des \u00eatres humains<\/strong><\/a><strong><font><br><\/font><\/strong><a href=\"https:\/\/help.unhcr.org\/lithuania\/fr\/how-to-apply-for-asylum-in-lithuania\/\">\u27a1\ufe0f<strong>Comment demander l&rsquo;asile en Lituanie<\/strong><\/a><strong><font><br><\/font><\/strong><a href=\"https:\/\/help.unhcr.org\/lithuania\/fr\/applying-for-family-reunification\/\">\u27a1\ufe0f<strong>Comment demander la r\u00e9unification familiale<\/strong><\/a><strong><font><br><\/font><\/strong><a href=\"https:\/\/help.unhcr.org\/lithuania\/fr\/where-to-find-help-in-lithuania\/\">\u27a1\ufe0f<strong>O\u00f9 trouver de l&rsquo;aide en Lituanie<\/strong><\/a><strong><font><br><\/font><\/strong><a href=\"https:\/\/help.unhcr.org\/lithuania\/fr\/about-unhcr-in-lithuania\/\">\u27a1\ufe0f<strong>\u00c0 propos du HCR en Lituanie<\/strong><\/a><strong><font><br><\/font><\/strong><a href=\"https:\/\/help.unhcr.org\/lithuania\/fr\/how-to-report-misconduct\/\">\u27a1\ufe0f<strong>Comment signaler une mauvaise conduite<\/strong><\/a><\/p>\n\n\n\n<p><strong>\u00cates-vous en dehors de la Lituanie ? <\/strong>Demandez-vous de l&rsquo;aide pour des proches \u00e0 l&rsquo;\u00e9tranger? Veuillez s\u00e9lectionner sur la page <a href=\"https:\/\/help.unhcr.org\/fr\/\" data-type=\"link\" data-id=\"https:\/\/help.unhcr.org\/fr\/\" target=\"_blank\" rel=\"noreferrer noopener\">AIDE du HCR<\/a> le pays pour lequel vous souhaitez obtenir des informations ou contactez <a href=\"https:\/\/www.unhcr.org\/fr\/ou-nous-travaillons\" data-type=\"link\" data-id=\"https:\/\/www.unhcr.org\/fr\/ou-nous-travaillons\" target=\"_blank\" rel=\"noreferrer noopener\">le bureau local du HCR le plus proche<\/a>. <\/p>\n\n\n\n<p>Si vous fuyez l&rsquo;Ukraine et que vous \u00eates en Pologne, Hongrie, Italie, Slovaquie, Roumanie ou en Bulgarie, <a href=\"https:\/\/bluedothub.org\/\" data-type=\"link\" data-id=\"https:\/\/bluedothub.org\/\" target=\"_blank\" rel=\"noreferrer noopener\">rendez-vous aux centres Point Bleu<\/a> num\u00e9riques pour obtenir des informations sur les droits et les services et o\u00f9 trouver de l&rsquo;aide. Le site est \u00e9galement disponible en <a href=\"https:\/\/bluedothub.org\/uk\/\" data-type=\"link\" data-id=\"https:\/\/bluedothub.org\/uk\/\" target=\"_blank\" rel=\"noreferrer noopener\">ukrainien <\/a>et en <a href=\"https:\/\/bluedothub.org\/ru\/\" data-type=\"link\" data-id=\"https:\/\/bluedothub.org\/ru\/\" target=\"_blank\" rel=\"noreferrer noopener\">russe<\/a>.\u202f\u202f<\/p>\n","protected":false},"excerpt":{"rendered":"<p>Bienvenue sur le site \u00ab AIDE \u00bb g\u00e9r\u00e9 par le HCR, l\u2019Agence des Nations unies pour les r\u00e9fugi\u00e9s. Les r\u00e9fugi\u00e9s, les demandeurs d&rsquo;asile et les apatrides, ainsi que les membres de leur famille et les personnes qui les aident, peuvent obtenir des informations sur la proc\u00e9dure d&rsquo;asile et les services disponibles en Lituanie. Vous trouverez [&hellip;]<\/p>\n","protected":false},"author":214,"featured_media":0,"parent":0,"menu_order":0,"comment_status":"closed","ping_status":"closed","template":"","meta":{"_acf_changed":false,"footnotes":""},"class_list":["post-299","page","type-page","status-publish","hentry"],"acf":[],"_links":{"self":[{"href":"https:\/\/help.unhcr.org\/lithuania\/fr\/wp-json\/wp\/v2\/pages\/299","targetHints":{"allow":["GET"]}}],"collection":[{"href":"https:\/\/help.unhcr.org\/lithuania\/fr\/wp-json\/wp\/v2\/pages"}],"about":[{"href":"https:\/\/help.unhcr.org\/lithuania\/fr\/wp-json\/wp\/v2\/types\/page"}],"author":[{"embeddable":true,"href":"https:\/\/help.unhcr.org\/lithuania\/fr\/wp-json\/wp\/v2\/users\/214"}],"replies":[{"embeddable":true,"href":"https:\/\/help.unhcr.org\/lithuania\/fr\/wp-json\/wp\/v2\/comments?post=299"}],"version-history":[{"count":3,"href":"https:\/\/help.unhcr.org\/lithuania\/fr\/wp-json\/wp\/v2\/pages\/299\/revisions"}],"predecessor-version":[{"id":358,"href":"https:\/\/help.unhcr.org\/lithuania\/fr\/wp-json\/wp\/v2\/pages\/299\/revisions\/358"}],"wp:attachment":[{"href":"https:\/\/help.unhcr.org\/lithuania\/fr\/wp-json\/wp\/v2\/media?parent=299"}],"curies":[{"name":"wp","href":"https:\/\/api.w.org\/{rel}","templated":true}]}}