{"id":154,"date":"2022-12-06T13:18:24","date_gmt":"2022-12-06T13:18:24","guid":{"rendered":"https:\/\/help.unhcr.org\/latvia\/?page_id=154"},"modified":"2025-05-09T11:42:51","modified_gmt":"2025-05-09T11:42:51","slug":"counselling-services-for-the-asylum-procedure","status":"publish","type":"page","link":"https:\/\/help.unhcr.org\/latvia\/where-to-find-help-in-latvia\/counselling-services-for-the-asylum-procedure\/","title":{"rendered":"Counselling services for the asylum procedure"},"content":{"rendered":"\n<p>If you are in Latvia and <strong>you need legal counselling in your asylum case,<\/strong> or <strong>you have questions about the asylum procedure<\/strong>, please&nbsp;contact our partner, the NGO \u201cShelter \u201cSafe House\u201d\u201d:<\/p>\n\n\n\n<div class=\"wp-block-group has-background\" style=\"background-color:#abb7c230\"><div class=\"wp-block-group__inner-container is-layout-flow wp-block-group-is-layout-flow\">\n<h3 class=\"wp-block-heading\"><strong>&nbsp;NGO \u201cShelter \u201cSafe House\u201d\u201d&nbsp;<\/strong><\/h3>\n\n\n\n<ul class=\"wp-block-list\">\n<li>&nbsp;&nbsp;&nbsp; <strong>E-mail<\/strong>:&nbsp;?drosa.maja@gmail.com<\/li>\n\n\n\n<li>&nbsp;&nbsp;&nbsp; <strong>Phone<\/strong>:&nbsp;? +371 28612120<\/li>\n\n\n\n<li>&nbsp;&nbsp;&nbsp; <strong>Website<\/strong>: <a href=\"https:\/\/www.patverums-dm.lv\/\">https:\/\/www.patverums-dm.lv\/<\/a>&nbsp;<\/li>\n<\/ul>\n\n\n\n<p>You can also contact the Latvian Centre for Human Rights who may be able to provide legal counselling in your case:<\/p>\n<\/div><\/div>\n\n\n\n<div class=\"wp-block-group has-background\" style=\"background-color:#abb7c230\"><div class=\"wp-block-group__inner-container is-layout-flow wp-block-group-is-layout-flow\">\n<h3 class=\"wp-block-heading\">&nbsp;<strong>Latvian Centre for Human Rights<\/strong>&nbsp;<\/h3>\n\n\n\n<ul class=\"wp-block-list\">\n<li>&nbsp;&nbsp;&nbsp; <strong>Address: <\/strong>Skolas street 21, 6 floor, 609c, Riga LV-1010, Latvia<\/li>\n\n\n\n<li>&nbsp;&nbsp;&nbsp; <strong>Phone: <\/strong>? (+371) 67039290<\/li>\n\n\n\n<li>&nbsp;&nbsp;&nbsp; <strong>E-mail: <\/strong>? <a href=\"mailto:office@humanrights.org.lv\" target=\"_blank\" rel=\"noreferrer noopener\">office@humanrights.org.lv<\/a>&nbsp;&nbsp;<\/li>\n\n\n\n<li>&nbsp;&nbsp;&nbsp; <strong><a href=\"http:\/\/cilvektiesibas.org.lv\/en\/\" target=\"_blank\" rel=\"noreferrer noopener\">Visit their website<\/a><\/strong>&nbsp;&nbsp;<\/li>\n<\/ul>\n<\/div><\/div>\n\n\n\n<p>For questions related to <strong>how you can integrate into Latvian society<\/strong> economically, culturally and socially, please contact:<\/p>\n\n\n\n<div class=\"wp-block-group has-background\" style=\"background-color:#abb7c230\"><div class=\"wp-block-group__inner-container is-layout-flow wp-block-group-is-layout-flow\">\n<h3 class=\"wp-block-heading\"><strong>Gribu pal\u012bdz\u0113t b\u0113g\u013ciem (I Want to Help Refugees)<\/strong><strong><\/strong><\/h3>\n\n\n\n<ul class=\"wp-block-list\">\n<li><strong>Phone: <\/strong>? (+371) 20 381 039<\/li>\n\n\n\n<li><strong>E-mail:<\/strong> ? <a href=\"mailto:gribupalidzetbegliem@gmail.com\" target=\"_blank\" rel=\"noreferrer noopener\"><a href=\"mailto:info@gribupalidzetbegliem.lv\">info@gribupalidzetbegliem.lv<\/a><\/a><\/li>\n\n\n\n<li><a href=\"https:\/\/gribupalidzetbegliem.lv\/\" target=\"_blank\" rel=\"noreferrer noopener\"><strong>Visit their website<\/strong><\/a><\/li>\n<\/ul>\n<\/div><\/div>\n\n\n\n<p><\/p>\n","protected":false},"excerpt":{"rendered":"<p>If you are in Latvia and you need legal counselling in your asylum case, or you have questions about the asylum procedure, please&nbsp;contact our partner, the NGO \u201cShelter \u201cSafe House\u201d\u201d: &nbsp;NGO \u201cShelter \u201cSafe House\u201d\u201d&nbsp; You can also contact the Latvian Centre for Human Rights who may be able to provide legal counselling in your case: [&hellip;]<\/p>\n","protected":false},"author":310,"featured_media":0,"parent":152,"menu_order":1,"comment_status":"closed","ping_status":"closed","template":"","meta":{"_acf_changed":false,"footnotes":""},"class_list":["post-154","page","type-page","status-publish","hentry"],"acf":[],"_links":{"self":[{"href":"https:\/\/help.unhcr.org\/latvia\/wp-json\/wp\/v2\/pages\/154","targetHints":{"allow":["GET"]}}],"collection":[{"href":"https:\/\/help.unhcr.org\/latvia\/wp-json\/wp\/v2\/pages"}],"about":[{"href":"https:\/\/help.unhcr.org\/latvia\/wp-json\/wp\/v2\/types\/page"}],"author":[{"embeddable":true,"href":"https:\/\/help.unhcr.org\/latvia\/wp-json\/wp\/v2\/users\/310"}],"replies":[{"embeddable":true,"href":"https:\/\/help.unhcr.org\/latvia\/wp-json\/wp\/v2\/comments?post=154"}],"version-history":[{"count":16,"href":"https:\/\/help.unhcr.org\/latvia\/wp-json\/wp\/v2\/pages\/154\/revisions"}],"predecessor-version":[{"id":746,"href":"https:\/\/help.unhcr.org\/latvia\/wp-json\/wp\/v2\/pages\/154\/revisions\/746"}],"up":[{"embeddable":true,"href":"https:\/\/help.unhcr.org\/latvia\/wp-json\/wp\/v2\/pages\/152"}],"wp:attachment":[{"href":"https:\/\/help.unhcr.org\/latvia\/wp-json\/wp\/v2\/media?parent=154"}],"curies":[{"name":"wp","href":"https:\/\/api.w.org\/{rel}","templated":true}]}}