{"id":417,"date":"2022-12-06T13:21:21","date_gmt":"2022-12-06T13:21:21","guid":{"rendered":"https:\/\/help.unhcr.org\/latvia\/where-to-find-help-in-latvia\/helplines\/"},"modified":"2024-09-06T11:42:20","modified_gmt":"2024-09-06T11:42:20","slug":"helplines","status":"publish","type":"page","link":"https:\/\/help.unhcr.org\/latvia\/uk\/where-to-find-help-in-latvia\/helplines\/","title":{"rendered":"\u0422\u0435\u043b\u0435\u0444\u043e\u043d\u0438 \u0434\u043e\u0432\u0456\u0440\u0438"},"content":{"rendered":"\n<p>\u0412\u0438 \u043c\u043e\u0436\u0435\u0442\u0435 \u0437\u0432&#8217;\u044f\u0437\u0430\u0442\u0438\u0441\u044f \u0437 \u043d\u0438\u0437\u043a\u043e\u044e \u041d\u0423\u041e \u0430\u0431\u043e \u0443\u0441\u0442\u0430\u043d\u043e\u0432 \u0437\u0430 \u0441\u043f\u0435\u0446\u0456\u0430\u043b\u044c\u043d\u0438\u043c\u0438 \u043b\u0456\u043d\u0456\u044f\u043c\u0438 \u0437\u0432&#8217;\u044f\u0437\u043a\u0443, \u0449\u043e\u0431 \u043e\u0442\u0440\u0438\u043c\u0430\u0442\u0438 \u0456\u043d\u0448\u0456 \u0444\u043e\u0440\u043c\u0438 \u0434\u043e\u043f\u043e\u043c\u043e\u0433\u0438 \u0442\u0430 \u043f\u0456\u0434\u0442\u0440\u0438\u043c\u043a\u0438:<\/p>\n\n\n\n<ul class=\"wp-block-list\">\n<li>\u042f\u043a\u0449\u043e \u0443 \u0432\u0430\u0441 \u0454 \u043d\u0430\u0432\u2019\u044f\u0437\u043b\u0438\u0432\u0456 \u0434\u0443\u043c\u043a\u0438 \u043f\u0440\u043e \u0442\u0435, \u0449\u043e\u0431 \u043d\u0430\u043a\u043b\u0430\u0441\u0442\u0438 \u043d\u0430 \u0441\u0435\u0431\u0435 \u0440\u0443\u043a\u0438, \u0430\u0431\u043e \u0432\u0438 \u0437\u043d\u0430\u0454\u0442\u0435 \u043a\u043e\u0433\u043e\u0441\u044c, \u0445\u0442\u043e \u0437\u0431\u0438\u0440\u0430\u0454\u0442\u044c\u0441\u044f \u0446\u0435 \u0437\u0440\u043e\u0431\u0438\u0442\u0438, \u0437\u0432\u0435\u0440\u043d\u0456\u0442\u044c\u0441\u044f \u0437\u0430 \u0442\u0435\u0440\u043c\u0456\u043d\u043e\u0432\u043e\u044e \u0434\u043e\u043f\u043e\u043c\u043e\u0433\u043e\u044e \u0437\u0430 \u043d\u043e\u043c\u0435\u0440\u043e\u043c ? <strong>112<\/strong>, \u044f\u043a\u0438\u0439 \u0434\u043e\u0441\u0442\u0443\u043f\u043d\u0438\u0439 \u043b\u0430\u0442\u0438\u0441\u044c\u043a\u043e\u044e \u0442\u0430 \u0430\u043d\u0433\u043b\u0456\u0439\u0441\u044c\u043a\u043e\u044e \u043c\u043e\u0432\u0430\u043c\u0438.<br><\/li>\n\n\n\n<li>\u0414\u043b\u044f \u043e\u0442\u0440\u0438\u043c\u0430\u043d\u043d\u044f \u043c\u0435\u0434\u0438\u0447\u043d\u043e\u0457 \u043a\u043e\u043d\u0441\u0443\u043b\u044c\u0442\u0430\u0446\u0456\u0457 \u0442\u0430 \u0456\u043d\u0444\u043e\u0440\u043c\u0430\u0446\u0456\u0457 \u043f\u0440\u043e \u043d\u0430\u0439\u0431\u043b\u0438\u0436\u0447\u0435 \u0432\u0456\u0434\u0434\u0456\u043b\u0435\u043d\u043d\u044f \u043d\u0435\u0432\u0456\u0434\u043a\u043b\u0430\u0434\u043d\u043e\u0457 \u043f\u0441\u0438\u0445\u0456\u0430\u0442\u0440\u0438\u0447\u043d\u043e\u0457 \u0434\u043e\u043f\u043e\u043c\u043e\u0433\u0438 \u0432 \u041b\u0430\u0442\u0432\u0456\u0457 \u043d\u0430\u0431\u0435\u0440\u0456\u0442\u044c ? <strong>6601 6001<\/strong>, \u0434\u043e\u0441\u0442\u0443\u043f\u043d\u0438\u0439 \u043b\u0430\u0442\u0438\u0441\u044c\u043a\u043e\u044e \u0442\u0430 \u0440\u043e\u0441\u0456\u0439\u0441\u044c\u043a\u043e\u044e \u043c\u043e\u0432\u0430\u043c\u0438.<br><\/li>\n\n\n\n<li>\u0414\u043b\u044f \u043e\u0442\u0440\u0438\u043c\u0430\u043d\u043d\u044f \u0435\u043c\u043e\u0446\u0456\u0439\u043d\u043e\u0457 \u043f\u0456\u0434\u0442\u0440\u0438\u043c\u043a\u0438 \u0434\u043b\u044f \u0434\u043e\u0440\u043e\u0441\u043b\u0438\u0445 \u0456 \u0434\u0456\u0442\u0435\u0439, \u0437\u0432\u0435\u0440\u043d\u0456\u0442\u044c\u0441\u044f \u0434\u043e \u041a\u0440\u0438\u0437\u043e\u0432\u043e\u0433\u043e \u0446\u0435\u043d\u0442\u0440\u0443 \u0442\u0430 \u043a\u043e\u043d\u0441\u0443\u043b\u044c\u0442\u0430\u0446\u0456\u0439\u043d\u043e\u0433\u043e \u0446\u0435\u043d\u0442\u0440\u0443 \u00ab\u0421\u043a\u0430\u043b\u0431\u0435\u0441\u00bb \u0437\u0430 \u043d\u043e\u043c\u0435\u0440\u043e\u043c ? <strong>116 123<\/strong> (\u043f\u0440\u0430\u0446\u044e\u0454 \u0446\u0456\u043b\u043e\u0434\u043e\u0431\u043e\u0432\u043e).<br><\/li>\n\n\n\n<li>\u042f\u043a\u0449\u043e \u0432\u0438 \u0441\u0442\u0430\u043b\u0438 \u0436\u0435\u0440\u0442\u0432\u043e\u044e \u0444\u0456\u0437\u0438\u0447\u043d\u043e\u0433\u043e, \u043f\u0441\u0438\u0445\u0456\u0447\u043d\u043e\u0433\u043e, \u0435\u043a\u043e\u043d\u043e\u043c\u0456\u0447\u043d\u043e\u0433\u043e \u0430\u0431\u043e \u0441\u0435\u043a\u0441\u0443\u0430\u043b\u044c\u043d\u043e\u0433\u043e \u043d\u0430\u0441\u0438\u043b\u044c\u0441\u0442\u0432\u0430, \u0437\u0432&#8217;\u044f\u0436\u0456\u0442\u044c\u0441\u044f \u0437 Cietu\u0161ajiem (\u0416\u0435\u0440\u0442\u0432\u0438), \u043d\u0430\u0431\u0440\u0430\u0432\u0448\u0438 ? <strong>116 006<\/strong> (\u0449\u043e\u0434\u043d\u044f \u0437 12.00 \u0434\u043e 22.00).<br><\/li>\n\n\n\n<li>\u042f\u043a\u0449\u043e \u0432\u0430\u043c \u043c\u0435\u043d\u0448\u0435 18 \u0440\u043e\u043a\u0456\u0432 \u0430\u0431\u043e \u0432\u0438 \u0437\u043d\u0430\u0454\u0442\u0435 \u043a\u043e\u0433\u043e\u0441\u044c, \u0445\u0442\u043e \u043f\u043e\u0442\u0440\u0435\u0431\u0443\u0454 \u0434\u043e\u043f\u043e\u043c\u043e\u0433\u0438 \u0447\u0438 \u043f\u043e\u0440\u0430\u0434\u0438, \u0437\u0432&#8217;\u044f\u0436\u0456\u0442\u044c\u0441\u044f \u0437 B\u0113rnu un pusaud\u017eu uztic\u012bbas t\u0101lrunis (\u0413\u0430\u0440\u044f\u0447\u0430 \u043b\u0456\u043d\u0456\u044f \u0434\u043b\u044f \u0434\u0456\u0442\u0435\u0439 \u0442\u0430 \u043c\u043e\u043b\u043e\u0434\u0456) \u0437\u0430 \u043d\u043e\u043c\u0435\u0440\u043e\u043c ?<strong> 116 111<\/strong> (\u043f\u0440\u0430\u0446\u044e\u0454 \u0446\u0456\u043b\u043e\u0434\u043e\u0431\u043e\u0432\u043e 7 \u0434\u043d\u0456\u0432 \u043d\u0430 \u0442\u0438\u0436\u0434\u0435\u043d\u044c) \u0430\u0431\u043e \u0437\u0432&#8217;\u044f\u0436\u0456\u0442\u044c\u0441\u044f \u0437 \u043d\u0438\u043c\u0438 \u0432 <a href=\"https:\/\/uzticibastalrunis.lv\/\" target=\"_blank\" rel=\"noreferrer noopener\">\u043e\u043d\u043b\u0430\u0439\u043d-\u0447\u0430\u0442\u0456<\/a> ? (\u0437 \u043f\u043e\u043d\u0435\u0434\u0456\u043b\u043a\u0430 \u043f\u043e \u043f&#8217;\u044f\u0442\u043d\u0438\u0446\u044e, \u0437 12.00 \u0434\u043e 20.00), \u0434\u043e\u0441\u0442\u0443\u043f\u043d\u043e\u043c\u0443 \u043b\u0430\u0442\u0438\u0441\u044c\u043a\u043e\u044e \u043c\u043e\u0432\u043e\u044e.<\/li>\n<\/ul>\n\n\n\n<p>\u042f\u043a\u0449\u043e \u0432\u0430\u0448\u0435 \u043f\u0438\u0442\u0430\u043d\u043d\u044f \u0441\u0442\u043e\u0441\u0443\u0454\u0442\u044c\u0441\u044f \u0437\u043c\u0456\u0441\u0442\u0443 \u0446\u044c\u043e\u0433\u043e \u0432\u0435\u0431-\u0441\u0430\u0439\u0442\u0443 \u00abHELP\u00bb, <a href=\"https:\/\/help.unhcr.org\/latvia\/uk\/about-unhcr-in-latvia\/\">\u0432\u0438 \u043c\u043e\u0436\u0435\u0442\u0435 \u0437\u0432&#8217;\u044f\u0437\u0430\u0442\u0438\u0441\u044f \u0437 \u043d\u0430\u043c\u0438<\/a>.<\/p>\n","protected":false},"excerpt":{"rendered":"<p>\u0412\u0438 \u043c\u043e\u0436\u0435\u0442\u0435 \u0437\u0432&#8217;\u044f\u0437\u0430\u0442\u0438\u0441\u044f \u0437 \u043d\u0438\u0437\u043a\u043e\u044e \u041d\u0423\u041e \u0430\u0431\u043e \u0443\u0441\u0442\u0430\u043d\u043e\u0432 \u0437\u0430 \u0441\u043f\u0435\u0446\u0456\u0430\u043b\u044c\u043d\u0438\u043c\u0438 \u043b\u0456\u043d\u0456\u044f\u043c\u0438 \u0437\u0432&#8217;\u044f\u0437\u043a\u0443, \u0449\u043e\u0431 \u043e\u0442\u0440\u0438\u043c\u0430\u0442\u0438 \u0456\u043d\u0448\u0456 \u0444\u043e\u0440\u043c\u0438 \u0434\u043e\u043f\u043e\u043c\u043e\u0433\u0438 \u0442\u0430 \u043f\u0456\u0434\u0442\u0440\u0438\u043c\u043a\u0438: \u042f\u043a\u0449\u043e \u0432\u0430\u0448\u0435 \u043f\u0438\u0442\u0430\u043d\u043d\u044f \u0441\u0442\u043e\u0441\u0443\u0454\u0442\u044c\u0441\u044f \u0437\u043c\u0456\u0441\u0442\u0443 \u0446\u044c\u043e\u0433\u043e \u0432\u0435\u0431-\u0441\u0430\u0439\u0442\u0443 \u00abHELP\u00bb, \u0432\u0438 \u043c\u043e\u0436\u0435\u0442\u0435 \u0437\u0432&#8217;\u044f\u0437\u0430\u0442\u0438\u0441\u044f \u0437 \u043d\u0430\u043c\u0438.<\/p>\n","protected":false},"author":310,"featured_media":0,"parent":411,"menu_order":3,"comment_status":"closed","ping_status":"closed","template":"","meta":{"_acf_changed":false,"footnotes":""},"class_list":["post-417","page","type-page","status-publish","hentry"],"acf":[],"_links":{"self":[{"href":"https:\/\/help.unhcr.org\/latvia\/uk\/wp-json\/wp\/v2\/pages\/417","targetHints":{"allow":["GET"]}}],"collection":[{"href":"https:\/\/help.unhcr.org\/latvia\/uk\/wp-json\/wp\/v2\/pages"}],"about":[{"href":"https:\/\/help.unhcr.org\/latvia\/uk\/wp-json\/wp\/v2\/types\/page"}],"author":[{"embeddable":true,"href":"https:\/\/help.unhcr.org\/latvia\/uk\/wp-json\/wp\/v2\/users\/310"}],"replies":[{"embeddable":true,"href":"https:\/\/help.unhcr.org\/latvia\/uk\/wp-json\/wp\/v2\/comments?post=417"}],"version-history":[{"count":2,"href":"https:\/\/help.unhcr.org\/latvia\/uk\/wp-json\/wp\/v2\/pages\/417\/revisions"}],"predecessor-version":[{"id":455,"href":"https:\/\/help.unhcr.org\/latvia\/uk\/wp-json\/wp\/v2\/pages\/417\/revisions\/455"}],"up":[{"embeddable":true,"href":"https:\/\/help.unhcr.org\/latvia\/uk\/wp-json\/wp\/v2\/pages\/411"}],"wp:attachment":[{"href":"https:\/\/help.unhcr.org\/latvia\/uk\/wp-json\/wp\/v2\/media?parent=417"}],"curies":[{"name":"wp","href":"https:\/\/api.w.org\/{rel}","templated":true}]}}