{"id":645,"date":"2022-12-06T13:21:21","date_gmt":"2022-12-06T13:21:21","guid":{"rendered":"https:\/\/help.unhcr.org\/latvia\/where-to-find-help-in-latvia\/helplines\/"},"modified":"2025-02-12T12:44:08","modified_gmt":"2025-02-12T12:44:08","slug":"helplines","status":"publish","type":"page","link":"https:\/\/help.unhcr.org\/latvia\/ps\/where-to-find-help-in-latvia\/helplines\/","title":{"rendered":"\u062f \u0645\u0631\u0633\u062a\u06d0 \u0644\u0627\u06cc\u0646\u0648\u0646\u0647"},"content":{"rendered":"\n<p>\u062a\u0627\u0633\u0648 \u06a9\u0648\u0644\u06cc \u0634\u0626 \u062f \u0681\u0627\u0646\u06ab\u0693\u0648 \u06a9\u0631\u069a\u0648 \u0644\u0647 \u0644\u0627\u0631\u06d0 \u06cc\u0648 \u0634\u0645\u06cc\u0631 \u063a\u06cc\u0631 \u062f\u0648\u0644\u062a\u064a \u0645\u0648\u0633\u0633\u0647 (NGO) \u06cc\u0627 \u0645\u0648\u0633\u0633\u0648 \u0633\u0631\u0647 \u0627\u0693\u06cc\u06a9\u0647 \u0648\u0646\u06cc\u0633\u0626 \u062a\u0631\u0685\u0648 \u062f \u0645\u0631\u0633\u062a\u06d0 \u0627\u0648 \u0645\u0644\u0627\u062a\u0693 \u0646\u0648\u0631\u06d0 \u0628\u06bc\u06d0 \u062a\u0631\u0644\u0627\u0633\u0647 \u06a9\u0693\u0626:<\/p>\n\n\n\n<ul class=\"wp-block-list\">\n<li>\u06a9\u0647 \u062a\u0627\u0633\u0648 \u062f \u062e\u067e\u0644 \u0698\u0648\u0646\u062f \u0627\u062e\u06cc\u0633\u062a\u0648 \u067e\u0647 \u0627\u0693\u0647 \u0634\u062f\u06cc\u062f \u0641\u06a9\u0631 \u0644\u0631\u0626 \u06cc\u0627 \u0685\u0648\u06a9 \u067e\u06cc\u0698\u0646\u0626 \u0686\u06d0 \u0685\u0648\u06a9 \u06cc\u06d0 \u06a9\u0648\u064a\u060c \u062f <strong>\u0628\u06cc\u0693\u0646\u06cd \u0645\u0631\u0633\u062a\u06d0 \u0644\u067e\u0627\u0631\u0647<\/strong> <strong>112<\/strong>? \u0633\u0631\u0647 \u0627\u0693\u06cc\u06a9\u0647 \u0648\u0646\u06cc\u0633\u0626\u060c \u0686\u06d0 \u067e\u0647 \u0644\u06cc\u062a\u0648\u06cc\u0646 \u0627\u0648 \u0627\u0646\u06ab\u0644\u06cc\u0633\u064a \u0698\u0628\u0648 \u0634\u062a\u0648\u0646 \u0644\u0631\u064a.<\/li>\n<\/ul>\n\n\n\n<ul class=\"wp-block-list\">\n<li>\u067e\u0647 \u0644\u0627\u062a\u0648\u06cc\u0627 \u06a9\u06d0 \u062f \u0646\u0696\u062f\u06d0 \u0631\u0648\u0627\u0646\u064a \u0628\u06cc\u0693\u0646\u064a \u0648\u0627\u062d\u062f \u067e\u0647 \u0627\u0693\u0647 \u062f \u0637\u0628\u064a \u0645\u0634\u0648\u0631\u06d0 \u0627\u0648 \u0645\u0639\u0644\u0648\u0645\u0627\u062a\u0648 \u0644\u067e\u0627\u0631\u0647\u060c <strong>66016001<\/strong>? \u0689\u0627\u06cc\u0644 \u06a9\u0693\u0626\u060c \u0686\u06d0 \u067e\u0647 \u0644\u06cc\u062a\u0648\u06cc\u0646 \u0627\u0648 \u0631\u0648\u0633\u06cc \u06a9\u06d0 \u0634\u062a\u0648\u0646 \u0644\u0631\u064a.<\/li>\n<\/ul>\n\n\n\n<ul class=\"wp-block-list\">\n<li>\u062f \u0644\u0648\u06cc\u0627\u0646\u0648 \u0627\u0648 \u0645\u0627\u0634\u0648\u0645\u0627\u0646\u0648 \u0644\u067e\u0627\u0631\u0647 \u062f \u0627\u062d\u0633\u0627\u0633\u0627\u062a\u064a \u0645\u0631\u0633\u062a\u06d0 \u0645\u0631\u0633\u062a\u06d0 \u0644\u0627\u06cc\u0646 \u0644\u067e\u0627\u0631\u0647\u060c \u062f <strong>\u0628\u062d\u0631\u0627\u0646 \u0627\u0648 \u0645\u0634\u0648\u0631\u06d0 \u0648\u0631\u06a9\u0648\u0644\u0648 \u0645\u0631\u06a9\u0632<\/strong> &#8216;<strong>Skalbes<\/strong>&#8216; \u0633\u0631\u0647 \u0627\u0693\u06cc\u06a9\u0647 \u0648\u0646\u06cc\u0633\u0626 <strong>116123<\/strong>? \u0689\u0627\u06cc\u0644 \u06a9\u0693\u0626 (24\/7 \u062e\u0644\u0627\u0635) \u06a9\u0693\u0626.<\/li>\n<\/ul>\n\n\n\n<ul class=\"wp-block-list\">\n<li>\u06a9\u0647 \u062a\u0627\u0633\u0648 \u062f \u0641\u0632\u06cc\u06a9\u064a\u060c \u0631\u0648\u0627\u0646\u064a\u060c \u0627\u0642\u062a\u0635\u0627\u062f\u064a \u06cc\u0627 \u062c\u0646\u0633\u064a \u062a\u0627\u0648\u062a\u0631\u06cc\u062e\u0648\u0627\u0644\u064a \u0642\u0631\u0628\u0627\u0646\u064a \u06cc\u0627\u0633\u062a\u060c \u0642\u0631\u0628\u0627\u0646\u06cc\u0627\u0646\u0648 (<strong>Cietu\u0161ajiem<\/strong>) \u0633\u0631\u0647 \u062f <strong>116006<\/strong>? \u067e\u0647 \u0689\u0627\u06cc\u0644 \u06a9\u0648\u0644\u0648 \u0633\u0631\u0647 \u0627\u0693\u06cc\u06a9\u0647 \u0648\u0646\u06cc\u0633\u0626 (\u0647\u0631\u0647 \u0648\u0631\u0681\u060c 12.00-22.00).<\/li>\n<\/ul>\n\n\n\n<ul class=\"wp-block-list\">\n<li>\u06a9\u0647 \u062a\u0627\u0633\u0648 \u062f 18 \u06a9\u0644\u0648\u0646\u0648 \u0685\u062e\u0647 \u06a9\u0645 \u0639\u0645\u0631 \u0644\u0631\u0626 \u06cc\u0627 \u062a\u0627\u0633\u0648 \u062f\u0627\u0633\u06d0 \u0685\u0648\u06a9 \u067e\u06cc\u0698\u0646\u0626 \u0686\u06d0 \u0685\u0648\u06a9 \u062f\u06cc \u0627\u0648 \u0645\u0631\u0633\u062a\u06d0 \u06cc\u0627 \u0645\u0634\u0648\u0631\u06d0 \u062a\u0647 \u0627\u0693\u062a\u06cc\u0627 \u0644\u0631\u064a\u060c \u062f <em>\u0645\u0627\u0634\u0648\u0645\u0627\u0646\u0648 \u0627\u0648 \u0681\u0648\u0627\u0646\u0627\u0646\u0648 \u062f \u062a\u0645\u0627\u0633 \u0644\u0627\u06cc\u0646<\/em> <strong>(B\u0113rnu un pusaud\u017eu uztic\u012bbas t\u0101lrunis)<\/strong> \u0633\u0631\u0647 \u062f <strong>116111<\/strong>? \u067e\u0647 \u0689\u0627\u06cc\u0644 \u06a9\u0648\u0644\u0648 \u0633\u0631\u0647 \u0627\u0693\u06cc\u06a9\u0647 \u0648\u0646\u06cc\u0633\u0626 (24\/7 \u062e\u0644\u0627\u0635) \u06cc\u0627 \u062f \u062f\u0648\u06cc \u067e\u0647 <a href=\"https:\/\/uzticibastalrunis.lv\/\">\u0622\u0646\u0644\u0627\u06cc\u0646 \u062e\u0628\u0631\u0648<\/a>? \u0627\u062a\u0631\u0648 (\u062f\u0648\u0634\u0646\u0628\u0647 \u0685\u062e\u0647 \u062a\u0631 \u062c\u0645\u0639\u06d0 \u067e\u0648\u0631\u06d0\u060c 12.00-20.00) \u0633\u0631\u0647 \u0627\u0693\u06cc\u06a9\u0647 \u0648\u0646\u06cc\u0633\u0626\u060c \u067e\u0647 \u0644\u0627\u062a\u06cc\u0646 \u06a9\u06d0 \u0634\u062a\u0648\u0646 \u0644\u0631\u064a.<\/li>\n<\/ul>\n\n\n\n<p>\u06a9\u0647 \u0633\u062a\u0627\u0633\u0648 \u067e\u0648\u069a\u062a\u0646\u0647 \u062f \u062f\u06d0 \u2018HELP\/\u0645\u0631\u0633\u062a\u0647\u2019 \u0648\u06cc\u0628 \u067e\u0627\u06bc\u06d0 \u0645\u06cc\u0646\u0681\u067e\u0627\u0646\u06ab\u06d0 \u067e\u0647 \u0627\u0693\u0647 \u0648\u064a\u060c <a href=\"https:\/\/help.unhcr.org\/latvia\/about-unhcr-in-latvia\/\">\u062a\u0627\u0633\u0648 \u06a9\u0648\u0644\u06cc \u0634\u0626 \u0645\u0648\u0696 \u0633\u0631\u0647 \u0627\u0693\u06cc\u06a9\u0647<\/a> \u0648\u0646\u06cc\u0633\u0626.<\/p>\n","protected":false},"excerpt":{"rendered":"<p>\u062a\u0627\u0633\u0648 \u06a9\u0648\u0644\u06cc \u0634\u0626 \u062f \u0681\u0627\u0646\u06ab\u0693\u0648 \u06a9\u0631\u069a\u0648 \u0644\u0647 \u0644\u0627\u0631\u06d0 \u06cc\u0648 \u0634\u0645\u06cc\u0631 \u063a\u06cc\u0631 \u062f\u0648\u0644\u062a\u064a \u0645\u0648\u0633\u0633\u0647 (NGO) \u06cc\u0627 \u0645\u0648\u0633\u0633\u0648 \u0633\u0631\u0647 \u0627\u0693\u06cc\u06a9\u0647 \u0648\u0646\u06cc\u0633\u0626 \u062a\u0631\u0685\u0648 \u062f \u0645\u0631\u0633\u062a\u06d0 \u0627\u0648 \u0645\u0644\u0627\u062a\u0693 \u0646\u0648\u0631\u06d0 \u0628\u06bc\u06d0 \u062a\u0631\u0644\u0627\u0633\u0647 \u06a9\u0693\u0626: \u06a9\u0647 \u0633\u062a\u0627\u0633\u0648 \u067e\u0648\u069a\u062a\u0646\u0647 \u062f \u062f\u06d0 \u2018HELP\/\u0645\u0631\u0633\u062a\u0647\u2019 \u0648\u06cc\u0628 \u067e\u0627\u06bc\u06d0 \u0645\u06cc\u0646\u0681\u067e\u0627\u0646\u06ab\u06d0 \u067e\u0647 \u0627\u0693\u0647 \u0648\u064a\u060c \u062a\u0627\u0633\u0648 \u06a9\u0648\u0644\u06cc \u0634\u0626 \u0645\u0648\u0696 \u0633\u0631\u0647 \u0627\u0693\u06cc\u06a9\u0647 \u0648\u0646\u06cc\u0633\u0626.<\/p>\n","protected":false},"author":310,"featured_media":0,"parent":637,"menu_order":3,"comment_status":"closed","ping_status":"closed","template":"","meta":{"_acf_changed":false,"footnotes":""},"class_list":["post-645","page","type-page","status-publish","hentry"],"acf":[],"_links":{"self":[{"href":"https:\/\/help.unhcr.org\/latvia\/ps\/wp-json\/wp\/v2\/pages\/645","targetHints":{"allow":["GET"]}}],"collection":[{"href":"https:\/\/help.unhcr.org\/latvia\/ps\/wp-json\/wp\/v2\/pages"}],"about":[{"href":"https:\/\/help.unhcr.org\/latvia\/ps\/wp-json\/wp\/v2\/types\/page"}],"author":[{"embeddable":true,"href":"https:\/\/help.unhcr.org\/latvia\/ps\/wp-json\/wp\/v2\/users\/310"}],"replies":[{"embeddable":true,"href":"https:\/\/help.unhcr.org\/latvia\/ps\/wp-json\/wp\/v2\/comments?post=645"}],"version-history":[{"count":2,"href":"https:\/\/help.unhcr.org\/latvia\/ps\/wp-json\/wp\/v2\/pages\/645\/revisions"}],"predecessor-version":[{"id":674,"href":"https:\/\/help.unhcr.org\/latvia\/ps\/wp-json\/wp\/v2\/pages\/645\/revisions\/674"}],"up":[{"embeddable":true,"href":"https:\/\/help.unhcr.org\/latvia\/ps\/wp-json\/wp\/v2\/pages\/637"}],"wp:attachment":[{"href":"https:\/\/help.unhcr.org\/latvia\/ps\/wp-json\/wp\/v2\/media?parent=645"}],"curies":[{"name":"wp","href":"https:\/\/api.w.org\/{rel}","templated":true}]}}