{"id":639,"date":"2022-12-06T13:18:24","date_gmt":"2022-12-06T13:18:24","guid":{"rendered":"https:\/\/help.unhcr.org\/latvia\/where-to-find-help-in-latvia\/counselling-services-for-the-asylum-procedure\/"},"modified":"2025-02-12T12:43:39","modified_gmt":"2025-02-12T12:43:39","slug":"counselling-services-for-the-asylum-procedure","status":"publish","type":"page","link":"https:\/\/help.unhcr.org\/latvia\/ps\/where-to-find-help-in-latvia\/counselling-services-for-the-asylum-procedure\/","title":{"rendered":"\u062f \u067e\u0646\u0627\u0647 \u063a\u0648\u069a\u062a\u0646\u06d0 \u067e\u0631\u0648\u0633\u06d0 \u0644\u067e\u0627\u0631\u0647 \u062f \u0645\u0634\u0648\u0631\u06d0 \u062e\u062f\u0645\u062a\u0648\u0646\u0647"},"content":{"rendered":"\n<p>\u06a9\u0647 \u062a\u0627\u0633\u0648 \u067e\u0647 \u0644\u0627\u062a\u0648\u06cc\u0627 \u06a9\u06d0 \u06cc\u0627\u0633\u062a \u0627\u0648 <strong>\u0633\u062a\u0627\u0633\u0648 \u062f \u067e\u0646\u0627\u0647 \u063a\u0648\u069a\u062a\u0646\u06d0 \u067e\u0647 \u0642\u0636\u06cc\u0647 \u06a9\u06d0 \u0642\u0627\u0646\u0648\u0646\u064a \u0645\u0634\u0648\u0631\u06d0 \u062a\u0647 \u0627\u0693\u062a\u06cc\u0627 \u0644\u0631\u0626\u060c<\/strong> <strong>\u06cc\u0627 \u062a\u0627\u0633\u0648 \u062f \u067e\u0646\u0627\u0647 \u063a\u0648\u069a\u062a\u0646\u06d0 \u067e\u0631\u0648\u0633\u06d0 \u067e\u0647 \u0627\u0693\u0647 \u067e\u0648\u069a\u062a\u0646\u06d0 \u0644\u0631\u0626<\/strong>\u060c \u0645\u0647\u0631\u0628\u0627\u0646\u064a \u0648\u06a9\u0693\u0626 \u0632\u0645\u0648\u0696 \u062f \u0645\u0644\u06ab\u0631\u064a \u0633\u0631\u0647 \u0627\u0693\u06cc\u06a9\u0647 \u0648\u0646\u06cc\u0633\u0626\u060c \u062f \u0628\u0634\u0631\u064a \u062d\u0642\u0648\u0646\u0648 \u0644\u067e\u0627\u0631\u0647 \u062f \u0644\u0627\u062a\u0648\u06cc\u0627 \u0645\u0631\u06a9\u0632\u060c \u0686\u06d0 \u0645\u0645\u06a9\u0646 \u0633\u062a\u0627\u0633\u0648 \u067e\u0647 \u0642\u0636\u06cc\u0647 \u06a9\u06d0 \u0642\u0627\u0646\u0648\u0646\u064a \u0645\u0634\u0648\u0631\u0647 \u0686\u0645\u062a\u0648 \u06a9\u0693\u064a:<\/p>\n\n\n\n<div class=\"wp-block-group has-background\" style=\"background-color:#abb7c230\"><div class=\"wp-block-group__inner-container is-layout-flow wp-block-group-is-layout-flow\">\n<h3 class=\"wp-block-heading\"><strong>&nbsp;NGO \u201cShelter \u201cSafe House\u201d\u201d&nbsp;<\/strong><\/h3>\n\n\n\n<ul class=\"wp-block-list\">\n<li>\u00a0\u00a0\u00a0<strong> \u0628\u0631\u06cc\u069a\u0646\u0627\u0644\u06cc\u06a9:\u00a0<\/strong>?<a href=\"mailto:drosa.maja@gmail.com\">drosa.maja@gmail.com<\/a><\/li>\n\n\n\n<li>&nbsp;&nbsp;&nbsp; <strong>\u062a\u0644\u06cc\u0641\u0648\u0646:<\/strong>&nbsp;? +371 28612120<\/li>\n\n\n\n<li><strong>&nbsp;&nbsp;&nbsp; <a href=\"https:\/\/www.patverums-dm.lv\/\">https:\/\/www.patverums-dm.lv\/<\/a>&nbsp;<\/strong><\/li>\n<\/ul>\n\n\n\n<p>You can also contact the Latvian Centre for Human Rights who may be able to provide legal counselling in your case:<\/p>\n<\/div><\/div>\n\n\n\n<div class=\"wp-block-group has-background\" style=\"background-color:#abb7c230\"><div class=\"wp-block-group__inner-container is-layout-flow wp-block-group-is-layout-flow\">\n<h3 class=\"wp-block-heading\"><strong>\u062f \u0628\u0634\u0631\u064a \u062d\u0642\u0648\u0646\u0648 \u0644\u067e\u0627\u0631\u0647 \u062f \u0644\u0627\u062a\u0648\u06cc\u0627 \u0645\u0631\u06a9\u0632<\/strong><\/h3>\n\n\n\n<ul class=\"wp-block-list\">\n<li><strong>\u0627\u062f\u0631\u0633:<\/strong> Skolas street 21, 6 floor, 609c, Riga LV-1010, Latvia<\/li>\n\n\n\n<li><strong>\u062a\u0644\u06cc\u0641\u0648\u0646:<\/strong> 67039290(371+)?<\/li>\n\n\n\n<li><strong>\u0628\u0631\u06cc\u069a\u0646\u0627\u0644\u06cc\u06a9: <\/strong>? <a href=\"mailto:office@humanrights.org.lv\" target=\"_blank\" rel=\"noreferrer noopener\">office@humanrights.org.lv<\/a>&nbsp;&nbsp;<\/li>\n\n\n\n<li><a href=\"http:\/\/cilvektiesibas.org.lv\/en\/\"><strong>\u062f \u062f\u0648\u06cc \u0648\u06cc\u0628 \u067e\u0627\u06bc\u0647 \u0648\u06ab\u0648\u0631\u0626<\/strong><\/a><\/li>\n<\/ul>\n<\/div><\/div>\n\n\n\n<p>\u062f \u067e\u0648\u069a\u062a\u0646\u0648 \u0644\u067e\u0627\u0631\u0647 \u0686\u06d0 \u062a\u0627\u0633\u0648 \u0685\u0646\u06ab\u0647 \u06a9\u0648\u0644\u06cc <strong>\u0634\u0626 \u067e\u0647 \u0627\u0642\u062a\u0635\u0627\u062f\u064a\u060c \u06a9\u0644\u062a\u0648\u0631\u064a \u0627\u0648 \u067c\u0648\u0644\u0646\u06cc\u0632 \u0689\u0648\u0644 \u062f \u0644\u0627\u062a\u0648\u06cc\u0627 \u067c\u0648\u0644\u0646\u0647 \u06a9\u06d0 \u0645\u062f\u063a\u0645 \u0634\u0626<\/strong>\u060c \u0645\u0647\u0631\u0628\u0627\u0646\u064a \u0648\u06a9\u0693\u0626 \u0627\u0693\u06cc\u06a9\u0647 \u0648\u0646\u06cc\u0633\u0626:<\/p>\n\n\n\n<div class=\"wp-block-group has-background\" style=\"background-color:#abb7c230\"><div class=\"wp-block-group__inner-container is-layout-flow wp-block-group-is-layout-flow\">\n<h3 class=\"wp-block-heading\"><strong>\u0632\u0647 \u063a\u0648\u0627\u0693\u0645 \u0644\u0647 \u06a9\u0689\u0648\u0627\u0644\u0648 \u0633\u0631\u0647 \u0645\u0631\u0633\u062a\u0647 \u0648\u06a9\u0693\u0645 (Gribu pal\u012bdz\u0113t b\u0113g\u013ciem)<\/strong><\/h3>\n\n\n\n<ul class=\"wp-block-list\">\n<li><strong>\u062a\u0644\u06cc\u0641\u0648\u0646:<\/strong> 29123348(371+)?<\/li>\n\n\n\n<li><strong>\u0628\u0631\u06cc\u069a\u0646\u0627\u0644\u06cc\u06a9:<\/strong> ? <a href=\"mailto:gribupalidzetbegliem@gmail.com\">gribupalidzetbegliem@gmail.com<\/a><\/li>\n\n\n\n<li><a href=\"https:\/\/gribupalidzetbegliem.lv\/\"><strong>\u062f \u062f\u0648\u06cc \u0648\u06cc\u0628 \u067e\u0627\u06bc\u0647 \u0648\u06ab\u0648\u0631\u0626<\/strong><\/a><\/li>\n<\/ul>\n<\/div><\/div>\n","protected":false},"excerpt":{"rendered":"<p>\u06a9\u0647 \u062a\u0627\u0633\u0648 \u067e\u0647 \u0644\u0627\u062a\u0648\u06cc\u0627 \u06a9\u06d0 \u06cc\u0627\u0633\u062a \u0627\u0648 \u0633\u062a\u0627\u0633\u0648 \u062f \u067e\u0646\u0627\u0647 \u063a\u0648\u069a\u062a\u0646\u06d0 \u067e\u0647 \u0642\u0636\u06cc\u0647 \u06a9\u06d0 \u0642\u0627\u0646\u0648\u0646\u064a \u0645\u0634\u0648\u0631\u06d0 \u062a\u0647 \u0627\u0693\u062a\u06cc\u0627 \u0644\u0631\u0626\u060c \u06cc\u0627 \u062a\u0627\u0633\u0648 \u062f \u067e\u0646\u0627\u0647 \u063a\u0648\u069a\u062a\u0646\u06d0 \u067e\u0631\u0648\u0633\u06d0 \u067e\u0647 \u0627\u0693\u0647 \u067e\u0648\u069a\u062a\u0646\u06d0 \u0644\u0631\u0626\u060c \u0645\u0647\u0631\u0628\u0627\u0646\u064a \u0648\u06a9\u0693\u0626 \u0632\u0645\u0648\u0696 \u062f \u0645\u0644\u06ab\u0631\u064a \u0633\u0631\u0647 \u0627\u0693\u06cc\u06a9\u0647 \u0648\u0646\u06cc\u0633\u0626\u060c \u062f \u0628\u0634\u0631\u064a \u062d\u0642\u0648\u0646\u0648 \u0644\u067e\u0627\u0631\u0647 \u062f \u0644\u0627\u062a\u0648\u06cc\u0627 \u0645\u0631\u06a9\u0632\u060c \u0686\u06d0 \u0645\u0645\u06a9\u0646 \u0633\u062a\u0627\u0633\u0648 \u067e\u0647 \u0642\u0636\u06cc\u0647 \u06a9\u06d0 \u0642\u0627\u0646\u0648\u0646\u064a \u0645\u0634\u0648\u0631\u0647 \u0686\u0645\u062a\u0648 \u06a9\u0693\u064a: &nbsp;NGO [&hellip;]<\/p>\n","protected":false},"author":310,"featured_media":0,"parent":637,"menu_order":1,"comment_status":"closed","ping_status":"closed","template":"","meta":{"_acf_changed":false,"footnotes":""},"class_list":["post-639","page","type-page","status-publish","hentry"],"acf":[],"_links":{"self":[{"href":"https:\/\/help.unhcr.org\/latvia\/ps\/wp-json\/wp\/v2\/pages\/639","targetHints":{"allow":["GET"]}}],"collection":[{"href":"https:\/\/help.unhcr.org\/latvia\/ps\/wp-json\/wp\/v2\/pages"}],"about":[{"href":"https:\/\/help.unhcr.org\/latvia\/ps\/wp-json\/wp\/v2\/types\/page"}],"author":[{"embeddable":true,"href":"https:\/\/help.unhcr.org\/latvia\/ps\/wp-json\/wp\/v2\/users\/310"}],"replies":[{"embeddable":true,"href":"https:\/\/help.unhcr.org\/latvia\/ps\/wp-json\/wp\/v2\/comments?post=639"}],"version-history":[{"count":2,"href":"https:\/\/help.unhcr.org\/latvia\/ps\/wp-json\/wp\/v2\/pages\/639\/revisions"}],"predecessor-version":[{"id":672,"href":"https:\/\/help.unhcr.org\/latvia\/ps\/wp-json\/wp\/v2\/pages\/639\/revisions\/672"}],"up":[{"embeddable":true,"href":"https:\/\/help.unhcr.org\/latvia\/ps\/wp-json\/wp\/v2\/pages\/637"}],"wp:attachment":[{"href":"https:\/\/help.unhcr.org\/latvia\/ps\/wp-json\/wp\/v2\/media?parent=639"}],"curies":[{"name":"wp","href":"https:\/\/api.w.org\/{rel}","templated":true}]}}