{"id":570,"date":"2022-12-06T13:18:24","date_gmt":"2022-12-06T13:18:24","guid":{"rendered":"https:\/\/help.unhcr.org\/latvia\/where-to-find-help-in-latvia\/counselling-services-for-the-asylum-procedure\/"},"modified":"2025-02-13T10:10:45","modified_gmt":"2025-02-13T10:10:45","slug":"counselling-services-for-the-asylum-procedure","status":"publish","type":"page","link":"https:\/\/help.unhcr.org\/latvia\/fa-af\/where-to-find-help-in-latvia\/counselling-services-for-the-asylum-procedure\/","title":{"rendered":"\u062e\u062f\u0645\u0627\u062a \u0645\u0634\u0627\u0648\u0631\u0647 \u0628\u0631\u0627\u06cc \u0637\u0631\u06cc\u0642\u0647 \u0627\u06cc \u067e\u0646\u0627\u0647\u0646\u062f\u06af\u06cc"},"content":{"rendered":"\n<p>\u0627\u06af\u0631 \u062f\u0631 \u0644\u062a\u0648\u0646\u06cc \u0647\u0633\u062a\u06cc\u062f \u0648 <strong>\u062f\u0631 \u062f\u0639\u0648\u06cc \u067e\u0646\u0627\u0647\u0646\u062f\u06af\u06cc \u062e\u0648\u062f \u0628\u0647 \u0645\u0634\u0627\u0648\u0631\u0647 \u062d\u0642\u0648\u0642\u06cc \u0636\u0631\u0648\u0631\u062a \u062f\u0627\u0631\u06cc\u062f<\/strong>\u060c \u06cc\u0627 \u062f\u0631 <strong>\u0628\u0627\u0631\u0647 \u0627\u06cc \u0631\u0648\u0634 \u067e\u0646\u0627\u0647\u0646\u062f\u06af\u06cc \u0633\u0624\u0627\u0644\u06cc<\/strong> \u062f\u0627\u0631\u06cc\u062f\u060c \u0644\u0637\u0641\u0627\u064b \u0628\u0627 \u0634\u0631\u06cc\u06a9 \u0645\u0627\u060c \u0645\u0631\u06a9\u0632 \u0644\u062a\u0648\u0646\u06cc \u0628\u0631\u0627\u06cc \u062d\u0642\u0648\u0642 \u0628\u0634\u0631\u060c \u06a9\u0647 \u0645\u0645\u06a9\u0646 \u0627\u0633\u062a \u0628\u062a\u0648\u0627\u0646\u062f \u062f\u0631 \u0628\u0627\u0631\u0647 \u0627\u06cc \u062f\u0639\u0648\u06cc \u0634\u0645\u0627 \u0645\u0634\u0627\u0648\u0631\u0647 \u062d\u0642\u0648\u0642\u06cc \u0627\u0631\u0627\u0626\u0647 \u062f\u0647\u062f\u060c \u062a\u0645\u0627\u0633 \u0628\u06af\u06cc\u0631\u06cc\u062f:<\/p>\n\n\n\n<div class=\"wp-block-group has-background\" style=\"background-color:#abb7c230\"><div class=\"wp-block-group__inner-container is-layout-flow wp-block-group-is-layout-flow\">\n<h3 class=\"wp-block-heading\"><strong>&nbsp;NGO \u201cShelter \u201cSafe House\u201d\u201d&nbsp;<\/strong><\/h3>\n\n\n\n<ul class=\"wp-block-list\">\n<li>\u00a0\u00a0\u00a0 <strong>\u0627\u06cc\u0645\u06cc\u0644:<\/strong>\u00a0?<a href=\"mailto:drosa.maja@gmail.com\">drosa.maja@gmail.com<\/a><\/li>\n\n\n\n<li>\u00a0\u00a0\u00a0 <strong>\u062a\u0644\u0641\u0646:<\/strong>\u00a0? +371 28612120<\/li>\n\n\n\n<li>\u00a0\u00a0\u00a0 \u0628\u0647 \u0648\u0628 \u0633\u0627\u06cc\u062a: <a href=\"https:\/\/www.patverums-dm.lv\/\">https:\/\/www.patverums-dm.lv\/<\/a>\u00a0<\/li>\n<\/ul>\n<\/div><\/div>\n\n\n\n<div class=\"wp-block-group has-background\" style=\"background-color:#abb7c230\"><div class=\"wp-block-group__inner-container is-layout-flow wp-block-group-is-layout-flow\">\n<h3 class=\"wp-block-heading\">\u0645\u0631\u06a9\u0632 \u0644\u062a\u0648\u0646\u06cc \u0628\u0631\u0627\u06cc \u062d\u0642\u0648\u0642 \u0628\u0634\u0631<\/h3>\n\n\n\n<ul class=\"wp-block-list\">\n<li>\u00a0<strong>\u0622\u062f\u0631\u0633<\/strong>: \u06a9\u0648\u0686\u0647 \u0627\u0633\u06a9\u0648\u0644\u0627\u0633 21\u060c \u0637\u0628\u0642\u0647 6\u060c 609<strong>c<\/strong>\u060c \u0631\u06cc\u06af\u0627 LV-1010\u060c \u0644\u062a\u0648\u0646\u06cc (Skolas street 21, 6 floor, 609c, Riga LV-1010, Latvia)<\/li>\n\n\n\n<li><strong>\u062a\u0644\u0641\u0646:\u00a0<\/strong> 67039290(371+)?<\/li>\n\n\n\n<li><strong>\u0627\u06cc\u0645\u06cc\u0644:<\/strong> ? <a href=\"mailto:office@humanrights.org.lv\">office@humanrights.org.lv<\/a><\/li>\n\n\n\n<li><a href=\"http:\/\/cilvektiesibas.org.lv\/en\/\"><strong>\u0628\u0647 \u0648\u0628 \u0633\u0627\u06cc\u062a \u0622\u0646\u0647\u0627 \u0645\u0631\u0627\u062c\u0639\u0647 \u06a9\u0646\u06cc\u062f\u00a0<\/strong><\/a><\/li>\n<\/ul>\n<\/div><\/div>\n\n\n\n<p><strong>\u0628\u0631\u0627\u06cc \u0633\u0624\u0627\u0644\u0627\u062a \u0645\u0631\u0628\u0648\u0637 \u0628\u0647 \u0637\u0631\u06cc\u0642\u0647 \u0627\u06cc \u0627\u062f\u063a\u0627\u0645 \u062f\u0631 \u062c\u0627\u0645\u0639\u0647 \u0644\u062a\u0648\u0646\u06cc \u0627\u0632 \u0646\u0638\u0631<\/strong> \u0627\u0642\u062a\u0635\u0627\u062f\u06cc\u060c \u0641\u0631\u0647\u0646\u06af\u06cc \u0648 \u0627\u062c\u062a\u0645\u0627\u0639\u06cc\u060c \u0644\u0637\u0641\u0627\u064b \u062a\u0645\u0627\u0633 \u0628\u06af\u06cc\u0631\u06cc\u062f:<\/p>\n\n\n\n<div class=\"wp-block-group has-background\" style=\"background-color:#abb7c230\"><div class=\"wp-block-group__inner-container is-layout-flow wp-block-group-is-layout-flow\">\n<h3 class=\"wp-block-heading\"><strong>\u0645\u0646 \u0645\u06cc \u062e\u0648\u0627\u0647\u0645 \u0628\u0647 \u067e\u0646\u0627\u0647\u0646\u062f\u06af\u0627\u0646 \u06a9\u0645\u06a9 \u06a9\u0646\u0645 (Gribu pal\u012bdz\u0113t b\u0113g\u013ciem)<\/strong><\/h3>\n\n\n\n<ul class=\"wp-block-list\">\n<li>?<strong>\u062a\u0644\u0641\u0646<\/strong>: 29123348(371+)<\/li>\n\n\n\n<li><strong>\u0627\u06cc\u0645\u06cc\u0644:<\/strong> ? <a href=\"mailto:gribupalidzetbegliem@gmail.com\" target=\"_blank\" rel=\"noreferrer noopener\">gribupalidzetbegliem@gmail.com<\/a><\/li>\n\n\n\n<li><a href=\"https:\/\/gribupalidzetbegliem.lv\/\" target=\"_blank\" rel=\"noreferrer noopener\">\u0628\u0647 \u0648\u0628 \u0633\u0627\u06cc\u062a \u0622\u0646\u0647\u0627 \u0645\u0631\u0627\u062c\u0639\u0647 \u06a9\u0646\u06cc\u062f<\/a><\/li>\n<\/ul>\n<\/div><\/div>\n","protected":false},"excerpt":{"rendered":"<p>\u0627\u06af\u0631 \u062f\u0631 \u0644\u062a\u0648\u0646\u06cc \u0647\u0633\u062a\u06cc\u062f \u0648 \u062f\u0631 \u062f\u0639\u0648\u06cc \u067e\u0646\u0627\u0647\u0646\u062f\u06af\u06cc \u062e\u0648\u062f \u0628\u0647 \u0645\u0634\u0627\u0648\u0631\u0647 \u062d\u0642\u0648\u0642\u06cc \u0636\u0631\u0648\u0631\u062a \u062f\u0627\u0631\u06cc\u062f\u060c \u06cc\u0627 \u062f\u0631 \u0628\u0627\u0631\u0647 \u0627\u06cc \u0631\u0648\u0634 \u067e\u0646\u0627\u0647\u0646\u062f\u06af\u06cc \u0633\u0624\u0627\u0644\u06cc \u062f\u0627\u0631\u06cc\u062f\u060c \u0644\u0637\u0641\u0627\u064b \u0628\u0627 \u0634\u0631\u06cc\u06a9 \u0645\u0627\u060c \u0645\u0631\u06a9\u0632 \u0644\u062a\u0648\u0646\u06cc \u0628\u0631\u0627\u06cc \u062d\u0642\u0648\u0642 \u0628\u0634\u0631\u060c \u06a9\u0647 \u0645\u0645\u06a9\u0646 \u0627\u0633\u062a \u0628\u062a\u0648\u0627\u0646\u062f \u062f\u0631 \u0628\u0627\u0631\u0647 \u0627\u06cc \u062f\u0639\u0648\u06cc \u0634\u0645\u0627 \u0645\u0634\u0627\u0648\u0631\u0647 \u062d\u0642\u0648\u0642\u06cc \u0627\u0631\u0627\u0626\u0647 \u062f\u0647\u062f\u060c \u062a\u0645\u0627\u0633 \u0628\u06af\u06cc\u0631\u06cc\u062f: &nbsp;NGO \u201cShelter \u201cSafe House\u201d\u201d&nbsp; \u0645\u0631\u06a9\u0632 \u0644\u062a\u0648\u0646\u06cc \u0628\u0631\u0627\u06cc \u062d\u0642\u0648\u0642 \u0628\u0634\u0631 [&hellip;]<\/p>\n","protected":false},"author":310,"featured_media":0,"parent":568,"menu_order":1,"comment_status":"closed","ping_status":"closed","template":"","meta":{"_acf_changed":false,"footnotes":""},"class_list":["post-570","page","type-page","status-publish","hentry"],"acf":[],"_links":{"self":[{"href":"https:\/\/help.unhcr.org\/latvia\/fa-af\/wp-json\/wp\/v2\/pages\/570","targetHints":{"allow":["GET"]}}],"collection":[{"href":"https:\/\/help.unhcr.org\/latvia\/fa-af\/wp-json\/wp\/v2\/pages"}],"about":[{"href":"https:\/\/help.unhcr.org\/latvia\/fa-af\/wp-json\/wp\/v2\/types\/page"}],"author":[{"embeddable":true,"href":"https:\/\/help.unhcr.org\/latvia\/fa-af\/wp-json\/wp\/v2\/users\/310"}],"replies":[{"embeddable":true,"href":"https:\/\/help.unhcr.org\/latvia\/fa-af\/wp-json\/wp\/v2\/comments?post=570"}],"version-history":[{"count":2,"href":"https:\/\/help.unhcr.org\/latvia\/fa-af\/wp-json\/wp\/v2\/pages\/570\/revisions"}],"predecessor-version":[{"id":713,"href":"https:\/\/help.unhcr.org\/latvia\/fa-af\/wp-json\/wp\/v2\/pages\/570\/revisions\/713"}],"up":[{"embeddable":true,"href":"https:\/\/help.unhcr.org\/latvia\/fa-af\/wp-json\/wp\/v2\/pages\/568"}],"wp:attachment":[{"href":"https:\/\/help.unhcr.org\/latvia\/fa-af\/wp-json\/wp\/v2\/media?parent=570"}],"curies":[{"name":"wp","href":"https:\/\/api.w.org\/{rel}","templated":true}]}}