{"id":509,"date":"2022-12-06T13:18:24","date_gmt":"2022-12-06T13:18:24","guid":{"rendered":"https:\/\/help.unhcr.org\/latvia\/where-to-find-help-in-latvia\/counselling-services-for-the-asylum-procedure\/"},"modified":"2025-02-12T13:53:44","modified_gmt":"2025-02-12T13:53:44","slug":"counselling-services-for-the-asylum-procedure","status":"publish","type":"page","link":"https:\/\/help.unhcr.org\/latvia\/ar\/where-to-find-help-in-latvia\/counselling-services-for-the-asylum-procedure\/","title":{"rendered":"\u0627\u0644\u062e\u062f\u0645\u0627\u062a \u0627\u0644\u0627\u0633\u062a\u0634\u0627\u0631\u064a\u0629 \u0627\u0644\u0645\u062a\u0639\u0644\u0642\u0629 \u0628\u0625\u062c\u0631\u0627\u0621\u0627\u062a \u0627\u0644\u0644\u062c\u0648\u0621"},"content":{"rendered":"\n<p>\u0625\u0630\u0627 \u0643\u0646\u062a \u062a\u0639\u064a\u0634 \u0641\u064a \u0644\u0627\u062a\u0641\u064a\u0627 \u0648\u062a\u062d\u062a\u0627\u062c \u0625\u0644\u0649 <strong>\u0645\u0634\u0648\u0631\u0629 \u0642\u0627\u0646\u0648\u0646\u064a\u0629 \u0628\u0634\u0623\u0646 \u0642\u0636\u064a\u0629 \u0644\u062c\u0648\u0626\u0643\u060c <\/strong>\u0623\u0648<strong> \u0643\u0627\u0646\u062a \u0644\u062f\u064a\u0643 \u0623\u0633\u0626\u0644\u0629 \u062d\u0648\u0644 \u0625\u062c\u0631\u0627\u0621\u0627\u062a \u0627\u0644\u0644\u062c\u0648\u0621<\/strong>\u060c \u0641\u064a\u064f\u0631\u062c\u0649 \u0627\u0644\u0627\u062a\u0635\u0627\u0644 \u0628\u0634\u0631\u064a\u0643\u0646\u0627\u060c \u0645\u0631\u0643\u0632 \u0644\u0627\u062a\u0641\u064a\u0627 \u0644\u062d\u0642\u0648\u0642 \u0627\u0644\u0625\u0646\u0633\u0627\u0646\u060c \u0627\u0644\u0630\u064a \u0642\u062f \u064a\u0643\u0648\u0646 \u0642\u0627\u062f\u0631\u064b\u0627 \u0639\u0644\u0649 \u062a\u0642\u062f\u064a\u0645 \u0645\u0634\u0648\u0631\u0629 \u0642\u0627\u0646\u0648\u0646\u064a\u0629 \u0628\u0634\u0623\u0646 \u0642\u0636\u064a\u062a\u0643:<\/p>\n\n\n\n<div class=\"wp-block-group has-background\" style=\"background-color:#abb7c230\"><div class=\"wp-block-group__inner-container is-layout-flow wp-block-group-is-layout-flow\">\n<h3 class=\"wp-block-heading\"><strong>\u0645\u0631\u0643\u0632 \u0644\u0627\u062a\u0641\u064a\u0627 \u0644\u062d\u0642\u0648\u0642 \u0627\u0644\u0625\u0646\u0633\u0627\u0646<span dir=\"LTR\"><\/span><span dir=\"LTR\"><\/span><span dir=\"LTR\"><\/span><span dir=\"LTR\"><\/span> <\/strong><\/h3>\n\n\n\n<ul class=\"wp-block-list\">\n<li><strong>\u0627\u0644\u0639\u0646\u0648\u0627\u0646<\/strong>: Skolas street 21, 6 floor, 609c, Riga LV-1010, Latvia<\/li>\n\n\n\n<li><strong>\u0627\u0644\u0647\u0627\u062a\u0641<\/strong>: ? (+371) 67039290<\/li>\n\n\n\n<li><strong>\u0627\u0644\u0628\u0631\u064a\u062f \u0627\u0644\u0625\u0644\u0643\u062a\u0631\u0648\u0646\u064a<\/strong>: ? <a href=\"mailto:office@humanrights.org.lv\">office@humanrights.org.lv<\/a>\u00a0\u00a0\u00a0<\/li>\n\n\n\n<li><a href=\"https:\/\/www.patverums-dm.lv\/\"><strong>\u062a\u064f\u0631\u062c\u0649 \u0632\u064a\u0627\u0631\u0629 \u0627\u0644\u0645\u0648\u0642\u0639 \u0627\u0644\u0625\u0644\u0643\u062a\u0631\u0648\u0646\u064a \u0644\u0644\u0645\u0631\u0643\u0632&nbsp;<\/strong><\/a><\/li>\n<\/ul>\n<\/div><\/div>\n\n\n\n<p>\u0644\u0644\u0623\u0633\u0626\u0644\u0629 \u0627\u0644\u0645\u062a\u0639\u0644\u0642\u0629 \u0628\u0643\u064a\u0641\u064a\u0629 <strong>\u0627\u0644\u0627\u0646\u062f\u0645\u0627\u062c \u0641\u064a \u0627\u0644\u0645\u062c\u062a\u0645\u0639 \u0627\u0644\u0644\u0627\u062a\u0641\u064a <\/strong>\u0627\u0642\u062a\u0635\u0627\u062f\u064a\u064b\u0627 \u0648\u062b\u0642\u0627\u0641\u064a\u064b\u0627 \u0648\u0627\u062c\u062a\u0645\u0627\u0639\u064a\u064b\u0627\u060c \u064a\u064f\u0631\u062c\u0649 \u0627\u0644\u0627\u062a\u0635\u0627\u0644 \u0628\u0640\u0645\u0627 \u064a\u0644\u064a: <\/p>\n\n\n\n<div class=\"wp-block-group has-background\" style=\"background-color:#abb7c230\"><div class=\"wp-block-group__inner-container is-layout-flow wp-block-group-is-layout-flow\">\n<h3 class=\"wp-block-heading\"><strong>Gribu pal\u012bdz\u0113t b\u0113g\u013ciem<span dir=\"RTL\"><\/span><span dir=\"RTL\"><\/span><span dir=\"RTL\"><\/span><span dir=\"RTL\"><\/span>&nbsp;(\u0623\u0631\u064a\u062f \u0645\u0633\u0627\u0639\u062f\u0629 \u0627\u0644\u0644\u0627\u062c\u0626\u064a\u0646)<\/strong><\/h3>\n\n\n\n<ul class=\"wp-block-list\">\n<li><strong>\u0627\u0644\u0647\u0627\u062a\u0641: <\/strong>? (+371) 29123348<\/li>\n\n\n\n<li><strong>\u0627\u0644\u0628\u0631\u064a\u062f \u0627\u0644\u0625\u0644\u0643\u062a\u0631\u0648\u0646\u064a<\/strong>: ? <a href=\"mailto:gribupalidzetbegliem@gmail.com\">gribupalidzetbegliem@gmail.com<\/a><\/li>\n\n\n\n<li><a href=\"https:\/\/gribupalidzetbegliem.lv\/\"><strong>\u062a\u064f\u0631\u062c\u0649 \u0632\u064a\u0627\u0631\u0629 \u0627\u0644\u0645\u0648\u0642\u0639 \u0627\u0644\u0625\u0644\u0643\u062a\u0631\u0648\u0646\u064a \u0644\u0644\u0645\u0631\u0643\u0632<\/strong><\/a><\/li>\n<\/ul>\n<\/div><\/div>\n","protected":false},"excerpt":{"rendered":"<p>\u0625\u0630\u0627 \u0643\u0646\u062a \u062a\u0639\u064a\u0634 \u0641\u064a \u0644\u0627\u062a\u0641\u064a\u0627 \u0648\u062a\u062d\u062a\u0627\u062c \u0625\u0644\u0649 \u0645\u0634\u0648\u0631\u0629 \u0642\u0627\u0646\u0648\u0646\u064a\u0629 \u0628\u0634\u0623\u0646 \u0642\u0636\u064a\u0629 \u0644\u062c\u0648\u0626\u0643\u060c \u0623\u0648 \u0643\u0627\u0646\u062a \u0644\u062f\u064a\u0643 \u0623\u0633\u0626\u0644\u0629 \u062d\u0648\u0644 \u0625\u062c\u0631\u0627\u0621\u0627\u062a \u0627\u0644\u0644\u062c\u0648\u0621\u060c \u0641\u064a\u064f\u0631\u062c\u0649 \u0627\u0644\u0627\u062a\u0635\u0627\u0644 \u0628\u0634\u0631\u064a\u0643\u0646\u0627\u060c \u0645\u0631\u0643\u0632 \u0644\u0627\u062a\u0641\u064a\u0627 \u0644\u062d\u0642\u0648\u0642 \u0627\u0644\u0625\u0646\u0633\u0627\u0646\u060c \u0627\u0644\u0630\u064a \u0642\u062f \u064a\u0643\u0648\u0646 \u0642\u0627\u062f\u0631\u064b\u0627 \u0639\u0644\u0649 \u062a\u0642\u062f\u064a\u0645 \u0645\u0634\u0648\u0631\u0629 \u0642\u0627\u0646\u0648\u0646\u064a\u0629 \u0628\u0634\u0623\u0646 \u0642\u0636\u064a\u062a\u0643: \u0645\u0631\u0643\u0632 \u0644\u0627\u062a\u0641\u064a\u0627 \u0644\u062d\u0642\u0648\u0642 \u0627\u0644\u0625\u0646\u0633\u0627\u0646 \u0644\u0644\u0623\u0633\u0626\u0644\u0629 \u0627\u0644\u0645\u062a\u0639\u0644\u0642\u0629 \u0628\u0643\u064a\u0641\u064a\u0629 \u0627\u0644\u0627\u0646\u062f\u0645\u0627\u062c \u0641\u064a \u0627\u0644\u0645\u062c\u062a\u0645\u0639 \u0627\u0644\u0644\u0627\u062a\u0641\u064a \u0627\u0642\u062a\u0635\u0627\u062f\u064a\u064b\u0627 \u0648\u062b\u0642\u0627\u0641\u064a\u064b\u0627 \u0648\u0627\u062c\u062a\u0645\u0627\u0639\u064a\u064b\u0627\u060c \u064a\u064f\u0631\u062c\u0649 \u0627\u0644\u0627\u062a\u0635\u0627\u0644 \u0628\u0640\u0645\u0627 \u064a\u0644\u064a: Gribu [&hellip;]<\/p>\n","protected":false},"author":310,"featured_media":0,"parent":506,"menu_order":1,"comment_status":"closed","ping_status":"closed","template":"","meta":{"_acf_changed":false,"footnotes":""},"class_list":["post-509","page","type-page","status-publish","hentry"],"acf":[],"_links":{"self":[{"href":"https:\/\/help.unhcr.org\/latvia\/ar\/wp-json\/wp\/v2\/pages\/509","targetHints":{"allow":["GET"]}}],"collection":[{"href":"https:\/\/help.unhcr.org\/latvia\/ar\/wp-json\/wp\/v2\/pages"}],"about":[{"href":"https:\/\/help.unhcr.org\/latvia\/ar\/wp-json\/wp\/v2\/types\/page"}],"author":[{"embeddable":true,"href":"https:\/\/help.unhcr.org\/latvia\/ar\/wp-json\/wp\/v2\/users\/310"}],"replies":[{"embeddable":true,"href":"https:\/\/help.unhcr.org\/latvia\/ar\/wp-json\/wp\/v2\/comments?post=509"}],"version-history":[{"count":2,"href":"https:\/\/help.unhcr.org\/latvia\/ar\/wp-json\/wp\/v2\/pages\/509\/revisions"}],"predecessor-version":[{"id":695,"href":"https:\/\/help.unhcr.org\/latvia\/ar\/wp-json\/wp\/v2\/pages\/509\/revisions\/695"}],"up":[{"embeddable":true,"href":"https:\/\/help.unhcr.org\/latvia\/ar\/wp-json\/wp\/v2\/pages\/506"}],"wp:attachment":[{"href":"https:\/\/help.unhcr.org\/latvia\/ar\/wp-json\/wp\/v2\/media?parent=509"}],"curies":[{"name":"wp","href":"https:\/\/api.w.org\/{rel}","templated":true}]}}