{"id":120,"date":"2021-12-23T10:59:16","date_gmt":"2021-12-23T10:59:16","guid":{"rendered":"https:\/\/help.unhcr.org\/italy\/?page_id=120"},"modified":"2025-07-14T07:52:27","modified_gmt":"2025-07-14T07:52:27","slug":"welcome","status":"publish","type":"page","link":"https:\/\/help.unhcr.org\/italy\/","title":{"rendered":"Welcome"},"content":{"rendered":"\n<p><\/p>\n\n\n\n<p class=\"has-text-align-center has-background\" style=\"background-color:#fdf799\">? <strong>La version fran\u00e7aise sera bient\u00f4t disponible, merci de votre patience.<\/strong>?<strong><br><\/strong>? <strong>La versi\u00f3n en espa\u00f1ol estar\u00e1 disponible pronto, gracias por su paciencia. <\/strong>?<\/p>\n\n\n\n<p class=\"has-background has-medium-font-size\" style=\"background-color:#fdf799\"><strong>Are you a refugee from Ukraine?<\/strong> For information on procedures and how to find help in Italy, please visit <a href=\"https:\/\/help.unhcr.org\/italy\/uk\/\">this page<\/a>. For information on support measures and access to available services, please visit <a href=\"https:\/\/www.jumamap.it\/uk\/%d0%bd%d0%b0%d0%b4%d0%b2-%d1%83%d0%ba%d1%80%d0%b0%d1%97%d0%bd%d0%b8\/\">Juma Map &#8211; Ukraine Emergency<\/a><\/p>\n\n\n\n<p><\/p>\n\n\n\n<div class=\"wp-block-buttons is-layout-flex wp-block-buttons-is-layout-flex\">\n<div class=\"wp-block-button\"><a class=\"wp-block-button__link has-white-color has-text-color has-background wp-element-button\" href=\"https:\/\/help.unhcr.org\/italy\/asylum-italy\/arrival\/\" style=\"background-color:#0072bc\">Have you just arrived to Italy?<\/a><\/div>\n<\/div>\n\n\n\n<p>Welcome to the \u2018Help\u2019 website\u202frun by UNHCR, the UN Refugee Agency. Here, refugees,&nbsp;asylum-seekers&nbsp;and&nbsp;stateless people&nbsp;can find information to help them know more about their rights, obligations and the services available to them.&nbsp;Take a look&nbsp;around and discover what you need to know about your stay in&nbsp;Italy!&nbsp;<\/p>\n\n\n\n<p>On this website you&#8217;ll find information about:<\/p>\n\n\n\n<p>\u27a1\ufe0f <a href=\"https:\/\/help.unhcr.org\/italy\/asylum-italy\/\" data-type=\"page\" data-id=\"131\">How to apply for asylum<\/a><br>\u27a1\ufe0f <a href=\"https:\/\/help.unhcr.org\/italy\/family\/\" data-type=\"page\" data-id=\"221\">How to reunite with your family<\/a><br>\u27a1\ufe0f <a href=\"https:\/\/help.unhcr.org\/italy\/services\/\" data-type=\"page\" data-id=\"172\">Helpful services in Italy<\/a><br>\u27a1\ufe0f <a href=\"https:\/\/help.unhcr.org\/italy\/services\/work\/\" data-type=\"page\" data-id=\"151\">Work in Italy<\/a><br>\u27a1\ufe0f <a href=\"https:\/\/help.unhcr.org\/italy\/services\/housing\/\" data-type=\"page\" data-id=\"156\">Housing support<\/a><br>\u27a1\ufe0f <a href=\"https:\/\/help.unhcr.org\/italy\/services\/education\/\" data-type=\"page\" data-id=\"161\">Education<\/a><br>\u27a1\ufe0f <a href=\"https:\/\/help.unhcr.org\/italy\/resettlement\/\" data-type=\"page\" data-id=\"279\">Resettlement<\/a><br>\u27a1\ufe0f <a href=\"https:\/\/help.unhcr.org\/italy\/faq\/\" data-type=\"page\" data-id=\"197\">Frequently asked questions<\/a>  <br>\u27a1\ufe0f <a href=\"https:\/\/help.unhcr.org\/italy\/statelessness\/\" data-type=\"page\" data-id=\"289\">Statelessness<\/a><\/p>\n\n\n\n<p>Please note that the information on this site is <strong>only relevant to people who are currently in Italy.<\/strong><\/p>\n\n\n\n<p>If you are looking for information or support for relatives or friends who are currently <strong>not in Italy<\/strong> but in another country, please contact your nearest UNHCR office:<\/p>\n\n\n\n<div class=\"wp-block-buttons is-layout-flex wp-block-buttons-is-layout-flex\">\n<div class=\"wp-block-button has-custom-width wp-block-button__width-100\"><a class=\"wp-block-button__link has-white-color has-text-color has-background has-link-color wp-element-button\" href=\"https:\/\/help.unhcr.org\/\" style=\"background-color:#0072bc\">Select the country you are interested in to find out how to contact us &gt;<\/a><\/div>\n<\/div>\n\n\n\n<p><\/p>\n\n\n\n<p>This page&nbsp;will be&nbsp;periodically&nbsp;updated&nbsp;and&nbsp;will&nbsp;soon be&nbsp;available&nbsp;in other languages!&nbsp;&nbsp;<\/p>\n\n\n\n<p>Last update: March 2025<\/p>\n\n\n\n<p><\/p>\n","protected":false},"excerpt":{"rendered":"<p>? La version fran\u00e7aise sera bient\u00f4t disponible, merci de votre patience.?? La versi\u00f3n en espa\u00f1ol estar\u00e1 disponible pronto, gracias por su paciencia. ? Are you a refugee from Ukraine? For information on procedures and how to find help in Italy, please visit this page. For information on support measures and access to available services, please [&hellip;]<\/p>\n","protected":false},"author":1,"featured_media":0,"parent":0,"menu_order":0,"comment_status":"closed","ping_status":"closed","template":"","meta":{"_acf_changed":false,"footnotes":""},"class_list":["post-120","page","type-page","status-publish","hentry"],"acf":[],"_links":{"self":[{"href":"https:\/\/help.unhcr.org\/italy\/wp-json\/wp\/v2\/pages\/120","targetHints":{"allow":["GET"]}}],"collection":[{"href":"https:\/\/help.unhcr.org\/italy\/wp-json\/wp\/v2\/pages"}],"about":[{"href":"https:\/\/help.unhcr.org\/italy\/wp-json\/wp\/v2\/types\/page"}],"author":[{"embeddable":true,"href":"https:\/\/help.unhcr.org\/italy\/wp-json\/wp\/v2\/users\/1"}],"replies":[{"embeddable":true,"href":"https:\/\/help.unhcr.org\/italy\/wp-json\/wp\/v2\/comments?post=120"}],"version-history":[{"count":23,"href":"https:\/\/help.unhcr.org\/italy\/wp-json\/wp\/v2\/pages\/120\/revisions"}],"predecessor-version":[{"id":2297,"href":"https:\/\/help.unhcr.org\/italy\/wp-json\/wp\/v2\/pages\/120\/revisions\/2297"}],"wp:attachment":[{"href":"https:\/\/help.unhcr.org\/italy\/wp-json\/wp\/v2\/media?parent=120"}],"curies":[{"name":"wp","href":"https:\/\/api.w.org\/{rel}","templated":true}]}}