{"id":1007,"date":"2021-12-23T10:59:16","date_gmt":"2021-12-23T10:59:16","guid":{"rendered":"https:\/\/help.unhcr.org\/italy\/welcome\/"},"modified":"2025-07-14T07:53:46","modified_gmt":"2025-07-14T07:53:46","slug":"welcome","status":"publish","type":"page","link":"https:\/\/help.unhcr.org\/italy\/ru\/","title":{"rendered":"\u0414\u043e\u0431\u0440\u043e \u043f\u043e\u0436\u0430\u043b\u043e\u0432\u0430\u0442\u044c"},"content":{"rendered":"\n<p><\/p>\n\n\n\n<p class=\"has-text-align-center has-background\" style=\"background-color:#fae800\">? <strong>La&nbsp;Versione&nbsp;in&nbsp;italiano&nbsp;sara\u2019 presto&nbsp;disponibile,&nbsp;grazie&nbsp;della&nbsp;pazienza. <\/strong>?<strong><br><\/strong>? <strong>La version fran\u00e7aise sera bient\u00f4t disponible, merci de votre patience.<\/strong>?<strong><br><\/strong>? <strong>La versi\u00f3n en espa\u00f1ol estar\u00e1 disponible pronto, gracias por su paciencia. <\/strong>?<\/p>\n\n\n\n<p class=\"has-background has-medium-font-size\" style=\"background-color:#fae800\"><strong>\u0412\u044b \u0431\u0435\u0436\u0435\u043d\u0435\u0446 \u0438\u0437 \u0423\u043a\u0440\u0430\u0438\u043d\u044b?&nbsp;\u0414\u043b\u044f \u0438\u043d\u0444\u043e\u0440\u043c\u0430\u0446\u0438\u0438 \u043e \u043c\u0435\u0440\u0430\u0445 \u043f\u043e\u0434\u0434\u0435\u0440\u0436\u043a\u0438 \u0438 \u0434\u043e\u0441\u0442\u0443\u043f\u0435 \u043a \u0438\u043c\u0435\u044e\u0449\u0438\u043c\u0441\u044f \u0443\u0441\u043b\u0443\u0433\u0430\u043c \u043f\u043e\u0441\u0435\u0442\u0438\u0442\u0435 \u0440\u0430\u0437\u0434\u0435\u043b&nbsp;<\/strong><a href=\"https:\/\/www.jumamap.it\/uk\/%d0%bd%d0%b0%d0%b4%d0%b2-%d1%83%d0%ba%d1%80%d0%b0%d1%97%d0%bd%d0%b8\/\"><strong>Juma Map&nbsp;\u2013 \u0427\u0440\u0435\u0437\u0432\u044b\u0447\u0430\u0439\u043d\u0430\u044f \u0441\u0438\u0442\u0443\u0430\u0446\u0438\u044f \u0432 \u0423\u043a\u0440\u0430\u0438\u043d\u0435<\/strong><\/a><\/p>\n\n\n\n<div class=\"wp-block-buttons is-layout-flex wp-block-buttons-is-layout-flex\">\n<div class=\"wp-block-button\"><a class=\"wp-block-button__link has-white-color has-text-color has-background wp-element-button\" href=\"\/italy\/ru\/?page_id=1026\" style=\"background-color:#0072bc\">\u0412\u044b \u0442\u043e\u043b\u044c\u043a\u043e \u0447\u0442\u043e \u043f\u0440\u0438\u0431\u044b\u043b\u0438 \u0432 \u0418\u0442\u0430\u043b\u0438\u044e?<\/a><\/div>\n\n\n\n<div class=\"wp-block-button\"><a class=\"wp-block-button__link has-white-color has-text-color has-background wp-element-button\" href=\"https:\/\/help.unhcr.org\/italy\/wp-content\/uploads\/sites\/85\/2023\/03\/%D0%A7%D0%B0%D1%81%D1%82%D0%BE-%D0%B7%D0%B0%D0%B4%D0%B0%D0%B2%D0%B0%D0%B5%D0%BC%D1%8B%D0%B5-%D0%B2%D0%BE%D0%BF%D1%80%D0%BE%D1%81%D1%8B.pdf\" style=\"background-color:#0072bc\">\u0427\u0430\u0441\u0442\u044b\u0435 \u0432\u043e\u043f\u0440\u043e\u0441\u044b<\/a><\/div>\n<\/div>\n\n\n\n<p>\u0414\u043e\u0431\u0440\u043e \u043f\u043e\u0436\u0430\u043b\u043e\u0432\u0430\u0442\u044c \u043d\u0430 \u0432\u0435\u0431-\u0441\u0430\u0439\u0442 \u00ab\u041f\u043e\u043c\u043e\u0449\u044c\u00bb, \u0441\u043e\u0437\u0434\u0430\u043d\u043d\u044b\u0439 \u0423\u0412\u041a\u0411 \u041e\u041e\u041d, \u0410\u0433\u0435\u043d\u0442\u0441\u0442\u0432\u043e\u043c \u041e\u041e\u041d \u043f\u043e \u0434\u0435\u043b\u0430\u043c \u0431\u0435\u0436\u0435\u043d\u0446\u0435\u0432. \u0417\u0434\u0435\u0441\u044c \u0431\u0435\u0436\u0435\u043d\u0446\u044b, \u043f\u0440\u043e\u0441\u0438\u0442\u0435\u043b\u0438 \u0443\u0431\u0435\u0436\u0438\u0449\u0430 \u0438 \u043b\u0438\u0446\u0430 \u0431\u0435\u0437 \u0433\u0440\u0430\u0436\u0434\u0430\u043d\u0441\u0442\u0432\u0430 \u043c\u043e\u0433\u0443\u0442 \u043d\u0430\u0439\u0442\u0438 \u0438\u043d\u0444\u043e\u0440\u043c\u0430\u0446\u0438\u044e, \u043a\u043e\u0442\u043e\u0440\u0430\u044f \u043f\u043e\u043c\u043e\u0436\u0435\u0442 \u0438\u043c \u0443\u0437\u043d\u0430\u0442\u044c \u0431\u043e\u043b\u044c\u0448\u0435 \u043e \u0441\u0432\u043e\u0438\u0445 \u043f\u0440\u0430\u0432\u0430\u0445, \u043e\u0431\u044f\u0437\u0430\u043d\u043d\u043e\u0441\u0442\u044f\u0445 \u0438 \u0434\u043e\u0441\u0442\u0443\u043f\u043d\u044b\u0445 \u0438\u043c \u0443\u0441\u043b\u0443\u0433\u0430\u0445.&nbsp;\u041e\u0437\u043d\u0430\u043a\u043e\u043c\u044c\u0442\u0435\u0441\u044c \u0441 \u0441\u0430\u0439\u0442\u043e\u043c \u0438 \u0432\u044b\u044f\u0441\u043d\u0438\u0442\u0435 \u0432\u0441\u0451, \u0447\u0442\u043e \u0412\u0430\u043c \u043d\u0443\u0436\u043d\u043e \u0437\u043d\u0430\u0442\u044c \u0434\u043b\u044f \u043f\u0440\u0435\u0431\u044b\u0432\u0430\u043d\u0438\u044f \u0432 \u0418\u0442\u0430\u043b\u0438\u0438!&nbsp;<\/p>\n\n\n\n<p>\u041d\u0430 \u044d\u0442\u043e\u043c \u0432\u0435\u0431-\u0441\u0430\u0439\u0442\u0435 \u0412\u044b \u043d\u0430\u0439\u0434\u0451\u0442\u0435 \u0441\u043b\u0435\u0434\u0443\u044e\u0449\u0443\u044e \u0438\u043d\u0444\u043e\u0440\u043c\u0430\u0446\u0438\u044e:<\/p>\n\n\n\n<p>\u27a1\ufe0f <a href=\"https:\/\/help.unhcr.org\/italy\/ru\/%d1%83%d0%b7%d0%bd%d0%b0%d1%82%d1%8c-%d0%b1%d0%be%d0%bb%d1%8c%d1%88%d0%b5\/\">\u041a\u0430\u043a \u043f\u043e\u0434\u0430\u0442\u044c \u0437\u0430\u044f\u0432\u043b\u0435\u043d\u0438\u0435 \u043e \u043f\u0440\u0435\u0434\u043e\u0441\u0442\u0430\u0432\u043b\u0435\u043d\u0438\u0438 \u0443\u0431\u0435\u0436\u0438\u0449\u0430<\/a><br>\u27a1\ufe0f <a href=\"https:\/\/help.unhcr.org\/italy\/ru\/%d1%84%d0%be%d1%80%d0%bc-%d0%b7%d0%b0%d1%85%d0%b8%d1%81%d1%82%d1%83\/%d1%82%d0%b8%d0%bc%d1%87%d0%b0%d1%81%d0%be%d0%b2%d0%b8%d0%b9-%d0%b7%d0%b0%d1%85%d0%b8%d1%81%d1%82\/\" data-type=\"link\" data-id=\"https:\/\/help.unhcr.org\/italy\/ru\/%d1%84%d0%be%d1%80%d0%bc-%d0%b7%d0%b0%d1%85%d0%b8%d1%81%d1%82%d1%83\/%d1%82%d0%b8%d0%bc%d1%87%d0%b0%d1%81%d0%be%d0%b2%d0%b8%d0%b9-%d0%b7%d0%b0%d1%85%d0%b8%d1%81%d1%82\/\">\u0412\u0440\u0435\u043c\u0435\u043d\u043d\u0430\u044f \u0437\u0430\u0449\u0438\u0442\u0430<\/a><br>\u27a1\ufe0f <a href=\"https:\/\/help.unhcr.org\/italy\/ru\/family\/\">\u041a\u0430\u043a \u0432\u043e\u0441\u0441\u043e\u0435\u0434\u0438\u043d\u0438\u0442\u044c\u0441\u044f \u0441 \u0441\u0435\u043c\u044c\u0451\u0439<\/a><br>\u27a1\ufe0f <a href=\"https:\/\/help.unhcr.org\/italy\/ru\/services\/\">\u041f\u043e\u043b\u0435\u0437\u043d\u044b\u0435 \u0443\u0441\u043b\u0443\u0433\u0438 \u0432 \u0418\u0442\u0430\u043b\u0438\u0438<\/a><br>\u27a1\ufe0f <a href=\"https:\/\/help.unhcr.org\/italy\/ru\/services\/work\/\">\u0420\u0430\u0431\u043e\u0442\u0430 \u0432 \u0418\u0442\u0430\u043b\u0438\u0438<\/a><br>\u27a1\ufe0f <a href=\"https:\/\/help.unhcr.org\/italy\/ru\/services\/housing\/\">\u0416\u0438\u043b\u0438\u0449\u043d\u0430\u044f \u043f\u043e\u0434\u0434\u0435\u0440\u0436\u043a\u0430<\/a><br>\u27a1\ufe0f <a href=\"https:\/\/help.unhcr.org\/italy\/ru\/services\/education\/\">\u041e\u0431\u0440\u0430\u0437\u043e\u0432\u0430\u043d\u0438\u0435<\/a><br>\u27a1\ufe0f <a href=\"https:\/\/help.unhcr.org\/italy\/resettlement\/\">\u041f\u0435\u0440\u0435\u0441\u0435\u043b\u0435\u043d\u0438\u0435<\/a><br>\u27a1\ufe0f <a href=\"https:\/\/help.unhcr.org\/italy\/faq\/\">\u0427\u0430\u0441\u0442\u043e \u0437\u0430\u0434\u0430\u0432\u0430\u0435\u043c\u044b\u0435 \u0432\u043e\u043f\u0440\u043e\u0441\u044b<\/a><br>\u27a1\ufe0f <a href=\"https:\/\/help.unhcr.org\/italy\/statelessness\/\">\u0411\u0435\u0437\u0433\u0440\u0430\u0436\u0434\u0430\u043d\u0441\u0442\u0432\u043e<\/a><\/p>\n\n\n\n<p>\u041e\u0431\u0440\u0430\u0442\u0438\u0442\u0435 \u0432\u043d\u0438\u043c\u0430\u043d\u0438\u0435, \u0447\u0442\u043e \u0438\u043d\u0444\u043e\u0440\u043c\u0430\u0446\u0438\u044f, \u0441\u043e\u0434\u0435\u0440\u0436\u0430\u0449\u0430\u044f\u0441\u044f \u043d\u0430 \u044d\u0442\u043e\u0439 \u0441\u0442\u0440\u0430\u043d\u0438\u0446\u0435, \u0430\u043a\u0442\u0443\u0430\u043b\u044c\u043d\u0430 \u0442\u043e\u043b\u044c\u043a\u043e \u0434\u043b\u044f \u043b\u0438\u0446, \u043a\u043e\u0442\u043e\u0440\u044b\u0435 \u0432 \u043d\u0430\u0441\u0442\u043e\u044f\u0449\u0435\u0435 \u0432\u0440\u0435\u043c\u044f \u043d\u0430\u0445\u043e\u0434\u044f\u0442\u0441\u044f \u0432 \u0418\u0442\u0430\u043b\u0438\u0438. \u0415\u0441\u043b\u0438 \u0412\u044b \u0438\u0449\u0435\u0442\u0435 \u0438\u043d\u0444\u043e\u0440\u043c\u0430\u0446\u0438\u044e \u0438\u043b\u0438 \u043f\u043e\u043c\u043e\u0449\u044c \u0434\u043b\u044f \u0440\u043e\u0434\u0441\u0442\u0432\u0435\u043d\u043d\u0438\u043a\u043e\u0432 \u0438\u043b\u0438 \u0434\u0440\u0443\u0437\u0435\u0439, \u043a\u043e\u0442\u043e\u0440\u044b\u0435 \u043d\u0435 \u043d\u0430\u0445\u043e\u0434\u044f\u0442\u0441\u044f \u0432 \u0418\u0442\u0430\u043b\u0438\u0438, \u043f\u043e\u0441\u0435\u0442\u0438\u0442\u0435 \u0441\u0442\u0440\u0430\u043d\u0438\u0446\u0443 \u043f\u043e\u043c\u043e\u0449\u0438 \u0441\u043e\u043e\u0442\u0432\u0435\u0442\u0441\u0442\u0432\u0443\u044e\u0449\u0435\u0439 \u0441\u0442\u0440\u0430\u043d\u044b \u043d\u0430 <a href=\"https:\/\/help.unhcr.org\/\" target=\"_blank\" rel=\"noreferrer noopener\">\u0413\u043b\u0430\u0432\u043d\u043e\u0439 \u0441\u0442\u0440\u0430\u043d\u0438\u0446\u0435 \u041f\u043e\u043c\u043e\u0449\u0438 \u0423\u0412\u041a\u0411 \u041e\u041e\u041d<\/a>.&nbsp;<\/p>\n\n\n\n<p>\u041f\u043e\u0441\u043b\u0435\u0434\u043d\u0435\u0435 \u043e\u0431\u043d\u043e\u0432\u043b\u0435\u043d\u0438\u0435: \u0424\u0435\u0432\u0440\u0430\u043b\u044c 2025 \u0433\u043e\u0434\u0430<\/p>\n","protected":false},"excerpt":{"rendered":"<p>? La&nbsp;Versione&nbsp;in&nbsp;italiano&nbsp;sara\u2019 presto&nbsp;disponibile,&nbsp;grazie&nbsp;della&nbsp;pazienza. ?? La version fran\u00e7aise sera bient\u00f4t disponible, merci de votre patience.?? La versi\u00f3n en espa\u00f1ol estar\u00e1 disponible pronto, gracias por su paciencia. ? \u0412\u044b \u0431\u0435\u0436\u0435\u043d\u0435\u0446 \u0438\u0437 \u0423\u043a\u0440\u0430\u0438\u043d\u044b?&nbsp;\u0414\u043b\u044f \u0438\u043d\u0444\u043e\u0440\u043c\u0430\u0446\u0438\u0438 \u043e \u043c\u0435\u0440\u0430\u0445 \u043f\u043e\u0434\u0434\u0435\u0440\u0436\u043a\u0438 \u0438 \u0434\u043e\u0441\u0442\u0443\u043f\u0435 \u043a \u0438\u043c\u0435\u044e\u0449\u0438\u043c\u0441\u044f \u0443\u0441\u043b\u0443\u0433\u0430\u043c \u043f\u043e\u0441\u0435\u0442\u0438\u0442\u0435 \u0440\u0430\u0437\u0434\u0435\u043b&nbsp;Juma Map&nbsp;\u2013 \u0427\u0440\u0435\u0437\u0432\u044b\u0447\u0430\u0439\u043d\u0430\u044f \u0441\u0438\u0442\u0443\u0430\u0446\u0438\u044f \u0432 \u0423\u043a\u0440\u0430\u0438\u043d\u0435 \u0414\u043e\u0431\u0440\u043e \u043f\u043e\u0436\u0430\u043b\u043e\u0432\u0430\u0442\u044c \u043d\u0430 \u0432\u0435\u0431-\u0441\u0430\u0439\u0442 \u00ab\u041f\u043e\u043c\u043e\u0449\u044c\u00bb, \u0441\u043e\u0437\u0434\u0430\u043d\u043d\u044b\u0439 \u0423\u0412\u041a\u0411 \u041e\u041e\u041d, \u0410\u0433\u0435\u043d\u0442\u0441\u0442\u0432\u043e\u043c [&hellip;]<\/p>\n","protected":false},"author":1,"featured_media":0,"parent":0,"menu_order":0,"comment_status":"closed","ping_status":"closed","template":"","meta":{"_acf_changed":false,"footnotes":""},"class_list":["post-1007","page","type-page","status-publish","hentry"],"acf":[],"_links":{"self":[{"href":"https:\/\/help.unhcr.org\/italy\/ru\/wp-json\/wp\/v2\/pages\/1007","targetHints":{"allow":["GET"]}}],"collection":[{"href":"https:\/\/help.unhcr.org\/italy\/ru\/wp-json\/wp\/v2\/pages"}],"about":[{"href":"https:\/\/help.unhcr.org\/italy\/ru\/wp-json\/wp\/v2\/types\/page"}],"author":[{"embeddable":true,"href":"https:\/\/help.unhcr.org\/italy\/ru\/wp-json\/wp\/v2\/users\/1"}],"replies":[{"embeddable":true,"href":"https:\/\/help.unhcr.org\/italy\/ru\/wp-json\/wp\/v2\/comments?post=1007"}],"version-history":[{"count":15,"href":"https:\/\/help.unhcr.org\/italy\/ru\/wp-json\/wp\/v2\/pages\/1007\/revisions"}],"predecessor-version":[{"id":2301,"href":"https:\/\/help.unhcr.org\/italy\/ru\/wp-json\/wp\/v2\/pages\/1007\/revisions\/2301"}],"wp:attachment":[{"href":"https:\/\/help.unhcr.org\/italy\/ru\/wp-json\/wp\/v2\/media?parent=1007"}],"curies":[{"name":"wp","href":"https:\/\/api.w.org\/{rel}","templated":true}]}}