{"id":2188,"date":"2025-04-16T12:36:46","date_gmt":"2025-04-16T12:36:46","guid":{"rendered":"https:\/\/help.unhcr.org\/italy\/?page_id=2188"},"modified":"2025-04-16T12:38:32","modified_gmt":"2025-04-16T12:38:32","slug":"persone-con-disabilita","status":"publish","type":"page","link":"https:\/\/help.unhcr.org\/italy\/it\/servizi\/persone-con-disabilita\/","title":{"rendered":"Persone con Disabilit\u00e0"},"content":{"rendered":"\n<p>Le persone con disabilit\u00e0 sono portatrici di menomazioni fisiche, mentali, intellettuali o sensoriali a lungo termine che, a contatto con varie barriere, possono ostacolare la loro piena ed effettiva partecipazione nella societ\u00e0, su base di uguaglianza con gli altri.<\/p>\n\n\n\n<p>In Italia, i diritti delle persone con disabilit\u00e0, compresi i rifugiati, i richiedenti asilo e gli apolidi, sono riconosciuti e garantiti e possono essere supportati attraverso servizi specializzati.<\/p>\n\n\n\n<p class=\"has-white-color has-text-color has-background has-link-color has-medium-font-size wp-elements-9a83bfc19390c6db0c9a6b5c86a5f1f4\" style=\"background-color:#0072bc\"><strong>Diritti e benessere sociale<\/strong><\/p>\n\n\n\n<p>La legge italiana riconosce un&#8217;ampia serie di diritti e misure mirate di protezione o sostegno per le persone con disabilit\u00e0, anche nel settore sanitario, educativo e dell&#8217;assistenza sociale.<\/p>\n\n\n\n<p>Il godimento di alcune prestazioni di assistenza sociale \u00e8 subordinato al previo riconoscimento ufficiale della disabilit\u00e0. Per ottenere tale riconoscimento, \u00e8 necessario presentare una richiesta ufficiale, la \u201c<em>Domanda di invalidit\u00e0 civile e accertamento sanitario<\/em>\u201d. I cittadini stranieri non appartenenti all&#8217;Unione Europea possono richiedere questo riconoscimento a condizione che risiedano regolarmente in Italia con un permesso di soggiorno di almeno un anno. \u00c8 possibile presentare la richiesta sul <a href=\"https:\/\/www.inps.it\/it\/it\/dettaglio-scheda.schede-servizio-strumento.schede-servizi.domanda-invalidita-civile-e-accertamento-sanitario-50004.accertamento-sanitario.html\" data-type=\"link\" data-id=\"https:\/\/www.inps.it\/it\/it\/dettaglio-scheda.schede-servizio-strumento.schede-servizi.domanda-invalidita-civile-e-accertamento-sanitario-50004.accertamento-sanitario.html\">sito web dell&#8217;INPS<\/a> o tramite qualsiasi Patronato (uffici specifici dei sindacati) o organizzazioni autorizzate per le persone con disabilit\u00e0 (come <a href=\"https:\/\/www.anmic.org\/\" data-type=\"link\" data-id=\"https:\/\/www.anmic.org\/\">ANMIC<\/a>, <a href=\"https:\/\/www.ens.it\/\" data-type=\"link\" data-id=\"https:\/\/www.ens.it\/\">ENS<\/a>, <a href=\"https:\/\/www.uiciechi.it\/\" data-type=\"link\" data-id=\"https:\/\/www.uiciechi.it\/\">UIC<\/a>, <a href=\"https:\/\/www.anffas.net\/\" data-type=\"link\" data-id=\"https:\/\/www.anffas.net\/\">ANFASS<\/a>).<br>Puoi trovare maggiori informazioni su come presentare questa richiesta sul sito web dell&#8217;INPS (disponibile in lingua italiana) o trovare servizi vicino a te che possono aiutarti durante il processo di richiesta.<\/p>\n\n\n\n<p>Sul<a href=\"https:\/\/disabilita.governo.it\/it\/\" data-type=\"link\" data-id=\"https:\/\/disabilita.governo.it\/it\/\"> sito web del Ministero per le Disabilit\u00e0<\/a> (principalmente in lingua italiana), puoi trovare informazioni generali sui cambiamenti nel quadro giuridico, comprese notizie riguardanti le prestazioni di assistenza sociale o le misure di protezione\/sostegno.<\/p>\n\n\n\n<p class=\"has-white-color has-text-color has-background has-link-color has-medium-font-size wp-elements-3ba83da7e802ab8117daaecefba86a79\" style=\"background-color:#0072bc\"><strong>Servizi disponibili<\/strong><\/p>\n\n\n\n<p>In Italia, vari servizi sono dedicati a garantire un migliore accesso ai diritti, alle opportunit\u00e0 e all&#8217;assistenza per le persone con disabilit\u00e0, compresi i rifugiati, i richiedenti asilo e gli apolidi.<\/p>\n\n\n\n<p>Su <a href=\"https:\/\/www.jumamap.it\/uk\/%d0%bf%d0%be%d1%88%d0%b8%d1%80%d0%b5%d0%bd%d1%96-%d0%b7%d0%b0%d0%bf%d0%b8%d1%82%d0%b0%d0%bd%d0%bd%d1%8f-%d0%bf%d1%80%d0%b8%d0%bc%d1%83%d1%81%d0%be%d0%b2%d1%96-%d1%88%d0%bb%d1%8e%d0%b1%d0%b8\/\" data-type=\"link\" data-id=\"https:\/\/www.jumamap.it\/uk\/%d0%bf%d0%be%d1%88%d0%b8%d1%80%d0%b5%d0%bd%d1%96-%d0%b7%d0%b0%d0%bf%d0%b8%d1%82%d0%b0%d0%bd%d0%bd%d1%8f-%d0%bf%d1%80%d0%b8%d0%bc%d1%83%d1%81%d0%be%d0%b2%d1%96-%d1%88%d0%bb%d1%8e%d0%b1%d0%b8\/\">Juma Map<\/a>, una mappa dei servizi disponibili gratuitamente, puoi trovare pi\u00f9 di 200 organizzazioni che forniscono assistenza alle persone con disabilit\u00e0.<br>Per trovare quella pi\u00f9 vicina a te:<\/p>\n\n\n\n<ol class=\"wp-block-list\">\n<li>Apri la <a href=\"https:\/\/www.jumamap.it\/map\/index.php?locale=it\" data-type=\"link\" data-id=\"https:\/\/www.jumamap.it\/map\/index.php?locale=it\">mappa<\/a><br><\/li>\n\n\n\n<li>Apri la finestra del filtro e vai al filtro \u201cServizi\u201d<br><\/li>\n\n\n\n<li>Clicca sulla casella \u201cAssistenza alle persone con disabilit\u00e0\u201d ed esplora la mappa<\/li>\n<\/ol>\n\n\n\n<p class=\"has-white-color has-text-color has-background has-link-color has-medium-font-size wp-elements-5d198e2a4c30044a136136103f464ea9\" style=\"background-color:#0072bc\"><strong>\u201cFranco Bomprezzi\u201d Anti-discrimination Center&nbsp;<\/strong>&nbsp;<\/p>\n\n\n\n<p class=\"has-background\" style=\"background-color:#fae800\"><strong>Se avete subito o assistito a discriminazioni basate su una disabilit\u00e0, potete ricevere assistenza!<\/strong><\/p>\n\n\n\n<p>Attraverso il <a href=\"https:\/\/www.ledha.it\/page.asp?menu1=3&amp;menu2=13\"><u>\u201cCentro Antidiscriminazioni Franco Bomprezzi\u201d<\/u><\/a>, l&#8217;organizzazione LEDHA fornisce alle persone con disabilit\u00e0, alle loro famiglie e alle loro organizzazioni <strong>assistenza legale gratuita<\/strong> per difendere i loro diritti.<\/p>\n\n\n\n<p>Le persone con disabilit\u00e0 che ritengono di essere vittime di discriminazione e chiunque si consideri testimone di discriminazione pu\u00f2 contattare il Centro Antidiscriminazione \u201cFranco Bomprezzi\u201d al loro:<\/p>\n\n\n\n<ul class=\"wp-block-list\">\n<li>Indirizzo e-mail: <a href=\"mailto:antidiscriminazione@ledha.it\"><strong><u>antidiscriminazione@ledha.it<\/u><\/strong><\/a><\/li>\n\n\n\n<li>Numero di telefono: 026570425 \u2013 Dal marted\u00ec al gioved\u00ec, 9.30 \u2013 13.00<\/li>\n<\/ul>\n\n\n\n<figure class=\"wp-block-image size-full\"><img loading=\"lazy\" decoding=\"async\" width=\"800\" height=\"143\" src=\"https:\/\/help.unhcr.org\/italy\/wp-content\/uploads\/sites\/85\/2025\/04\/image-1.jpg\" alt=\"Persone con diverse esigenze specifiche\" class=\"wp-image-2190\" srcset=\"https:\/\/help.unhcr.org\/italy\/wp-content\/uploads\/sites\/85\/2025\/04\/image-1.jpg 800w, https:\/\/help.unhcr.org\/italy\/wp-content\/uploads\/sites\/85\/2025\/04\/image-1-300x54.jpg 300w, https:\/\/help.unhcr.org\/italy\/wp-content\/uploads\/sites\/85\/2025\/04\/image-1-768x137.jpg 768w\" sizes=\"auto, (max-width: 800px) 100vw, 800px\" \/><\/figure>\n","protected":false},"excerpt":{"rendered":"<p>Le persone con disabilit\u00e0 sono portatrici di menomazioni fisiche, mentali, intellettuali o sensoriali a lungo termine che, a contatto con varie barriere, possono ostacolare la loro piena ed effettiva partecipazione nella societ\u00e0, su base di uguaglianza con gli altri. In Italia, i diritti delle persone con disabilit\u00e0, compresi i rifugiati, i richiedenti asilo e gli [&hellip;]<\/p>\n","protected":false},"author":263,"featured_media":0,"parent":1675,"menu_order":0,"comment_status":"closed","ping_status":"closed","template":"","meta":{"_acf_changed":false,"footnotes":""},"class_list":["post-2188","page","type-page","status-publish","hentry"],"acf":[],"_links":{"self":[{"href":"https:\/\/help.unhcr.org\/italy\/it\/wp-json\/wp\/v2\/pages\/2188","targetHints":{"allow":["GET"]}}],"collection":[{"href":"https:\/\/help.unhcr.org\/italy\/it\/wp-json\/wp\/v2\/pages"}],"about":[{"href":"https:\/\/help.unhcr.org\/italy\/it\/wp-json\/wp\/v2\/types\/page"}],"author":[{"embeddable":true,"href":"https:\/\/help.unhcr.org\/italy\/it\/wp-json\/wp\/v2\/users\/263"}],"replies":[{"embeddable":true,"href":"https:\/\/help.unhcr.org\/italy\/it\/wp-json\/wp\/v2\/comments?post=2188"}],"version-history":[{"count":3,"href":"https:\/\/help.unhcr.org\/italy\/it\/wp-json\/wp\/v2\/pages\/2188\/revisions"}],"predecessor-version":[{"id":2199,"href":"https:\/\/help.unhcr.org\/italy\/it\/wp-json\/wp\/v2\/pages\/2188\/revisions\/2199"}],"up":[{"embeddable":true,"href":"https:\/\/help.unhcr.org\/italy\/it\/wp-json\/wp\/v2\/pages\/1675"}],"wp:attachment":[{"href":"https:\/\/help.unhcr.org\/italy\/it\/wp-json\/wp\/v2\/media?parent=2188"}],"curies":[{"name":"wp","href":"https:\/\/api.w.org\/{rel}","templated":true}]}}