{"id":1752,"date":"2024-05-24T13:51:21","date_gmt":"2024-05-24T13:51:21","guid":{"rendered":"https:\/\/help.unhcr.org\/italy\/?page_id=1752"},"modified":"2024-05-24T13:51:22","modified_gmt":"2024-05-24T13:51:22","slug":"sostenitori-dellunhcr-in-italia","status":"publish","type":"page","link":"https:\/\/help.unhcr.org\/italy\/it\/sostenitori-dellunhcr-in-italia\/","title":{"rendered":"Sostenitori dell&#8217;UNHCR in Italia"},"content":{"rendered":"\n<p>Il sostegno dei donatori individuali e del settore privato in generale \u00e8 essenziale per il lavoro dell&#8217;UNHCR in Italia, cos\u00ec come nel resto del mondo.<\/p>\n\n\n\n<p>La generosit\u00e0 delle persone che sostengono l&#8217;organizzazione attraverso un contributo regolare ci consente di pianificare meglio le nostre risorse e organizzare la nostra risposta a sostegno dei rifugiati nel modo pi\u00f9 efficace ed efficiente possibile. Grazie alle donazioni regolari, possiamo garantire protezione e assistenza alle persone di cui ci occupiamo in Italia e in tutto il mondo. Sono gli &#8220;Angeli dei Rifugiati&#8221;, cittadini comuni che si fanno portatori di un messaggio positivo di solidariet\u00e0 e accoglienza all&#8217;interno della societ\u00e0 italiana attraverso azioni tangibili, finanziarie e non solo.<\/p>\n\n\n\n<p>Allo stesso modo, le aziende, le fondazioni e i filantropi sono attori chiave nella risposta alle crisi umanitarie non solo nel mobilitare risorse per i rifugiati, ma anche nel perseguire gli obiettivi del Patto Globale sui Rifugiati offrendo opportunit\u00e0 per i rifugiati e le loro comunit\u00e0 ospitanti, compresa la formazione professionale e l&#8217;istruzione.<\/p>\n\n\n\n<p><a href=\"https:\/\/www.unhcr.org\/it\/sostienici\/impatto-delle-donazioni\/rapporto-2020\/\"><strong>L&#8217;impatto delle tue donazioni<\/strong><\/a><\/p>\n\n\n\n<p><a href=\"https:\/\/eur02.safelinks.protection.outlook.com\/?url=https%3A%2F%2Fwww.unhcr.org%2Fit%2Fsostienici%2Fcome-donare%2F&amp;data=05%7C02%7Cdimassii%40unhcr.org%7C3634073525e54ff4ea3d08dc62dbadb4%7Ce5c37981666441348a0c6543d2af80be%7C0%7C0%7C638493942853059783%7CUnknown%7CTWFpbGZsb3d8eyJWIjoiMC4wLjAwMDAiLCJQIjoiV2luMzIiLCJBTiI6Ik1haWwiLCJXVCI6Mn0%3D%7C0%7C%7C%7C&amp;sdata=YLvcTaOGxSz%2BXMZHWGBnIr9BsUeNX0F%2B%2FeGMlfhdCw0%3D&amp;reserved=0\"><strong>Come donare<\/strong><\/a><\/p>\n\n\n\n<p><a href=\"https:\/\/eur02.safelinks.protection.outlook.com\/?url=https%3A%2F%2Fwww.unhcr.org%2Fit%2Frisorse%2Fdocumenti-e-pubblicazioni%2F&amp;data=05%7C02%7Cdimassii%40unhcr.org%7C3634073525e54ff4ea3d08dc62dbadb4%7Ce5c37981666441348a0c6543d2af80be%7C0%7C0%7C638493942853075573%7CUnknown%7CTWFpbGZsb3d8eyJWIjoiMC4wLjAwMDAiLCJQIjoiV2luMzIiLCJBTiI6Ik1haWwiLCJXVCI6Mn0%3D%7C0%7C%7C%7C&amp;sdata=MYPeOwuJx%2FNPoFGeNnjPrupllBTsfSBe0TmclpY5ZRU%3D&amp;reserved=0\"><strong>Documenti e pubblicazioni<\/strong><\/a><\/p>\n\n\n\n<p>Contatti del Servizio Sostenitori:<\/p>\n\n\n\n<ul class=\"wp-block-list\">\n<li><strong>Email<\/strong>: sostenitori@unhcr.it<\/li>\n\n\n\n<li><strong>Numero verde:<\/strong> 800.298.000 (Dal luned\u00ec al venerd\u00ec dalle 9:00 alle 20:00)<\/li>\n\n\n\n<li><strong>Indirizzo postale<\/strong>: Servizio Sostenitori, UNHCR &#8211; Agenzia ONU per i Rifugiati &#8211; Via Leopardi, 24 &#8211; 00185 Roma<\/li>\n<\/ul>\n","protected":false},"excerpt":{"rendered":"<p>Il sostegno dei donatori individuali e del settore privato in generale \u00e8 essenziale per il lavoro dell&#8217;UNHCR in Italia, cos\u00ec come nel resto del mondo. La generosit\u00e0 delle persone che sostengono l&#8217;organizzazione attraverso un contributo regolare ci consente di pianificare meglio le nostre risorse e organizzare la nostra risposta a sostegno dei rifugiati nel modo [&hellip;]<\/p>\n","protected":false},"author":263,"featured_media":0,"parent":0,"menu_order":0,"comment_status":"closed","ping_status":"closed","template":"","meta":{"_acf_changed":false,"footnotes":""},"class_list":["post-1752","page","type-page","status-publish","hentry"],"acf":[],"_links":{"self":[{"href":"https:\/\/help.unhcr.org\/italy\/it\/wp-json\/wp\/v2\/pages\/1752","targetHints":{"allow":["GET"]}}],"collection":[{"href":"https:\/\/help.unhcr.org\/italy\/it\/wp-json\/wp\/v2\/pages"}],"about":[{"href":"https:\/\/help.unhcr.org\/italy\/it\/wp-json\/wp\/v2\/types\/page"}],"author":[{"embeddable":true,"href":"https:\/\/help.unhcr.org\/italy\/it\/wp-json\/wp\/v2\/users\/263"}],"replies":[{"embeddable":true,"href":"https:\/\/help.unhcr.org\/italy\/it\/wp-json\/wp\/v2\/comments?post=1752"}],"version-history":[{"count":1,"href":"https:\/\/help.unhcr.org\/italy\/it\/wp-json\/wp\/v2\/pages\/1752\/revisions"}],"predecessor-version":[{"id":1753,"href":"https:\/\/help.unhcr.org\/italy\/it\/wp-json\/wp\/v2\/pages\/1752\/revisions\/1753"}],"wp:attachment":[{"href":"https:\/\/help.unhcr.org\/italy\/it\/wp-json\/wp\/v2\/media?parent=1752"}],"curies":[{"name":"wp","href":"https:\/\/api.w.org\/{rel}","templated":true}]}}