{"id":1746,"date":"2024-05-24T13:30:40","date_gmt":"2024-05-24T13:30:40","guid":{"rendered":"https:\/\/help.unhcr.org\/italy\/?page_id=1746"},"modified":"2024-05-24T13:30:41","modified_gmt":"2024-05-24T13:30:41","slug":"come-denunciare-sfruttamento-e-abuso-sessuale-compiuti-da-un-membro-del-personale-dellunhcr-dellonu-o-di-una-ong","status":"publish","type":"page","link":"https:\/\/help.unhcr.org\/italy\/it\/come-denunciare-sfruttamento-e-abuso-sessuale-compiuti-da-un-membro-del-personale-dellunhcr-dellonu-o-di-una-ong\/","title":{"rendered":"Come denunciare sfruttamento e abuso sessuale compiuti da un membro del personale dell&#8217;UNHCR, dell&#8217;ONU o di una ONG?"},"content":{"rendered":"\n<p>Lo sfruttamento e l&#8217;abuso sessuale contro le persone rifugiate, apolidi e richiedenti asilo \u00e8 considerato comportamento inaccettabile ed \u00e8 vietato a tutti i membri del personale delle Nazioni Unite e delle organizzazioni partner.&nbsp;<\/p>\n\n\n\n<p><strong>Che cos&#8217;\u00e8 lo sfruttamento sessuale?<\/strong> \u00c8 qualsiasi abuso, effettivo o tentato, di una posizione di vulnerabilit\u00e0, squilibrio di potere , o fiducia, per scopi sessuali. Esso comprende la tratta di esseri umani e la prostituzione.&nbsp;<\/p>\n\n\n\n<p>&nbsp;<strong>Cos&#8217;\u00e8 l&#8217;abuso sessuale?<\/strong> \u00c8 qualsiasi intrusione fisica, reale o minacciata, di natura sessuale, compiuta sia con la forza, sia in condizioni disuguali o coercitive. L\u2019abuso sessuale include anche: schiavit\u00f9 sessuale, pornografia, abusi sui minori e aggressioni sessuali.&nbsp;<\/p>\n\n\n\n<p>In linea con gli standard di condotta delle Nazioni Unite, tutti i membri del personale dell&#8217;UNHCR e delle ONG partner non devono:&nbsp;<\/p>\n\n\n\n<ul class=\"wp-block-list\">\n<li>indurre persone a compiere o subire atti sessuali in cambio di denaro, lavoro, beni o servizi o di un qualunque trattamento preferenziale;<\/li>\n\n\n\n<li>avere rapporti sessuali di qualunque tipo con qualsiasi persona di et\u00e0 inferiore ai 18 anni\u00a0(indipendentemente dall&#8217;et\u00e0 legale locale del consenso o della maggiore et\u00e0);<\/li>\n\n\n\n<li>essere coinvolti in qualsiasi altra forma di comportamento sessualmente umiliante, degradante o in qualunque tipo di sfruttamento.\u00a0<\/li>\n<\/ul>\n\n\n\n<p>Se sei a conoscenza, o hai dubbi o sospetti su un possibile caso di sfruttamento o abuso sessuale da parte di un membro del personale dell&#8217;UNHCR, delle Nazioni Unite o di una ONG, ti preghiamo di segnalarlo direttamente all&#8217;Ufficio dell&#8217;Ispettore Generale (IGO) presso la sede dell&#8217;UNHCR:&nbsp;<\/p>\n\n\n\n<ul class=\"wp-block-list\">\n<li><strong>E-mail<\/strong>: \u202f<a href=\"mailto:inspector@unhcr.org\" target=\"_blank\" rel=\"noreferrer noopener\">inspector@unhcr.org<\/a>\u202f\u00a0<\/li>\n\n\n\n<li><strong>Fax riservato<\/strong>: +41 22 739 7380\u00a0<\/li>\n\n\n\n<li><strong>Posta<\/strong>: UNHCR, 94 Rue de Montbrillant, 1202 Ginevra, Svizzera\u00a0<\/li>\n<\/ul>\n\n\n\n<p>Nella tua segnalazione, dovresti includere i seguenti elementi:&nbsp;<\/p>\n\n\n\n<ul class=\"wp-block-list\">\n<li>Cosa \u00e8 successo? Descrivi in \u200b\u200bdettaglio ci\u00f2 che sai dell&#8217;incidente o degli incidenti.\u00a0<\/li>\n\n\n\n<li>Chi ha commesso il presunto illecito?\u00a0<\/li>\n\n\n\n<li>Sai se qualcun altro \u00e8 stato coinvolto? Fornisci i nomi completi, il ruolo lavorativo e l&#8217;organizzazione, se possibile.\u00a0<\/li>\n\n\n\n<li>Quando e dove si sono verificati l&#8217;incidente o gli incidenti?\u00a0<\/li>\n\n\n\n<li>Includi anche date e orari, se possibile.\u00a0<\/li>\n<\/ul>\n\n\n\n<p>La tua segnalazione sar\u00e0 trattata con la massima riservatezza e mantenuta strettamente confidenziale.&nbsp;<\/p>\n","protected":false},"excerpt":{"rendered":"<p>Lo sfruttamento e l&#8217;abuso sessuale contro le persone rifugiate, apolidi e richiedenti asilo \u00e8 considerato comportamento inaccettabile ed \u00e8 vietato a tutti i membri del personale delle Nazioni Unite e delle organizzazioni partner.&nbsp; Che cos&#8217;\u00e8 lo sfruttamento sessuale? \u00c8 qualsiasi abuso, effettivo o tentato, di una posizione di vulnerabilit\u00e0, squilibrio di potere , o fiducia, [&hellip;]<\/p>\n","protected":false},"author":263,"featured_media":0,"parent":0,"menu_order":0,"comment_status":"closed","ping_status":"closed","template":"","meta":{"_acf_changed":false,"footnotes":""},"class_list":["post-1746","page","type-page","status-publish","hentry"],"acf":[],"_links":{"self":[{"href":"https:\/\/help.unhcr.org\/italy\/it\/wp-json\/wp\/v2\/pages\/1746","targetHints":{"allow":["GET"]}}],"collection":[{"href":"https:\/\/help.unhcr.org\/italy\/it\/wp-json\/wp\/v2\/pages"}],"about":[{"href":"https:\/\/help.unhcr.org\/italy\/it\/wp-json\/wp\/v2\/types\/page"}],"author":[{"embeddable":true,"href":"https:\/\/help.unhcr.org\/italy\/it\/wp-json\/wp\/v2\/users\/263"}],"replies":[{"embeddable":true,"href":"https:\/\/help.unhcr.org\/italy\/it\/wp-json\/wp\/v2\/comments?post=1746"}],"version-history":[{"count":1,"href":"https:\/\/help.unhcr.org\/italy\/it\/wp-json\/wp\/v2\/pages\/1746\/revisions"}],"predecessor-version":[{"id":1748,"href":"https:\/\/help.unhcr.org\/italy\/it\/wp-json\/wp\/v2\/pages\/1746\/revisions\/1748"}],"wp:attachment":[{"href":"https:\/\/help.unhcr.org\/italy\/it\/wp-json\/wp\/v2\/media?parent=1746"}],"curies":[{"name":"wp","href":"https:\/\/api.w.org\/{rel}","templated":true}]}}