{"id":1735,"date":"2024-05-24T10:17:49","date_gmt":"2024-05-24T10:17:49","guid":{"rendered":"https:\/\/help.unhcr.org\/italy\/?page_id=1735"},"modified":"2024-05-24T14:53:47","modified_gmt":"2024-05-24T14:53:47","slug":"apolidia","status":"publish","type":"page","link":"https:\/\/help.unhcr.org\/italy\/it\/apolidia\/","title":{"rendered":"Apolidia"},"content":{"rendered":"\n<h2 class=\"wp-block-heading\">Determinazione dello status di apolide in Italia\u00a0<\/h2>\n\n\n\n<p>Se sei apolide &#8211; non possiedi una cittadinanza perch\u00e9 non sei considerato cittadino da nessuno Stato, in Italia hai il diritto di richiedere la determinazione dello status di apolide.\u00a0\u00a0<\/p>\n\n\n\n<p><br>Se sei una persone richiedente asilo o rifugiata apolide, anche se gi\u00e0 benefici di una forma di protezione internazionale, \u00e8 importante che tu richieda anche la determinazione dello status di apolide. Tale protezione potrebbe cessare in futuro, ma potresti comunque non avere alcuna cittadinanza e avere bisogno di assistenza e protezione come apolide.\u00a0<\/p>\n\n\n\n<p><br>Nel caso in cui tu abbia bisogno di ulteriori informazioni sulle procedure di determinazione dello status di apolide in Italia, di aiuto per ottenere un supporto legale qualificato, o di consigli sull&#8217;accesso ai diritti e ai servizi come apolide, non esitare a contattare l\u2019UNHCR MCO-Italia o il <a href=\"https:\/\/tavoloapolidia.org\/tavolo-apolidia\/contatti\/\">Tavolo Apolidia<\/a>\u00a0, una rete di ONG ed esperti che lavorano sull&#8217;apolidia in Italia facilitata da UNHCR.\u00a0<\/p>\n\n\n\n<p><br><strong>Importante: <br>N\u00e9 l&#8217;UNHCR n\u00e9 le organizzazioni del Tavolo Apolidia chiedono un compenso per qualsiasi servizio. Il loro aiuto \u00e8 sempre gratuito. Non ti dovrebbe essere chiesto, in nessun momento, di pagare per nessuno dei servizi forniti.\u00a0<\/strong><\/p>\n\n\n\n<p class=\"has-text-align-left\"><div><div><div id=\"_com_1\" class=\"msocomtxt\"><br><p class=\"MsoCommentText\"><\/p><\/div><\/div><\/div><\/p>\n","protected":false},"excerpt":{"rendered":"<p>Determinazione dello status di apolide in Italia\u00a0 Se sei apolide &#8211; non possiedi una cittadinanza perch\u00e9 non sei considerato cittadino da nessuno Stato, in Italia hai il diritto di richiedere la determinazione dello status di apolide.\u00a0\u00a0 Se sei una persone richiedente asilo o rifugiata apolide, anche se gi\u00e0 benefici di una forma di protezione internazionale, [&hellip;]<\/p>\n","protected":false},"author":263,"featured_media":0,"parent":0,"menu_order":0,"comment_status":"closed","ping_status":"closed","template":"faq_page.php","meta":{"_acf_changed":false,"footnotes":""},"class_list":["post-1735","page","type-page","status-publish","hentry"],"acf":[],"_links":{"self":[{"href":"https:\/\/help.unhcr.org\/italy\/it\/wp-json\/wp\/v2\/pages\/1735","targetHints":{"allow":["GET"]}}],"collection":[{"href":"https:\/\/help.unhcr.org\/italy\/it\/wp-json\/wp\/v2\/pages"}],"about":[{"href":"https:\/\/help.unhcr.org\/italy\/it\/wp-json\/wp\/v2\/types\/page"}],"author":[{"embeddable":true,"href":"https:\/\/help.unhcr.org\/italy\/it\/wp-json\/wp\/v2\/users\/263"}],"replies":[{"embeddable":true,"href":"https:\/\/help.unhcr.org\/italy\/it\/wp-json\/wp\/v2\/comments?post=1735"}],"version-history":[{"count":2,"href":"https:\/\/help.unhcr.org\/italy\/it\/wp-json\/wp\/v2\/pages\/1735\/revisions"}],"predecessor-version":[{"id":1792,"href":"https:\/\/help.unhcr.org\/italy\/it\/wp-json\/wp\/v2\/pages\/1735\/revisions\/1792"}],"wp:attachment":[{"href":"https:\/\/help.unhcr.org\/italy\/it\/wp-json\/wp\/v2\/media?parent=1735"}],"curies":[{"name":"wp","href":"https:\/\/api.w.org\/{rel}","templated":true}]}}