{"id":1712,"date":"2024-05-24T08:55:56","date_gmt":"2024-05-24T08:55:56","guid":{"rendered":"https:\/\/help.unhcr.org\/italy\/?page_id=1712"},"modified":"2025-02-24T12:56:55","modified_gmt":"2025-02-24T12:56:55","slug":"aiuto-dalla-violenza","status":"publish","type":"page","link":"https:\/\/help.unhcr.org\/italy\/it\/servizi\/aiuto-dalla-violenza\/","title":{"rendered":"Aiuto dalla violenza"},"content":{"rendered":"\n<p>Alcune persone subiscono violenze semplicemente per il fatto di essere donne o ragazze. <strong>Questo fenomeno si chiama violenza di genere<\/strong> (gender-based violence-GBV).<\/p>\n\n\n\n<p>Anche uomini e ragazzi possono essere vittime di violenza di genere, ma sono soprattutto donne e ragazze a esserne colpite, perch\u00e9 alcune persone credono che uomini e donne non siano uguali e che le donne e le ragazze abbiano meno valore o potere. Anche le persone LGBTIQ+ possono subire violenza di genere.<\/p>\n\n\n\n<p>La violenza di genere include tutti gli atti perpetrati contro il volere di una persona che causano danni o sofferenze fisiche, sessuali o mentali, le minacce di tali atti, la coercizione e altre privazioni della libert\u00e0. \u00c8 un abuso di potere sulle persone e rappresenta una grave violazione dei diritti umani universali. Non \u00e8 mai colpa di chi la subisce, ma sempre di chi la esercita.<\/p>\n\n\n\n<p>La violenza di genere assume anche molte forme diverse, come la violenza sessuale, fisica, psicologica o emotiva e sociale\/economica. Pu\u00f2 anche avvenire online e attraverso i social media.<\/p>\n\n\n\n<p>La violenza di genere \u00e8 un crimine punibile per legge. In Italia, le persone hanno il diritto di vivere libere dalla violenza di genere.<\/p>\n\n\n\n<p><\/p>\n\n\n\n<figure class=\"wp-block-embed is-type-video is-provider-youtube wp-block-embed-youtube wp-embed-aspect-16-9 wp-has-aspect-ratio\"><div class=\"wp-block-embed__wrapper\">\n<iframe loading=\"lazy\" title=\"L&#039;UNHCR si impegna a proteggere dalla violenza di genere le persone rifugiate\" width=\"640\" height=\"360\" src=\"https:\/\/www.youtube.com\/embed\/_WE8MSKZ58I?feature=oembed\" frameborder=\"0\" allow=\"accelerometer; autoplay; clipboard-write; encrypted-media; gyroscope; picture-in-picture; web-share\" referrerpolicy=\"strict-origin-when-cross-origin\" allowfullscreen><\/iframe>\n<\/div><\/figure>\n\n\n\n<p><\/p>\n\n\n\n<h2 class=\"wp-block-heading\"><strong>Come chiedere aiuto in Italia<\/strong><\/h2>\n\n\n\n<p>Se tu (o qualcuno vicino a te) hai subito o stai subendo violenza di genere, ci sono organizzazioni e servizi che possono offrire aiuto. In Italia chiunque pu\u00f2 chiedere aiuto, indipendentemente dalla cittadinanza, dallo status (di immigrazione), dall\u2019identit\u00e0 di genere, dall\u2019orientamento sessuale, dall\u2019etnia, dallo stato civile o dalla religione.<br><br>Subire violenza di genere <strong><mark class=\"has-inline-color has-vivid-red-color\">non \u00e8 mai colpa tua<\/mark>!<\/strong><br><br><strong>Se hai subito, stai subendo o temi di subire violenza di genere, chiama la linea telefonica nazionale&nbsp;?&nbsp;<a href=\"https:\/\/www.1522.eu\/cose-1522\/?lang=en\">1522<\/a>. Il servizio \u00e8 accessibile da telefono cellulare o fisso, \u00e8 gratuito, anonimo e attivo 24 ore su 24, 7 giorni su 7, in pi\u00f9 lingue.<\/strong><\/p>\n\n\n\n<p>Inoltre, il Ministero delle Pari Opportunit\u00e0 fornisce una&nbsp;<a href=\"https:\/\/www.1522.eu\/mappatura-1522\/\">mappa aggiornata<\/a>&nbsp;di tutti i rifugi antiviolenza disponibili.<\/p>\n\n\n\n<h2 class=\"wp-block-heading\"><strong>Organizzazioni sul territorio<\/strong><\/h2>\n\n\n\n<p>In Italia ci sono molte organizzazioni specializzate sul tema della violenza di genere che assistono e aiutano le persone richiedenti asilo, rifugiate e migranti in generale. Tieni presente che alcune organizzazioni sono attive a livello nazionale, mentre altre operano solo a livello regionale o locale.<\/p>\n\n\n\n<p>Ricordati, inoltre, che l\u2019elenco delle organizzazioni menzionate non \u00e8 esaustivo.<\/p>\n\n\n\n<p>Se vuoi, puoi trovare altre informazioni anche su&nbsp;<a href=\"https:\/\/www.jumamap.it\/\">JUMA MAP, una mappa dei servizi<\/a>&nbsp;disponibili gratuitamente.<\/p>\n\n\n\n<p><strong>Donne in Rete<\/strong><\/p>\n\n\n\n<p>Donne in Rete contro la violenza (D.<em>i<\/em>.Re.) \u00e8 la pi\u00f9 grande rete di centri antiviolenza in Italia con 82 associazioni, pi\u00f9 di 100 centri antiviolenza e oltre 500 case sicure; sul loro&nbsp;<a href=\"https:\/\/www.direcontrolaviolenza.it\/\">sito web<\/a>&nbsp;\u00e8 possibile trovare il rifugio pi\u00f9 vicino a te. Il loro programma \u201c<a href=\"https:\/\/www.leavingviolence.it\/\" target=\"_blank\" rel=\"noreferrer noopener\"><em>Leaving Violence.<\/em><em>\u202f<\/em><em>Living Safe<\/em> Project<\/a>\u201d supporta direttamente rifugiate e richiedenti asilo.<\/p>\n\n\n\n<p><strong>Differenza Donna<\/strong><\/p>\n\n\n\n<p>Differenza Donna \u00e8 un\u2019associazione con sede a Roma (Lazio) che supporta persone sopravvissute alla violenza di genere attraverso:<\/p>\n\n\n\n<ol start=\"1\" class=\"wp-block-list\">\n<li><a href=\"https:\/\/www.differenzadonna.org\/en\/assistenza-legale-en-translation\/\">Supporto legale<\/a><\/li>\n\n\n\n<li><a href=\"https:\/\/www.differenzadonna.org\/en\/codice-rosa-en-translation\/\">Sportelli di assistenza<\/a>&nbsp;in diversi ospedali di Roma<\/li>\n\n\n\n<li><a href=\"https:\/\/www.differenzadonna.org\/en\/centri-antiviolenza-en-translation\/\">Centri antiviolenza<\/a><\/li>\n\n\n\n<li><a href=\"https:\/\/www.differenzadonna.org\/fgm\/\">Mappa<\/a>&nbsp;dei servizi disponibili e informazioni in 9 lingue sulla mutilazione genitale femminile<\/li>\n<\/ol>\n\n\n\n<p><strong>Mondo Donna<\/strong><\/p>\n\n\n\n<p><a href=\"https:\/\/www.mondodonna-onlus.it\/\">Mondo Donna<\/a>&nbsp;\u00e8 un\u2019associazione, con sede in Emilia Romagna, che sostiene le donne sopravvissute alla violenza di genere, ospita donne e famiglie migranti, supporta persone con vulnerabilit\u00e0 attraverso:<\/p>\n\n\n\n<ol start=\"1\" class=\"wp-block-list\">\n<li>Centri residenziali<\/li>\n\n\n\n<li>Inclusione socio-economica e inserimento lavorativo<\/li>\n\n\n\n<li>Servizi di assistenza domiciliare per bambini e giovani sotto i 18 anni<\/li>\n<\/ol>\n\n\n\n<p><strong>Clinica Mangiagalli<\/strong><\/p>\n\n\n\n<p>La Clinica Mangiagalli a Milano offre servizi di assistenza per violenza sessuale e domestica (<a href=\"https:\/\/www.policlinico.mi.it\/centri-di-riferimento\/23\/centro-di-riferimento-di-assistenza-per-i-problemi-della-violenza-alle-donne-e-ai-minori-soccorso-violenza-sessuale-e-domestica-svsed\">Servizio Soccorso Sessuale e Domestico<\/a>&nbsp;\u2013 SVSED), fornendo servizi sanitari, psicologici e sociali alle persone sopravvissute alla GBV.<\/p>\n\n\n\n<p><strong>Ospedale Sant\u2019Anna<\/strong><\/p>\n\n\n\n<p>L\u2019Ospedale Sant\u2019Anna, Citt\u00e0 della Salute e della Scienza di Torino, offre servizi medici, psicologici e sociali alle donne sopravvissute alla GBV e alla tortura (<a href=\"https:\/\/www.cittadellasalute.to.it\/index.php?option=com_content&amp;view=article&amp;id=3220:soccorso-violenza-donne&amp;catid=165:pronto-soccorso&amp;Itemid=372\">Centro Soccorso Violenza Sessuale<\/a>).<\/p>\n\n\n\n<p><strong>LHIVE<\/strong><\/p>\n\n\n\n<p>LHIVE \u00e8 un\u2019associazione basata a Catania che offre servizi medici, psicologici e sociali a bassa soglia per persone sopravvissute a GBV e ad altre forme di violenza (<a href=\"https:\/\/www.facebook.com\/LHIVEDirittiPrevenzione\/\">LHIVE Diritti e Prevenzione<\/a>).<\/p>\n\n\n\n<h2 class=\"wp-block-heading\"><strong>Tratta e sfruttamento<\/strong><\/h2>\n\n\n\n<p><strong>Se hai vissuto o stai vivendo una situazione di tratta o sfruttamento, puoi ricevere supporto!<\/strong><\/p>\n\n\n\n<p><strong>Chiama 800290290 o +39 3427754946 da Lyca Mobile.<\/strong><\/p>\n\n\n\n<p>Il servizio \u00e8 gratuito, anonimo, attivo 24 ore su 24 e disponibile in inglese, spagnolo, albanese, rumeno, russo, moldavo, ucraino, nigeriano, cinese, polacco, portoghese e arabo. Forniranno aiuto e supporto nell\u2019accesso ai servizi di assistenza locali.<\/p>\n\n\n\n<figure class=\"wp-block-image size-large\"><img loading=\"lazy\" decoding=\"async\" width=\"730\" height=\"1024\" src=\"https:\/\/help.unhcr.org\/italy\/wp-content\/uploads\/sites\/85\/2025\/02\/image-730x1024.png\" alt=\"\" class=\"wp-image-2012\" srcset=\"https:\/\/help.unhcr.org\/italy\/wp-content\/uploads\/sites\/85\/2025\/02\/image-730x1024.png 730w, https:\/\/help.unhcr.org\/italy\/wp-content\/uploads\/sites\/85\/2025\/02\/image-214x300.png 214w, https:\/\/help.unhcr.org\/italy\/wp-content\/uploads\/sites\/85\/2025\/02\/image-768x1077.png 768w, https:\/\/help.unhcr.org\/italy\/wp-content\/uploads\/sites\/85\/2025\/02\/image.png 963w\" sizes=\"auto, (max-width: 730px) 100vw, 730px\" \/><\/figure>\n\n\n\n<div class=\"wp-block-group\"><div class=\"wp-block-group__inner-container is-layout-constrained wp-block-group-is-layout-constrained\">\n<div class=\"wp-block-columns is-layout-flex wp-container-core-columns-is-layout-9d6595d7 wp-block-columns-is-layout-flex\">\n<div class=\"wp-block-column is-layout-flow wp-block-column-is-layout-flow\"><\/div>\n<\/div>\n<\/div><\/div>\n\n\n\n<figure class=\"wp-block-gallery has-nested-images columns-default is-cropped wp-block-gallery-1 is-layout-flex wp-block-gallery-is-layout-flex\">\n<figure class=\"wp-block-image size-large\"><img loading=\"lazy\" decoding=\"async\" width=\"332\" height=\"464\" data-id=\"2047\" src=\"https:\/\/help.unhcr.org\/italy\/wp-content\/uploads\/sites\/85\/2025\/02\/Untitled-1.png\" alt=\"\" class=\"wp-image-2047\" srcset=\"https:\/\/help.unhcr.org\/italy\/wp-content\/uploads\/sites\/85\/2025\/02\/Untitled-1.png 332w, https:\/\/help.unhcr.org\/italy\/wp-content\/uploads\/sites\/85\/2025\/02\/Untitled-1-215x300.png 215w\" sizes=\"auto, (max-width: 332px) 100vw, 332px\" \/><\/figure>\n\n\n\n<figure class=\"wp-block-image size-large\"><img loading=\"lazy\" decoding=\"async\" width=\"334\" height=\"465\" data-id=\"2042\" src=\"https:\/\/help.unhcr.org\/italy\/wp-content\/uploads\/sites\/85\/2025\/02\/Untitled2-1.png\" alt=\"\" class=\"wp-image-2042\" srcset=\"https:\/\/help.unhcr.org\/italy\/wp-content\/uploads\/sites\/85\/2025\/02\/Untitled2-1.png 334w, https:\/\/help.unhcr.org\/italy\/wp-content\/uploads\/sites\/85\/2025\/02\/Untitled2-1-215x300.png 215w\" sizes=\"auto, (max-width: 334px) 100vw, 334px\" \/><\/figure>\n<\/figure>\n","protected":false},"excerpt":{"rendered":"<p>Alcune persone subiscono violenze semplicemente per il fatto di essere donne o ragazze. Questo fenomeno si chiama violenza di genere (gender-based violence-GBV). Anche uomini e ragazzi possono essere vittime di violenza di genere, ma sono soprattutto donne e ragazze a esserne colpite, perch\u00e9 alcune persone credono che uomini e donne non siano uguali e che [&hellip;]<\/p>\n","protected":false},"author":263,"featured_media":0,"parent":1675,"menu_order":40,"comment_status":"closed","ping_status":"closed","template":"","meta":{"_acf_changed":false,"footnotes":""},"class_list":["post-1712","page","type-page","status-publish","hentry"],"acf":[],"_links":{"self":[{"href":"https:\/\/help.unhcr.org\/italy\/it\/wp-json\/wp\/v2\/pages\/1712","targetHints":{"allow":["GET"]}}],"collection":[{"href":"https:\/\/help.unhcr.org\/italy\/it\/wp-json\/wp\/v2\/pages"}],"about":[{"href":"https:\/\/help.unhcr.org\/italy\/it\/wp-json\/wp\/v2\/types\/page"}],"author":[{"embeddable":true,"href":"https:\/\/help.unhcr.org\/italy\/it\/wp-json\/wp\/v2\/users\/263"}],"replies":[{"embeddable":true,"href":"https:\/\/help.unhcr.org\/italy\/it\/wp-json\/wp\/v2\/comments?post=1712"}],"version-history":[{"count":5,"href":"https:\/\/help.unhcr.org\/italy\/it\/wp-json\/wp\/v2\/pages\/1712\/revisions"}],"predecessor-version":[{"id":2056,"href":"https:\/\/help.unhcr.org\/italy\/it\/wp-json\/wp\/v2\/pages\/1712\/revisions\/2056"}],"up":[{"embeddable":true,"href":"https:\/\/help.unhcr.org\/italy\/it\/wp-json\/wp\/v2\/pages\/1675"}],"wp:attachment":[{"href":"https:\/\/help.unhcr.org\/italy\/it\/wp-json\/wp\/v2\/media?parent=1712"}],"curies":[{"name":"wp","href":"https:\/\/api.w.org\/{rel}","templated":true}]}}