{"id":1707,"date":"2024-05-24T08:49:37","date_gmt":"2024-05-24T08:49:37","guid":{"rendered":"https:\/\/help.unhcr.org\/italy\/?page_id=1707"},"modified":"2024-05-24T14:30:46","modified_gmt":"2024-05-24T14:30:46","slug":"istruzione","status":"publish","type":"page","link":"https:\/\/help.unhcr.org\/italy\/it\/servizi\/istruzione\/","title":{"rendered":"Istruzione\u00a0"},"content":{"rendered":"\n<p>I rifugiati in Italia hanno gli stessi diritti relativi all\u2019istruzione che hanno gli italiani.&nbsp;<\/p>\n\n\n\n<h3 class=\"wp-block-heading\">Istruzione per bambini e adolescenti&nbsp;<\/h3>\n\n\n\n<p>La legge italiana prevede che tutte le persone presenti in Italia, qualunque sia il loro status, hanno diritto all\u2019istruzione e l\u2019obbligo di andare a scuola fino a 16 anni. Questo significa che tutti\/e i\/le bambini\/e che hanno tra i 6 e i 16 anni e sono in Italia devono essere iscritti\/e e frequentare regolarmente a scuola. Quando una scuola riceve la domanda di iscrizione di un cittadino straniero, generalmente chiede gli stessi documenti che vengono richiesti ai cittadini italiani. \u00c8 importante ricordare che la mancata registrazione della residenza o la certificazione di passate esperienze scolastiche non pu\u00f2 impedire l\u2019iscrizione a scuola.&nbsp;<\/p>\n\n\n\n<p>La domanda di iscrizione alle scuole di ogni grado deve essere compilata online, attraverso il <a href=\"https:\/\/www.istruzione.it\/iscrizionionline\/index.html\" target=\"_blank\" rel=\"noreferrer noopener\">sito internet del Ministero dell\u2019istruzione<\/a>. Nel caso in cui una famiglia non abbia la possibilit\u00e0 di accedere a Internet, o non abbia un computer, la scuola dove si vorrebbe presentare l\u2019iscrizione pu\u00f2 aiutare nella compilazione e invio della domanda, su richiesta.&nbsp;<\/p>\n\n\n\n<p>Maggiori informazioni sono disponibili sul sito <a href=\"https:\/\/www.refugee.info\/italy\/education\/education-of-children-and-adolescents?language=en\" target=\"_blank\" rel=\"noreferrer noopener\">Refugee.info<\/a>&nbsp;&nbsp;<\/p>\n\n\n\n<h3 class=\"wp-block-heading\">Istruzione per persone adulte&nbsp;<\/h3>\n\n\n\n<p>Le persone che hanno pi\u00f9 di 16 anni, con un valido permesso di soggiorno, hanno il diritto di frequentare le scuole pubbliche per adulti, alle stesse condizioni dei cittadini italiani. I corsi per adulti possono essere organizzati sia nelle ore serali presso le scuole pubbliche, sia presso i <a>Centri provinciali per l\u2019istruzione degli adulti<\/a>&nbsp;(CPIA).&nbsp;<\/p>\n\n\n\n<p>Ci si pu\u00f2 iscrivere direttamente al CPIA (per la scuola secondaria di primo grado) o presso la scuola che organizza i corsi (nel caso di scuola secondaria di secondo grado).&nbsp;&nbsp;<\/p>\n\n\n\n<p>Per iscriversi in una scuola secondaria di secondo grado, \u00e8 necessario un diploma di Licenza media ottenuto in Italia o, se ottenuto all\u2019estero, legalmente riconosciuto. Molte scuole permettono di fare gli esami per la Licenza media e intanto seguire i corsi serali di istruzione secondaria.&nbsp;<\/p>\n\n\n\n<h3 class=\"wp-block-heading\">Accesso all\u2019universit\u00e0 &nbsp;<\/h3>\n\n\n\n<p>La possibilit\u00e0 per un richiedente asilo di iscriversi all\u2019universit\u00e0 in Italia pu\u00f2 variare. Solo poche universit\u00e0 al momento permettono ai richiedenti asilo di fare un\u2019iscrizione completa (per esempio, le universit\u00e0 di Palermo e Messina).&nbsp;&nbsp;<\/p>\n\n\n\n<p>Di solito, l\u2019iscrizione per persone richiedenti asilo \u00e8 \u201ccondizionata\u201d: vuol dire che diventer\u00e0 effettiva solo quando ci sar\u00e0 il riconoscimento della persona come rifugiata in Italia. Se sei un richiedente asilo, la maggior parte delle universit\u00e0 italiane ti permetteranno di seguire i corsi e dare gli esami mentre stai aspettando il risultato della tua richiesta di protezione. Per laurearti e ottenere il titolo (Laurea), devi aver avuto una forma di protezione (status di rifugiato, protezione sussidiaria o speciale).&nbsp;<\/p>\n\n\n\n<p>Se sei un\/a rifugiato\/a, hai il diritto di accedere all\u2019universit\u00e0, ma ci potrebbero essere alcune difficolt\u00e0 pratiche, per esempio se hai o meno un\u2019adeguata conoscenza della lingua italiana e i certificati scolastici, o le necessarie risorse economiche.&nbsp;&nbsp;<\/p>\n\n\n\n<h2 class=\"wp-block-heading\">Riconoscimento dei titoli&nbsp;<\/h2>\n\n\n\n<p>Chi ha dovuto lasciare il suo Paese non sempre porta con s\u00e9 i documenti originali degli studi compiuti o dei diplomi. Inoltre, potrebbe essere impossibile, o troppo pericoloso, per te chiedere questi documenti alle autorit\u00e0 del tuo Paese di origine.&nbsp;<\/p>\n\n\n\n<p>Per le persone rifugiate, la legge italiana prevede la possibilit\u00e0 di riconoscere le qualifiche \u201canche in assenza di certificazione da parte dello Stato in cui \u00e8 stato ottenuto il titolo, ove l&#8217;interessato dimostra di non poter acquisire detta certificazione\u201d.&nbsp;<\/p>\n\n\n\n<p>In base alla tua situazione personale e all\u2019universit\u00e0, ci sono diverse procedure:&nbsp;&nbsp;<\/p>\n\n\n\n<ul class=\"wp-block-list\">\n<li><strong>Attestato di comparabilit\u00e0, <\/strong>rilasciato gratuitamente da <a href=\"http:\/\/www.cimea.it\/it\/index.aspx\" target=\"_blank\" rel=\"noreferrer noopener\">CIMEA<\/a> \u2013 Centro di Informazione sulla Mobilit\u00e0 e le Equivalenze Accademiche \u2013 ai rifugiati attraverso il servizio di certificazione <a href=\"http:\/\/www.cimea.it\/it\/servizi\/attestati-di-comparabilita-e-certificazione-dei-titoli\/attestati-di-comparabilita-e-di-verifica-dei-titoli-diplome.aspx\" target=\"_blank\" rel=\"noreferrer noopener\">Diplome<\/a>.&nbsp;<\/li>\n\n\n\n<li><strong>Dichiarazione di valore, <\/strong>rilasciata dal <a href=\"https:\/\/www.esteri.it\/it\/diplomazia-culturale-e-diplomazia-scientifica\/cultura\/universita\/riconoscimento_titoli_studio\/dichiarazionevalorerifugiati\/\" target=\"_blank\" rel=\"noreferrer noopener\">Ministero degli affari esteri e della cooperazione internazionale (MAECI)<\/a> attraverso uno specifico servizio su richiesta per rifugiati e beneficiari di protezione internazionale.&nbsp;<\/li>\n\n\n\n<li><strong>EQPR<\/strong> (<a href=\"https:\/\/www.coe.int\/en\/web\/education\/recognition-of-refugees-qualifications\" target=\"_blank\" rel=\"noreferrer noopener\">European Qualification Passport for Refugees<\/a>), una procedura di valutazione sviluppata dal Consiglio d\u2019Europa (CoE) per i casi in cui la documentazione sia incompleta o assente.&nbsp;<\/li>\n\n\n\n<li>Per decidere quale procedura sia pi\u00f9 adatta al tuo caso, ti suggeriamo di contattare l\u2019universit\u00e0 dove vorresti iscriverti.&nbsp;<\/li>\n<\/ul>\n\n\n\n<p>Per maggiori informazioni puoi anche contattare <a href=\"http:\/\/www.cimea.it\/it\/index.aspx\" target=\"_blank\" rel=\"noreferrer noopener\">CIMEA<\/a>, che \u00e8 l\u2019ente ufficialmente incaricato dei servizi di informazione e consulenza sulle procedure relative al riconoscimento dei titoli di studio in Italia.&nbsp;<\/p>\n\n\n\n<h2 class=\"wp-block-heading\">Come finanziare i tuoi studi&nbsp;<\/h2>\n\n\n\n<p>\u201cCome posso mantenermi mentre frequento l\u2019universit\u00e0?\u201d&nbsp;&nbsp;<\/p>\n\n\n\n<p>Per aiutare i rifugiati e le persone con la protezione sussidiaria, la maggior parte delle universit\u00e0 italiane hanno dei programmi che potrebbero evitare che tu debba pagare le tasse di iscrizione. Per maggiori informazioni, contatta l\u2019universit\u00e0 dove vorresti iscriverti.&nbsp;<\/p>\n\n\n\n<p>Inoltre, in Italia ci sono due <strong>programmi di borse di studio<\/strong> accessibili a rifugiati e persone con protezione sussidiaria:&nbsp;<\/p>\n\n\n\n<h3 class=\"wp-block-heading\"><strong>Borse di studio CRUI\u00a0<\/strong><\/h3>\n\n\n\n<p>Dal 2016, ogni anno il Ministero dell\u2019interno e la Conferenza dei Rettori delle universit\u00e0 italiane (<a href=\"https:\/\/www.crui.it\/\" target=\"_blank\" rel=\"noreferrer noopener\">CRUI<\/a>) hanno messo a disposizione 100 borse di studio per i rifugiati e le persone con protezione sussidiaria.&nbsp;<\/p>\n\n\n\n<p>Quando: il bando viene solitamente pubblicato all\u2019inizio del mese di luglio&nbsp;<\/p>\n\n\n\n<p>Come: puoi trovare il bando per chiedere la borsa di studio CRUI sul <a href=\"https:\/\/borsespi.laziodisco.it\/\" target=\"_blank\" rel=\"noreferrer noopener\">sito internet dedicato<\/a>, oppure sul sito della <a href=\"https:\/\/www.crui.it\/archivio-notizie\/contenuto\/42-crui-news.html\" target=\"_blank\" rel=\"noreferrer noopener\">CRUI<\/a>, o della <a href=\"https:\/\/www.fondazionecrui.it\/fondazione-crui\/\" target=\"_blank\" rel=\"noreferrer noopener\">Fondazione CRUI<\/a>.&nbsp;<\/p>\n\n\n\n<h3 class=\"wp-block-heading\"><strong>Borse di studio statali<\/strong>&nbsp;<\/h3>\n\n\n\n<p>Il Ministero dell\u2019universit\u00e0 e della ricerca finanzia ogni anno delle borse di studio per il diritto allo studio universitario (DSU), attraverso un fondo specifico chiamato \u201cFondo integrativo statale per la concessione delle borse di studio\u201d.&nbsp;<\/p>\n\n\n\n<p>Queste borse di studio sono accessibili a tutti gli studenti (cittadini italiani e stranieri), sulla base della necessit\u00e0 economica e del merito. Per i rifugiati e le persone con protezione sussidiaria ci sono alcune semplificazioni sulla certificazione del reddito necessaria per dimostrare la situazione di necessit\u00e0 economica.&nbsp;<\/p>\n\n\n\n<p>Le borse di studio sono gestite dalle Regioni, con modalit\u00e0 che possono cambiare da regione a regione.&nbsp;<\/p>\n\n\n\n<p>Quando: i bandi vengono solitamente pubblicati all\u2019inizio di giugno e, a seconda della regione, restano aperti per tutta l\u2019estate.&nbsp;<\/p>\n\n\n\n<p>Come: per trovare i bandi nella tua regione o per la tua universit\u00e0, visita il <a href=\"http:\/\/www.dsu.miur.gov.it\/\" data-type=\"link\" data-id=\"http:\/\/www.dsu.miur.gov.it\/\">sito web del DSU<\/a>.<\/p>\n\n\n\n<h2 class=\"wp-block-heading\">Altri servizi e informazioni&nbsp;&nbsp;<\/h2>\n\n\n\n<p>Alcune universit\u00e0 offrono servizi di orientamento e supporto per rifugiati. Contatta l\u2019associazione studentesca della tua universit\u00e0 per avere maggiori informazioni.&nbsp;<\/p>\n\n\n\n<p><a id=\"_msocom_1\"><\/a><\/p>\n","protected":false},"excerpt":{"rendered":"<p>I rifugiati in Italia hanno gli stessi diritti relativi all\u2019istruzione che hanno gli italiani.&nbsp; Istruzione per bambini e adolescenti&nbsp; La legge italiana prevede che tutte le persone presenti in Italia, qualunque sia il loro status, hanno diritto all\u2019istruzione e l\u2019obbligo di andare a scuola fino a 16 anni. Questo significa che tutti\/e i\/le bambini\/e che [&hellip;]<\/p>\n","protected":false},"author":263,"featured_media":0,"parent":1675,"menu_order":30,"comment_status":"closed","ping_status":"closed","template":"","meta":{"_acf_changed":false,"footnotes":""},"class_list":["post-1707","page","type-page","status-publish","hentry"],"acf":[],"_links":{"self":[{"href":"https:\/\/help.unhcr.org\/italy\/it\/wp-json\/wp\/v2\/pages\/1707","targetHints":{"allow":["GET"]}}],"collection":[{"href":"https:\/\/help.unhcr.org\/italy\/it\/wp-json\/wp\/v2\/pages"}],"about":[{"href":"https:\/\/help.unhcr.org\/italy\/it\/wp-json\/wp\/v2\/types\/page"}],"author":[{"embeddable":true,"href":"https:\/\/help.unhcr.org\/italy\/it\/wp-json\/wp\/v2\/users\/263"}],"replies":[{"embeddable":true,"href":"https:\/\/help.unhcr.org\/italy\/it\/wp-json\/wp\/v2\/comments?post=1707"}],"version-history":[{"count":3,"href":"https:\/\/help.unhcr.org\/italy\/it\/wp-json\/wp\/v2\/pages\/1707\/revisions"}],"predecessor-version":[{"id":1780,"href":"https:\/\/help.unhcr.org\/italy\/it\/wp-json\/wp\/v2\/pages\/1707\/revisions\/1780"}],"up":[{"embeddable":true,"href":"https:\/\/help.unhcr.org\/italy\/it\/wp-json\/wp\/v2\/pages\/1675"}],"wp:attachment":[{"href":"https:\/\/help.unhcr.org\/italy\/it\/wp-json\/wp\/v2\/media?parent=1707"}],"curies":[{"name":"wp","href":"https:\/\/api.w.org\/{rel}","templated":true}]}}