{"id":1621,"date":"2024-05-23T14:03:46","date_gmt":"2024-05-23T14:03:46","guid":{"rendered":"https:\/\/help.unhcr.org\/italy\/?page_id=1621"},"modified":"2025-07-14T07:53:12","modified_gmt":"2025-07-14T07:53:12","slug":"benvenuti-e","status":"publish","type":"page","link":"https:\/\/help.unhcr.org\/italy\/it\/","title":{"rendered":"Benvenuti\/e"},"content":{"rendered":"\n<p><\/p>\n\n\n\n<p class=\"has-text-align-center has-background\" style=\"background-color:#fae800\">?\u202fLa version fran\u00e7aise sera bient\u00f4t disponible, merci de votre patience.?<br>?\u202fLa versi\u00f3n en espa\u00f1ol estar\u00e1 disponible pronto, gracias por su paciencia.\u202f?<br>?\u202f\u0627\u0644\u0646\u0633\u062e\u0629 \u0627\u0644\u0639\u0631\u0628\u064a\u0629 \u0642\u0627\u062f\u0645\u0629 \u0642\u0631\u064a\u0628\u0627 \u0623\u0634\u0643\u0631\u0643\u0645 \u0639\u0644\u0649 \u0635\u0628\u0631\u0643\u0645\u202f?<\/p>\n\n\n\n<p class=\"has-background\" style=\"background-color:#fae800\"><strong>Sei un rifugiato dall&#8217;Ucraina?<\/strong> Per informazioni sulle procedure e su come trovare aiuto in Italia, visita <a href=\"https:\/\/help.unhcr.org\/italy\/uk\/\">questa pagina<\/a>. Per informazioni sulle misure di supporto e sull&#8217;accesso ai servizi disponibili, visita <a href=\"https:\/\/www.jumamap.it\/uk\/%D0%BD%D0%B0%D0%B4%D0%B2-%D1%83%D0%BA%D1%80%D0%B0%D1%97%D0%BD%D0%B8\/\">Juma Map &#8211; Emergenza Ucraina<\/a>.<\/p>\n\n\n\n<div class=\"wp-block-buttons is-layout-flex wp-block-buttons-is-layout-flex\">\n<div class=\"wp-block-button\"><a class=\"wp-block-button__link has-white-color has-text-color has-background has-link-color wp-element-button\" href=\"https:\/\/help.unhcr.org\/italy\/it\/asilo-in-italia\/hai-appena-raggiunto-litalia\/\" style=\"background-color:#0072bc\">Sei appena arrivato in Italia?<\/a><\/div>\n<\/div>\n\n\n\n<p>Benvenuto\/a nel sito \u2018Help\u2019 di UNHCR, l\u2019Agenzia delle Nazioni Unite per i Rifugiati. Qui, persone rifugiate, richiedenti asilo e apolidi possono trovare informazioni che possono aiutarle a conoscere meglio i loro diritti, doveri e i servizi disponibili. Naviga in questo sito e trova ci\u00f2 che hai bisogno di sapere per la tua permanenza in Italia.<\/p>\n\n\n\n<p>In questo sito troverai informazioni su:<\/p>\n\n\n\n<p>\u27a1\ufe0f <a href=\"https:\/\/help.unhcr.org\/italy\/it\/asilo-in-italia\/\">Come fare domanda per il diritto d\u2019asilo&nbsp;<\/a><br>\u27a1\ufe0f<a href=\"https:\/\/help.unhcr.org\/italy\/it\/ricongiungimento-familiare\/\">Come riunirsi con la propria famiglia&nbsp;<\/a><br>\u27a1\ufe0f<a href=\"https:\/\/help.unhcr.org\/italy\/it\/servizi\/\">Servizi utili in Italia&nbsp;<\/a><br>\u27a1\ufe0f<a href=\"https:\/\/help.unhcr.org\/italy\/it\/servizi\/lavoro\/\">Lavorare in Italia&nbsp;<\/a><br>\u27a1\ufe0f<a href=\"https:\/\/help.unhcr.org\/italy\/it\/servizi\/alloggio\/\">Supporto per l\u2019alloggio&nbsp;<\/a><br>\u27a1\ufe0f<a href=\"https:\/\/help.unhcr.org\/italy\/it\/servizi\/istruzione\/\">Formazione&nbsp;\u202f<\/a><br>\u27a1\ufe0f<a href=\"https:\/\/help.unhcr.org\/italy\/it\/resettlement-e-altre-forme-di-trasferimento-legale-e-sicuro-verso-litalia\/\">Resettlement<\/a><br>\u27a1\ufe0f<a href=\"https:\/\/help.unhcr.org\/italy\/it\/faq-domande-frequenti\/\">Domande Frequenti&nbsp;<\/a><br>\u27a1\ufe0f<a href=\"https:\/\/help.unhcr.org\/italy\/it\/apolidia\/\">Apolidia<\/a><\/p>\n\n\n\n<p>Considera che le informazioni presenti su questo sito sono rilevanti solo per le persone che sono attualmente in Italia. <\/p>\n\n\n\n<p>Se stai cercando informazioni o supporto per parenti o amici che, al momento, <strong>non<\/strong> si trovano in Italia ma in un altro Paese contatta l&#8217;ufficio UNHCR pi\u00f9 vicino a te:<\/p>\n\n\n\n<div class=\"wp-block-buttons has-white-background-color has-background is-layout-flex wp-block-buttons-is-layout-flex\">\n<div class=\"wp-block-button has-custom-width wp-block-button__width-100 is-style-fill\"><a class=\"wp-block-button__link has-white-color has-text-color has-background has-link-color wp-element-button\" href=\"https:\/\/help.unhcr.org\/\" style=\"background-color:#0072bc\">Seleziona il Paese di tuo interesse per scoprire come contattarci &gt;<\/a><\/div>\n<\/div>\n\n\n\n<p>Questo sito e\u2019 periodicamente aggiornato e sara\u2019 presto disponibile in altre lingue.<\/p>\n\n\n\n<p>Ultimo aggiornamento: Marzo 2025<\/p>\n\n\n\n<p><\/p>\n\n\n\n<p><br><\/p>\n","protected":false},"excerpt":{"rendered":"<p>?\u202fLa version fran\u00e7aise sera bient\u00f4t disponible, merci de votre patience.??\u202fLa versi\u00f3n en espa\u00f1ol estar\u00e1 disponible pronto, gracias por su paciencia.\u202f??\u202f\u0627\u0644\u0646\u0633\u062e\u0629 \u0627\u0644\u0639\u0631\u0628\u064a\u0629 \u0642\u0627\u062f\u0645\u0629 \u0642\u0631\u064a\u0628\u0627 \u0623\u0634\u0643\u0631\u0643\u0645 \u0639\u0644\u0649 \u0635\u0628\u0631\u0643\u0645\u202f? Sei un rifugiato dall&#8217;Ucraina? Per informazioni sulle procedure e su come trovare aiuto in Italia, visita questa pagina. Per informazioni sulle misure di supporto e sull&#8217;accesso ai servizi disponibili, [&hellip;]<\/p>\n","protected":false},"author":263,"featured_media":0,"parent":0,"menu_order":0,"comment_status":"closed","ping_status":"closed","template":"","meta":{"_acf_changed":false,"footnotes":""},"class_list":["post-1621","page","type-page","status-publish","hentry"],"acf":[],"_links":{"self":[{"href":"https:\/\/help.unhcr.org\/italy\/it\/wp-json\/wp\/v2\/pages\/1621","targetHints":{"allow":["GET"]}}],"collection":[{"href":"https:\/\/help.unhcr.org\/italy\/it\/wp-json\/wp\/v2\/pages"}],"about":[{"href":"https:\/\/help.unhcr.org\/italy\/it\/wp-json\/wp\/v2\/types\/page"}],"author":[{"embeddable":true,"href":"https:\/\/help.unhcr.org\/italy\/it\/wp-json\/wp\/v2\/users\/263"}],"replies":[{"embeddable":true,"href":"https:\/\/help.unhcr.org\/italy\/it\/wp-json\/wp\/v2\/comments?post=1621"}],"version-history":[{"count":14,"href":"https:\/\/help.unhcr.org\/italy\/it\/wp-json\/wp\/v2\/pages\/1621\/revisions"}],"predecessor-version":[{"id":2299,"href":"https:\/\/help.unhcr.org\/italy\/it\/wp-json\/wp\/v2\/pages\/1621\/revisions\/2299"}],"wp:attachment":[{"href":"https:\/\/help.unhcr.org\/italy\/it\/wp-json\/wp\/v2\/media?parent=1621"}],"curies":[{"name":"wp","href":"https:\/\/api.w.org\/{rel}","templated":true}]}}