{"id":1317,"date":"2021-12-23T10:59:16","date_gmt":"2021-12-23T10:59:16","guid":{"rendered":"https:\/\/help.unhcr.org\/italy\/welcome\/"},"modified":"2025-07-14T07:52:46","modified_gmt":"2025-07-14T07:52:46","slug":"welcome","status":"publish","type":"page","link":"https:\/\/help.unhcr.org\/italy\/ar\/","title":{"rendered":"\u0645\u0631\u062d\u0628\u0627\u064b"},"content":{"rendered":"\n<p class=\"has-text-align-center has-background\" style=\"background-color:#fae800\">? <strong>La&nbsp;Versione&nbsp;in&nbsp;italiano&nbsp;sara\u2019 presto&nbsp;disponibile,&nbsp;grazie&nbsp;della&nbsp;pazienza. <\/strong>?<strong><br><\/strong>? <strong>La version fran\u00e7aise sera bient\u00f4t disponible, merci de votre patience.<\/strong>?<strong><br><\/strong>? <strong>La versi\u00f3n en espa\u00f1ol estar\u00e1 disponible pronto, gracias por su paciencia. <\/strong>?<\/p>\n\n\n\n<p class=\"has-text-align-left has-background has-medium-font-size\" style=\"background-color:#ffe800\"><strong>\u0647\u0644 \u0623\u0646\u062a \u0644\u0627\u062c\u0626 \u0645\u0646 \u0623\u0648\u0643\u0631\u0627\u0646\u064a\u0627\u061f<\/strong> \u0644\u0644\u062d\u0635\u0648\u0644 \u0639\u0644\u0649 \u0645\u0639\u0644\u0648\u0645\u0627\u062a \u062d\u0648\u0644 \u0627\u0644\u0625\u062c\u0631\u0627\u0621\u0627\u062a \u0648\u0643\u064a\u0641\u064a\u0629 \u0627\u0644\u0639\u062b\u0648\u0631 \u0639\u0644\u0649 \u0627\u0644\u0645\u0633\u0627\u0639\u062f\u0629 \u0641\u064a \u0625\u064a\u0637\u0627\u0644\u064a\u0627 \u060c \u064a\u0631\u062c\u0649 \u0632\u064a\u0627\u0631\u0629 <a href=\"https:\/\/help.unhcr.org\/italy\/uk\/\" data-type=\"URL\" data-id=\"https:\/\/help.unhcr.org\/italy\/uk\/\">\u0647\u0630\u0647 \u0627\u0644\u0635\u0641\u062d\u0629<\/a>. \u0644\u0644\u062d\u0635\u0648\u0644 \u0639\u0644\u0649 \u0645\u0639\u0644\u0648\u0645\u0627\u062a \u062d\u0648\u0644 \u062a\u062f\u0627\u0628\u064a\u0631 \u0627\u0644\u062f\u0639\u0645 \u0648\u0627\u0644\u0648\u0635\u0648\u0644 \u0625\u0644\u0649 \u0627\u0644\u062e\u062f\u0645\u0627\u062a \u0627\u0644\u0645\u062a\u0627\u062d\u0629 \u064a\u0631\u062c\u0649 &nbsp;\u0627\u0644\u062f\u062e\u0648\u0644 \u0627\u0644\u0649 \u0635\u0641\u062d\u0629<a href=\"https:\/\/www.jumamap.it\/uk\/%d0%bd%d0%b0%d0%b4%d0%b2-%d1%83%d0%ba%d1%80%d0%b0%d1%97%d0%bd%d0%b8\/\" data-type=\"URL\" data-id=\"https:\/\/www.jumamap.it\/uk\/%d0%bd%d0%b0%d0%b4%d0%b2-%d1%83%d0%ba%d1%80%d0%b0%d1%97%d0%bd%d0%b8\/\"> Juma Map \u2013 Ukraine Emergency<\/a>.<\/p>\n\n\n\n<div class=\"wp-block-buttons is-layout-flex wp-block-buttons-is-layout-flex\">\n<div class=\"wp-block-button\"><a class=\"wp-block-button__link has-white-color has-text-color has-background wp-element-button\" href=\"https:\/\/help.unhcr.org\/italy\/ar\/asylum-italy\/arrival\/\" style=\"background-color:#0072bc\">\u0647\u0644 \u0648\u0635\u0644\u062a \u0625\u0644\u0649 \u0625\u064a\u0637\u0627\u0644\u064a\u0627 \u0644\u0644\u062a\u0648\u061f <\/a><\/div>\n<\/div>\n\n\n\n<p><\/p>\n\n\n\n<p>\u0645\u0631\u062d\u0628\u064b\u0627 \u0628\u0643\u0645 \u0641\u064a \u0645\u0648\u0642\u0639 &#8220;\u0627\u0644\u0645\u0633\u0627\u0639\u062f\u0629&#8221; \u0627\u0644\u0630\u064a \u062a\u062f\u064a\u0631\u0647 \u0627\u0644\u0645\u0641\u0648\u0636\u064a\u0629 \u0627\u0644\u0633\u0627\u0645\u064a\u0629 \u0644\u0644\u0623\u0645\u0645 \u0627\u0644\u0645\u062a\u062d\u062f\u0629 \u0644\u0634\u0624\u0648\u0646 \u0627\u0644\u0644\u0627\u062c\u0626\u064a\u0646. \u0641\u064a \u0647\u0630\u0647 \u0627\u0644\u0635\u0641\u062d\u0629 &nbsp;\u064a\u0645\u0643\u0646 \u0644\u0644\u0627\u062c\u0626\u064a\u0646 \u0648\u0637\u0627\u0644\u0628\u064a \u0627\u0644\u0644\u062c\u0648\u0621 \u0648\u0639\u062f\u064a\u0645\u064a \u0627\u0644\u062c\u0646\u0633\u064a\u0629 \u0627\u0644\u0639\u062b\u0648\u0631 \u0639\u0644\u0649 \u0645\u0639\u0644\u0648\u0645\u0627\u062a \u0644\u0645\u0633\u0627\u0639\u062f\u062a\u0647\u0645 \u0639\u0644\u0649 \u0645\u0639\u0631\u0641\u0629 \u0627\u0644\u0645\u0632\u064a\u062f \u0639\u0646 \u062d\u0642\u0648\u0642\u0647\u0645 \u0648\u0627\u0644\u062a\u0632\u0627\u0645\u0627\u062a\u0647\u0645 \u0648\u0627\u0644\u062e\u062f\u0645\u0627\u062a \u0627\u0644\u0645\u062a\u0627\u062d\u0629 \u0644\u0647\u0645. \u0623\u0644\u0642\u0650 \u0646\u0638\u0631\u0629 \u062d\u0648\u0644\u0643 \u0648\u0627\u0643\u062a\u0634\u0641 \u0645\u0627 \u062a\u062d\u062a\u0627\u062c \u0644\u0645\u0639\u0631\u0641\u062a\u0647 \u062d\u0648\u0644 \u0625\u0642\u0627\u0645\u062a\u0643 \u0641\u064a \u0625\u064a\u0637\u0627\u0644\u064a\u0627!<\/p>\n\n\n\n<p>\u0633\u062a\u062c\u062f \u0641\u064a \u0647\u0630\u0627 \u0627\u0644\u0645\u0648\u0642\u0639 \u0645\u0639\u0644\u0648\u0645\u0627\u062a \u0639\u0646:<\/p>\n\n\n\n<p>\u2b05\ufe0f <a href=\"https:\/\/help.unhcr.org\/italy\/ar\/asylum-italy\/\">\u0643\u064a\u0641\u064a\u0629 \u0627\u0644\u062a\u0642\u062f\u0645 \u0628\u0637\u0644\u0628 \u0627\u0644\u0644\u062c\u0648\u0621<\/a><br>\u2b05\ufe0f <a href=\"https:\/\/help.unhcr.org\/italy\/ar\/family\/\">\u0643\u064a\u0641\u064a\u0629 \u062c\u0645\u0639 \u0634\u0645\u0644 \u0627\u0644\u0639\u0627\u0626\u0644\u0629<\/a><br>\u2b05\ufe0f <a href=\"https:\/\/help.unhcr.org\/italy\/ar\/services\/\">\u062e\u062f\u0645\u0627\u062a \u0645\u0641\u064a\u062f\u0629 \u0641\u064a \u0625\u064a\u0637\u0627\u0644\u064a\u0627<\/a><br>\u2b05\ufe0f <a href=\"https:\/\/help.unhcr.org\/italy\/ar\/services\/work\/\">\u0627\u0644\u0639\u0645\u0644 \u0641\u064a \u0627\u064a\u0637\u0627\u0644\u064a\u0627<\/a><br>\u2b05\ufe0f <a href=\"https:\/\/help.unhcr.org\/italy\/ar\/services\/housing\/\">\u062f\u0639\u0645 \u0627\u0644\u0625\u0633\u0643\u0627\u0646<\/a><br>\u2b05\ufe0f <a href=\"https:\/\/help.unhcr.org\/italy\/ar\/services\/education\/\">\u0627\u0644\u062a\u0639\u0644\u064a\u0645<\/a><br>\u2b05\ufe0f <a href=\"https:\/\/help.unhcr.org\/italy\/ar\/resettlement\/\">\u0625\u0639\u0627\u062f\u0629 \u0627\u0644\u062a\u0648\u0637\u064a\u0646<\/a><br>\u2b05\ufe0f <a href=\"https:\/\/help.unhcr.org\/italy\/ar\/faq\/\">\u0627\u0644\u0623\u0633\u0626\u0644\u0629 \u0627\u0644\u0634\u0627\u0626\u0639\u0629<\/a><br>\u2b05\ufe0f <a href=\"https:\/\/help.unhcr.org\/italy\/ar\/statelessness\/\">\u0627\u0646\u0639\u062f\u0627\u0645 \u0627\u0644\u062c\u0646\u0633\u064a\u0629<\/a><\/p>\n\n\n\n<p>\u0625\u0630\u0627 \u0643\u0646\u062a \u062a\u0628\u062d\u062b \u0639\u0646 \u0645\u0639\u0644\u0648\u0645\u0627\u062a \u0623\u0648 \u062f\u0639\u0645 \u0644\u0623\u0642\u0627\u0631\u0628\u0643 \u0623\u0648 \u0623\u0635\u062f\u0642\u0627\u0626\u0643 \u0627\u0644\u0630\u064a\u0646 \u0644\u064a\u0633\u0648\u0627 \u0641\u064a \u0625\u064a\u0637\u0627\u0644\u064a\u0627 \u062d\u0627\u0644\u064a\u064b\u0627 \u0648\u0644\u0643\u0646 \u0641\u064a \u0628\u0644\u062f \u0622\u062e\u0631\u060c \u0641\u064a\u0631\u062c\u0649 \u0627\u0644\u0627\u062a\u0635\u0627\u0644 \u0628\u0645\u0643\u062a\u0628 \u0627\u0644\u0645\u0641\u0648\u0636\u064a\u0629 \u0627\u0644\u0633\u0627\u0645\u064a\u0629 \u0644\u0644\u0623\u0645\u0645 \u0627\u0644\u0645\u062a\u062d\u062f\u0629 \u0644\u0634\u0624\u0648\u0646 \u0627\u0644\u0644\u0627\u062c\u0626\u064a\u0646 \u0627\u0644\u0623\u0642\u0631\u0628 \u0625\u0644\u064a\u0643:<\/p>\n\n\n\n<div class=\"wp-block-buttons is-layout-flex wp-block-buttons-is-layout-flex\">\n<div class=\"wp-block-button has-custom-width wp-block-button__width-100\"><a class=\"wp-block-button__link has-white-color has-text-color has-background has-link-color wp-element-button\" href=\"https:\/\/help.unhcr.org\/\" style=\"background-color:#0072bc\">&lt; \u062d\u062f\u062f \u0627\u0644\u0628\u0644\u062f \u0627\u0644\u0630\u064a \u062a\u0647\u062a\u0645 \u0628\u0647 \u0644\u0645\u0639\u0631\u0641\u0629 \u0643\u064a\u0641\u064a\u0629&nbsp;\u0627\u0644\u0627\u062a\u0635\u0627\u0644&nbsp;\u0628\u0646\u0627<\/a><\/div>\n<\/div>\n\n\n\n<p>\u0633\u064a\u062a\u0645 \u062a\u062d\u062f\u064a\u062b \u0647\u0630\u0647 \u0627\u0644\u0635\u0641\u062d\u0629 \u0628\u0634\u0643\u0644 \u062f\u0648\u0631\u064a \u0648\u0633\u062a\u062a\u0648\u0641\u0631 \u0642\u0631\u064a\u0628\u064b\u0627 \u0628\u0644\u063a\u0627\u062a \u0623\u062e\u0631\u0649!<\/p>\n\n\n\n<p>\u0627\u0644\u062a\u062d\u062f\u064a\u062b \u0627\u0644\u0623\u062e\u064a\u0631: \u064a\u0648\u0646\u064a\u0648 2025<\/p>\n","protected":false},"excerpt":{"rendered":"<p>? La&nbsp;Versione&nbsp;in&nbsp;italiano&nbsp;sara\u2019 presto&nbsp;disponibile,&nbsp;grazie&nbsp;della&nbsp;pazienza. ?? La version fran\u00e7aise sera bient\u00f4t disponible, merci de votre patience.?? La versi\u00f3n en espa\u00f1ol estar\u00e1 disponible pronto, gracias por su paciencia. ? \u0647\u0644 \u0623\u0646\u062a \u0644\u0627\u062c\u0626 \u0645\u0646 \u0623\u0648\u0643\u0631\u0627\u0646\u064a\u0627\u061f \u0644\u0644\u062d\u0635\u0648\u0644 \u0639\u0644\u0649 \u0645\u0639\u0644\u0648\u0645\u0627\u062a \u062d\u0648\u0644 \u0627\u0644\u0625\u062c\u0631\u0627\u0621\u0627\u062a \u0648\u0643\u064a\u0641\u064a\u0629 \u0627\u0644\u0639\u062b\u0648\u0631 \u0639\u0644\u0649 \u0627\u0644\u0645\u0633\u0627\u0639\u062f\u0629 \u0641\u064a \u0625\u064a\u0637\u0627\u0644\u064a\u0627 \u060c \u064a\u0631\u062c\u0649 \u0632\u064a\u0627\u0631\u0629 \u0647\u0630\u0647 \u0627\u0644\u0635\u0641\u062d\u0629. \u0644\u0644\u062d\u0635\u0648\u0644 \u0639\u0644\u0649 \u0645\u0639\u0644\u0648\u0645\u0627\u062a \u062d\u0648\u0644 \u062a\u062f\u0627\u0628\u064a\u0631 \u0627\u0644\u062f\u0639\u0645 \u0648\u0627\u0644\u0648\u0635\u0648\u0644 \u0625\u0644\u0649 [&hellip;]<\/p>\n","protected":false},"author":1,"featured_media":0,"parent":0,"menu_order":0,"comment_status":"closed","ping_status":"closed","template":"","meta":{"_acf_changed":false,"footnotes":""},"class_list":["post-1317","page","type-page","status-publish","hentry"],"acf":[],"_links":{"self":[{"href":"https:\/\/help.unhcr.org\/italy\/ar\/wp-json\/wp\/v2\/pages\/1317","targetHints":{"allow":["GET"]}}],"collection":[{"href":"https:\/\/help.unhcr.org\/italy\/ar\/wp-json\/wp\/v2\/pages"}],"about":[{"href":"https:\/\/help.unhcr.org\/italy\/ar\/wp-json\/wp\/v2\/types\/page"}],"author":[{"embeddable":true,"href":"https:\/\/help.unhcr.org\/italy\/ar\/wp-json\/wp\/v2\/users\/1"}],"replies":[{"embeddable":true,"href":"https:\/\/help.unhcr.org\/italy\/ar\/wp-json\/wp\/v2\/comments?post=1317"}],"version-history":[{"count":13,"href":"https:\/\/help.unhcr.org\/italy\/ar\/wp-json\/wp\/v2\/pages\/1317\/revisions"}],"predecessor-version":[{"id":2298,"href":"https:\/\/help.unhcr.org\/italy\/ar\/wp-json\/wp\/v2\/pages\/1317\/revisions\/2298"}],"wp:attachment":[{"href":"https:\/\/help.unhcr.org\/italy\/ar\/wp-json\/wp\/v2\/media?parent=1317"}],"curies":[{"name":"wp","href":"https:\/\/api.w.org\/{rel}","templated":true}]}}