{"id":332,"date":"2022-12-15T11:40:13","date_gmt":"2022-12-15T11:40:13","guid":{"rendered":"https:\/\/help.unhcr.org\/iceland\/how-to-report-misconduct\/"},"modified":"2024-08-08T15:06:21","modified_gmt":"2024-08-08T15:06:21","slug":"how-to-report-misconduct","status":"publish","type":"page","link":"https:\/\/help.unhcr.org\/iceland\/es\/how-to-report-misconduct\/","title":{"rendered":"\u00bfC\u00f3mo reportar fraude y faltas profesionales?"},"content":{"rendered":"\n<p class=\"has-text-align-center has-black-color has-text-color has-background\" style=\"background-color:#fdf799\"><strong>Recuerde: Todos los servicios y actividades de la ACNUR son siempre gratuitos. <\/strong><br>En ning\u00fan momento se le pedir\u00e1 que pague por servicios provistos por la ACNUR ni sus colaboradores. Est\u00e9 alerta de conductas fraudulentas y no le crea a nadie que le diga que, si paga, recibir\u00e1 ayuda con el registro, reubicaci\u00f3n, etc.<\/p>\n","protected":false},"excerpt":{"rendered":"<p>Recuerde: Todos los servicios y actividades de la ACNUR son siempre gratuitos. En ning\u00fan momento se le pedir\u00e1 que pague por servicios provistos por la ACNUR ni sus colaboradores. Est\u00e9 alerta de conductas fraudulentas y no le crea a nadie que le diga que, si paga, recibir\u00e1 ayuda con el registro, reubicaci\u00f3n, etc.<\/p>\n","protected":false},"author":1,"featured_media":0,"parent":0,"menu_order":0,"comment_status":"closed","ping_status":"closed","template":"faq_page.php","meta":{"_acf_changed":false,"footnotes":""},"class_list":["post-332","page","type-page","status-publish","hentry"],"acf":[],"_links":{"self":[{"href":"https:\/\/help.unhcr.org\/iceland\/es\/wp-json\/wp\/v2\/pages\/332","targetHints":{"allow":["GET"]}}],"collection":[{"href":"https:\/\/help.unhcr.org\/iceland\/es\/wp-json\/wp\/v2\/pages"}],"about":[{"href":"https:\/\/help.unhcr.org\/iceland\/es\/wp-json\/wp\/v2\/types\/page"}],"author":[{"embeddable":true,"href":"https:\/\/help.unhcr.org\/iceland\/es\/wp-json\/wp\/v2\/users\/1"}],"replies":[{"embeddable":true,"href":"https:\/\/help.unhcr.org\/iceland\/es\/wp-json\/wp\/v2\/comments?post=332"}],"version-history":[{"count":3,"href":"https:\/\/help.unhcr.org\/iceland\/es\/wp-json\/wp\/v2\/pages\/332\/revisions"}],"predecessor-version":[{"id":438,"href":"https:\/\/help.unhcr.org\/iceland\/es\/wp-json\/wp\/v2\/pages\/332\/revisions\/438"}],"wp:attachment":[{"href":"https:\/\/help.unhcr.org\/iceland\/es\/wp-json\/wp\/v2\/media?parent=332"}],"curies":[{"name":"wp","href":"https:\/\/api.w.org\/{rel}","templated":true}]}}