{"id":329,"date":"2022-12-15T11:25:24","date_gmt":"2022-12-15T11:25:24","guid":{"rendered":"https:\/\/help.unhcr.org\/iceland\/about-unhcr-in-iceland\/"},"modified":"2024-09-05T14:32:20","modified_gmt":"2024-09-05T14:32:20","slug":"about-unhcr-in-iceland","status":"publish","type":"page","link":"https:\/\/help.unhcr.org\/iceland\/es\/about-unhcr-in-iceland\/","title":{"rendered":"Sobre la ACNUR en Islandia"},"content":{"rendered":"\n<p class=\"has-text-align-center has-background\" style=\"background-color:#fdf799\"><strong>Toda la informaci\u00f3n y los servicios brindados por la ACNUR y sus colaboradores son GRATUITOS para los beneficiarios de protecci\u00f3n temporal, solicitantes de asilo, refugiados, beneficiarios de protecci\u00f3n subsidiaria y persona ap\u00e1tridas.<\/strong><\/p>\n\n\n\n<p>La ACNUR, el organismo para refugiados de las Naciones Unidas, protege a personas que se han visto forzadas a huir de sus hogares por conflictos y persecuci\u00f3n. Salvamos vidas, protegemos derechos y ayudamos a construir mejores futuros.<\/p>\n\n\n\n<p>En Islandia, la ACNUR apoya a las autoridades nacionales a ejecutar sus labores en l\u00ednea con las normas europeas e internacionales. La ACNUR <strong>no <\/strong>forma parte del procedimiento de reunificaci\u00f3n familiar en Islandia. Dicho procedimiento es responsabilidad de la Junta Directiva de Inmigraci\u00f3n.<\/p>\n\n\n\n<p>La ACNUR en Islandia forma parte <a href=\"https:\/\/www.unhcr.org\/neu\/\" data-type=\"link\" data-id=\"https:\/\/www.unhcr.org\/neu\/\">de la Representaci\u00f3n de ACNUR en los Pa\u00edses N\u00f3rdicos y B\u00e1lticos<\/a>, con sede en Estocolmo (Suecia).<\/p>\n\n\n\n<h3 class=\"wp-block-heading\">Comun\u00edquese con nosotros<\/h3>\n\n\n\n<p>Si no encontr\u00f3 la informaci\u00f3n que buscaba en esta p\u00e1gina web de \u2018AYUDA\u2019, comun\u00edquese con nosotros:<\/p>\n\n\n\n<p><strong>\u00a0\u00a0 Tel\u00e9fono:<\/strong>\u00a0? <strong>+46 10 10 12 800<\/strong>\u00a0(de lunes a viernes, de 10:00 a 12:00 hora de Estocolmo)<br><strong>\u00a0\u00a0 Direcci\u00f3n electr\u00f3nica:<\/strong>\u00a0? <a href=\"mailto:swestprotection@unhcr.org\">swestprotection@unhcr.org<\/a><\/p>\n\n\n\n<p class=\"has-text-align-center has-black-color has-text-color has-background\" style=\"background-color:#cce3f2\"><strong>Si no habla ingl\u00e9s ni sueco<\/strong><\/p>\n\n\n\n<p>Aunque solo podemos llevar a cabo llamadas en ingl\u00e9s o sueco, puede enviarnos mensajes explicando la situaci\u00f3n por correo electr\u00f3nico en <strong>el idioma de su preferencia<\/strong>, y le responderemos. En la mayor\u00eda de los casos, nuestra respuesta ser\u00e1 en ingl\u00e9s, pero le invitamos a usar la herramienta Google Translate si tiene dificultades para entender, o a escribirnos un nuevo mensaje solicitando que lo clarifiquemos.<\/p>\n","protected":false},"excerpt":{"rendered":"<p>Toda la informaci\u00f3n y los servicios brindados por la ACNUR y sus colaboradores son GRATUITOS para los beneficiarios de protecci\u00f3n temporal, solicitantes de asilo, refugiados, beneficiarios de protecci\u00f3n subsidiaria y persona ap\u00e1tridas. La ACNUR, el organismo para refugiados de las Naciones Unidas, protege a personas que se han visto forzadas a huir de sus hogares [&hellip;]<\/p>\n","protected":false},"author":1,"featured_media":0,"parent":0,"menu_order":0,"comment_status":"closed","ping_status":"closed","template":"","meta":{"_acf_changed":false,"footnotes":""},"class_list":["post-329","page","type-page","status-publish","hentry"],"acf":[],"_links":{"self":[{"href":"https:\/\/help.unhcr.org\/iceland\/es\/wp-json\/wp\/v2\/pages\/329","targetHints":{"allow":["GET"]}}],"collection":[{"href":"https:\/\/help.unhcr.org\/iceland\/es\/wp-json\/wp\/v2\/pages"}],"about":[{"href":"https:\/\/help.unhcr.org\/iceland\/es\/wp-json\/wp\/v2\/types\/page"}],"author":[{"embeddable":true,"href":"https:\/\/help.unhcr.org\/iceland\/es\/wp-json\/wp\/v2\/users\/1"}],"replies":[{"embeddable":true,"href":"https:\/\/help.unhcr.org\/iceland\/es\/wp-json\/wp\/v2\/comments?post=329"}],"version-history":[{"count":5,"href":"https:\/\/help.unhcr.org\/iceland\/es\/wp-json\/wp\/v2\/pages\/329\/revisions"}],"predecessor-version":[{"id":629,"href":"https:\/\/help.unhcr.org\/iceland\/es\/wp-json\/wp\/v2\/pages\/329\/revisions\/629"}],"wp:attachment":[{"href":"https:\/\/help.unhcr.org\/iceland\/es\/wp-json\/wp\/v2\/media?parent=329"}],"curies":[{"name":"wp","href":"https:\/\/api.w.org\/{rel}","templated":true}]}}