{"id":323,"date":"2022-12-15T10:50:07","date_gmt":"2022-12-15T10:50:07","guid":{"rendered":"https:\/\/help.unhcr.org\/iceland\/where-to-find-help-in-iceland\/finding-a-missing-family-member-in-another-country-family-tracing\/"},"modified":"2024-09-04T11:25:17","modified_gmt":"2024-09-04T11:25:17","slug":"finding-a-missing-family-member-in-another-country-family-tracing","status":"publish","type":"page","link":"https:\/\/help.unhcr.org\/iceland\/es\/where-to-find-help-in-iceland\/finding-a-missing-family-member-in-another-country-family-tracing\/","title":{"rendered":"Encontrar a un familiar en otro pa\u00eds (b\u00fasqueda de familiares)"},"content":{"rendered":"\n<p>Si vive en Islandia, le aconsejamos ponerse en contacto con<strong> la Cruz Roja Islandia<\/strong>. Este organismo ofrece servicios de b\u00fasqueda de familiares. Su informaci\u00f3n de contacto se encuentra abajo:<\/p>\n\n\n\n<div class=\"wp-block-group has-background\" style=\"background-color:#abb7c230\"><div class=\"wp-block-group__inner-container is-layout-flow wp-block-group-is-layout-flow\">\n<h3 class=\"wp-block-heading\"><strong>Cruz Roja Islandia<\/strong><\/h3>\n\n\n\n<ul class=\"wp-block-list\">\n<li><strong>Tel\u00e9fono:<\/strong> ? +354 580 1710<\/li>\n\n\n\n<li><strong>Correo electr\u00f3nico:<\/strong> ? <a href=\"mailto:tracing@redcross.is\" target=\"_blank\" rel=\"noreferrer noopener\">tracing@redcross.is<\/a><\/li>\n<\/ul>\n<\/div><\/div>\n\n\n\n<p><font><strong><font>\u27a1\ufe0f<\/font><\/strong><\/font><a href=\"https:\/\/www.raudikrossinn.is\/english\/projects\/domestic-projects\/refugees-and-migrants\/tracing-services-and-family-reunification\/\" target=\"_blank\" rel=\"noreferrer noopener\">Lea m\u00e1s en su p\u00e1gina web sobre el trabajo que la Cruz Roja Islandia realiza con el Comit\u00e9 Internacional de la Cruz Roja en cuanto a b\u00fasqueda de familiares.<\/a><\/p>\n\n\n\n<p>Si no vive en Islandia, le recomendamos ver <a href=\"https:\/\/help.unhcr.org\/es\/\" target=\"_blank\" rel=\"noreferrer noopener\">la p\u00e1gina de AYUDA del pa\u00eds donde vive.<\/a> Note que la ACNUR <strong>no <\/strong>ofrece servicios de b\u00fasqueda de familiares.<\/p>\n","protected":false},"excerpt":{"rendered":"<p>Si vive en Islandia, le aconsejamos ponerse en contacto con la Cruz Roja Islandia. Este organismo ofrece servicios de b\u00fasqueda de familiares. Su informaci\u00f3n de contacto se encuentra abajo: Cruz Roja Islandia \u27a1\ufe0fLea m\u00e1s en su p\u00e1gina web sobre el trabajo que la Cruz Roja Islandia realiza con el Comit\u00e9 Internacional de la Cruz Roja [&hellip;]<\/p>\n","protected":false},"author":1,"featured_media":0,"parent":311,"menu_order":4,"comment_status":"closed","ping_status":"closed","template":"","meta":{"_acf_changed":false,"footnotes":""},"class_list":["post-323","page","type-page","status-publish","hentry"],"acf":[],"_links":{"self":[{"href":"https:\/\/help.unhcr.org\/iceland\/es\/wp-json\/wp\/v2\/pages\/323","targetHints":{"allow":["GET"]}}],"collection":[{"href":"https:\/\/help.unhcr.org\/iceland\/es\/wp-json\/wp\/v2\/pages"}],"about":[{"href":"https:\/\/help.unhcr.org\/iceland\/es\/wp-json\/wp\/v2\/types\/page"}],"author":[{"embeddable":true,"href":"https:\/\/help.unhcr.org\/iceland\/es\/wp-json\/wp\/v2\/users\/1"}],"replies":[{"embeddable":true,"href":"https:\/\/help.unhcr.org\/iceland\/es\/wp-json\/wp\/v2\/comments?post=323"}],"version-history":[{"count":3,"href":"https:\/\/help.unhcr.org\/iceland\/es\/wp-json\/wp\/v2\/pages\/323\/revisions"}],"predecessor-version":[{"id":535,"href":"https:\/\/help.unhcr.org\/iceland\/es\/wp-json\/wp\/v2\/pages\/323\/revisions\/535"}],"up":[{"embeddable":true,"href":"https:\/\/help.unhcr.org\/iceland\/es\/wp-json\/wp\/v2\/pages\/311"}],"wp:attachment":[{"href":"https:\/\/help.unhcr.org\/iceland\/es\/wp-json\/wp\/v2\/media?parent=323"}],"curies":[{"name":"wp","href":"https:\/\/api.w.org\/{rel}","templated":true}]}}