{"id":314,"date":"2022-12-15T10:53:10","date_gmt":"2022-12-15T10:53:10","guid":{"rendered":"https:\/\/help.unhcr.org\/iceland\/where-to-find-help-in-iceland\/counselling-services-for-the-asylum-procedure\/"},"modified":"2024-09-05T14:09:28","modified_gmt":"2024-09-05T14:09:28","slug":"counselling-services-for-the-asylum-procedure","status":"publish","type":"page","link":"https:\/\/help.unhcr.org\/iceland\/es\/where-to-find-help-in-iceland\/counselling-services-for-the-asylum-procedure\/","title":{"rendered":"Servicios de asesor\u00eda para el procedimiento de asilo"},"content":{"rendered":"\n<p>Si est\u00e1 en Islandia y necesita asesor\u00eda legal para su caso de asilo, para solicitar asesor\u00eda legal estatal, para apelar una decisi\u00f3n o tiene dudas sobre los procedimientos de asilo o reunificaci\u00f3n familiar en Islandia, comun\u00edquese con el Centro de Derechos Humanos de Islandia:<\/p>\n\n\n\n<div class=\"wp-block-group has-background\" style=\"background-color:#abb7c230\"><div class=\"wp-block-group__inner-container is-layout-flow wp-block-group-is-layout-flow\">\n<h3 class=\"wp-block-heading\">Centro de Derechos Humanos de Islandia (Icelandic Human Rights Centre)<\/h3>\n\n\n\n<ul class=\"wp-block-list\">\n<li>Tel\u00e9fono: ? 552-2720<\/li>\n\n\n\n<li>Correo electr\u00f3nico: <a>info@humanrights.is<\/a><\/li>\n\n\n\n<li>Sitio web: <a href=\"https:\/\/www.humanrights.is\/en\/activities\/the-icelandic-human-rights-centre-s-legal-counselling-for-immigrants\" target=\"_blank\" rel=\"noreferrer noopener\">Centro de Derechos Humanos de Islandia | humanrights.is<\/a><\/li>\n<\/ul>\n<\/div><\/div>\n\n\n\n<p>Le informamos que ACNUR no participa en los procedimientos de asilo en Islandia y no puede brindar asesor\u00eda legal a solicitantes de, por ejemplo, asilo o reunificaci\u00f3n familiar. ACNUR trabaja con experimentados organismos nacionales no gubernamentales, como el Centro de Derechos Humanos de Islandia, que cuentan con personal que brinda apoyo y asesor\u00eda.<\/p>\n","protected":false},"excerpt":{"rendered":"<p>Si est\u00e1 en Islandia y necesita asesor\u00eda legal para su caso de asilo, para solicitar asesor\u00eda legal estatal, para apelar una decisi\u00f3n o tiene dudas sobre los procedimientos de asilo o reunificaci\u00f3n familiar en Islandia, comun\u00edquese con el Centro de Derechos Humanos de Islandia: Centro de Derechos Humanos de Islandia (Icelandic Human Rights Centre) Le [&hellip;]<\/p>\n","protected":false},"author":1,"featured_media":0,"parent":311,"menu_order":1,"comment_status":"closed","ping_status":"closed","template":"","meta":{"_acf_changed":false,"footnotes":""},"class_list":["post-314","page","type-page","status-publish","hentry"],"acf":[],"_links":{"self":[{"href":"https:\/\/help.unhcr.org\/iceland\/es\/wp-json\/wp\/v2\/pages\/314","targetHints":{"allow":["GET"]}}],"collection":[{"href":"https:\/\/help.unhcr.org\/iceland\/es\/wp-json\/wp\/v2\/pages"}],"about":[{"href":"https:\/\/help.unhcr.org\/iceland\/es\/wp-json\/wp\/v2\/types\/page"}],"author":[{"embeddable":true,"href":"https:\/\/help.unhcr.org\/iceland\/es\/wp-json\/wp\/v2\/users\/1"}],"replies":[{"embeddable":true,"href":"https:\/\/help.unhcr.org\/iceland\/es\/wp-json\/wp\/v2\/comments?post=314"}],"version-history":[{"count":7,"href":"https:\/\/help.unhcr.org\/iceland\/es\/wp-json\/wp\/v2\/pages\/314\/revisions"}],"predecessor-version":[{"id":613,"href":"https:\/\/help.unhcr.org\/iceland\/es\/wp-json\/wp\/v2\/pages\/314\/revisions\/613"}],"up":[{"embeddable":true,"href":"https:\/\/help.unhcr.org\/iceland\/es\/wp-json\/wp\/v2\/pages\/311"}],"wp:attachment":[{"href":"https:\/\/help.unhcr.org\/iceland\/es\/wp-json\/wp\/v2\/media?parent=314"}],"curies":[{"name":"wp","href":"https:\/\/api.w.org\/{rel}","templated":true}]}}