{"id":311,"date":"2022-12-15T10:51:04","date_gmt":"2022-12-15T10:51:04","guid":{"rendered":"https:\/\/help.unhcr.org\/iceland\/where-to-find-help-in-iceland\/"},"modified":"2024-07-25T13:57:03","modified_gmt":"2024-07-25T13:57:03","slug":"where-to-find-help-in-iceland","status":"publish","type":"page","link":"https:\/\/help.unhcr.org\/iceland\/es\/where-to-find-help-in-iceland\/","title":{"rendered":"D\u00f3nde encontrar ayuda en Islandia"},"content":{"rendered":"\n<p class=\"has-text-align-center has-background\" style=\"background-color:#fdf799\"><strong>Toda la informaci\u00f3n y servicios brindados por la ACNUR y sus colaboradores SON GRATIS para los beneficiarios de protecci\u00f3n temporal, solicitantes de asilo, refugiados, beneficiarios de protecci\u00f3n subsidiaria y persona ap\u00e1tridas.<\/strong><\/p>\n\n\n\n<p>En esta p\u00e1gina encuentra informaci\u00f3n de contacto de organismos que pueden brindar ayuda con los procedimientos de asilo en Islandia. Tambi\u00e9n encuentra informaci\u00f3n de contacto de otros proveedores de servicios y n\u00fameros de emergencia en Islandia.<\/p>\n","protected":false},"excerpt":{"rendered":"<p>Toda la informaci\u00f3n y servicios brindados por la ACNUR y sus colaboradores SON GRATIS para los beneficiarios de protecci\u00f3n temporal, solicitantes de asilo, refugiados, beneficiarios de protecci\u00f3n subsidiaria y persona ap\u00e1tridas. En esta p\u00e1gina encuentra informaci\u00f3n de contacto de organismos que pueden brindar ayuda con los procedimientos de asilo en Islandia. Tambi\u00e9n encuentra informaci\u00f3n de [&hellip;]<\/p>\n","protected":false},"author":1,"featured_media":0,"parent":0,"menu_order":0,"comment_status":"closed","ping_status":"closed","template":"page-templates\/listing_page.php","meta":{"_acf_changed":false,"footnotes":""},"class_list":["post-311","page","type-page","status-publish","hentry"],"acf":[],"_links":{"self":[{"href":"https:\/\/help.unhcr.org\/iceland\/es\/wp-json\/wp\/v2\/pages\/311","targetHints":{"allow":["GET"]}}],"collection":[{"href":"https:\/\/help.unhcr.org\/iceland\/es\/wp-json\/wp\/v2\/pages"}],"about":[{"href":"https:\/\/help.unhcr.org\/iceland\/es\/wp-json\/wp\/v2\/types\/page"}],"author":[{"embeddable":true,"href":"https:\/\/help.unhcr.org\/iceland\/es\/wp-json\/wp\/v2\/users\/1"}],"replies":[{"embeddable":true,"href":"https:\/\/help.unhcr.org\/iceland\/es\/wp-json\/wp\/v2\/comments?post=311"}],"version-history":[{"count":2,"href":"https:\/\/help.unhcr.org\/iceland\/es\/wp-json\/wp\/v2\/pages\/311\/revisions"}],"predecessor-version":[{"id":400,"href":"https:\/\/help.unhcr.org\/iceland\/es\/wp-json\/wp\/v2\/pages\/311\/revisions\/400"}],"wp:attachment":[{"href":"https:\/\/help.unhcr.org\/iceland\/es\/wp-json\/wp\/v2\/media?parent=311"}],"curies":[{"name":"wp","href":"https:\/\/api.w.org\/{rel}","templated":true}]}}