{"id":308,"date":"2022-12-15T10:47:06","date_gmt":"2022-12-15T10:47:06","guid":{"rendered":"https:\/\/help.unhcr.org\/iceland\/applying-for-family-reunification\/"},"modified":"2024-07-25T13:57:06","modified_gmt":"2024-07-25T13:57:06","slug":"applying-for-family-reunification","status":"publish","type":"page","link":"https:\/\/help.unhcr.org\/iceland\/es\/applying-for-family-reunification\/","title":{"rendered":"Solicitar reunificaci\u00f3n familiar"},"content":{"rendered":"\n<p>Si ya se recibi\u00f3 el estatus de refugiado o de protecci\u00f3n subsidiaria en Islandia, y hubo una separaci\u00f3n familiar antes o durante el viaje realizado desde el pa\u00eds de origen, se puede solicitar reunificaci\u00f3n familiar para que sus familiares puedan vivir tambi\u00e9n en Islandia, con condiciones espec\u00edficas.<\/p>\n\n\n\n<p>En Islandia, la ACNUR apoya a las autoridades nacionales a ejecutar sus tareas en l\u00ednea con las normas internacionales y europeas. La ACNUR <strong>no <\/strong>participa en los procedimientos de reunificaci\u00f3n familiar en Islandia, los cuales son responsabilidad de la Junta Directiva de Inmigraci\u00f3n.<\/p>\n\n\n\n<div class=\"wp-block-buttons is-content-justification-center is-layout-flex wp-container-core-buttons-is-layout-16018d1d wp-block-buttons-is-layout-flex\">\n<div class=\"wp-block-button\"><a class=\"wp-block-button__link has-white-color has-text-color has-background wp-element-button\" href=\"https:\/\/island.is\/en\/category\/immigrating-to-iceland#international-protection\" style=\"background-color:#0072bc\" target=\"_blank\" rel=\"noreferrer noopener\"><strong>Haga clic aqu\u00ed para solicitar en l\u00ednea la reunificaci\u00f3n familiar<\/strong><\/a><\/div>\n<\/div>\n","protected":false},"excerpt":{"rendered":"<p>Si ya se recibi\u00f3 el estatus de refugiado o de protecci\u00f3n subsidiaria en Islandia, y hubo una separaci\u00f3n familiar antes o durante el viaje realizado desde el pa\u00eds de origen, se puede solicitar reunificaci\u00f3n familiar para que sus familiares puedan vivir tambi\u00e9n en Islandia, con condiciones espec\u00edficas. En Islandia, la ACNUR apoya a las autoridades [&hellip;]<\/p>\n","protected":false},"author":1,"featured_media":0,"parent":0,"menu_order":0,"comment_status":"closed","ping_status":"closed","template":"faq_page.php","meta":{"_acf_changed":false,"footnotes":""},"class_list":["post-308","page","type-page","status-publish","hentry"],"acf":[],"_links":{"self":[{"href":"https:\/\/help.unhcr.org\/iceland\/es\/wp-json\/wp\/v2\/pages\/308","targetHints":{"allow":["GET"]}}],"collection":[{"href":"https:\/\/help.unhcr.org\/iceland\/es\/wp-json\/wp\/v2\/pages"}],"about":[{"href":"https:\/\/help.unhcr.org\/iceland\/es\/wp-json\/wp\/v2\/types\/page"}],"author":[{"embeddable":true,"href":"https:\/\/help.unhcr.org\/iceland\/es\/wp-json\/wp\/v2\/users\/1"}],"replies":[{"embeddable":true,"href":"https:\/\/help.unhcr.org\/iceland\/es\/wp-json\/wp\/v2\/comments?post=308"}],"version-history":[{"count":2,"href":"https:\/\/help.unhcr.org\/iceland\/es\/wp-json\/wp\/v2\/pages\/308\/revisions"}],"predecessor-version":[{"id":426,"href":"https:\/\/help.unhcr.org\/iceland\/es\/wp-json\/wp\/v2\/pages\/308\/revisions\/426"}],"wp:attachment":[{"href":"https:\/\/help.unhcr.org\/iceland\/es\/wp-json\/wp\/v2\/media?parent=308"}],"curies":[{"name":"wp","href":"https:\/\/api.w.org\/{rel}","templated":true}]}}