{"id":305,"date":"2022-12-14T16:18:10","date_gmt":"2022-12-14T16:18:10","guid":{"rendered":"https:\/\/help.unhcr.org\/iceland\/how-can-i-apply-for-asylum-in-iceland\/what-are-my-rights-and-obligations-as-asylum-seeker\/"},"modified":"2024-09-04T11:23:15","modified_gmt":"2024-09-04T11:23:15","slug":"what-are-my-rights-and-obligations-as-asylum-seeker","status":"publish","type":"page","link":"https:\/\/help.unhcr.org\/iceland\/es\/how-can-i-apply-for-asylum-in-iceland\/what-are-my-rights-and-obligations-as-asylum-seeker\/","title":{"rendered":"\u00bfCu\u00e1les son los derechos y obligaciones de los solicitantes de asilo?"},"content":{"rendered":"\n<p class=\"has-background\" style=\"background-color:#abb7c230\"><a href=\"https:\/\/island.is\/flokkur\/innflytjendamal\" target=\"_blank\" rel=\"noreferrer noopener\"><strong>Puede leer sobre los derechos a trabajar, estudiar, de salud y otros en la p\u00e1gina del gobierno de Islandia (la informaci\u00f3n est\u00e1 disponible en island\u00e9s e ingl\u00e9s).<\/strong><\/a><\/p>\n","protected":false},"excerpt":{"rendered":"<p>Puede leer sobre los derechos a trabajar, estudiar, de salud y otros en la p\u00e1gina del gobierno de Islandia (la informaci\u00f3n est\u00e1 disponible en island\u00e9s e ingl\u00e9s).<\/p>\n","protected":false},"author":1,"featured_media":0,"parent":287,"menu_order":6,"comment_status":"closed","ping_status":"closed","template":"","meta":{"_acf_changed":false,"footnotes":""},"class_list":["post-305","page","type-page","status-publish","hentry"],"acf":[],"_links":{"self":[{"href":"https:\/\/help.unhcr.org\/iceland\/es\/wp-json\/wp\/v2\/pages\/305","targetHints":{"allow":["GET"]}}],"collection":[{"href":"https:\/\/help.unhcr.org\/iceland\/es\/wp-json\/wp\/v2\/pages"}],"about":[{"href":"https:\/\/help.unhcr.org\/iceland\/es\/wp-json\/wp\/v2\/types\/page"}],"author":[{"embeddable":true,"href":"https:\/\/help.unhcr.org\/iceland\/es\/wp-json\/wp\/v2\/users\/1"}],"replies":[{"embeddable":true,"href":"https:\/\/help.unhcr.org\/iceland\/es\/wp-json\/wp\/v2\/comments?post=305"}],"version-history":[{"count":3,"href":"https:\/\/help.unhcr.org\/iceland\/es\/wp-json\/wp\/v2\/pages\/305\/revisions"}],"predecessor-version":[{"id":526,"href":"https:\/\/help.unhcr.org\/iceland\/es\/wp-json\/wp\/v2\/pages\/305\/revisions\/526"}],"up":[{"embeddable":true,"href":"https:\/\/help.unhcr.org\/iceland\/es\/wp-json\/wp\/v2\/pages\/287"}],"wp:attachment":[{"href":"https:\/\/help.unhcr.org\/iceland\/es\/wp-json\/wp\/v2\/media?parent=305"}],"curies":[{"name":"wp","href":"https:\/\/api.w.org\/{rel}","templated":true}]}}