{"id":296,"date":"2022-12-12T16:13:46","date_gmt":"2022-12-12T16:13:46","guid":{"rendered":"https:\/\/help.unhcr.org\/iceland\/how-can-i-apply-for-asylum-in-iceland\/what-can-be-the-decision-in-my-case\/"},"modified":"2024-09-04T11:22:33","modified_gmt":"2024-09-04T11:22:33","slug":"what-can-be-the-decision-in-my-case","status":"publish","type":"page","link":"https:\/\/help.unhcr.org\/iceland\/es\/how-can-i-apply-for-asylum-in-iceland\/what-can-be-the-decision-in-my-case\/","title":{"rendered":"\u00bfCu\u00e1l puede ser la decisi\u00f3n en mi caso?"},"content":{"rendered":"\n<p>La decisi\u00f3n de su caso le ser\u00e1 comunicada por la Junta Directiva de Inmigraci\u00f3n en island\u00e9s.<\/p>\n\n\n\n<p>Hay cuatro resultados posibles del procedimiento para el asilo:<\/p>\n\n\n\n<ul class=\"wp-block-list\">\n<li><strong>Se reconoce como refugiado<\/strong> y se emite un permiso de residencia temporal con duraci\u00f3n inicial de 4 a\u00f1os, que se puede ampliar por periodos de 4 a\u00f1os<\/li>\n\n\n\n<li>Se <strong>otorga protecci\u00f3n subsidiaria<\/strong> y se emite un permiso de residencia temporal con duraci\u00f3n inicial de 4 a\u00f1os, que se puede ampliar por periodos de 4 a\u00f1os<\/li>\n\n\n\n<li>Se <strong>otorga un permiso de residencia por motivos humanitarios<\/strong> y se emite un permiso de residencia temporal con duraci\u00f3n inicial de 1 a\u00f1o, que se puede ampliar por periodos de 1 a\u00f1o<\/li>\n\n\n\n<li>Se <strong>rechaza <\/strong>la solicitud de protecci\u00f3n internacional<\/li>\n<\/ul>\n\n\n\n<p><font><strong><font>\u27a1\ufe0f<\/font><\/strong><\/font>Si <strong>la solicitud se acepta<\/strong> (estatus de refugiado de protecci\u00f3n subsidiaria), la Junta Directiva de Inmigraci\u00f3n otorga un documento que describe sus derechos y obligaciones. Los derechos y servicios normalmente son los mismos ya sea que se haya reconocido como refugiado, se haya otorgado protecci\u00f3n subsidiaria o un permiso de residencia por motivos humanitarios. La diferencia principal es la duraci\u00f3n del permiso de residencia emitido (4 a\u00f1os o 1).<\/p>\n\n\n\n<p><font><strong><font>\u27a1\ufe0f<\/font><\/strong><\/font>Si <strong>la solicitud es rechazada<\/strong>, la decisi\u00f3n completa le ser\u00e1 comunicada a usted o a su representante legal en island\u00e9s.<\/p>\n\n\n\n<div class=\"wp-block-buttons is-content-justification-center is-layout-flex wp-container-core-buttons-is-layout-16018d1d wp-block-buttons-is-layout-flex\">\n<div class=\"wp-block-button\"><a class=\"wp-block-button__link has-white-color has-text-color has-background wp-element-button\" href=\"https:\/\/help.unhcr.org\/iceland\/es\/how-can-i-apply-for-asylum-in-iceland\/es\/can-i-appeal-a-negative-decision\/\" style=\"background-color:#0072bc\"><strong>\u00bfSe puede apelar una decisi\u00f3n negativa?<\/strong><\/a><\/div>\n<\/div>\n","protected":false},"excerpt":{"rendered":"<p>La decisi\u00f3n de su caso le ser\u00e1 comunicada por la Junta Directiva de Inmigraci\u00f3n en island\u00e9s. Hay cuatro resultados posibles del procedimiento para el asilo: \u27a1\ufe0fSi la solicitud se acepta (estatus de refugiado de protecci\u00f3n subsidiaria), la Junta Directiva de Inmigraci\u00f3n otorga un documento que describe sus derechos y obligaciones. Los derechos y servicios normalmente [&hellip;]<\/p>\n","protected":false},"author":1,"featured_media":0,"parent":287,"menu_order":3,"comment_status":"closed","ping_status":"closed","template":"","meta":{"_acf_changed":false,"footnotes":""},"class_list":["post-296","page","type-page","status-publish","hentry"],"acf":[],"_links":{"self":[{"href":"https:\/\/help.unhcr.org\/iceland\/es\/wp-json\/wp\/v2\/pages\/296","targetHints":{"allow":["GET"]}}],"collection":[{"href":"https:\/\/help.unhcr.org\/iceland\/es\/wp-json\/wp\/v2\/pages"}],"about":[{"href":"https:\/\/help.unhcr.org\/iceland\/es\/wp-json\/wp\/v2\/types\/page"}],"author":[{"embeddable":true,"href":"https:\/\/help.unhcr.org\/iceland\/es\/wp-json\/wp\/v2\/users\/1"}],"replies":[{"embeddable":true,"href":"https:\/\/help.unhcr.org\/iceland\/es\/wp-json\/wp\/v2\/comments?post=296"}],"version-history":[{"count":4,"href":"https:\/\/help.unhcr.org\/iceland\/es\/wp-json\/wp\/v2\/pages\/296\/revisions"}],"predecessor-version":[{"id":523,"href":"https:\/\/help.unhcr.org\/iceland\/es\/wp-json\/wp\/v2\/pages\/296\/revisions\/523"}],"up":[{"embeddable":true,"href":"https:\/\/help.unhcr.org\/iceland\/es\/wp-json\/wp\/v2\/pages\/287"}],"wp:attachment":[{"href":"https:\/\/help.unhcr.org\/iceland\/es\/wp-json\/wp\/v2\/media?parent=296"}],"curies":[{"name":"wp","href":"https:\/\/api.w.org\/{rel}","templated":true}]}}