{"id":293,"date":"2022-12-12T15:01:52","date_gmt":"2022-12-12T15:01:52","guid":{"rendered":"https:\/\/help.unhcr.org\/iceland\/how-can-i-apply-for-asylum-in-iceland\/what-happens-after-i-apply-for-asylum\/"},"modified":"2024-09-04T11:22:19","modified_gmt":"2024-09-04T11:22:19","slug":"what-happens-after-i-apply-for-asylum","status":"publish","type":"page","link":"https:\/\/help.unhcr.org\/iceland\/es\/how-can-i-apply-for-asylum-in-iceland\/what-happens-after-i-apply-for-asylum\/","title":{"rendered":"\u00bfQu\u00e9 pasa despu\u00e9s de solicitar asilo?"},"content":{"rendered":"\n<h2 class=\"wp-block-heading\"><strong>Paso 1. Registro<\/strong><\/h2>\n\n\n\n<p>Tras haber enviado la solicitud de asilo, la Junta Directiva de Inmigraci\u00f3n lo registra y la Unidad de Asilos determina qu\u00e9 pa\u00eds es responsable de procesar la solicitud de asilo, de acuerdo con la regulaci\u00f3n de Dubl\u00edn. Una vez registrada, se recibe un certificado de solicitante de protecci\u00f3n internacional de la autoridad de registros. Es importante que mantenga estos documentos en un lugar seguro y que siempre lleve una copia con usted.<\/p>\n\n\n\n<p><font><strong><font>\u27a1\ufe0f<\/font><\/strong><\/font><a href=\"https:\/\/island.is\/althjodleg-vernd-rettur-og-ferill-umsokna\/hvernig-er-sott-um\" target=\"_blank\" rel=\"noreferrer noopener\">En Island.is encuentra datos de contacto de la Junta Directiva de Inmigraci\u00f3n.<\/a>.<\/p>\n\n\n\n<p>Si Islandia es responsable de tratar su solicitud de asilo, los funcionarios especializados de la Unidad de Asilos de la Junta Directiva de Inmigraci\u00f3n proceden a evaluarla e iniciar el procedimiento que, normalmente, toma hasta <strong>6 meses<\/strong>.<\/p>\n\n\n\n<p>Una vez registrada su solicitud, se obtiene el estatus de solicitante de asilo hasta que se haya tomado la decisi\u00f3n final. Como solicitante de asilo, se le coloca en una vivienda. En casos excepcionales, la corte autoriza su detenci\u00f3n.<\/p>\n\n\n\n<h2 class=\"wp-block-heading\"><strong>Paso 2. Entrevista<\/strong><\/h2>\n\n\n\n<p>En una entrevista individual se explican las razones para solicitar asilo en Islandia. La entrevista es un paso muy importante del procedimiento.<\/p>\n\n\n\n<p>Durante la entrevista, tiene la oportunidad de brindar tanta informaci\u00f3n como sea posible para sustentar su solicitud y presentar todos los documentos disponibles que apoyen su petici\u00f3n de asilo.<\/p>\n\n\n\n<p>Es importante dar un recuento completo de lo sucedido y lo que teme que pase si regresa a su pa\u00eds natal. Con toda seguridad puede indicar si tiene necesidades espec\u00edficas y solicitar un int\u00e9rprete.<\/p>\n\n\n\n<p>Las autoridades islandesas no comparten <strong>la informaci\u00f3n de su solicitud de asilo<\/strong> (documentos, registros de la entrevista para el asilo) con su pa\u00eds natal o cualquier otra persona.<\/p>\n\n\n\n<div class=\"wp-block-buttons is-content-justification-center is-layout-flex wp-container-core-buttons-is-layout-16018d1d wp-block-buttons-is-layout-flex\">\n<div class=\"wp-block-button\"><a class=\"wp-block-button__link has-white-color has-text-color has-background wp-element-button\" href=\"https:\/\/help.unhcr.org\/iceland\/es\/how-can-i-apply-for-asylum-in-iceland\/es\/what-can-be-the-decision-in-my-case\/\" style=\"background-color:#0072bc\"><strong>\u00bfCu\u00e1l puede ser la decisi\u00f3n en mi caso?<\/strong><\/a><\/div>\n<\/div>\n","protected":false},"excerpt":{"rendered":"<p>Paso 1. Registro Tras haber enviado la solicitud de asilo, la Junta Directiva de Inmigraci\u00f3n lo registra y la Unidad de Asilos determina qu\u00e9 pa\u00eds es responsable de procesar la solicitud de asilo, de acuerdo con la regulaci\u00f3n de Dubl\u00edn. Una vez registrada, se recibe un certificado de solicitante de protecci\u00f3n internacional de la autoridad [&hellip;]<\/p>\n","protected":false},"author":1,"featured_media":0,"parent":287,"menu_order":2,"comment_status":"closed","ping_status":"closed","template":"","meta":{"_acf_changed":false,"footnotes":""},"class_list":["post-293","page","type-page","status-publish","hentry"],"acf":[],"_links":{"self":[{"href":"https:\/\/help.unhcr.org\/iceland\/es\/wp-json\/wp\/v2\/pages\/293","targetHints":{"allow":["GET"]}}],"collection":[{"href":"https:\/\/help.unhcr.org\/iceland\/es\/wp-json\/wp\/v2\/pages"}],"about":[{"href":"https:\/\/help.unhcr.org\/iceland\/es\/wp-json\/wp\/v2\/types\/page"}],"author":[{"embeddable":true,"href":"https:\/\/help.unhcr.org\/iceland\/es\/wp-json\/wp\/v2\/users\/1"}],"replies":[{"embeddable":true,"href":"https:\/\/help.unhcr.org\/iceland\/es\/wp-json\/wp\/v2\/comments?post=293"}],"version-history":[{"count":4,"href":"https:\/\/help.unhcr.org\/iceland\/es\/wp-json\/wp\/v2\/pages\/293\/revisions"}],"predecessor-version":[{"id":522,"href":"https:\/\/help.unhcr.org\/iceland\/es\/wp-json\/wp\/v2\/pages\/293\/revisions\/522"}],"up":[{"embeddable":true,"href":"https:\/\/help.unhcr.org\/iceland\/es\/wp-json\/wp\/v2\/pages\/287"}],"wp:attachment":[{"href":"https:\/\/help.unhcr.org\/iceland\/es\/wp-json\/wp\/v2\/media?parent=293"}],"curies":[{"name":"wp","href":"https:\/\/api.w.org\/{rel}","templated":true}]}}