{"id":290,"date":"2022-12-12T14:56:34","date_gmt":"2022-12-12T14:56:34","guid":{"rendered":"https:\/\/help.unhcr.org\/iceland\/how-can-i-apply-for-asylum-in-iceland\/how-to-apply-for-asylum\/"},"modified":"2024-09-04T11:22:06","modified_gmt":"2024-09-04T11:22:06","slug":"how-to-apply-for-asylum","status":"publish","type":"page","link":"https:\/\/help.unhcr.org\/iceland\/es\/how-can-i-apply-for-asylum-in-iceland\/how-to-apply-for-asylum\/","title":{"rendered":"\u00bfC\u00f3mo solicitar asilo?"},"content":{"rendered":"\n<p>Se puede solicitar asilo en territorio island\u00e9s o en una entrada (aeropuerto, cruce fronterizo terrestre o puerto).<\/p>\n\n\n\n<p><font><strong><font>\u27a1\ufe0f<\/font><\/strong><\/font>Puede solicitar asilo a un guardia fronterizo en cualquier punto fronterizo de Islandia <strong>al entrar al pa\u00eds<\/strong>. Puede hacerlo si no tiene una visa v\u00e1lida, documentos de viaje o permiso de residencia island\u00e9s.<\/p>\n\n\n\n<p><font><strong><font>\u27a1\ufe0f<\/font><\/strong><\/font><strong>Si se encuentra en Reikiavik, puede solicitar asilo en el centro para solicitantes de protecci\u00f3n internacional<\/strong>, situado en Egilsgata 3 y abierto en las horas laborales del d\u00eda.<\/p>\n\n\n\n<p><font><strong><font>\u27a1\ufe0f<\/font><\/strong><\/font><strong>Si no se encuentra en Reikiavik, puede solicitar asilo en cualquier estaci\u00f3n de polic\u00eda.<\/strong> <a href=\"https:\/\/www.logreglan.is\/\" data-type=\"link\" data-id=\"https:\/\/www.logreglan.is\/\" target=\"_blank\" rel=\"noreferrer noopener\">Aqu\u00ed encuentra una lista de estaciones de polic\u00eda, con direcci\u00f3n y horarios laborales, donde entregar su solicitud en Islandia.<\/a><\/p>\n\n\n\n<p class=\"has-text-align-center\"><strong>No necesita hacer cita para solicitar asilo.<\/strong><\/p>\n\n\n\n<p><a href=\"https:\/\/island.is\/s\/utlendingastofnun\" data-type=\"link\" data-id=\"https:\/\/island.is\/s\/utlendingastofnun\" target=\"_blank\" rel=\"noreferrer noopener\">Tambi\u00e9n encuentra m\u00e1s informaci\u00f3n sobre la protecci\u00f3n internacional en Islandia en la p\u00e1gina web del gobierno island\u00e9s<\/a>, la cual ofrece informaci\u00f3n en island\u00e9s e ingl\u00e9s. Puede elegir alguno de estos idiomas en la parte superior de la p\u00e1gina.<\/p>\n\n\n\n<p>Todo lo concerniente al procedimiento de asilo se maneja por las autoridades islandesas de acuerdos con las normas y regulaciones nacionales, con funcionarios nacionales capacitados y competentes, especializados en cuestiones de asilo. La ACNUR <strong>no <\/strong>se involucra en el procesamiento de las solicitudes de asilo en Islandia.<\/p>\n\n\n\n<div class=\"wp-block-buttons is-content-justification-center is-layout-flex wp-container-core-buttons-is-layout-16018d1d wp-block-buttons-is-layout-flex\">\n<div class=\"wp-block-button\"><a class=\"wp-block-button__link has-white-color has-text-color has-background wp-element-button\" href=\"https:\/\/help.unhcr.org\/iceland\/es\/how-can-i-apply-for-asylum-in-iceland\/what-happens-after-i-apply-for-asylum\/\" style=\"background-color:#0072bc\"><strong>\u00bfQu\u00e9 pasa despu\u00e9s de solicitar asilo?<\/strong><\/a><\/div>\n<\/div>\n","protected":false},"excerpt":{"rendered":"<p>Se puede solicitar asilo en territorio island\u00e9s o en una entrada (aeropuerto, cruce fronterizo terrestre o puerto). \u27a1\ufe0fPuede solicitar asilo a un guardia fronterizo en cualquier punto fronterizo de Islandia al entrar al pa\u00eds. Puede hacerlo si no tiene una visa v\u00e1lida, documentos de viaje o permiso de residencia island\u00e9s. \u27a1\ufe0fSi se encuentra en Reikiavik, [&hellip;]<\/p>\n","protected":false},"author":1,"featured_media":0,"parent":287,"menu_order":1,"comment_status":"closed","ping_status":"closed","template":"","meta":{"_acf_changed":false,"footnotes":""},"class_list":["post-290","page","type-page","status-publish","hentry"],"acf":[],"_links":{"self":[{"href":"https:\/\/help.unhcr.org\/iceland\/es\/wp-json\/wp\/v2\/pages\/290","targetHints":{"allow":["GET"]}}],"collection":[{"href":"https:\/\/help.unhcr.org\/iceland\/es\/wp-json\/wp\/v2\/pages"}],"about":[{"href":"https:\/\/help.unhcr.org\/iceland\/es\/wp-json\/wp\/v2\/types\/page"}],"author":[{"embeddable":true,"href":"https:\/\/help.unhcr.org\/iceland\/es\/wp-json\/wp\/v2\/users\/1"}],"replies":[{"embeddable":true,"href":"https:\/\/help.unhcr.org\/iceland\/es\/wp-json\/wp\/v2\/comments?post=290"}],"version-history":[{"count":3,"href":"https:\/\/help.unhcr.org\/iceland\/es\/wp-json\/wp\/v2\/pages\/290\/revisions"}],"predecessor-version":[{"id":521,"href":"https:\/\/help.unhcr.org\/iceland\/es\/wp-json\/wp\/v2\/pages\/290\/revisions\/521"}],"up":[{"embeddable":true,"href":"https:\/\/help.unhcr.org\/iceland\/es\/wp-json\/wp\/v2\/pages\/287"}],"wp:attachment":[{"href":"https:\/\/help.unhcr.org\/iceland\/es\/wp-json\/wp\/v2\/media?parent=290"}],"curies":[{"name":"wp","href":"https:\/\/api.w.org\/{rel}","templated":true}]}}