{"id":287,"date":"2022-12-12T14:30:32","date_gmt":"2022-12-12T14:30:32","guid":{"rendered":"https:\/\/help.unhcr.org\/iceland\/how-can-i-apply-for-asylum-in-iceland\/"},"modified":"2024-07-25T13:57:00","modified_gmt":"2024-07-25T13:57:00","slug":"how-can-i-apply-for-asylum-in-iceland","status":"publish","type":"page","link":"https:\/\/help.unhcr.org\/iceland\/es\/how-can-i-apply-for-asylum-in-iceland\/","title":{"rendered":"C\u00f3mo solicitar asilo en Islandia"},"content":{"rendered":"\n<p class=\"has-text-align-center has-background\" style=\"background-color:#fdf799\"><strong>Note que debe encontrarse en territorio island\u00e9s, o en un puerto de entrada (aeropuerto, frontera o puerto) para solicitar asilo en Islandia.<\/strong><\/p>\n\n\n\n<p>Si teme regresar a su pa\u00eds natal o en el que viv\u00eda previamente por violencia, persecuci\u00f3n o guerra, o si est\u00e1 en peligro de sufrir da\u00f1o severo en dicho pa\u00eds, puede solicitar protecci\u00f3n en Islandia. El primer paso para recibir protecci\u00f3n internacional <strong>es solicitar asilo.<\/strong><\/p>\n\n\n\n<p>Todo lo concerniente al procedimiento de asilo se dispone por las autoridades islandesas de acuerdo con las normas y regulaciones nacionales, con funcionarios nacionales capacitados y competentes, especializados en cuestiones de asilo. La ACNUR <strong>no <\/strong>se involucra en el procesamiento de las solicitudes de asilo en Islandia.<\/p>\n","protected":false},"excerpt":{"rendered":"<p>Note que debe encontrarse en territorio island\u00e9s, o en un puerto de entrada (aeropuerto, frontera o puerto) para solicitar asilo en Islandia. Si teme regresar a su pa\u00eds natal o en el que viv\u00eda previamente por violencia, persecuci\u00f3n o guerra, o si est\u00e1 en peligro de sufrir da\u00f1o severo en dicho pa\u00eds, puede solicitar protecci\u00f3n [&hellip;]<\/p>\n","protected":false},"author":1,"featured_media":0,"parent":0,"menu_order":0,"comment_status":"closed","ping_status":"closed","template":"page-templates\/listing_page.php","meta":{"_acf_changed":false,"footnotes":""},"class_list":["post-287","page","type-page","status-publish","hentry"],"acf":[],"_links":{"self":[{"href":"https:\/\/help.unhcr.org\/iceland\/es\/wp-json\/wp\/v2\/pages\/287","targetHints":{"allow":["GET"]}}],"collection":[{"href":"https:\/\/help.unhcr.org\/iceland\/es\/wp-json\/wp\/v2\/pages"}],"about":[{"href":"https:\/\/help.unhcr.org\/iceland\/es\/wp-json\/wp\/v2\/types\/page"}],"author":[{"embeddable":true,"href":"https:\/\/help.unhcr.org\/iceland\/es\/wp-json\/wp\/v2\/users\/1"}],"replies":[{"embeddable":true,"href":"https:\/\/help.unhcr.org\/iceland\/es\/wp-json\/wp\/v2\/comments?post=287"}],"version-history":[{"count":5,"href":"https:\/\/help.unhcr.org\/iceland\/es\/wp-json\/wp\/v2\/pages\/287\/revisions"}],"predecessor-version":[{"id":395,"href":"https:\/\/help.unhcr.org\/iceland\/es\/wp-json\/wp\/v2\/pages\/287\/revisions\/395"}],"wp:attachment":[{"href":"https:\/\/help.unhcr.org\/iceland\/es\/wp-json\/wp\/v2\/media?parent=287"}],"curies":[{"name":"wp","href":"https:\/\/api.w.org\/{rel}","templated":true}]}}