{"id":285,"date":"2022-12-12T14:25:44","date_gmt":"2022-12-12T14:25:44","guid":{"rendered":"https:\/\/help.unhcr.org\/iceland\/warnings-about-risks-of-human-trafficking\/"},"modified":"2025-02-21T14:47:53","modified_gmt":"2025-02-21T14:47:53","slug":"warnings-about-risks-of-human-trafficking","status":"publish","type":"page","link":"https:\/\/help.unhcr.org\/iceland\/es\/warnings-about-risks-of-human-trafficking\/","title":{"rendered":"Advertencias sobre el riesgo de tr\u00e1fico humano"},"content":{"rendered":"\n<p class=\"has-text-align-center has-background\" style=\"background-color:#fdf799\"><strong>Si usted es sobreviviente de tr\u00e1fico, o sospecha que alguien lo es, p\u00f3ngase en contacto con la polic\u00eda islandesa al n\u00famero telef\u00f3nico de emergencias<\/strong> <strong>(marcando al ?<\/strong> <strong>112).\u00a0Todas las interacciones con la polic\u00eda se tratan con estricta confidencialidad.<\/strong><\/p>\n\n\n\n<p>Muchas personas querr\u00e1n ayudarle en su viaje y cuando haya llegado a Islandia. Sin embargo, no todos podr\u00edan ser quienes dicen ser; algunas personas podr\u00edan querer aprovecharse de su situaci\u00f3n.<\/p>\n\n\n\n<p>Por ejemplo, podr\u00edan prometerle vivienda, transporte o comida gratis y usarlo para que sienta presi\u00f3n para realizar actos sexuales, trabajar o realizar otros servicios con los que no est\u00e9 de acuerdo. O podr\u00edan querer causarle alg\u00fan da\u00f1o y tomar sus documentos u otras pertenencias.<\/p>\n\n\n\n<p><strong>Vea el video informativo de la ACNUR sobre \u201cC\u00f3mo mantenerse a salvo\u201d:<\/strong><\/p>\n\n\n\n<figure class=\"wp-block-embed is-type-video is-provider-youtube wp-block-embed-youtube wp-embed-aspect-16-9 wp-has-aspect-ratio\"><div class=\"wp-block-embed__wrapper\">\n<iframe loading=\"lazy\" title=\"Stay Safe \u2013 Important reminders for refugees to help stay safe while travelling.\" width=\"640\" height=\"360\" src=\"https:\/\/www.youtube.com\/embed\/Zrf01K2eBJc?feature=oembed\" frameborder=\"0\" allow=\"accelerometer; autoplay; clipboard-write; encrypted-media; gyroscope; picture-in-picture; web-share\" referrerpolicy=\"strict-origin-when-cross-origin\" allowfullscreen><\/iframe>\n<\/div><\/figure>\n\n\n\n<p>El video tambi\u00e9n se encuentra disponible en <a href=\"https:\/\/www.youtube.com\/watch?v=FV0xjx_SGsk\" data-type=\"link\" data-id=\"https:\/\/www.youtube.com\/watch?v=FV0xjx_SGsk\" target=\"_blank\" rel=\"noreferrer noopener\">ucraniano<\/a><a href=\"https:\/\/www.youtube.com\/watch?v=FV0xjx_SGsk\" data-type=\"link\" data-id=\"https:\/\/www.youtube.com\/watch?v=FV0xjx_SGsk\"> <\/a>y <a href=\"https:\/\/www.youtube.com\/watch?v=4HJrKKxu8-I\" data-type=\"link\" data-id=\"https:\/\/www.youtube.com\/watch?v=4HJrKKxu8-I\" target=\"_blank\" rel=\"noreferrer noopener\">ruso<\/a>.<\/p>\n","protected":false},"excerpt":{"rendered":"<p>Si usted es sobreviviente de tr\u00e1fico, o sospecha que alguien lo es, p\u00f3ngase en contacto con la polic\u00eda islandesa al n\u00famero telef\u00f3nico de emergencias (marcando al ? 112).\u00a0Todas las interacciones con la polic\u00eda se tratan con estricta confidencialidad. Muchas personas querr\u00e1n ayudarle en su viaje y cuando haya llegado a Islandia. Sin embargo, no todos [&hellip;]<\/p>\n","protected":false},"author":1,"featured_media":0,"parent":0,"menu_order":0,"comment_status":"closed","ping_status":"closed","template":"faq_page.php","meta":{"_acf_changed":false,"footnotes":""},"class_list":["post-285","page","type-page","status-publish","hentry"],"acf":[],"_links":{"self":[{"href":"https:\/\/help.unhcr.org\/iceland\/es\/wp-json\/wp\/v2\/pages\/285","targetHints":{"allow":["GET"]}}],"collection":[{"href":"https:\/\/help.unhcr.org\/iceland\/es\/wp-json\/wp\/v2\/pages"}],"about":[{"href":"https:\/\/help.unhcr.org\/iceland\/es\/wp-json\/wp\/v2\/types\/page"}],"author":[{"embeddable":true,"href":"https:\/\/help.unhcr.org\/iceland\/es\/wp-json\/wp\/v2\/users\/1"}],"replies":[{"embeddable":true,"href":"https:\/\/help.unhcr.org\/iceland\/es\/wp-json\/wp\/v2\/comments?post=285"}],"version-history":[{"count":6,"href":"https:\/\/help.unhcr.org\/iceland\/es\/wp-json\/wp\/v2\/pages\/285\/revisions"}],"predecessor-version":[{"id":811,"href":"https:\/\/help.unhcr.org\/iceland\/es\/wp-json\/wp\/v2\/pages\/285\/revisions\/811"}],"wp:attachment":[{"href":"https:\/\/help.unhcr.org\/iceland\/es\/wp-json\/wp\/v2\/media?parent=285"}],"curies":[{"name":"wp","href":"https:\/\/api.w.org\/{rel}","templated":true}]}}