{"id":280,"date":"2022-12-07T09:29:42","date_gmt":"2022-12-07T09:29:42","guid":{"rendered":"https:\/\/help.unhcr.org\/iceland\/welcome\/"},"modified":"2024-07-25T13:56:59","modified_gmt":"2024-07-25T13:56:59","slug":"welcome","status":"publish","type":"page","link":"https:\/\/help.unhcr.org\/iceland\/es\/","title":{"rendered":"Bienvenida"},"content":{"rendered":"\n<p>Le damos la bienvenida a la p\u00e1gina web de \u2018AYUDA\u2019 <strong>de la ACNUR, el organismo para refugiados de las Naciones Unidas.<\/strong> Aqu\u00ed, <strong>los refugiados, solicitantes de asilo y personas ap\u00e1tridas<\/strong>, as\u00ed como sus familiares y quienes los asisten, pueden obtener informaci\u00f3n sobre el procedimiento para el asilo y los servicios disponibles en Islandia.<\/p>\n\n\n\n<h2 class=\"wp-block-heading has-black-color has-text-color has-background\" style=\"background-color:#cce3f2\">Aqu\u00ed encuentra:<\/h2>\n\n\n\n<p class=\"has-background\" style=\"background-color:#abb7c230\"><font><strong><font>\u27a1\ufe0f<\/font><\/strong><\/font><a href=\"https:\/\/help.unhcr.org\/iceland\/es\/information-for-people-fleeing-ukraine\/\"><strong>Informaci\u00f3n para personas que huyen de Ucrania <\/strong><\/a><font><strong><br><font>\u27a1\ufe0f<\/font><\/strong><\/font><a href=\"https:\/\/help.unhcr.org\/iceland\/es\/warnings-about-risks-of-human-trafficking\/\" target=\"_blank\" rel=\"noreferrer noopener\"><strong>Advertencias sobre el riesgo de tr\u00e1fico humano<\/strong><\/a><font><strong><font><font><br><font>\u27a1\ufe0f<\/font><\/font><\/font><\/strong><\/font><a href=\"https:\/\/help.unhcr.org\/iceland\/es\/how-can-i-apply-for-asylum-in-iceland\/\" target=\"_blank\" rel=\"noreferrer noopener\"><strong>C\u00f3mo solicitar asilo en Islandia<\/strong><\/a><font><strong><font><font><font><font><br><font><font>\u27a1\ufe0f<\/font><\/font><\/font><\/font><\/font><\/font><\/strong><\/font><a href=\"https:\/\/help.unhcr.org\/iceland\/es\/applying-for-family-reunification\/\" target=\"_blank\" rel=\"noreferrer noopener\"><strong>Solicitar reunificaci\u00f3n familiar<\/strong><\/a><font><strong><font><font><font><font><font><font><br><font><font>\u27a1\ufe0f<\/font><\/font><\/font><\/font><\/font><\/font><\/font><\/font><\/strong><\/font><a href=\"https:\/\/help.unhcr.org\/iceland\/es\/where-to-find-help-in-iceland\/\" target=\"_blank\" rel=\"noreferrer noopener\"><strong>D\u00f3nde encontrar ayuda en Islandia<\/strong><\/a><font><strong><font><font><font><font><font><font><font><font><br><font>\u27a1\ufe0f<\/font><\/font><\/font><\/font><\/font><\/font><\/font><\/font><\/font><\/strong><\/font><a href=\"https:\/\/help.unhcr.org\/iceland\/es\/about-unhcr-in-iceland\/\" target=\"_blank\" rel=\"noreferrer noopener\"><strong>Sobre la ACNUR en Islandia<\/strong><\/a><font><strong><font><font><font><font><font><font><font><font><br><font>\u27a1\ufe0f<\/font><\/font><\/font><\/font><\/font><\/font><\/font><\/font><\/font><\/strong><\/font><a href=\"https:\/\/help.unhcr.org\/iceland\/es\/how-to-report-misconduct\/\" target=\"_blank\" rel=\"noreferrer noopener\"><strong>C\u00f3mo reportar una falta profesional<\/strong><\/a><\/p>\n\n\n\n<p><strong>\u00bfSe encuentra fuera de Islandia? <\/strong>\u00bfBusca ayuda para sus familiares que se encuentran en el extranjero? Elija el pa\u00eds sobre el que quiera informaci\u00f3n en la secci\u00f3n de <a href=\"https:\/\/help.unhcr.org\/\" data-type=\"link\" data-id=\"https:\/\/help.unhcr.org\/\" target=\"_blank\" rel=\"noreferrer noopener\">AYUDA de la p\u00e1gina web de ACNUR<\/a> o comun\u00edquese <a href=\"https:\/\/www.unhcr.org\/about-unhcr\/where-we-work\" data-type=\"link\" data-id=\"https:\/\/www.unhcr.org\/about-unhcr\/where-we-work\" target=\"_blank\" rel=\"noreferrer noopener\">con la oficina de ACNUR m\u00e1s cercana.<\/a><\/p>\n\n\n\n<p>Si huy\u00f3 de Ucrania y est\u00e1 en Polonia, Hungr\u00eda, Italia, Eslovaquia, Rumania o Bulgaria, <a href=\"https:\/\/bluedothub.org\/\" data-type=\"link\" data-id=\"https:\/\/bluedothub.org\/\" target=\"_blank\" rel=\"noreferrer noopener\">revise la informaci\u00f3n del punto azul digital<\/a> sobre derechos, servicios y d\u00f3nde encontrar ayuda. La p\u00e1gina tambi\u00e9n est\u00e1 disponible en <a href=\"https:\/\/bluedothub.org\/uk\/\" data-type=\"link\" data-id=\"https:\/\/bluedothub.org\/uk\/\" target=\"_blank\" rel=\"noreferrer noopener\">ucraniano <\/a>y <a href=\"https:\/\/bluedothub.org\/ru\/\" data-type=\"link\" data-id=\"https:\/\/bluedothub.org\/ru\/\" target=\"_blank\" rel=\"noreferrer noopener\">ruso<\/a>.\u202f\u202f<\/p>\n","protected":false},"excerpt":{"rendered":"<p>Le damos la bienvenida a la p\u00e1gina web de \u2018AYUDA\u2019 de la ACNUR, el organismo para refugiados de las Naciones Unidas. Aqu\u00ed, los refugiados, solicitantes de asilo y personas ap\u00e1tridas, as\u00ed como sus familiares y quienes los asisten, pueden obtener informaci\u00f3n sobre el procedimiento para el asilo y los servicios disponibles en Islandia. Aqu\u00ed encuentra: [&hellip;]<\/p>\n","protected":false},"author":1,"featured_media":0,"parent":0,"menu_order":0,"comment_status":"closed","ping_status":"closed","template":"","meta":{"_acf_changed":false,"footnotes":""},"class_list":["post-280","page","type-page","status-publish","hentry"],"acf":[],"_links":{"self":[{"href":"https:\/\/help.unhcr.org\/iceland\/es\/wp-json\/wp\/v2\/pages\/280","targetHints":{"allow":["GET"]}}],"collection":[{"href":"https:\/\/help.unhcr.org\/iceland\/es\/wp-json\/wp\/v2\/pages"}],"about":[{"href":"https:\/\/help.unhcr.org\/iceland\/es\/wp-json\/wp\/v2\/types\/page"}],"author":[{"embeddable":true,"href":"https:\/\/help.unhcr.org\/iceland\/es\/wp-json\/wp\/v2\/users\/1"}],"replies":[{"embeddable":true,"href":"https:\/\/help.unhcr.org\/iceland\/es\/wp-json\/wp\/v2\/comments?post=280"}],"version-history":[{"count":3,"href":"https:\/\/help.unhcr.org\/iceland\/es\/wp-json\/wp\/v2\/pages\/280\/revisions"}],"predecessor-version":[{"id":397,"href":"https:\/\/help.unhcr.org\/iceland\/es\/wp-json\/wp\/v2\/pages\/280\/revisions\/397"}],"wp:attachment":[{"href":"https:\/\/help.unhcr.org\/iceland\/es\/wp-json\/wp\/v2\/media?parent=280"}],"curies":[{"name":"wp","href":"https:\/\/api.w.org\/{rel}","templated":true}]}}