{"id":7733,"date":"2023-09-15T09:32:46","date_gmt":"2023-09-15T09:32:46","guid":{"rendered":"https:\/\/help.unhcr.org\/hungary\/?page_id=7733"},"modified":"2024-11-05T15:00:00","modified_gmt":"2024-11-05T15:00:00","slug":"ndgap-offices","status":"publish","type":"page","link":"https:\/\/help.unhcr.org\/hungary\/ndgap-offices\/","title":{"rendered":"Office Locations of the National Directorate-General for Aliens Policing"},"content":{"rendered":"\n<figure class=\"wp-block-table\"><table class=\"has-fixed-layout\"><thead><tr><th><strong>Office<\/strong><\/th><th><strong>Address<\/strong><\/th><th><strong>Opening<\/strong><\/th><th><strong>Phone<\/strong><\/th><th><strong>E-mail<\/strong>&nbsp;<\/th><th><strong>E-mail<\/strong>&nbsp;<\/th><\/tr><\/thead><tbody><tr><td><strong>NDGAP Asylum Directorate Asylum Unit<\/strong><\/td><td>1117 Budapest XI., Budafoki \u00fat 60. building &#8220;A&#8221;&nbsp;<\/td><td>Monday: <br>08:00-14:00 &nbsp;<br>Tuesday: <br>08:00-14:00 &nbsp;<br>Wednesday: <br>08:00-14:00 &nbsp;<br>Thursday: <br>08:00-14:00 &nbsp;<br>Friday: <br>08:00-11:30&nbsp;<\/td><td>+36 1 463 4873&nbsp;<\/td><td><a href=\"mailto:menekult@oif.gov.hu\" target=\"_blank\" rel=\"noreferrer noopener\">menekult@oif.gov.hu<\/a>&nbsp;<\/td><td>National&nbsp;<\/td><\/tr><tr><td><strong>Debrecen<\/strong>, Regional Directorate of Northern Lowland&nbsp;<\/td><td>4033 Debrecen, S\u00e1msoni \u00fat 149.&nbsp;<\/td><td>Monday: <br>07:30-13:00 &nbsp;<br>Tuesday: <br>07:30-16:00 &nbsp;<br>Wednesday: <br>Closed &nbsp;<br>Thursday: <br>12:00-17:30 &nbsp;<br>Friday: <br>07:30-11:30&nbsp;<\/td><td>+36 52 503 840&nbsp;<\/td><td><a href=\"mailto:ear@oif.gov.hu\" target=\"_blank\" rel=\"noreferrer noopener\">ear@oif.gov.hu<\/a>&nbsp;<\/td><td>Hajd\u00fa-Bihar county, Szabolcs-Szatm\u00e1r-Bereg county, J\u00e1sz-Nagykun-Szolnok county&nbsp;<\/td><\/tr><tr><td><strong>Ny\u00edregyh\u00e1za<\/strong>&nbsp;<\/td><td>4400 Ny\u00edregyh\u00e1za, Szent Istv\u00e1n \u00fat 9.&nbsp;<\/td><td>Monday: <br>10:00-15:00 &nbsp;<br>Tuesday: <br>Closed &nbsp;<br>Wednesday: <br>10:00-15:00 &nbsp;<br>Thursday: <br>Closed &nbsp;<br>Friday: <br>Closed&nbsp;<\/td><td>+36 52 503 840&nbsp;<\/td><td><a href=\"mailto:ear@oif.gov.hu\" target=\"_blank\" rel=\"noreferrer noopener\">ear@oif.gov.hu<\/a>&nbsp;<\/td><td>Szabolcs-Szatm\u00e1r-Bereg county&nbsp;<\/td><\/tr><tr><td><strong>Szolnok<\/strong>&nbsp;<\/td><td>5000 Szolnok, Baross u. 45-51.&nbsp;<\/td><td>Monday: <br>Closed &nbsp;<br>Tuesday: <br>10:00-15:00 &nbsp;<br>Wednesday: <br>Closed &nbsp;<br>Thursday: <br>Closed &nbsp;<br>Friday: <br>Closed&nbsp;<\/td><td>+36 52 503 840&nbsp;<\/td><td><a href=\"mailto:ear@oif.gov.hu\" target=\"_blank\" rel=\"noreferrer noopener\">ear@oif.gov.hu<\/a>&nbsp;<\/td><td>J\u00e1sz-Nagykun-Szolnok county&nbsp;<\/td><\/tr><tr><td><strong>Miskolc<\/strong>, Regional Directorate of North Hungary&nbsp;<\/td><td>3526 Miskolc, Hatvan\u00f6t\u00f6s\u00f6k \u00fatja 2.&nbsp;<\/td><td>Monday: <br>07:30-13:00 &nbsp;<br>Tuesday: <br>07:30-16:00 &nbsp;<br>Wednesday: <br>Closed &nbsp;<br>Thursday: <br>12:00-17:30 &nbsp;<br>Friday: <br>07:30-14:00&nbsp;<\/td><td>+36 46 501 080&nbsp;<\/td><td><a href=\"mailto:emr@oif.gov.hu\" target=\"_blank\" rel=\"noreferrer noopener\">emr@oif.gov.hu<\/a>&nbsp;<\/td><td>Borsod-Aba\u00faj-Zempl\u00e9n county, Heves county, N\u00f3gr\u00e1d county&nbsp;<\/td><\/tr><tr><td><strong>Eger<\/strong>&nbsp;<\/td><td>3300 Eger, Gr\u00f3nay S\u00e1ndor utca 3.&nbsp;<\/td><td>Monday: <br>Closed &nbsp;<br>Tuesday: <br>09:00-15:00 &nbsp;<br>Wednesday: <br>Closed &nbsp;<br>Thursday: <br>09:00-15:00 &nbsp;<br>Friday: <br>Closed&nbsp;<\/td><td>+36 46 501 080&nbsp;<\/td><td><a href=\"mailto:emr@oif.gov.hu\" target=\"_blank\" rel=\"noreferrer noopener\">emr@oif.gov.hu<\/a>&nbsp;<\/td><td>Heves county&nbsp;<\/td><\/tr><tr><td><strong>Balassagyarmat<\/strong>&nbsp;<\/td><td>2660 Balassagyarmat, Kossuth u. 43.&nbsp;<\/td><td>Monday: <br>17:30-16:00 &nbsp;<br>Tuesday: <br>Closed &nbsp;<br>Wednesday: <br>07:30-17:00 &nbsp;<br>Thursday: <br>Closed &nbsp;<br>Friday: <br>Closed&nbsp;<\/td><td>+36 46 501 080&nbsp;<\/td><td><a href=\"mailto:emr@oif.gov.hu\" target=\"_blank\" rel=\"noreferrer noopener\">emr@oif.gov.hu<\/a>&nbsp;<\/td><td>N\u00f3gr\u00e1d county&nbsp;<\/td><\/tr><tr><td><strong>P\u00e9cs<\/strong>, Regional Directorate of Southern Transdanubian&nbsp;<\/td><td>7623 P\u00e9cs, Csend u. 3.&nbsp;<\/td><td>Monday: <br>08:00-18:00 &nbsp;<br>Tuesday: <br>08:00-16:00 &nbsp;<br>Wednesday: <br>Closed &nbsp;<br>Thursday: <br>08:00-16:00 &nbsp;<br>Friday: <br>07:30-12:00&nbsp;<\/td><td>+36 72 518 720&nbsp;<\/td><td><a href=\"mailto:ddr@oif.gov.hu\" target=\"_blank\" rel=\"noreferrer noopener\">ddr@oif.gov.hu<\/a>&nbsp;<\/td><td>Baranya county, Somogy county, Tolna county&nbsp;<\/td><\/tr><tr><td><strong>Kaposv\u00e1r<\/strong>&nbsp;<\/td><td>7400 Kaposv\u00e1r, Sz\u00e9chenyi t\u00e9r 3.&nbsp;<\/td><td>Monday: <br>09:30-16:30 &nbsp;<br>Tuesday: <br>Closed &nbsp;<br>Wednesday: <br>09:30-15:30 &nbsp;<br>Thursday: <br>Closed &nbsp;<br>Friday: <br>Closed&nbsp;<\/td><td>+36 72 518 720&nbsp;<\/td><td><a href=\"mailto:ddr@oif.gov.hu\" target=\"_blank\" rel=\"noreferrer noopener\">ddr@oif.gov.hu<\/a>&nbsp;<\/td><td>Somogy county, Baranya county, Tolna county&nbsp;<\/td><\/tr><tr><td><strong>Szeksz\u00e1rd<\/strong>&nbsp;<\/td><td>7100 Szeksz\u00e1rd, Szent Istv\u00e1n t\u00e9r 23.&nbsp;<\/td><td>Monday: <br>Closed &nbsp;<br>Tuesday: <br>12:00-16:30 &nbsp;<br>Wednesday: <br>Closed &nbsp;<br>Thursday: <br>09:30-15:30 &nbsp;<br>Friday: <br>Closed&nbsp;<\/td><td>+36 72 518 720&nbsp;<\/td><td><a href=\"mailto:ddr@oif.gov.hu\" target=\"_blank\" rel=\"noreferrer noopener\">ddr@oif.gov.hu<\/a>&nbsp;<\/td><td>Tolna county, Baranya county, Somogy county&nbsp;<\/td><\/tr><tr><td><strong>Szeged<\/strong>, Regional Directorate of the Southern Lowland&nbsp;<\/td><td>6724 Szeged, Bakay N\u00e1ndor u. 3\/A&nbsp;<\/td><td>Monday: <br>07:30-16:00 &nbsp;<br>Tuesday: <br>07:30-16:00 &nbsp;<br>Wednesday: <br>07:30-16:00 &nbsp;<br>Thursday: <br>07:30-17:00 &nbsp;<br>Friday: <br>Closed&nbsp;<\/td><td>+36 62 795 150&nbsp;<\/td><td><a href=\"mailto:dar@oif.gov.hu\" target=\"_blank\" rel=\"noreferrer noopener\">dar@oif.gov.hu<\/a>&nbsp;<\/td><td>Csongr\u00e1d county, B\u00e1cs-Kiskun county, B\u00e9k\u00e9s county&nbsp;<\/td><\/tr><tr><td><strong>Kecskem\u00e9t<\/strong>&nbsp;<\/td><td>6000 Kecskem\u00e9t, Irinyi u. 17\/B.&nbsp;<\/td><td>Monday: <br>09:00-17:00 &nbsp;<br>Tuesday: <br>Closed &nbsp;<br>Wednesday: <br>Closed &nbsp;<br>Thursday: <br>09:00-16:00 &nbsp;<br>Friday: <br>09:00-12:00&nbsp;<\/td><td>+36 76 481 249&nbsp;<\/td><td><a href=\"mailto:dar@oif.gov.hu\" target=\"_blank\" rel=\"noreferrer noopener\">dar@oif.gov.hu<\/a>&nbsp;<\/td><td>B\u00e1cs-Kiskun county&nbsp;<\/td><\/tr><tr><td><strong>B\u00e9k\u00e9scsaba<\/strong>&nbsp;<\/td><td>5600 B\u00e9k\u00e9scsaba, K\u00e9tegyh\u00e1zi \u00fat 10.&nbsp;<\/td><td>Monday: <br>Closed&nbsp;<br>Tuesday: <br>08:00-16:00 &nbsp;<br>Wednesday: <br>08:00-16:00&nbsp; &nbsp;<br>Thursday: <br>07:30-17:00 &nbsp;<br>Friday: <br>08:00-11:00&nbsp;<\/td><td>+36 66 452 617&nbsp;<\/td><td><a href=\"mailto:dar@oif.gov.hu\" target=\"_blank\" rel=\"noreferrer noopener\">dar@oif.gov.hu<\/a>&nbsp;<\/td><td>B\u00e9k\u00e9s county&nbsp;<\/td><\/tr><tr><td><strong>Sz\u00e9kesfeh\u00e9rv\u00e1r<\/strong>, Regional Directorate Of Central Transdanubia&nbsp;<\/td><td>8000 Sz\u00e9kesfeh\u00e9rv\u00e1r, J\u00f3zsef Attila u. 38.&nbsp;<\/td><td>Monday: <br>07.30-17.00&nbsp;<br>Tuesday: <br>07.30-16.00&nbsp;<br>Wednesday: <br>07.30-16.00&nbsp;<br>Thursday: <br>07.30-16.00&nbsp;<br>Friday: <br>Closed&nbsp;<\/td><td>+36 22 510 650&nbsp;<\/td><td><a href=\"mailto:kdr@oif.gov.hu\" target=\"_blank\" rel=\"noreferrer noopener\">kdr@oif.gov.hu<\/a>&nbsp;<\/td><td>Fej\u00e9r county, Kom\u00e1rom-Esztergom county, Veszpr\u00e9m county&nbsp;<\/td><\/tr><tr><td><strong>Tatab\u00e1nya<\/strong><\/td><td>2800 Tatab\u00e1nya, V, Gy\u0151ri \u00fat 13.&nbsp;<\/td><td>Monday: <br>08.30-16.30&nbsp;<br>Tuesday: <br>08.30-15.00&nbsp;<br>Wednesday: <br>Closed&nbsp;<br>Thursday: <br>08.30-15.00&nbsp;<br>Friday: <br>Closed&nbsp;<\/td><td>+36 34 795 001&nbsp;<\/td><td><a href=\"mailto:kdr@oif.gov.hu\" target=\"_blank\" rel=\"noreferrer noopener\">kdr@oif.gov.hu<\/a>&nbsp;<\/td><td>Kom\u00e1rom-Esztergom county&nbsp;<\/td><\/tr><tr><td><strong>Veszpr\u00e9m<\/strong>&nbsp;<\/td><td>8200 Veszpr\u00e9m, Levendula u. 1.&nbsp;<\/td><td>Monday: <br>08.30-16.30&nbsp;<br>Tuesday: <br>08.30-15.00&nbsp;<br>Wednesday: <br>Closed&nbsp;<br>Thursday: <br>08.30-15.00&nbsp;<br>Friday: <br>Closed&nbsp;<\/td><td>+36 88 580 755&nbsp;<br>+36 88 580 757&nbsp;<br>+36 88 580 758&nbsp;<br>+36 88 544 668&nbsp;<\/td><td><a href=\"mailto:kdr@oif.gov.hu\" target=\"_blank\" rel=\"noreferrer noopener\">kdr@oif.gov.hu<\/a>&nbsp;<\/td><td>Veszpr\u00e9m county&nbsp;<\/td><\/tr><tr><td><strong>Gy\u0151r<\/strong>, Regional Directorate Of Western Transdanubia&nbsp;<\/td><td>9026 Gy\u0151r, Sz\u00f6vets\u00e9g u. 15-17.&nbsp;<\/td><td>Monday: <br>07.30-12.00, 12.30-16.00&nbsp;<br>Tuesday: <br>07.30-12.00&nbsp;<br>Wednesday: <br>07.30-12.00, 12.30-16.00&nbsp;<br>Thursday:07.00-12.00, 12.30-18.00&nbsp;<br>Friday: <br>Closed&nbsp;<\/td><td>+36 96 510 700&nbsp;<\/td><td><a href=\"mailto:ndr@oif.gov.hu\" target=\"_blank\" rel=\"noreferrer noopener\">ndr@oif.gov.hu<\/a>&nbsp;<\/td><td>Gy\u0151r-Moson-Sopron county, Vas county, Zala county&nbsp;<\/td><\/tr><tr><td><strong>Szombathely<\/strong>&nbsp;<\/td><td>9700 Szombathely, Kisfaludy S. u. 1.&nbsp;<\/td><td>Monday: <br>09.00-16.00&nbsp;<br>Tuesday: <br>Closed&nbsp;<br>Wednesday: <br>Closed&nbsp;<br>Thursday: <br>Closed&nbsp;<br>Friday: <br>Closed&nbsp;<\/td><td>+36 96 510 700&nbsp;<\/td><td><a href=\"mailto:ndr@oif.gov.hu\" target=\"_blank\" rel=\"noreferrer noopener\">ndr@oif.gov.hu<\/a>&nbsp;<\/td><td>Vas county&nbsp;<\/td><\/tr><\/tbody><\/table><\/figure>\n","protected":false},"excerpt":{"rendered":"<p>Office Address Opening Phone E-mail&nbsp; E-mail&nbsp; NDGAP Asylum Directorate Asylum Unit 1117 Budapest XI., Budafoki \u00fat 60. building &#8220;A&#8221;&nbsp; Monday: 08:00-14:00 &nbsp;Tuesday: 08:00-14:00 &nbsp;Wednesday: 08:00-14:00 &nbsp;Thursday: 08:00-14:00 &nbsp;Friday: 08:00-11:30&nbsp; +36 1 463 4873&nbsp; menekult@oif.gov.hu&nbsp; National&nbsp; Debrecen, Regional Directorate of Northern Lowland&nbsp; 4033 Debrecen, S\u00e1msoni \u00fat 149.&nbsp; Monday: 07:30-13:00 &nbsp;Tuesday: 07:30-16:00 &nbsp;Wednesday: Closed &nbsp;Thursday: 12:00-17:30 &nbsp;Friday: [&hellip;]<\/p>\n","protected":false},"author":347,"featured_media":0,"parent":0,"menu_order":0,"comment_status":"closed","ping_status":"closed","template":"","meta":{"_acf_changed":false,"footnotes":""},"class_list":["post-7733","page","type-page","status-publish","hentry"],"acf":[],"_links":{"self":[{"href":"https:\/\/help.unhcr.org\/hungary\/wp-json\/wp\/v2\/pages\/7733","targetHints":{"allow":["GET"]}}],"collection":[{"href":"https:\/\/help.unhcr.org\/hungary\/wp-json\/wp\/v2\/pages"}],"about":[{"href":"https:\/\/help.unhcr.org\/hungary\/wp-json\/wp\/v2\/types\/page"}],"author":[{"embeddable":true,"href":"https:\/\/help.unhcr.org\/hungary\/wp-json\/wp\/v2\/users\/347"}],"replies":[{"embeddable":true,"href":"https:\/\/help.unhcr.org\/hungary\/wp-json\/wp\/v2\/comments?post=7733"}],"version-history":[{"count":9,"href":"https:\/\/help.unhcr.org\/hungary\/wp-json\/wp\/v2\/pages\/7733\/revisions"}],"predecessor-version":[{"id":27273,"href":"https:\/\/help.unhcr.org\/hungary\/wp-json\/wp\/v2\/pages\/7733\/revisions\/27273"}],"wp:attachment":[{"href":"https:\/\/help.unhcr.org\/hungary\/wp-json\/wp\/v2\/media?parent=7733"}],"curies":[{"name":"wp","href":"https:\/\/api.w.org\/{rel}","templated":true}]}}