{"id":7416,"date":"2023-08-12T11:32:43","date_gmt":"2023-08-12T11:32:43","guid":{"rendered":"https:\/\/help.unhcr.org\/hungary\/?page_id=7416"},"modified":"2025-06-17T09:36:38","modified_gmt":"2025-06-17T09:36:38","slug":"education-with-disabilities","status":"publish","type":"page","link":"https:\/\/help.unhcr.org\/hungary\/education-with-disabilities\/","title":{"rendered":"Educational Opportunities for\u00a0Children with Developmental Delays and Disabilities"},"content":{"rendered":"\n<p>The following information was compiled by the <em>Child Protection and Education Working Groups,<\/em> and it was reviewed by the <em>Ministry of Interior, Department of Public Education Administration<\/em>.&nbsp;It aims to provide guidance to parents of children with developmental delays and disabilities to assert their rights and access relevant services.<\/p>\n\n\n\n<a href=\"https:\/\/help.unhcr.org\/hungary\/wp-content\/uploads\/sites\/86\/2023\/08\/QA-Children-with-developmental-delays-and-disabilities_HUN.pdf\" style=\"text-decoration: none\" target=\"_blank\" rel=\"noopener\">\n<div style=\"background-color:#F6C142;color:black;border-radius:4px;padding: 24px 24px 12px\">\n\n\n\n<figure class=\"wp-block-image size-full is-resized\"><img decoding=\"async\" src=\"https:\/\/help.unhcr.org\/hungary\/wp-content\/uploads\/sites\/86\/2023\/08\/Hungary-HU.png\" alt=\"\" class=\"wp-image-7429\" width=\"50\" \/><\/figure>\n\n\n\n<p><\/p>\n\n\n\n<h3 class=\"wp-block-heading\"><strong>Kattintson ide magyar nyelv\u0171 inform\u00e1ci\u00f3\u00e9rt<\/strong><\/h3>\n\n\n\n<\/div><\/a>\n","protected":false},"excerpt":{"rendered":"<p>The following information was compiled by the Child Protection and Education Working Groups, and it was reviewed by the Ministry of Interior, Department of Public Education Administration.&nbsp;It aims to provide guidance to parents of children with developmental delays and disabilities to assert their rights and access relevant services. Kattintson ide magyar nyelv\u0171 inform\u00e1ci\u00f3\u00e9rt<\/p>\n","protected":false},"author":347,"featured_media":0,"parent":0,"menu_order":0,"comment_status":"closed","ping_status":"closed","template":"faq_page.php","meta":{"_acf_changed":false,"footnotes":""},"class_list":["post-7416","page","type-page","status-publish","hentry"],"acf":[],"_links":{"self":[{"href":"https:\/\/help.unhcr.org\/hungary\/wp-json\/wp\/v2\/pages\/7416","targetHints":{"allow":["GET"]}}],"collection":[{"href":"https:\/\/help.unhcr.org\/hungary\/wp-json\/wp\/v2\/pages"}],"about":[{"href":"https:\/\/help.unhcr.org\/hungary\/wp-json\/wp\/v2\/types\/page"}],"author":[{"embeddable":true,"href":"https:\/\/help.unhcr.org\/hungary\/wp-json\/wp\/v2\/users\/347"}],"replies":[{"embeddable":true,"href":"https:\/\/help.unhcr.org\/hungary\/wp-json\/wp\/v2\/comments?post=7416"}],"version-history":[{"count":42,"href":"https:\/\/help.unhcr.org\/hungary\/wp-json\/wp\/v2\/pages\/7416\/revisions"}],"predecessor-version":[{"id":43299,"href":"https:\/\/help.unhcr.org\/hungary\/wp-json\/wp\/v2\/pages\/7416\/revisions\/43299"}],"wp:attachment":[{"href":"https:\/\/help.unhcr.org\/hungary\/wp-json\/wp\/v2\/media?parent=7416"}],"curies":[{"name":"wp","href":"https:\/\/api.w.org\/{rel}","templated":true}]}}