{"id":46379,"date":"2025-07-29T21:11:29","date_gmt":"2025-07-29T21:11:29","guid":{"rendered":"https:\/\/help.unhcr.org\/hungary\/?page_id=46379"},"modified":"2025-12-24T09:37:29","modified_gmt":"2025-12-24T09:37:29","slug":"national-crisis-management-and-information-telephone-service-okit","status":"publish","type":"page","link":"https:\/\/help.unhcr.org\/hungary\/partners\/national-crisis-management-and-information-telephone-service-okit\/","title":{"rendered":"National Crisis Management and Information Telephone Service (OKIT)"},"content":{"rendered":"\n\n<div class=\"wp-block-columns is-layout-flex wp-container-core-columns-is-layout-9d6595d7 wp-block-columns-is-layout-flex\">\n\n<div class=\"wp-block-column is-layout-flow wp-block-column-is-layout-flow\">\n\n<h2 class=\"wp-block-heading\"><strong>Contact Information<\/strong><\/h2>\n\n\n\n<p class=\"has-medium-font-size\"><strong>E-mail<\/strong><br \/><a href=\"mailto:segelyszervezet@segelyszervezet.hu\">segelyszervezet@segelyszervezet.hu<\/a><\/p>\n\n\n\n<p class=\"has-medium-font-size\"><strong>Helpline \/ Helpsite<\/strong><br \/><a href=\"tel:+3680205520\">+3680205520<\/a><\/p>\n\n\n\n<p class=\"has-medium-font-size\"><strong>Website<\/strong><br \/><a href=\"https:\/\/okit.hu\/main-page\/\" target=\"_blank\">https:\/\/okit.hu\/main-page\/<\/a><\/p>\n\n<\/div>\n\n\n\n<div class=\"wp-block-column is-layout-flow wp-block-column-is-layout-flow\">\n\n<h2 class=\"wp-block-heading\"><strong>Offered Services<\/strong><\/h2>\n\n\n\n<p class=\"has-medium-font-size\"><strong>Child Protection<\/strong><br \/>\u2022 Referral of children at risk to specialized services<br \/>\u2022 Specialized child protection services<\/p>\n\n\n\n<p class=\"has-medium-font-size\"><strong>Gender-Based Violence (GBV)<\/strong><br \/>\u2022 Legal counseling \/ intervention for GBV survivors<br \/>\u2022 Specialized GBV programmes<\/p>\n\n\n\n<p class=\"has-medium-font-size\"><strong>Protection<\/strong><br \/>\u2022 Referral of adults at risk to specialized services<\/p>\n\n<\/div>\n\n<\/div>\n\n\n\n<hr class=\"wp-block-separator has-text-color has-cyan-bluish-gray-color has-alpha-channel-opacity is-style-default\" style=\"border-top:0px !important\" \/>\n\n\n\n<h2 class=\"wp-block-heading\"><strong>1221 Budapest, Kossuth Lajos u. 64. (Magyar \u00d6kumenikus Seg\u00e9lyszervezet Orsz\u00e1gos Koordin\u00e1ci\u00f3s K\u00f6zpont)<\/strong><\/h2>\n\n\n\n<p class=\"has-medium-font-size\">Online \/ remote assistance\u00a0\u2022\u00a0<a href=\"https:\/\/www.google.com\/maps\/search\/1221%20Budapest%2C%20Kossuth%20Lajos%20u.%2064.\" target=\"_blank\">View on Google Maps<\/a><\/p>\n\n\n\n<div class=\"wp-block-columns is-layout-flex wp-container-core-columns-is-layout-9d6595d7 wp-block-columns-is-layout-flex\">\n\n<div class=\"wp-block-column is-layout-flow wp-block-column-is-layout-flow\">\n\n<p class=\"has-medium-font-size\"><strong>Operating hours<\/strong><br \/><\/p>\n\n\n\n<p class=\"has-medium-font-size\"><strong>Services at location<\/strong><br \/>\u2022 Child Protection (2)<br \/>\u2022 Gender-Based Violence (GBV) (2)<br \/>\u2022 Protection (1)<\/p>\n\n<\/div>\n\n\n\n<div class=\"wp-block-column is-layout-flow wp-block-column-is-layout-flow\">\n\n<p class=\"has-medium-font-size\"><strong>Eligibility<\/strong><br \/>\u2022 Refugee from Ukraine<br \/>\u2022 Refugee \/ asylum seeker from other country<br \/>\u2022 Stateless person<\/p>\n\n\n\n<p class=\"has-medium-font-size\"><strong>Languages<\/strong><br \/>\u2022 ?? Hungarian<br \/>\u2022 ?? Ukrainian<br \/>\u2022 ?? Russian<br \/>\u2022 ?? English<br \/>\u2022 ?? German<br \/>\u2022 ?? French<\/p>\n\n\n\n<p class=\"has-medium-font-size\"><strong>Service area<\/strong><br \/>\u2022 Countrywide<\/p>\n\n<\/div>\n\n<\/div>\n\n\n\n<hr class=\"wp-block-separator has-text-color has-cyan-bluish-gray-color has-alpha-channel-opacity is-style-default\" style=\"border-top:0px !important\" \/>\n\n\n<div class=\"wp-block-group\"><div class=\"wp-block-group__inner-container is-layout-constrained wp-block-group-is-layout-constrained\">\n<div style=\"background-color:#b9dfff;color:white;border-radius:10px;padding: 24px 24px 4px\">\n\n\n\n<figure class=\"wp-block-image size-full is-resized\"><img loading=\"lazy\" decoding=\"async\" width=\"100\" height=\"100\" src=\"https:\/\/help.unhcr.org\/hungary\/wp-content\/uploads\/sites\/86\/2024\/06\/callout_rcc-1.png\" alt=\"\" class=\"wp-image-18970\" style=\"width:70px\" \/><\/figure>\n\n\n\n<div style=\"height:14px\" aria-hidden=\"true\" class=\"wp-block-spacer\"><\/div>\n\n\n\n<p class=\"has-black-color has-text-color has-link-color has-medium-font-size wp-elements-41ce2414641dbfa10a869784448b8b11\">For more information, feedback, or complaints, call the <strong>UNHCR Refugee Helpline<\/strong> on <strong><a href=\"tel:+36 80 984 583\">+36 80 984 583<\/a>\u200b<\/strong> between Monday \u2013 Friday, 08:00 \u2013 17:00, in Ukrainian, Russian, Hungarian or English, or send an email to <a href=\"mailto:hunbucontact@unhcr.org\">hunbucontact@unhcr.org<\/a>. <\/p>\n\n\n<p class=\"hcr-help-webrtc-block-wrapper\"><button onclick=\"hcrHelpWebRTCOpenModal()\" class=\"hcr-help-webrtc-trigger-modal-button hcr-help-webrtc-trigger-modal-button-blue\">Click here to call UNHCR<\/button><\/p>\n\n\n<\/div>\n<\/div><\/div>\n\n\n\n<p><\/p>\n\n\n<p class=\"has-medium-font-size\"><a href=\"\/hungary\/partners\">Back to all organisations<\/a><\/p>\n\n\n\n<hr class=\"wp-block-separator has-text-color has-cyan-bluish-gray-color has-alpha-channel-opacity is-style-default\" style=\"border-top:0px !important\" \/>\n\n\n\n<p class=\"has-medium-font-size\"><strong>Disclaimer<\/strong><br \/>Please be advised that the data presented on this page is based on submissions received from partners. If you notice any inaccuracies, kindly reach out to <a href=\"mailto:hunbuim@unhcr.org\">hunbuim@unhcr.org<\/a> so we can review and update the information accordingly.<\/p>\n\n","protected":false},"excerpt":{"rendered":"<p>Contact Information E-mailsegelyszervezet@segelyszervezet.hu Helpline \/ Helpsite+3680205520 Websitehttps:\/\/okit.hu\/main-page\/ Offered Services Child Protection\u2022 Referral of children at risk to specialized services\u2022 Specialized child protection services Gender-Based Violence (GBV)\u2022 Legal counseling \/ intervention for GBV survivors\u2022 Specialized GBV programmes Protection\u2022 Referral of adults at risk to specialized services 1221 Budapest, Kossuth Lajos u. 64. (Magyar \u00d6kumenikus Seg\u00e9lyszervezet Orsz\u00e1gos [&hellip;]<\/p>\n","protected":false},"author":575,"featured_media":0,"parent":12270,"menu_order":40,"comment_status":"closed","ping_status":"closed","template":"","meta":{"_acf_changed":false,"footnotes":""},"class_list":["post-46379","page","type-page","status-publish","hentry"],"acf":[],"_links":{"self":[{"href":"https:\/\/help.unhcr.org\/hungary\/wp-json\/wp\/v2\/pages\/46379","targetHints":{"allow":["GET"]}}],"collection":[{"href":"https:\/\/help.unhcr.org\/hungary\/wp-json\/wp\/v2\/pages"}],"about":[{"href":"https:\/\/help.unhcr.org\/hungary\/wp-json\/wp\/v2\/types\/page"}],"author":[{"embeddable":true,"href":"https:\/\/help.unhcr.org\/hungary\/wp-json\/wp\/v2\/users\/575"}],"replies":[{"embeddable":true,"href":"https:\/\/help.unhcr.org\/hungary\/wp-json\/wp\/v2\/comments?post=46379"}],"version-history":[{"count":12,"href":"https:\/\/help.unhcr.org\/hungary\/wp-json\/wp\/v2\/pages\/46379\/revisions"}],"predecessor-version":[{"id":48966,"href":"https:\/\/help.unhcr.org\/hungary\/wp-json\/wp\/v2\/pages\/46379\/revisions\/48966"}],"up":[{"embeddable":true,"href":"https:\/\/help.unhcr.org\/hungary\/wp-json\/wp\/v2\/pages\/12270"}],"wp:attachment":[{"href":"https:\/\/help.unhcr.org\/hungary\/wp-json\/wp\/v2\/media?parent=46379"}],"curies":[{"name":"wp","href":"https:\/\/api.w.org\/{rel}","templated":true}]}}