{"id":45278,"date":"2025-07-29T16:44:05","date_gmt":"2025-07-29T16:44:05","guid":{"rendered":"https:\/\/help.unhcr.org\/hungary\/?page_id=45278"},"modified":"2025-12-24T09:34:53","modified_gmt":"2025-12-24T09:34:53","slug":"employment","status":"publish","type":"page","link":"https:\/\/help.unhcr.org\/hungary\/partners\/sectors\/employment\/","title":{"rendered":"Employment &#8211; Organisations providing support and help to refugees in Hungary"},"content":{"rendered":"\n\n<p class=\"has-medium-font-size\"><strong>Change support type:<\/strong><br \/><a href=\"\/hungary\/partners\/sectors\/basic-needs\" data-type=\"page\">Basic Needs<\/a> \u2022 <a href=\"\/hungary\/partners\/sectors\/child-protection\" data-type=\"page\">Child Protection<\/a> \u2022 <a href=\"\/hungary\/partners\/sectors\/education\" data-type=\"page\">Education<\/a> \u2022 <strong>Employment<\/strong> \u2022 <a href=\"\/hungary\/partners\/sectors\/gender-based-violence-gbv\" data-type=\"page\">Gender-Based Violence (GBV)<\/a> \u2022 <a href=\"\/hungary\/partners\/sectors\/health-mhpss\" data-type=\"page\">Health &amp; MHPSS<\/a> \u2022 <a href=\"\/hungary\/partners\/sectors\/housing\" data-type=\"page\">Housing<\/a> \u2022 <a href=\"\/hungary\/partners\/sectors\/protection\" data-type=\"page\">Protection<\/a><\/p>\n\n\n\n<div class=\"wp-block-columns is-layout-flex wp-container-core-columns-is-layout-9d6595d7 wp-block-columns-is-layout-flex\" style=\"margin-bottom:2em\">\n\n<div class=\"wp-block-column is-layout-flow wp-block-column-is-layout-flow\"><a href=\"\/hungary\/partners\/artemisszio-intercultural-foundation\" style=\"text-decoration:none\"><div style=\"cursor:pointer;background-color:#0072bc;background:linear-gradient(to bottom, rgba(3,132,216,1) 0%, rgba(0,114,188,1) 100%);padding:14px;margin-bottom:0;border-radius:10px;position:relative;width:100%;height:100%;min-height:120px;overflow:hidden;color:white\"><img decoding=\"async\" src=\"https:\/\/help.unhcr.org\/hungary\/wp-content\/uploads\/sites\/86\/2024\/05\/artemisszio-intercultural-foundation.png\" alt=\"undefined logo\" style=\"width:50px;height:50px;margin-bottom:10px\" \/>\n\n<h3 class=\"wp-block-heading undefined\" style=\"font-weight:500;margin-bottom:10px\"><strong>Artemisszi\u00f3 Intercultural Foundation<\/strong><\/h3>\n\n<img decoding=\"async\" src=\"https:\/\/help.unhcr.org\/hungary\/wp-content\/uploads\/sites\/86\/2024\/05\/education.png\" alt=\"Sector logo\" style=\"width:30px\" \/>\u00a0<img decoding=\"async\" src=\"https:\/\/help.unhcr.org\/hungary\/wp-content\/uploads\/sites\/86\/2025\/07\/employment.png\" alt=\"Sector logo\" style=\"width:30px\" \/>\u00a0<\/div><\/a><\/div>\n\n\n\n<div class=\"wp-block-column is-layout-flow wp-block-column-is-layout-flow\"><a href=\"\/hungary\/partners\/caritas-hungarica\" style=\"text-decoration:none\"><div style=\"cursor:pointer;background-color:#0072bc;background:linear-gradient(to bottom, rgba(3,132,216,1) 0%, rgba(0,114,188,1) 100%);padding:14px;margin-bottom:0;border-radius:10px;position:relative;width:100%;height:100%;min-height:120px;overflow:hidden;color:white\"><img decoding=\"async\" src=\"https:\/\/help.unhcr.org\/hungary\/wp-content\/uploads\/sites\/86\/2024\/05\/caritas-hungarica.png\" alt=\"undefined logo\" style=\"width:50px;height:50px;margin-bottom:10px\" \/>\n\n<h3 class=\"wp-block-heading undefined\" style=\"font-weight:500;margin-bottom:10px\"><strong>Caritas Hungarica<\/strong><\/h3>\n\n<img decoding=\"async\" src=\"https:\/\/help.unhcr.org\/hungary\/wp-content\/uploads\/sites\/86\/2024\/05\/education.png\" alt=\"Sector logo\" style=\"width:30px\" \/>\u00a0<img decoding=\"async\" src=\"https:\/\/help.unhcr.org\/hungary\/wp-content\/uploads\/sites\/86\/2025\/07\/employment.png\" alt=\"Sector logo\" style=\"width:30px\" \/>\u00a0<img decoding=\"async\" src=\"https:\/\/help.unhcr.org\/hungary\/wp-content\/uploads\/sites\/86\/2025\/07\/health-mhpss.png\" alt=\"Sector logo\" style=\"width:30px\" \/>\u00a0<\/div><\/a><\/div>\n\n\n\n<div class=\"wp-block-column is-layout-flow wp-block-column-is-layout-flow\"><a href=\"\/hungary\/partners\/carpathian-foundation-karpatok-alapitvany\" style=\"text-decoration:none\"><div style=\"cursor:pointer;background-color:#0072bc;background:linear-gradient(to bottom, rgba(3,132,216,1) 0%, rgba(0,114,188,1) 100%);padding:14px;margin-bottom:0;border-radius:10px;position:relative;width:100%;height:100%;min-height:120px;overflow:hidden;color:white\"><img decoding=\"async\" src=\"https:\/\/help.unhcr.org\/hungary\/wp-content\/uploads\/sites\/86\/2025\/07\/carpathian-foundation-karpatok-alapitvany.png\" alt=\"undefined logo\" style=\"width:50px;height:50px;margin-bottom:10px\" \/>\n\n<h3 class=\"wp-block-heading undefined\" style=\"font-weight:500;margin-bottom:10px\"><strong>Carpathian Foundation \/ K\u00e1rp\u00e1tok Alap\u00edtv\u00e1ny<\/strong><\/h3>\n\n<img decoding=\"async\" src=\"https:\/\/help.unhcr.org\/hungary\/wp-content\/uploads\/sites\/86\/2025\/07\/basic-needs.png\" alt=\"Sector logo\" style=\"width:30px\" \/>\u00a0<img decoding=\"async\" src=\"https:\/\/help.unhcr.org\/hungary\/wp-content\/uploads\/sites\/86\/2024\/05\/child-protection.png\" alt=\"Sector logo\" style=\"width:30px\" \/>\u00a0<img decoding=\"async\" src=\"https:\/\/help.unhcr.org\/hungary\/wp-content\/uploads\/sites\/86\/2024\/05\/education.png\" alt=\"Sector logo\" style=\"width:30px\" \/>\u00a0<img decoding=\"async\" src=\"https:\/\/help.unhcr.org\/hungary\/wp-content\/uploads\/sites\/86\/2025\/07\/employment.png\" alt=\"Sector logo\" style=\"width:30px\" \/>\u00a0<img decoding=\"async\" src=\"https:\/\/help.unhcr.org\/hungary\/wp-content\/uploads\/sites\/86\/2025\/07\/health-mhpss.png\" alt=\"Sector logo\" style=\"width:30px\" \/>\u00a0<img decoding=\"async\" src=\"https:\/\/help.unhcr.org\/hungary\/wp-content\/uploads\/sites\/86\/2024\/05\/protection.png\" alt=\"Sector logo\" style=\"width:30px\" \/>\u00a0<\/div><\/a><\/div>\n\n<\/div>\n\n\n\n<div class=\"wp-block-columns is-layout-flex wp-container-core-columns-is-layout-9d6595d7 wp-block-columns-is-layout-flex\" style=\"margin-bottom:2em\">\n\n<div class=\"wp-block-column is-layout-flow wp-block-column-is-layout-flow\"><a href=\"\/hungary\/partners\/hidden-treasures-down-association\" style=\"text-decoration:none\"><div style=\"cursor:pointer;background-color:#0072bc;background:linear-gradient(to bottom, rgba(3,132,216,1) 0%, rgba(0,114,188,1) 100%);padding:14px;margin-bottom:0;border-radius:10px;position:relative;width:100%;height:100%;min-height:120px;overflow:hidden;color:white\"><img decoding=\"async\" src=\"https:\/\/help.unhcr.org\/hungary\/wp-content\/uploads\/sites\/86\/2024\/05\/hidden-treasures-down-association.png\" alt=\"undefined logo\" style=\"width:50px;height:50px;margin-bottom:10px\" \/>\n\n<h3 class=\"wp-block-heading undefined\" style=\"font-weight:500;margin-bottom:10px\"><strong>Hidden Treasures Down Association<\/strong><\/h3>\n\n<img decoding=\"async\" src=\"https:\/\/help.unhcr.org\/hungary\/wp-content\/uploads\/sites\/86\/2025\/07\/employment.png\" alt=\"Sector logo\" style=\"width:30px\" \/>\u00a0<\/div><\/a><\/div>\n\n\n\n<div class=\"wp-block-column is-layout-flow wp-block-column-is-layout-flow\"><a href=\"\/hungary\/partners\/hungarian-interchurch-aid\" style=\"text-decoration:none\"><div style=\"cursor:pointer;background-color:#0072bc;background:linear-gradient(to bottom, rgba(3,132,216,1) 0%, rgba(0,114,188,1) 100%);padding:14px;margin-bottom:0;border-radius:10px;position:relative;width:100%;height:100%;min-height:120px;overflow:hidden;color:white\"><img decoding=\"async\" src=\"https:\/\/help.unhcr.org\/hungary\/wp-content\/uploads\/sites\/86\/2024\/05\/hungarian-interchurch-aid.png\" alt=\"undefined logo\" style=\"width:50px;height:50px;margin-bottom:10px\" \/>\n\n<h3 class=\"wp-block-heading undefined\" style=\"font-weight:500;margin-bottom:10px\"><strong>Hungarian Interchurch Aid<\/strong><\/h3>\n\n<img decoding=\"async\" src=\"https:\/\/help.unhcr.org\/hungary\/wp-content\/uploads\/sites\/86\/2024\/05\/child-protection.png\" alt=\"Sector logo\" style=\"width:30px\" \/>\u00a0<img decoding=\"async\" src=\"https:\/\/help.unhcr.org\/hungary\/wp-content\/uploads\/sites\/86\/2025\/07\/employment.png\" alt=\"Sector logo\" style=\"width:30px\" \/>\u00a0<img decoding=\"async\" src=\"https:\/\/help.unhcr.org\/hungary\/wp-content\/uploads\/sites\/86\/2025\/07\/health-mhpss.png\" alt=\"Sector logo\" style=\"width:30px\" \/>\u00a0<img decoding=\"async\" src=\"https:\/\/help.unhcr.org\/hungary\/wp-content\/uploads\/sites\/86\/2024\/05\/housing.png\" alt=\"Sector logo\" style=\"width:30px\" \/>\u00a0<img decoding=\"async\" src=\"https:\/\/help.unhcr.org\/hungary\/wp-content\/uploads\/sites\/86\/2024\/05\/protection.png\" alt=\"Sector logo\" style=\"width:30px\" \/>\u00a0<\/div><\/a><\/div>\n\n\n\n<div class=\"wp-block-column is-layout-flow wp-block-column-is-layout-flow\"><a href=\"\/hungary\/partners\/hungarian-reformed-church-aid\" style=\"text-decoration:none\"><div style=\"cursor:pointer;background-color:#0072bc;background:linear-gradient(to bottom, rgba(3,132,216,1) 0%, rgba(0,114,188,1) 100%);padding:14px;margin-bottom:0;border-radius:10px;position:relative;width:100%;height:100%;min-height:120px;overflow:hidden;color:white\"><img decoding=\"async\" src=\"https:\/\/help.unhcr.org\/hungary\/wp-content\/uploads\/sites\/86\/2025\/04\/hungarian-reformed-church-aid.png\" alt=\"undefined logo\" style=\"width:50px;height:50px;margin-bottom:10px\" \/>\n\n<h3 class=\"wp-block-heading undefined\" style=\"font-weight:500;margin-bottom:10px\"><strong>Hungarian Reformed Church Aid<\/strong><\/h3>\n\n<img decoding=\"async\" src=\"https:\/\/help.unhcr.org\/hungary\/wp-content\/uploads\/sites\/86\/2024\/05\/child-protection.png\" alt=\"Sector logo\" style=\"width:30px\" \/>\u00a0<img decoding=\"async\" src=\"https:\/\/help.unhcr.org\/hungary\/wp-content\/uploads\/sites\/86\/2024\/05\/education.png\" alt=\"Sector logo\" style=\"width:30px\" \/>\u00a0<img decoding=\"async\" src=\"https:\/\/help.unhcr.org\/hungary\/wp-content\/uploads\/sites\/86\/2025\/07\/employment.png\" alt=\"Sector logo\" style=\"width:30px\" \/>\u00a0<img decoding=\"async\" src=\"https:\/\/help.unhcr.org\/hungary\/wp-content\/uploads\/sites\/86\/2025\/07\/gender-based-violence-gbv.png\" alt=\"Sector logo\" style=\"width:30px\" \/>\u00a0<img decoding=\"async\" src=\"https:\/\/help.unhcr.org\/hungary\/wp-content\/uploads\/sites\/86\/2025\/07\/health-mhpss.png\" alt=\"Sector logo\" style=\"width:30px\" \/>\u00a0<img decoding=\"async\" src=\"https:\/\/help.unhcr.org\/hungary\/wp-content\/uploads\/sites\/86\/2024\/05\/housing.png\" alt=\"Sector logo\" style=\"width:30px\" \/>\u00a0<img decoding=\"async\" src=\"https:\/\/help.unhcr.org\/hungary\/wp-content\/uploads\/sites\/86\/2024\/05\/protection.png\" alt=\"Sector logo\" style=\"width:30px\" \/>\u00a0<\/div><\/a><\/div>\n\n<\/div>\n\n\n\n<div class=\"wp-block-columns is-layout-flex wp-container-core-columns-is-layout-9d6595d7 wp-block-columns-is-layout-flex\" style=\"margin-bottom:2em\">\n\n<div class=\"wp-block-column is-layout-flow wp-block-column-is-layout-flow\"><a href=\"\/hungary\/partners\/international-organization-for-migration\" style=\"text-decoration:none\"><div style=\"cursor:pointer;background-color:#0072bc;background:linear-gradient(to bottom, rgba(3,132,216,1) 0%, rgba(0,114,188,1) 100%);padding:14px;margin-bottom:0;border-radius:10px;position:relative;width:100%;height:100%;min-height:120px;overflow:hidden;color:white\"><img decoding=\"async\" src=\"https:\/\/help.unhcr.org\/hungary\/wp-content\/uploads\/sites\/86\/2024\/05\/international-organization-for-migration.png\" alt=\"undefined logo\" style=\"width:50px;height:50px;margin-bottom:10px\" \/>\n\n<h3 class=\"wp-block-heading undefined\" style=\"font-weight:500;margin-bottom:10px\"><strong>International Organization for Migration<\/strong><\/h3>\n\n<img decoding=\"async\" src=\"https:\/\/help.unhcr.org\/hungary\/wp-content\/uploads\/sites\/86\/2025\/07\/basic-needs.png\" alt=\"Sector logo\" style=\"width:30px\" \/>\u00a0<img decoding=\"async\" src=\"https:\/\/help.unhcr.org\/hungary\/wp-content\/uploads\/sites\/86\/2024\/05\/child-protection.png\" alt=\"Sector logo\" style=\"width:30px\" \/>\u00a0<img decoding=\"async\" src=\"https:\/\/help.unhcr.org\/hungary\/wp-content\/uploads\/sites\/86\/2024\/05\/education.png\" alt=\"Sector logo\" style=\"width:30px\" \/>\u00a0<img decoding=\"async\" src=\"https:\/\/help.unhcr.org\/hungary\/wp-content\/uploads\/sites\/86\/2025\/07\/employment.png\" alt=\"Sector logo\" style=\"width:30px\" \/>\u00a0<img decoding=\"async\" src=\"https:\/\/help.unhcr.org\/hungary\/wp-content\/uploads\/sites\/86\/2025\/07\/health-mhpss.png\" alt=\"Sector logo\" style=\"width:30px\" \/>\u00a0<img decoding=\"async\" src=\"https:\/\/help.unhcr.org\/hungary\/wp-content\/uploads\/sites\/86\/2024\/05\/housing.png\" alt=\"Sector logo\" style=\"width:30px\" \/>\u00a0<img decoding=\"async\" src=\"https:\/\/help.unhcr.org\/hungary\/wp-content\/uploads\/sites\/86\/2024\/05\/protection.png\" alt=\"Sector logo\" style=\"width:30px\" \/>\u00a0<\/div><\/a><\/div>\n\n\n\n<div class=\"wp-block-column is-layout-flow wp-block-column-is-layout-flow\"><a href=\"\/hungary\/partners\/litera\" style=\"text-decoration:none\"><div style=\"cursor:pointer;background-color:#0072bc;background:linear-gradient(to bottom, rgba(3,132,216,1) 0%, rgba(0,114,188,1) 100%);padding:14px;margin-bottom:0;border-radius:10px;position:relative;width:100%;height:100%;min-height:120px;overflow:hidden;color:white\"><img decoding=\"async\" src=\"https:\/\/help.unhcr.org\/hungary\/wp-content\/uploads\/sites\/86\/2024\/05\/litera.png\" alt=\"undefined logo\" style=\"width:50px;height:50px;margin-bottom:10px\" \/>\n\n<h3 class=\"wp-block-heading undefined\" style=\"font-weight:500;margin-bottom:10px\"><strong>Litera<\/strong><\/h3>\n\n<img decoding=\"async\" src=\"https:\/\/help.unhcr.org\/hungary\/wp-content\/uploads\/sites\/86\/2024\/05\/education.png\" alt=\"Sector logo\" style=\"width:30px\" \/>\u00a0<img decoding=\"async\" src=\"https:\/\/help.unhcr.org\/hungary\/wp-content\/uploads\/sites\/86\/2025\/07\/health-mhpss.png\" alt=\"Sector logo\" style=\"width:30px\" \/>\u00a0<img decoding=\"async\" src=\"https:\/\/help.unhcr.org\/hungary\/wp-content\/uploads\/sites\/86\/2024\/05\/protection.png\" alt=\"Sector logo\" style=\"width:30px\" \/>\u00a0<img decoding=\"async\" src=\"https:\/\/help.unhcr.org\/hungary\/wp-content\/uploads\/sites\/86\/2024\/05\/child-protection.png\" alt=\"Sector logo\" style=\"width:30px\" \/>\u00a0<img decoding=\"async\" src=\"https:\/\/help.unhcr.org\/hungary\/wp-content\/uploads\/sites\/86\/2025\/07\/employment.png\" alt=\"Sector logo\" style=\"width:30px\" \/>\u00a0<\/div><\/a><\/div>\n\n\n\n<div class=\"wp-block-column is-layout-flow wp-block-column-is-layout-flow\"><a href=\"\/hungary\/partners\/lutheran-diaconia\" style=\"text-decoration:none\"><div style=\"cursor:pointer;background-color:#0072bc;background:linear-gradient(to bottom, rgba(3,132,216,1) 0%, rgba(0,114,188,1) 100%);padding:14px;margin-bottom:0;border-radius:10px;position:relative;width:100%;height:100%;min-height:120px;overflow:hidden;color:white\"><img decoding=\"async\" src=\"https:\/\/help.unhcr.org\/hungary\/wp-content\/uploads\/sites\/86\/2024\/05\/lutheran-diaconia.png\" alt=\"undefined logo\" style=\"width:50px;height:50px;margin-bottom:10px\" \/>\n\n<h3 class=\"wp-block-heading undefined\" style=\"font-weight:500;margin-bottom:10px\"><strong>Lutheran Diaconia<\/strong><\/h3>\n\n<img decoding=\"async\" src=\"https:\/\/help.unhcr.org\/hungary\/wp-content\/uploads\/sites\/86\/2025\/07\/basic-needs.png\" alt=\"Sector logo\" style=\"width:30px\" \/>\u00a0<img decoding=\"async\" src=\"https:\/\/help.unhcr.org\/hungary\/wp-content\/uploads\/sites\/86\/2024\/05\/education.png\" alt=\"Sector logo\" style=\"width:30px\" \/>\u00a0<img decoding=\"async\" src=\"https:\/\/help.unhcr.org\/hungary\/wp-content\/uploads\/sites\/86\/2025\/07\/employment.png\" alt=\"Sector logo\" style=\"width:30px\" \/>\u00a0<img decoding=\"async\" src=\"https:\/\/help.unhcr.org\/hungary\/wp-content\/uploads\/sites\/86\/2024\/05\/housing.png\" alt=\"Sector logo\" style=\"width:30px\" \/>\u00a0<\/div><\/a><\/div>\n\n<\/div>\n\n\n\n<div class=\"wp-block-columns is-layout-flex wp-container-core-columns-is-layout-9d6595d7 wp-block-columns-is-layout-flex\" style=\"margin-bottom:2em\">\n\n<div class=\"wp-block-column is-layout-flow wp-block-column-is-layout-flow\"><a href=\"\/hungary\/partners\/menedek-hungarian-association-for-migrants\" style=\"text-decoration:none\"><div style=\"cursor:pointer;background-color:#0072bc;background:linear-gradient(to bottom, rgba(3,132,216,1) 0%, rgba(0,114,188,1) 100%);padding:14px;margin-bottom:0;border-radius:10px;position:relative;width:100%;height:100%;min-height:120px;overflow:hidden;color:white\"><img decoding=\"async\" src=\"https:\/\/help.unhcr.org\/hungary\/wp-content\/uploads\/sites\/86\/2024\/05\/menedek-hungarian-association-for-migrants.png\" alt=\"undefined logo\" style=\"width:50px;height:50px;margin-bottom:10px\" \/>\n\n<h3 class=\"wp-block-heading undefined\" style=\"font-weight:500;margin-bottom:10px\"><strong>Mened\u00e9k Hungarian Association for Migrants<\/strong><\/h3>\n\n<img decoding=\"async\" src=\"https:\/\/help.unhcr.org\/hungary\/wp-content\/uploads\/sites\/86\/2024\/05\/child-protection.png\" alt=\"Sector logo\" style=\"width:30px\" \/>\u00a0<img decoding=\"async\" src=\"https:\/\/help.unhcr.org\/hungary\/wp-content\/uploads\/sites\/86\/2024\/05\/education.png\" alt=\"Sector logo\" style=\"width:30px\" \/>\u00a0<img decoding=\"async\" src=\"https:\/\/help.unhcr.org\/hungary\/wp-content\/uploads\/sites\/86\/2025\/07\/employment.png\" alt=\"Sector logo\" style=\"width:30px\" \/>\u00a0<img decoding=\"async\" src=\"https:\/\/help.unhcr.org\/hungary\/wp-content\/uploads\/sites\/86\/2025\/07\/health-mhpss.png\" alt=\"Sector logo\" style=\"width:30px\" \/>\u00a0<img decoding=\"async\" src=\"https:\/\/help.unhcr.org\/hungary\/wp-content\/uploads\/sites\/86\/2024\/05\/protection.png\" alt=\"Sector logo\" style=\"width:30px\" \/>\u00a0<\/div><\/a><\/div>\n\n\n\n<div class=\"wp-block-column is-layout-flow wp-block-column-is-layout-flow\"><a href=\"\/hungary\/partners\/menekultek-online-segito-tarsasaga-refugee-help-digital-network\" style=\"text-decoration:none\"><div style=\"cursor:pointer;background-color:#0072bc;background:linear-gradient(to bottom, rgba(3,132,216,1) 0%, rgba(0,114,188,1) 100%);padding:14px;margin-bottom:0;border-radius:10px;position:relative;width:100%;height:100%;min-height:120px;overflow:hidden;color:white\"><img decoding=\"async\" src=\"https:\/\/help.unhcr.org\/hungary\/wp-content\/uploads\/sites\/86\/2024\/05\/menekultek-online-segito-tarsasaga-refugee-help-digital-network.png\" alt=\"undefined logo\" style=\"width:50px;height:50px;margin-bottom:10px\" \/>\n\n<h3 class=\"wp-block-heading undefined\" style=\"font-weight:500;margin-bottom:10px\"><strong>Menek\u00fcltek Online Seg\u00edt\u0151 T\u00e1rsas\u00e1ga (Refugee Help Digital Network)<\/strong><\/h3>\n\n<img decoding=\"async\" src=\"https:\/\/help.unhcr.org\/hungary\/wp-content\/uploads\/sites\/86\/2024\/05\/child-protection.png\" alt=\"Sector logo\" style=\"width:30px\" \/>\u00a0<img decoding=\"async\" src=\"https:\/\/help.unhcr.org\/hungary\/wp-content\/uploads\/sites\/86\/2024\/05\/education.png\" alt=\"Sector logo\" style=\"width:30px\" \/>\u00a0<img decoding=\"async\" src=\"https:\/\/help.unhcr.org\/hungary\/wp-content\/uploads\/sites\/86\/2025\/07\/employment.png\" alt=\"Sector logo\" style=\"width:30px\" \/>\u00a0<img decoding=\"async\" src=\"https:\/\/help.unhcr.org\/hungary\/wp-content\/uploads\/sites\/86\/2025\/07\/health-mhpss.png\" alt=\"Sector logo\" style=\"width:30px\" \/>\u00a0<img decoding=\"async\" src=\"https:\/\/help.unhcr.org\/hungary\/wp-content\/uploads\/sites\/86\/2024\/05\/housing.png\" alt=\"Sector logo\" style=\"width:30px\" \/>\u00a0<img decoding=\"async\" src=\"https:\/\/help.unhcr.org\/hungary\/wp-content\/uploads\/sites\/86\/2024\/05\/protection.png\" alt=\"Sector logo\" style=\"width:30px\" \/>\u00a0<\/div><\/a><\/div>\n\n\n\n<div class=\"wp-block-column is-layout-flow wp-block-column-is-layout-flow\"><a href=\"\/hungary\/partners\/sinosz-siketek-es-nagyothallok-orszagos-szovetsege-national-association-of-the-deaf-and-hard-of-hearing\" style=\"text-decoration:none\"><div style=\"cursor:pointer;background-color:#0072bc;background:linear-gradient(to bottom, rgba(3,132,216,1) 0%, rgba(0,114,188,1) 100%);padding:14px;margin-bottom:0;border-radius:10px;position:relative;width:100%;height:100%;min-height:120px;overflow:hidden;color:white\"><img decoding=\"async\" src=\"https:\/\/help.unhcr.org\/hungary\/wp-content\/uploads\/sites\/86\/2024\/05\/sinosz-siketek-es-nagyothallok-orszagos-szovetsege-national-association-of-the-deaf-and-hard-of-hearing.png\" alt=\"undefined logo\" style=\"width:50px;height:50px;margin-bottom:10px\" \/>\n\n<h3 class=\"wp-block-heading undefined\" style=\"font-weight:500;margin-bottom:10px\"><strong>SINOSZ (Siketek es Nagyothallok Orszagos Szovetsege \/ National Association of the Deaf and Hard of Hearing)<\/strong><\/h3>\n\n<img decoding=\"async\" src=\"https:\/\/help.unhcr.org\/hungary\/wp-content\/uploads\/sites\/86\/2025\/07\/employment.png\" alt=\"Sector logo\" style=\"width:30px\" \/>\u00a0<img decoding=\"async\" src=\"https:\/\/help.unhcr.org\/hungary\/wp-content\/uploads\/sites\/86\/2024\/05\/protection.png\" alt=\"Sector logo\" style=\"width:30px\" \/>\u00a0<\/div><\/a><\/div>\n\n<\/div>\n\n\n\n<div class=\"wp-block-columns is-layout-flex wp-container-core-columns-is-layout-9d6595d7 wp-block-columns-is-layout-flex\" style=\"margin-bottom:2em\">\n\n<div class=\"wp-block-column is-layout-flow wp-block-column-is-layout-flow\"><a href=\"\/hungary\/partners\/strazsa-tanya-turisztikai-kepzo-es-kozhasznu-szocialis-szovetkezet\" style=\"text-decoration:none\"><div style=\"cursor:pointer;background-color:#0072bc;background:linear-gradient(to bottom, rgba(3,132,216,1) 0%, rgba(0,114,188,1) 100%);padding:14px;margin-bottom:0;border-radius:10px;position:relative;width:100%;height:100%;min-height:120px;overflow:hidden;color:white\"><img decoding=\"async\" src=\"https:\/\/help.unhcr.org\/hungary\/wp-content\/uploads\/sites\/86\/2024\/05\/strazsa-tanya-turisztikai-kepzo-es-kozhasznu-szocialis-szovetkezet.png\" alt=\"undefined logo\" style=\"width:50px;height:50px;margin-bottom:10px\" \/>\n\n<h3 class=\"wp-block-heading undefined\" style=\"font-weight:500;margin-bottom:10px\"><strong>Str\u00e1zsa Tanya Turisztikai K\u00e9pz\u0151 \u00e9s K\u00f6zhaszn\u00fa Szoci\u00e1lis Sz\u00f6vetkezet<\/strong><\/h3>\n\n<img decoding=\"async\" src=\"https:\/\/help.unhcr.org\/hungary\/wp-content\/uploads\/sites\/86\/2025\/07\/basic-needs.png\" alt=\"Sector logo\" style=\"width:30px\" \/>\u00a0<img decoding=\"async\" src=\"https:\/\/help.unhcr.org\/hungary\/wp-content\/uploads\/sites\/86\/2024\/05\/education.png\" alt=\"Sector logo\" style=\"width:30px\" \/>\u00a0<img decoding=\"async\" src=\"https:\/\/help.unhcr.org\/hungary\/wp-content\/uploads\/sites\/86\/2025\/07\/employment.png\" alt=\"Sector logo\" style=\"width:30px\" \/>\u00a0<img decoding=\"async\" src=\"https:\/\/help.unhcr.org\/hungary\/wp-content\/uploads\/sites\/86\/2025\/07\/health-mhpss.png\" alt=\"Sector logo\" style=\"width:30px\" \/>\u00a0<img decoding=\"async\" src=\"https:\/\/help.unhcr.org\/hungary\/wp-content\/uploads\/sites\/86\/2024\/05\/housing.png\" alt=\"Sector logo\" style=\"width:30px\" \/>\u00a0<\/div><\/a><\/div>\n\n\n\n<div class=\"wp-block-column is-layout-flow wp-block-column-is-layout-flow\"><a href=\"\/hungary\/partners\/unity\" style=\"text-decoration:none\"><div style=\"cursor:pointer;background-color:#0072bc;background:linear-gradient(to bottom, rgba(3,132,216,1) 0%, rgba(0,114,188,1) 100%);padding:14px;margin-bottom:0;border-radius:10px;position:relative;width:100%;height:100%;min-height:120px;overflow:hidden;color:white\"><img decoding=\"async\" src=\"https:\/\/help.unhcr.org\/hungary\/wp-content\/uploads\/sites\/86\/2024\/05\/unity.png\" alt=\"undefined logo\" style=\"width:50px;height:50px;margin-bottom:10px\" \/>\n\n<h3 class=\"wp-block-heading undefined\" style=\"font-weight:500;margin-bottom:10px\"><strong>UNITY<\/strong><\/h3>\n\n<img decoding=\"async\" src=\"https:\/\/help.unhcr.org\/hungary\/wp-content\/uploads\/sites\/86\/2024\/05\/child-protection.png\" alt=\"Sector logo\" style=\"width:30px\" \/>\u00a0<img decoding=\"async\" src=\"https:\/\/help.unhcr.org\/hungary\/wp-content\/uploads\/sites\/86\/2024\/05\/education.png\" alt=\"Sector logo\" style=\"width:30px\" \/>\u00a0<img decoding=\"async\" src=\"https:\/\/help.unhcr.org\/hungary\/wp-content\/uploads\/sites\/86\/2025\/07\/employment.png\" alt=\"Sector logo\" style=\"width:30px\" \/>\u00a0<img decoding=\"async\" src=\"https:\/\/help.unhcr.org\/hungary\/wp-content\/uploads\/sites\/86\/2025\/07\/health-mhpss.png\" alt=\"Sector logo\" style=\"width:30px\" \/>\u00a0<\/div><\/a><\/div>\n\n\n\n<div class=\"wp-block-column is-layout-flow wp-block-column-is-layout-flow\"><\/div>\n\n<\/div>\n\n\n\n<p class=\"has-medium-font-size\"><a href=\"\/hungary\/partners\">Back to all organisations<\/a><\/p>\n\n\n\n<hr class=\"wp-block-separator has-text-color has-cyan-bluish-gray-color has-alpha-channel-opacity is-style-default\" style=\"border-top:0px !important\" \/>\n\n\n\n<p class=\"has-medium-font-size\"><strong>Disclaimer<\/strong><br \/>Please be advised that the data presented on this page is based on submissions received from partners. If you notice any inaccuracies, kindly reach out to <a href=\"mailto:hunbuim@unhcr.org\">hunbuim@unhcr.org<\/a> so we can review and update the information accordingly.<\/p>\n\n","protected":false},"excerpt":{"rendered":"<p>Change support type:Basic Needs \u2022 Child Protection \u2022 Education \u2022 Employment \u2022 Gender-Based Violence (GBV) \u2022 Health &amp; MHPSS \u2022 Housing \u2022 Protection Artemisszi\u00f3 Intercultural Foundation Caritas Hungarica Carpathian Foundation \/ K\u00e1rp\u00e1tok Alap\u00edtv\u00e1ny Hidden Treasures Down Association Hungarian Interchurch Aid Hungarian Reformed Church Aid International Organization for Migration Litera Lutheran Diaconia Mened\u00e9k Hungarian Association for [&hellip;]<\/p>\n","protected":false},"author":575,"featured_media":0,"parent":12489,"menu_order":3,"comment_status":"closed","ping_status":"closed","template":"","meta":{"_acf_changed":false,"footnotes":""},"class_list":["post-45278","page","type-page","status-publish","hentry"],"acf":[],"_links":{"self":[{"href":"https:\/\/help.unhcr.org\/hungary\/wp-json\/wp\/v2\/pages\/45278","targetHints":{"allow":["GET"]}}],"collection":[{"href":"https:\/\/help.unhcr.org\/hungary\/wp-json\/wp\/v2\/pages"}],"about":[{"href":"https:\/\/help.unhcr.org\/hungary\/wp-json\/wp\/v2\/types\/page"}],"author":[{"embeddable":true,"href":"https:\/\/help.unhcr.org\/hungary\/wp-json\/wp\/v2\/users\/575"}],"replies":[{"embeddable":true,"href":"https:\/\/help.unhcr.org\/hungary\/wp-json\/wp\/v2\/comments?post=45278"}],"version-history":[{"count":18,"href":"https:\/\/help.unhcr.org\/hungary\/wp-json\/wp\/v2\/pages\/45278\/revisions"}],"predecessor-version":[{"id":48834,"href":"https:\/\/help.unhcr.org\/hungary\/wp-json\/wp\/v2\/pages\/45278\/revisions\/48834"}],"up":[{"embeddable":true,"href":"https:\/\/help.unhcr.org\/hungary\/wp-json\/wp\/v2\/pages\/12489"}],"wp:attachment":[{"href":"https:\/\/help.unhcr.org\/hungary\/wp-json\/wp\/v2\/media?parent=45278"}],"curies":[{"name":"wp","href":"https:\/\/api.w.org\/{rel}","templated":true}]}}