{"id":20899,"date":"2024-07-12T10:00:43","date_gmt":"2024-07-12T10:00:43","guid":{"rendered":"https:\/\/help.unhcr.org\/hungary\/?page_id=20899"},"modified":"2024-08-21T21:12:56","modified_gmt":"2024-08-21T21:12:56","slug":"support-and-services-2","status":"publish","type":"page","link":"https:\/\/help.unhcr.org\/hungary\/asylum\/support-and-services-2\/","title":{"rendered":"Access to support and services"},"content":{"rendered":"\n\n<p class=\"has-medium-font-size\"><strong>ON THIS PAGE YOU CAN LEARN ABOUT<\/strong><br>\n<strong>\u2022 <a href=\"#applying-for-documentation\">Applying for documentation<\/a><\/strong><br><strong>\u2022 <a href=\"#financial-support\">Financial support<\/a><\/strong><br><strong>\u2022 <a href=\"#housing-and-accommodation\">Housing and accommodation<\/a><\/strong><br><strong>\u2022 <a href=\"#healthcare\">Healthcare<\/a><\/strong><br><strong>\u2022 <a href=\"#getting-legal-help\">Getting legal help<\/a><\/strong><br>\n<\/p>\n\n <hr class=\"has-alpha-channel-opacity is-style-default\" \/>\n\n<h2 id=\"applying-for-documentation\" class=\"wp-block-heading\"><strong>Applying for documentation<\/strong><\/h2>\n\n\n<p class=\"has-medium-font-size\">To apply for a personal ID document, address card or travel document, you have to visit a Government Office (\u201c<em>Korm\u00e1nyhivatal\u201d<\/em> in Hungarian). For more information please check the Governmental Hotline <a href=\"https:\/\/www.kormanyhivatalok.hu\/en\">webpage<\/a>.  General information on the Government Offices is available <a href=\"https:\/\/kormanyhivatalok.hu\/\">here<\/a>. <\/p>\n\n\n<h2 id=\"financial-support\" class=\"wp-block-heading\"><strong>Financial support<\/strong><\/h2>\n\n\n<p class=\"has-medium-font-size\">When you have refugee or subsidiary protection status you have the same rights as Hungarian citizens and you are entitled to mainstream social benefits and assistance Hungarian citizens in similar situations have.<\/p>\n\n\n<figure class=\"wp-block-table has-medium-font-size\"><table class=\"has-fixed-layout\"><thead><tr><th><strong>Name<\/strong><\/th><th><strong>Hungarian Name<\/strong><\/th><th><strong>Description<\/strong><\/th><th><strong>How to apply? <\/strong><\/th><\/tr><\/thead><tbody><tr><td>Family Allowance<\/td><td>Csal\u00e1di P\u00f3tl\u00e9k<\/td><td>A monthly allowance granted for each child from birth until they are 20 years old, still attending school\/higher education, or 23 years old for children with special needs. This is a universal allowance, not dependent on financial situation.<\/td><td>At the Government Office with the <a href=\"https:\/\/www.allamkincstar.gov.hu\/pfile\/file?path=\/csaladok-tamogatasa\/Csalad_gyermek\/csaladi-potlek\/jobb\/kapcsolodo-nyomtatvanyok\/kerelem-csaladi-potlek-megallapitasara&amp;inline=true\">application form<\/a>.<\/td><\/tr><tr><td>Regular Child Protection Benefit<\/td><td>Rendszeres Gyermekv\u00e9delmi Kedvezm\u00e9ny<\/td><td>In-kind and financial social support for families in need, including free school\/school holiday meals and twice-yearly financial support.<\/td><td>At the notary\u2019s office of the local municipality.<\/td><\/tr><tr><td>Support for Mothers<\/td><td>Anyas\u00e1gi T\u00e1mogat\u00e1s<\/td><td>One-time financial support provided after each childbirth, irrespective of the recipient&#x27;s financial situation.<\/td><td>aAt the Government Office with the <a href=\"https:\/\/www.allamkincstar.gov.hu\/pfile\/file?path=\/csaladok-tamogatasa\/gyermekvallalas-tamogatasa\/anyasagi-tamogatas\/jobb\/kapcsolodo-nyomtatvanyok\/Kerelem_anyasagi_tam._megallapitasara.pdf&amp;inline=true\">application form<\/a>.<\/td><\/tr><tr><td>Infant Care Allowance \/ Childcare Allowance<\/td><td>Csecsem\u0151gondoz\u00e1si d\u00edj (CSED) \/ <br>Gyermekgondoz\u00e1si d\u00edj (GYED)<\/td><td>CSED is a monthly allowance and benefit provided for 168 days following the birth of the child, while GYED provided from the day after the end of the period of CSED until the child is 2 years old or, in the case of twins, until the child is 3 years old, both are based on specific preconditions, inter alia, the condition of participating in the social security system.<\/td><td>The application <a href=\"https:\/\/www.allamkincstar.gov.hu\/pfile\/file?path=\/csaladok-tamogatasa\/gyermekvallalas-tamogatasa\/csecsemogondozasi-dij-csed-\/jobb\/kapcsolodo-nyomtatvanyok\/CSK_nyilatkozat.pdf&amp;inline=true\">form<\/a> must be submitted to the eligible parent\u2019s employer, both during and after the termination of the employment.<\/td><\/tr><tr><td>Childcare Assistance<\/td><td>Gyermekgondoz\u00e1st seg\u00edt\u0151 ell\u00e1t\u00e1s \/ GYES <\/td><td>A monthly allowance provided for each child up to 3 years of age (twins until school) or up to 10 years of age for children with a long-term illness or severe disability.<\/td><td>At the Government Office by submitting this <a href=\"https:\/\/www.allamkincstar.gov.hu\/pfile\/file?path=\/csaladok-tamogatasa\/Csalad_gyermek\/gyermekgondozast-segito-ellatas\/jobb\/kapcsolodo-nyomtatvanyok\/Kerelem_gyermekgondozast_segito_ellatas_megallapitasara&amp;inline=true\">form<\/a>. <\/td><\/tr><tr><td>Child-raising Support<\/td><td>Gyermeknevel\u00e9si t\u00e1mogat\u00e1s \/ GYET<\/td><td>Monthly allowance provided for parents or guardians who raise three or more minor children. The financial support is paid from the age of three to the age of eight of the youngest child, provided that the beneficiary has three or more minor children in his\/her household.<\/td><td>By submitting this <a href=\"https:\/\/www.allamkincstar.gov.hu\/pfile\/file?path=\/csaladok-tamogatasa\/Csalad_gyermek\/gyermeknevelesi-tamogatas\/jobb\/kapcsolodo-nyomtatvanyok\/Kerelem_gyermeknevelesi_tamogatas_megallapitasara.pdf&amp;inline=true\">form<\/a> at the Government Office.<\/td><\/tr><tr><td>Jobseeker Benefit<\/td><td>\u00c1ll\u00e1skeres\u00e9si J\u00e1rad\u00e9k<\/td><td>A monthly benefit for registered jobseekers for up to 90 days, subject to certain conditions.<\/td><td>In person at the National Employment Service office or online at the Service\u2019s <a href=\"https:\/\/nfsz.munka.hu\/cikk\/78\/Ki_jogosult_allaskeresesi_jaradekra\">webpage<\/a> by using your birthdate and TAJ number (Social Insurance Number).<\/td><\/tr><\/tbody><\/table><\/figure>\n\n<p class=\"has-medium-font-size\">There are also some forms of <strong>non-financial (in-kind) social assistance (food, school meals, materials)<\/strong> that can be usually requested from the municipalities, where your permanent address is registered, such as exemption from paying for prescribed medication \u202f(free or cheaper medication), free or discounted institutional child meals and free holiday meals for children, and one-time in-kind child protection support (support for textbooks and educational materials, takeover of tuition fee etc.). <\/p>\n\n\n<p class=\"has-medium-font-size\">For more information on eligibility conditions and application procedures please turn to the town clerk\u2019s office at the local municipality.<\/p>\n\n\n<p class=\"has-medium-font-size\">(Each and every service requires a different procedure, so it is best to refer the beneficiary to the local municipality.) <\/p>\n\n\n<h2 id=\"housing-and-accommodation\" class=\"wp-block-heading\"><strong>Housing and accommodation<\/strong><\/h2>\n\n\n<p class=\"has-medium-font-size\">As a refugee or a beneficiary of subsidiary protection, also as a tolerated status holder, you can spend up to 30 days in the reception facility at Balassagyarmat after receiving the status decision. After the 30 days expire, the immigration authority (National Directorate-General for Aliens Policing, called \u201cOIF\u201d in Hungarian) gives you a written statement indicating that you must leave the camp.<\/p>\n\n\n<p class=\"has-medium-font-size\">During these 30 days, among other tasks \u2013 such as obtaining necessary ID, health insurance and tax documents \u2013 you will need to find housing opportunities. Social workers of the centre should be of assistance in this.<\/p>\n\n\n<p class=\"has-medium-font-size\">The below organisations can possibly provide support or advice in finding accommodation\/housing or shelter opportunities, however, it is not guaranteed that they will be able to assist in all cases.<\/p>\n\n\n<h2 id=\"healthcare\" class=\"wp-block-heading\"><strong>Healthcare<\/strong><\/h2>\n\n\n<h3 class=\"wp-block-heading\"><strong>Free health services in the first 6 months<\/strong><\/h3>\n\n\n<p class=\"has-medium-font-size\">During the first six months after you receive your refugee or subsidiary protection status, you are entitled to free basic health services. These services include medical screenings, examinations, and treatment, both general and specialised..<\/p>\n\n\n<p class=\"has-medium-font-size\">Typically, the social workers at the asylum facility where you are staying will arrange for a health insurance card (known as &#8220;TAJ k\u00e1rtya&#8221; in Hungarian) for you. However, it may not be ready before you leave the camp. Instead, you will receive an A4-sized document called &#8220;Hat\u00f3s\u00e1gi Bizony\u00edtv\u00e1ny&#8221; in Hungarian. This document will allow you to obtain the actual health card when you move to Budapest or other cities.<\/p>\n\n\n<p class=\"has-medium-font-size\">In case the social workers do not arrange for the health card, you will need to take care of it yourself at your local Government&#x27;s Office (where your permanent address is registered).\u00a0<\/p>\n\n\n<h3 class=\"wp-block-heading\"><strong>Health insurance after the first 6 months<\/strong><\/h3>\n\n\n<p class=\"has-medium-font-size\">After the initial six months have passed, you can obtain health insurance that covers all medical costs in a few ways:<\/p>\n\n<ol>\n<li class=\"has-medium-font-size\">Through employment, where your employer will pay the required contribution for social insurance.  Refugees and beneficiaries of subsidiary protection are considered domestic residents under Hungarian law, which means you are obliged to apply for a social security card for yourself. In order to do so you need to visit the local Government Office, where you will have to submit the application form and attach your ID documents together with the certificate of your refugee status.<\/li>\n\n<li class=\"has-medium-font-size\">Based on &#8220;being socially in need,&#8221; which means your monthly income does not exceed certain limits, as follows:<ol>\n<li class=\"has-medium-font-size\">For families: The monthly income per person should not exceed 34,200 HUF (approximately 94 EUR).<\/li>\n\n<li class=\"has-medium-font-size\">For single individuals: The monthly income should not exceed 42,750 HUF (approximately 118 EUR).<\/li>\n\n<li class=\"has-medium-font-size\">Additionally, you and your family should not possess significant assets.<\/li>\n<\/ol><\/li>\n<\/ol>\n<p class=\"has-medium-font-size\">For this you need to request the local Government Office to assess your eligibility and issue a certificate, which is valid for one year.<\/p>\n\n<ol>\n<li class=\"has-medium-font-size\">By paying for insurance yourself on a monthly basis, that is 11,300 HUF (around 29 EUR) per month. To do so, you must have a continuously registered permanent address for at least one year and you will need to submit a declaration to the National Tax and Customs Office (NAV in Hungarian), which is available at this <a href=\"https:\/\/nav.gov.hu\/nyomtatvanyok\/letoltesek\/nyomtatvanykitolto_programok\/nyomtatvanykitolto_programok_nav\/24T1011U\">link<\/a>. A list of NAC costumer services is available <a href=\"https:\/\/nav.gov.hu\/en\/contact\/Tax_and_Customs_Directorates_of_the_NTCA\">here<\/a>. <\/li>\n<\/ol>\n<h2 id=\"getting-legal-help\" class=\"wp-block-heading\"><strong>Getting legal help<\/strong><\/h2>\n\n\n<p class=\"has-medium-font-size\">If you find yourself in need of free legal assistance in Hungary, there are several organisations who can provide help for various legal matters.<\/p>\n\n\n<h3 class=\"wp-block-heading\"><strong>Hungarian Helsinki Committee <\/strong><\/h3>\n\n\n<ul class=\"has-medium-font-size wp-block-list\">\n<li class=\"has-medium-font-size\">Refugee \/ subsidiary protection status (asylum procedure),<\/li>\n\n<li class=\"has-medium-font-size\">Protection for stateless persons,<\/li>\n\n<li class=\"has-medium-font-size\">Naturalization (= how to get Hungarian citizenship),<\/li>\n\n<li class=\"has-medium-font-size\">Family reunification procedure (= reuniting with direct family members, such as minor children, wife\/husband, parents from the country of origin or other countries),<\/li>\n\n<li class=\"has-medium-font-size\">Status review (= in case the authority decides to review your refugee \/ subsidiary protection status, or it is reviewed under mandatory periodic review),<\/li>\n\n<li class=\"has-medium-font-size\">Ill-treatment, violence, abuse by authorities (like the immigration authority, police, security guards),<\/li>\n\n<li class=\"has-medium-font-size\">Hate crimes (= when you are attacked physically or verbally because of your actual or perceived belonging to a social group, such as a religious, ethnic group or being a refugee, etc.).<\/li>\n<\/ul>\n\n<div class=\"wp-block-group\"><div class=\"wp-block-group__inner-container is-layout-constrained wp-block-group-is-layout-constrained\">\n<a href=\"https:\/\/help.unhcr.org\/hungary\/partners\/hungarian-helsinki-committee\" style=\"text-decoration: none\">\n\n\n\n<div style=\"background-color:#E8E8E8;color:white;border-radius:10px;padding: 24px 24px 1px\">\n\n\n\n<figure class=\"wp-block-image size-full is-resized\"><img loading=\"lazy\" decoding=\"async\" width=\"100\" height=\"100\" src=\"https:\/\/help.unhcr.org\/hungary\/wp-content\/uploads\/sites\/86\/2024\/07\/callout_hhc.png\" alt=\"\" class=\"wp-image-20671\" style=\"width:70px\" \/><\/figure>\n\n\n\n<div style=\"height:14px\" aria-hidden=\"true\" class=\"wp-block-spacer\"><\/div>\n\n\n\n<p class=\"has-black-color has-text-color has-link-color has-medium-font-size wp-elements-46115f780eb0cc5243a12620050790da\"><strong>Click here to contact the Hungarian Helsinki Committee<\/strong> for support related to protection for individuals fleeing Ukraine, including help with entering Hungary and acquiring Temporary Protection; help with family reunification; addressing ill-treatment, violence, or abuse; and addressing hate crimes.<\/p>\n\n\n\n<\/div><\/a>\n<\/div><\/div>\n\n\n\n<p><\/p>\n\n<h3 class=\"wp-block-heading\"><strong>Mened\u00e9k Association<\/strong><\/h3>\n\n\n<ul class=\"has-medium-font-size wp-block-list\">\n<li class=\"has-medium-font-size\">Legal questions other than in relation to the asylum, immigration, or criminal procedure,<\/li>\n\n<li class=\"has-medium-font-size\">Visa and residence permit<\/li>\n\n<li class=\"has-medium-font-size\">Social rights (= right to social support, labour rights, right to education etc.).<\/li>\n<\/ul>\n\n<div class=\"wp-block-group\"><div class=\"wp-block-group__inner-container is-layout-constrained wp-block-group-is-layout-constrained\">\n<a href=\"https:\/\/help.unhcr.org\/hungary\/partners\/menedek-hungarian-association-for-migrants\/\" style=\"text-decoration: none\">\n\n\n\n<div style=\"background-color:#90CD90;color:white;border-radius:10px;padding: 24px 24px 1px\">\n\n\n\n<figure class=\"wp-block-image size-full is-resized\"><img loading=\"lazy\" decoding=\"async\" width=\"100\" height=\"100\" src=\"https:\/\/help.unhcr.org\/hungary\/wp-content\/uploads\/sites\/86\/2024\/07\/callout_menedek.png\" alt=\"\" class=\"wp-image-20665\" style=\"width:70px\" \/><\/figure>\n\n\n\n<div style=\"height:14px\" aria-hidden=\"true\" class=\"wp-block-spacer\"><\/div>\n\n\n\n<p class=\"has-black-color has-text-color has-link-color has-medium-font-size wp-elements-7deffa3ea07fc7f417880211ca0cff89\"><strong>Click here to contact Mened\u00e9k Egyes\u00fclet<\/strong> for support related to counselling and legal advice on asylum and immigration; visa and residence permit-related inquiries; and support for social rights, including access to social support and services, labour rights, and education rights.<\/p>\n\n\n\n<\/div><\/a>\n<\/div><\/div>\n\n\n\n<p><\/p>\n","protected":false},"excerpt":{"rendered":"<p>ON THIS PAGE YOU CAN LEARN ABOUT \u2022 Applying for documentation\u2022 Financial support\u2022 Housing and accommodation\u2022 Healthcare\u2022 Getting legal help Applying for documentation To apply for a personal ID document, address card or travel document, you have to visit a Government Office (\u201cKorm\u00e1nyhivatal\u201d in Hungarian). For more information please check the Governmental Hotline webpage. General [&hellip;]<\/p>\n","protected":false},"author":347,"featured_media":0,"parent":18692,"menu_order":5,"comment_status":"closed","ping_status":"closed","template":"","meta":{"_acf_changed":false,"footnotes":""},"class_list":["post-20899","page","type-page","status-publish","hentry"],"acf":[],"_links":{"self":[{"href":"https:\/\/help.unhcr.org\/hungary\/wp-json\/wp\/v2\/pages\/20899","targetHints":{"allow":["GET"]}}],"collection":[{"href":"https:\/\/help.unhcr.org\/hungary\/wp-json\/wp\/v2\/pages"}],"about":[{"href":"https:\/\/help.unhcr.org\/hungary\/wp-json\/wp\/v2\/types\/page"}],"author":[{"embeddable":true,"href":"https:\/\/help.unhcr.org\/hungary\/wp-json\/wp\/v2\/users\/347"}],"replies":[{"embeddable":true,"href":"https:\/\/help.unhcr.org\/hungary\/wp-json\/wp\/v2\/comments?post=20899"}],"version-history":[{"count":46,"href":"https:\/\/help.unhcr.org\/hungary\/wp-json\/wp\/v2\/pages\/20899\/revisions"}],"predecessor-version":[{"id":26900,"href":"https:\/\/help.unhcr.org\/hungary\/wp-json\/wp\/v2\/pages\/20899\/revisions\/26900"}],"up":[{"embeddable":true,"href":"https:\/\/help.unhcr.org\/hungary\/wp-json\/wp\/v2\/pages\/18692"}],"wp:attachment":[{"href":"https:\/\/help.unhcr.org\/hungary\/wp-json\/wp\/v2\/media?parent=20899"}],"curies":[{"name":"wp","href":"https:\/\/api.w.org\/{rel}","templated":true}]}}