{"id":18882,"date":"2024-06-05T21:07:47","date_gmt":"2024-06-05T21:07:47","guid":{"rendered":"https:\/\/help.unhcr.org\/hungary\/?page_id=18882"},"modified":"2025-07-10T13:04:34","modified_gmt":"2025-07-10T13:04:34","slug":"trafficking","status":"publish","type":"page","link":"https:\/\/help.unhcr.org\/hungary\/trafficking\/","title":{"rendered":"Labor exploitation, domestic servitude, and trafficking in human beings"},"content":{"rendered":"\n\n<p class=\"has-medium-font-size\"><strong>ON THIS PAGE YOU CAN LEARN ABOUT:<\/strong><br>\n<strong>\u2022 <a href=\"#reach-for-the-help-available\">Reach for the help available<\/a><\/strong><br>\n<\/p>\n\n <hr class=\"has-alpha-channel-opacity is-style-default\" \/>\n\n<p class=\"has-medium-font-size\">There is help and support for victims of labor exploitation, domestic servitude and human trafficking. You can report these crimes to the police or to specialized NGOs, to receive information on what support is available.<\/p>\n\n\n<h3 class=\"wp-block-heading\"><strong>You or someone you know might be a victim of labor exploitation, domestic servitude and trafficking, if<\/strong><\/h3>\n\n\n<ul class=\"has-medium-font-size wp-block-list\">\n<li class=\"has-medium-font-size\">You or they are brought to Hungary by force or pretense, or moved around Hungary, and forced to work <\/li>\n\n<li class=\"has-medium-font-size\">You or they are coerced or forced to have sex<\/li>\n\n<li class=\"has-medium-font-size\">You or they are prevented from contacting family and friends<\/li>\n\n<li class=\"has-medium-font-size\">You or their employer keeps back the payment<\/li>\n\n<li class=\"has-medium-font-size\">You or they are prevented from moving around when wanting to<\/li>\n\n<li class=\"has-medium-font-size\">You or they are coerced to work against your or their will<\/li>\n\n<li class=\"has-medium-font-size\">Your or their passport or documents have been taken from you or them<\/li>\n\n<li class=\"has-medium-font-size\">There are threats to harm you, your family, them or their family<\/li>\n\n<li class=\"has-medium-font-size\">You or they are forced to live in unsuitable, degrading places<\/li>\n\n<li class=\"has-medium-font-size\">Your or their employer is not providing the documents required for employing workers<\/li>\n\n<li class=\"has-medium-font-size\">Someone forces you or them to donate an organ.<\/li>\n<\/ul>\n\n<p class=\"has-medium-font-size\">Victims of trafficking have the right to assistance, including:<\/p>\n\n\n<ul class=\"has-medium-font-size wp-block-list\">\n<li class=\"has-medium-font-size\">appropriate and secure accommodation, <\/li>\n\n<li class=\"has-medium-font-size\">psychological and material assistance, legal counselling,<\/li>\n\n<li class=\"has-medium-font-size\">access to healthcare, medical treatment and relevant information,<\/li>\n\n<li class=\"has-medium-font-size\">access to residence permit.<\/li>\n<\/ul>\n\n<h2 id=\"reach-for-the-help-available\" class=\"wp-block-heading\"><strong>Reach for the help available<\/strong><\/h2>\n\n\n<figure class=\"wp-block-table has-medium-font-size\"><table class=\"has-fixed-layout\"><thead><tr><th><strong>Organization<\/strong><\/th><th><strong>Phone<\/strong><\/th><th><strong>E-mail<\/strong><\/th><th><strong>How can they help?<\/strong><\/th><\/tr><\/thead><tbody><tr><td>Emergency services (police, ambulance)<\/td><td>112 (Toll-free)<\/td><td><\/td><td>Call in case of immediate danger to life, or if you suspect that a criminal offence has been committed, if there is a situation endangering the life or physical safety of a person, or if a child is in danger.<\/td><\/tr><tr><td>OKIT \/ National Crisis Management and Information Telephone Service<\/td><td>+36 80 20 55 20 (Toll-free 0-24, Hun\/Eng)<\/td><td>segelyszervezet@segelyszervezet.hu<\/td><td>Assistance for victims of human trafficking and gender-based violence, arranges for their accommodation if necessary.<\/td><\/tr><tr><td>Lehet\u0151s\u00e9g csal\u00e1doknak 2005 \/ Chance for Families 2005<\/td><td>+36 96 204 168<\/td><td>csaomovar@wsi.hu<\/td><td>Temporary accommodation and complex individualized support in Hun \/ Ukr.<\/td><\/tr><tr><td>Baptista Szeretetszolg\u00e1lat \/ Baptist Aid<\/td><td>+36 20 239 2297<\/td><td>ukrajna@baptistasegely.hu<\/td><td>Temporary accommodation, rehabilitation, aftercare.<\/td><\/tr><tr><td>\u00c1SK \/ Victim Support Hotline: <\/td><td>+36 80 225 225 (Toll-free 0 -24, Hun)<\/td><td>aldozatsegitokozpontbudapest@im.gov.hu<\/td><td>Provide victims with information on their rights, obligations and options emotional and psychological support legal advice and practical assistance.<\/td><\/tr><tr><td>UNHCR<\/td><td>+36 80 984 583 (Toll-free from Monday to Friday 8 -17.00, Eng \/ Rus \/ Ukr)<\/td><td>hunbucontact@unhcr.org<\/td><td>Referrals to organizations providing assistance for refugee victims of human trafficking.<\/td><\/tr><tr><td>Blue Line Child Crisis Foundation<\/td><td>+36 80 984 590 (Toll-free Ukr \/ Rus, on Tuesday and Thursday between 16.00-20.00)<\/td><td>ukraine@kek-vonal.hu<\/td><td>If you are a child in trouble, if you feel in danger, they can help you to think through what to do. The Foundation can help you even if you feel you want to leave or have already left home. You can call their free child helpline anonymously.<\/td><\/tr><tr><td>Local general practitioner or other health care provider<\/td><td>112 (Toll-free, call in case of urgent medical need.)<\/td><td>Search for the name of your place of residence and add &#8220;general practitioner&#8221; or \u201chospital\u201d.<\/td><td>With health issues turn to the local general practitioner or nearest health care provider.<br>Interpreter service is available via the 1812 phone number between 8.00 \u2013 16.30 from Monday to Friday. Interpreters will assist your doctor with translation from Ukr\/Rus to Hun.<\/td><\/tr><tr><td>NANE \/ Women For Women Together Against Violence Association<\/td><td>+36 80 505 101 (Toll-free, on Mondays, Tuesdays and Thursdays 18.00-22.00 on Tuesdays and Wednesdays 12.00-14.00) <\/td><td>info@nane.hu<\/td><td>Supporting abused women and children.<\/td><\/tr><tr><td>Cordelia Foundation<\/td><td>+36 1 349 1450 (Hun \/ Eng)<\/td><td>Direct contact through their webpage (<a href=\"https:\/\/cordelia.hu\/en\/call-us-help\/\">click<\/a>) or cordelia@cordelia.hu<\/td><td>Free mental health care for trauma survivors. In English and Ukrainian or with interpreter in French, Somali, Arabic, Persian, Dari, Pastu.<\/td><\/tr><tr><td>Mened\u00e9k Association<\/td><td>+36 20 450 7245<\/td><td>menedek@menedek.hu<\/td><td>Providing counselling related to labor rights.<\/td><\/tr><tr><td>Labor Inspectorate<\/td><td>To find the phone number of the relevant office, please click <a href=\"https:\/\/mvff.munka.hu\/#\/_munkavedelmi_hatosagok\">here<\/a>.<\/td><td>munkav\u00e9delmi-foo@gfm.gov.hu<\/td><td>Reports and complaints can be submitted in person, by telephone and in writing by post or electronically, free of charge<\/td><\/tr><\/tbody><\/table><\/figure>\n\n<p class=\"has-medium-font-size\">If you face language barriers, you can book an interpreter with the International Organization for Migration (IOM), from Monday to Friday between 9.00 and 17.00. To register please click <a href=\"https:\/\/outlook.office365.com\/book\/IOMTranslationService@iomint.onmicrosoft.com\/\">here<\/a>. Please make sure you request the support service in advance.<\/p>\n\n\n<div class=\"wp-block-group\"><div class=\"wp-block-group__inner-container is-layout-constrained wp-block-group-is-layout-constrained\">\n<div style=\"background-color:#b9dfff;color:white;border-radius:10px;padding: 24px 24px 4px\">\n\n\n\n<figure class=\"wp-block-image size-full is-resized\"><img loading=\"lazy\" decoding=\"async\" width=\"100\" height=\"100\" src=\"https:\/\/help.unhcr.org\/hungary\/wp-content\/uploads\/sites\/86\/2024\/06\/callout_rcc-1.png\" alt=\"\" class=\"wp-image-18970\" style=\"width:70px\" \/><\/figure>\n\n\n\n<div style=\"height:14px\" aria-hidden=\"true\" class=\"wp-block-spacer\"><\/div>\n\n\n\n<p class=\"has-black-color has-text-color has-link-color has-medium-font-size wp-elements-41ce2414641dbfa10a869784448b8b11\">For more information, feedback, or complaints, call the <strong>UNHCR Refugee Helpline<\/strong> on <strong><a href=\"tel:+36 80 984 583\">+36 80 984 583<\/a>\u200b<\/strong> between Monday \u2013 Friday, 08:00 \u2013 17:00, in Ukrainian, Russian, Hungarian or English, or send an email to <a href=\"mailto:hunbucontact@unhcr.org\">hunbucontact@unhcr.org<\/a>. <\/p>\n\n\n<p class=\"hcr-help-webrtc-block-wrapper\"><button onclick=\"hcrHelpWebRTCOpenModal()\" class=\"hcr-help-webrtc-trigger-modal-button hcr-help-webrtc-trigger-modal-button-blue\">Click here to call UNHCR<\/button><\/p>\n\n\n<\/div>\n<\/div><\/div>\n\n\n\n<p><\/p>\n\n<div class=\"wp-block-group\"><div class=\"wp-block-group__inner-container is-layout-constrained wp-block-group-is-layout-constrained\">\n<a href=\"https:\/\/help.unhcr.org\/hungary\/safe-online\" style=\"text-decoration: none\">\n\n\n\n<div style=\"background-color:#b9dfff;color:white;border-radius:10px;padding: 24px 24px 4px\">\n\n\n\n<figure class=\"wp-block-image size-full is-resized\"><img loading=\"lazy\" decoding=\"async\" width=\"100\" height=\"100\" src=\"https:\/\/help.unhcr.org\/hungary\/wp-content\/uploads\/sites\/86\/2024\/07\/callout_safeonline.png\" alt=\"\" class=\"wp-image-20200\" style=\"width:70px\" \/><\/figure>\n\n\n\n<div style=\"height:14px\" aria-hidden=\"true\" class=\"wp-block-spacer\"><\/div>\n\n\n\n<p class=\"has-black-color has-text-color has-link-color has-medium-font-size wp-elements-58b1a5c7e66a8f90665d1074f6e71364\">Have you had a negative experience while being online? <strong>Click here to read our guidebook about protecting yourself and your family against digital threats!<\/strong><\/p>\n\n\n\n<\/div><\/a>\n<\/div><\/div>\n\n\n\n<p><\/p>\n","protected":false},"excerpt":{"rendered":"<p>ON THIS PAGE YOU CAN LEARN ABOUT: \u2022 Reach for the help available There is help and support for victims of labor exploitation, domestic servitude and human trafficking. You can report these crimes to the police or to specialized NGOs, to receive information on what support is available. You or someone you know might be [&hellip;]<\/p>\n","protected":false},"author":347,"featured_media":0,"parent":0,"menu_order":14,"comment_status":"closed","ping_status":"closed","template":"","meta":{"_acf_changed":false,"footnotes":""},"class_list":["post-18882","page","type-page","status-publish","hentry"],"acf":[],"_links":{"self":[{"href":"https:\/\/help.unhcr.org\/hungary\/wp-json\/wp\/v2\/pages\/18882","targetHints":{"allow":["GET"]}}],"collection":[{"href":"https:\/\/help.unhcr.org\/hungary\/wp-json\/wp\/v2\/pages"}],"about":[{"href":"https:\/\/help.unhcr.org\/hungary\/wp-json\/wp\/v2\/types\/page"}],"author":[{"embeddable":true,"href":"https:\/\/help.unhcr.org\/hungary\/wp-json\/wp\/v2\/users\/347"}],"replies":[{"embeddable":true,"href":"https:\/\/help.unhcr.org\/hungary\/wp-json\/wp\/v2\/comments?post=18882"}],"version-history":[{"count":138,"href":"https:\/\/help.unhcr.org\/hungary\/wp-json\/wp\/v2\/pages\/18882\/revisions"}],"predecessor-version":[{"id":45125,"href":"https:\/\/help.unhcr.org\/hungary\/wp-json\/wp\/v2\/pages\/18882\/revisions\/45125"}],"wp:attachment":[{"href":"https:\/\/help.unhcr.org\/hungary\/wp-json\/wp\/v2\/media?parent=18882"}],"curies":[{"name":"wp","href":"https:\/\/api.w.org\/{rel}","templated":true}]}}