{"id":18729,"date":"2024-06-05T18:33:30","date_gmt":"2024-06-05T18:33:30","guid":{"rendered":"https:\/\/help.unhcr.org\/hungary\/?page_id=18729"},"modified":"2026-02-10T13:48:53","modified_gmt":"2026-02-10T13:48:53","slug":"entering-hungary","status":"publish","type":"page","link":"https:\/\/help.unhcr.org\/hungary\/entering-hungary\/","title":{"rendered":"Entering Hungary from Ukraine"},"content":{"rendered":"\n<div class=\"wp-block-group\"><div class=\"wp-block-group__inner-container is-layout-constrained wp-block-group-is-layout-constrained\">\n<a href=\"https:\/\/help.unhcr.org\/hungary\/asylum\" style=\"text-decoration: none\">\n\n\n\n<div style=\"background-color:#FCF366;color:white;border-radius:10px;padding: 30px 24px 1px\">\n\n\n\n<p class=\"has-black-color has-text-color has-link-color has-medium-font-size wp-elements-72183a99265c5278b4d2aadfe10b01a0\"><strong>This page is designed for people fleeing from Ukraine to Hungary.<\/strong> If you are seeking asylum from another country, please click here for more information.<\/p>\n\n\n\n<\/div><\/a>\n<\/div><\/div>\n\n\n\n<p><\/p>\n\n\n\n<p class=\"has-medium-font-size\"><strong>ON THIS PAGE YOU CAN LEARN ABOUT:<\/strong><br>\n<strong>\u2022 <a href=\"#who-can-enter-hungary\">Who can enter Hungary?<\/a><\/strong><br><strong>\u2022 <a href=\"#border-crossing-points\">Border crossing points<\/a><\/strong><br><strong>\u2022 <a href=\"#required-documents-for-entry\">Required documents for entry<\/a><\/strong><br><strong>\u2022 <a href=\"#if-your-entry-is-refused\">If your entry is refused<\/a><\/strong><br><strong>\u2022 <a href=\"#help-points-around-the-border\">Help Points around the border<\/a><\/strong><br><strong>\u2022 <a href=\"#travelling-to-budapest-with-public-transportation\">Travelling to Budapest with public transportation<\/a><\/strong><br><strong>\u2022 <a href=\"#information-and-emergency-housing-in-budapest\">Information and emergency housing in Budapest<\/a><\/strong><br>\n<\/p>\n\n\n<hr class=\"has-alpha-channel-opacity is-style-default\" \/>\n\n\n<p class=\"has-medium-font-size\">When you want to travel from Ukraine to Hungary, the Hungarian authorities make a decision about whether you can enter Hungary based on your specific situation. It&#8217;s important to have all the necessary documents that prove you&#8217;re allowed to enter Hungary when you arrive at the border crossing.<\/p>\n\n\n\n<p class=\"has-medium-font-size\">If you have humanitarian needs or want to ask for protection, make sure to let the border authorities know.<\/p>\n\n\n\n<h2 class=\"wp-block-heading\" id=\"who-can-enter-hungary\"><strong>Who can enter Hungary?<\/strong><\/h2>\n\n\n\n<h3 class=\"wp-block-heading\"><strong>Ukrainian nationals<\/strong><\/h3>\n\n\n\n<p class=\"has-medium-font-size\"><strong>If you are a Ukrainian national<\/strong>; someone who received protection in Ukraine before February 24, 2022; recognized as stateless in Ukraine before February 24, 2022; or a family member of any of them (like a spouse, child, parent, or sibling under 18), <strong>you are generally allowed to enter Hungary<\/strong>, unless you have a ban on entering Schengen countries. If you have a biometric passport, <strong>you can stay in the Schengen area for up to 90 days<\/strong> without needing a visa. During this time, <strong>you can apply for temporary protection<\/strong> in Hungary or go to another Schengen country and apply there.<\/p>\n\n\n\n<p class=\"has-medium-font-size\"><strong>If you don&#8217;t have a biometric passpor<\/strong>t, the Hungarian border police will check other documents (e.g. national passport, birth certificate, residence registration) to verify your identity. If you&#8217;re allowed to enter, <strong>you&#8217;ll get a 30-day renewable temporary residence certificate<\/strong>. This lets you stay legally and <strong>apply for temporary protection<\/strong> in Hungary. As part of the process, you might be taken to a city called Ny\u00edrb\u00e1tor near the border area, so that you can be registered by the asylum authority (<a href=\"http:\/\/www.bmbah.hu\/index.php?lang=en\">National Directorate-General for Aliens Policing<\/a>).<\/p>\n\n\n\n<h3 class=\"wp-block-heading\"><strong>Non-Ukrainian nationals<\/strong><\/h3>\n\n\n\n<p class=\"has-medium-font-size\">If you are <strong>not a Ukrainian citizen and you&#8217;re fleeing Ukraine<\/strong>, you need to fulfil the general entry conditions for the Schengen area. This means having a valid travel document and a valid Schengen visa, and not having a ban on entering Schengen countries. If you have a residence permit from an EU country, you might be allowed to enter Hungary to travel through it to reach that country. Check with the country that issued your residence permit before you travel.<\/p>\n\n\n\n<p class=\"has-medium-font-size\">If <strong>you were in Ukraine on February 24, 2022, with a valid residence permit<\/strong> and haven&#8217;t left Ukraine since then, you can be allowed entry on humanitarian grounds. You can prove this with documents like a valid residence permit, marriage certificate, or birth certificate.<\/p>\n\n\n\n<p class=\"has-medium-font-size\"><strong>If you don&#8217;t fit into any of the categories above<\/strong>, and you believe going back to Ukraine or your home country is dangerous, you can inform the Hungarian authorities and ask for protection. If they see that refusing your entry could be risky, they will let you enter Hungary and your case will be taken up by the asylum authority.<\/p>\n\n\n\n<h2 class=\"wp-block-heading\" id=\"border-crossing-points\"><strong>Border crossing points<\/strong><\/h2>\n\n\n\n<figure class=\"wp-block-table has-medium-font-size\"><table class=\"has-fixed-layout\"><thead><tr><th><strong>Border crossing<\/strong><\/th><th><strong>Location<\/strong><\/th><th><strong>Opening times<\/strong><\/th><\/tr><\/thead><tbody><tr><td>Z\u00e1hony \u2013 Chop<br>(including by train)<\/td><td><a href=\"https:\/\/maps.app.goo.gl\/T8KsERq6wGa3DvXp9\">4625 Z\u00e1hony, K\u00f6z\u00fati hat\u00e1r\u00e1tkel\u0151, 4625<\/a><\/td><td>00:00-24:00<\/td><\/tr><tr><td>L\u00f3nya \u2013 Dzvinkove<\/td><td><a href=\"https:\/\/maps.app.goo.gl\/DarL3GVs2ZP3n2uv7\">4836, L\u00f3nya, Pet\u0151fi S\u00e1ndor \u00fat 200.<\/a><\/td><td>07:00-18:00<\/td><\/tr><tr><td>Barab\u00e1s \u2013 Koson\u2019<\/td><td><a href=\"https:\/\/maps.app.goo.gl\/ddGh36Yo1wWggN3L9\">4937, Barab\u00e1s, \u00c1rp\u00e1d \u00fat 201.<\/a><\/td><td>07:00-19:00<\/td><\/tr><tr><td>Beregsur\u00e1ny \u2013 \u0410\u0441\u0442\u0435\u0439<\/td><td><a href=\"https:\/\/maps.app.goo.gl\/Zevhi3ACApxH6EDD8\">4933, Beregsur\u00e1ny, (41-m) Hat\u00e1r\u00e1tkel\u0151hely<\/a><\/td><td>00:00-24:00<\/td><\/tr><tr><td>Tiszabecs \u2013 Vilok<\/td><td><a href=\"https:\/\/maps.app.goo.gl\/Rbq7gz5HJfTcbueQ8\">4951, Tiszabecs, Hat\u00e1r\u00e1tkel\u0151<\/a><\/td><td>00:00-24:00<\/td><\/tr><\/tbody><\/table><\/figure>\n\n\n\n<p class=\"has-medium-font-size\">You can find information about waiting times on the <a href=\"https:\/\/www.police.hu\/hirek-es-informaciok\/hatarinfo\">Hungarian Police website<\/a>, but note that this is only for entering Hungary, and not exiting Ukraine.<\/p>\n\n\n\n<h2 class=\"wp-block-heading\"><strong>Required documents for entry<\/strong><\/h2>\n\n\n\n<p class=\"has-medium-font-size\">Entering Hungary from Ukraine involves a border crossing procedure that requires specific documents to ensure a smooth and lawful entry.<\/p>\n\n\n\n<p class=\"has-medium-font-size\"><strong>Biometric passport<\/strong>: If you have a biometric passport, you can stay within Hungary and the Schengen area for up to 90 days without a visa, and apply for Temporary Protection. This passport allows for smoother identity verification at the border.<\/p>\n\n\n\n<p class=\"has-medium-font-size\"><strong>National passport and other documents<\/strong>: if you don\u2019t have a biometric passport, you will need to present your national passport or other supporting documents like marriage certificates, birth certificates, or any relevant documentation to prove your eligibility for entry and temporary protection.<\/p>\n\n\n\n<p class=\"has-medium-font-size\"><strong>Valid Residence Permit<\/strong> (if applicable): If you have a residence permit issued by an EU Member State, it might grant you eligibility for transit purposes through Hungary. Check with the issuing country before travelling.<\/p>\n\n\n\n<p class=\"has-medium-font-size\"><strong>Visa<\/strong> (if applicable): If you&#8217;re a non-Ukrainian national and your country requires a Schengen visa to enter Hungary, make sure you have a valid visa issued by the Hungarian authorities. For more information on applying for a visa to Hungary visit: <a href=\"https:\/\/konzinfo.mfa.gov.hu\/en\/how-apply-visa\">https:\/\/konzinfo.mfa.gov.hu\/en\/how-apply-visa<\/a><\/p>\n\n\n\n<h2 class=\"wp-block-heading\" id=\"if-your-entry-is-refused\"><strong>If your entry is refused<\/strong><\/h2>\n\n\n\n<p class=\"has-medium-font-size\">If you&#8217;re refused entry, you have the option to appeal the decision within 30 days. The specific judicial authority you need to contact will be mentioned in the decision given by the police. If you&#8217;re seeking more information or assistance, you can get in touch with UNHCR.<\/p>\n\n\n\n<div class=\"wp-block-group\"><div class=\"wp-block-group__inner-container is-layout-constrained wp-block-group-is-layout-constrained\">\n<div style=\"background-color:#b9dfff;color:white;border-radius:10px;padding: 24px 24px 4px\">\n\n\n\n<figure class=\"wp-block-image size-full is-resized\"><img loading=\"lazy\" decoding=\"async\" width=\"100\" height=\"100\" src=\"https:\/\/help.unhcr.org\/hungary\/wp-content\/uploads\/sites\/86\/2024\/06\/callout_rcc-1.png\" alt=\"\" class=\"wp-image-18970\" style=\"width:70px\" \/><\/figure>\n\n\n\n<div style=\"height:14px\" aria-hidden=\"true\" class=\"wp-block-spacer\"><\/div>\n\n\n\n<p class=\"has-black-color has-text-color has-link-color has-medium-font-size wp-elements-41ce2414641dbfa10a869784448b8b11\">For more information, feedback, or complaints, call the <strong>UNHCR Refugee Helpline<\/strong> on <strong><a href=\"tel:+36 80 984 583\">+36 80 984 583<\/a>\u200b<\/strong> between Monday \u2013 Friday, 08:00 \u2013 17:00, in Ukrainian, Russian, Hungarian or English, or send an email to <a href=\"mailto:hunbucontact@unhcr.org\">hunbucontact@unhcr.org<\/a>. <\/p>\n\n\n<p class=\"hcr-help-webrtc-block-wrapper\"><button onclick=\"hcrHelpWebRTCOpenModal()\" class=\"hcr-help-webrtc-trigger-modal-button hcr-help-webrtc-trigger-modal-button-blue\">Click here to call UNHCR<\/button><\/p>\n\n\n<\/div>\n<\/div><\/div>\n\n\n\n<p><\/p>\n\n\n\n<h2 class=\"wp-block-heading\" id=\"help-points-around-the-border\"><strong>Help Points around the border<\/strong><\/h2>\n\n\n\n<p class=\"has-medium-font-size\">If you are arriving from Ukraine to Hungary, there are organisations who can help you at the border with food, legal assistance, finding transportation, accommodation, relief items, and others. When you cross the border, you can ask for directions to the closest Help Point. You can also directly contact this organisation:<\/p>\n\n\n\n<figure class=\"wp-block-table has-medium-font-size\"><table class=\"has-fixed-layout\"><thead><tr><th><strong>Organisation<\/strong><\/th><th><strong>Location<\/strong><\/th><th><strong>E-mail&nbsp;<\/strong><\/th><th><strong>Phone&nbsp;<\/strong><\/th><th><strong>Services and Opening Hours<\/strong><\/th><\/tr><\/thead><tbody><tr><td><strong>Hungarian Charity Service of the Order of Malta&nbsp;<\/strong><\/td><td><a href=\"https:\/\/goo.gl\/maps\/iRcU55JqwmTEheGu7\">4933 Beregsur\u00e1ny, II. R\u00e1k\u00f3czi Ferenc utca 1.<\/a>&nbsp;<\/td><td>beregsurany@maltai.hu<\/td><td>+36 70 659 8508<\/td><td>This Help Point is now a <strong>transit point<\/strong> with a <strong>maximum stay of 3 days and 2 nights<\/strong>. The workers from the Order of Malta are on site <strong>daily from 8:00 a.m. to 5:00 p.m.<\/strong><br><br><strong>Languages: <\/strong>Hungarian and Ukrainian<strong> <\/strong><\/td><\/tr><\/tbody><\/table><\/figure>\n\n\n\n<h2 class=\"wp-block-heading\" id=\"travelling-to-budapest-with-public-transportation\"><strong>Travelling to Budapest with public transportation&nbsp;<\/strong><\/h2>\n\n\n\n<p class=\"has-medium-font-size\">If you just arrived at the Hungarian-Ukrainian border you can travel for free on the following routes in a second-class carriage by purchasing a Solidarity ticket. The tickets are available from the cash desks at the departure stations. If you are crossing the border by train, you can also purchase them on board by presenting your identification documents. Exact schedule can be checked on <a href=\"https:\/\/jegy.mav.hu\/\">https:\/\/jegy.mav.hu<\/a>.<\/p>\n\n\n\n<figure class=\"wp-block-table has-medium-font-size\"><table class=\"has-fixed-layout\"><thead><tr><th>Departure station<\/th><th><\/th><th>Destination station<\/th><\/tr><\/thead><tbody><tr><td>Stations and stops of the line Z\u00e1hony \u2013 Ny\u00edregyh\u00e1za<br><br><br>Z\u00e1hony<br>Tiszabezd\u00e9d<br>Tuzs\u00e9r<br>Komor\u00f3<br>Kisv\u00e1rda-H\u00e1rmas\u00fat<br>Kisv\u00e1rda<br>Ajak<br>P\u00e1troha<br>G\u00e9g\u00e9ny<br>Demecser<br>K\u00e9k<br>Ny\u00edrbogd\u00e1ny<br>Kemecse<br>S\u00f3st\u00f3hegy<br>S\u00f3st\u00f3<br>Ny\u00edregyh\u00e1za<\/td><td rowspan=\"2\">\u2192<\/td><td rowspan=\"2\">Budapest-Keleti<br>Budapest-Nyugati<br>K\u0151b\u00e1nya-Kispest<br>Zugl\u00f3<br>Budapest-Kelenf\u00f6ld<br>Hegyeshalom<br>Szob<\/td><\/tr><tr><td>Hidasn\u00e9meti<br>Ny\u00edr\u00e1br\u00e1ny<br>Biharkeresztes<br>L\u0151k\u00f6sh\u00e1za<\/td><\/tr><tr><td>Budapest-Keleti<br>Budapest-Nyugati<br>K\u0151b\u00e1nya-Kispest<br>Zugl\u00f3<br>Budapest-Kelenf\u00f6ld<\/td><td>\u2192<\/td><td>Hegyeshalom<br>Szob<\/td><\/tr><\/tbody><\/table><\/figure>\n\n\n\n<h2 class=\"wp-block-heading\" id=\"information-and-emergency-housing-in-budapest\"><strong>Information and emergency housing in Budapest<\/strong><\/h2>\n\n\n\n<p class=\"has-medium-font-size\">The Government Offices, known as \u201cKorm\u00e1nyablak,\u201d located at Keleti and Nyugati railway stations can provide you with information and emergency housing referrals. This includes <strong>one-night reception accommodations, assistance in locating long-term housing, information about temporary protection, details about regular subsistence allowances and employment opportunities<\/strong> in Hungary, and further services available for refugees.&nbsp;<\/p>\n\n\n\n<figure class=\"wp-block-table has-medium-font-size\"><table class=\"has-fixed-layout\"><thead><tr><th>Government Offices<\/th><th>Address<\/th><th>Opening Hours<\/th><\/tr><\/thead><tbody><tr><td><strong>Nyugati Train Station<\/strong><\/td><td><a href=\"https:\/\/goo.gl\/maps\/WVquByNqVfRtZcCB8\">1062, Budapest, Ter\u00e9z k\u00f6r\u00fat 55.<\/a><\/td><td><strong>Monday<\/strong>: 08:00-18:00<br><strong>Tuesday<\/strong>: 08:00-16:00<br><strong>Wednesday<\/strong>: 11:00-19:00<br><strong>Thursday<\/strong>: 08:00-16:00<br><strong>Friday<\/strong>: 08:00-14:00<\/td><\/tr><\/tbody><\/table><\/figure>\n\n\n\n<p class=\"has-medium-font-size\">For refugee new arrivals from Ukraine to Budapest, you can also stay at the One-night Reception Center of the Hungarian Charity Service of the Order of Malta:<\/p>\n\n\n\n<figure class=\"wp-block-table has-medium-font-size\"><table class=\"has-fixed-layout\"><thead><tr><th>Name<\/th><th>Address<\/th><th>Phone<\/th><\/tr><\/thead><tbody><tr><td><strong>One-night Reception Centre<\/strong><\/td><td><a href=\"https:\/\/goo.gl\/maps\/RGKyhkguSbTNSjtn6\">1117 Budapest, Galvani Utca 44\/A<\/a><\/td><td>?? +36 70 659 8508&nbsp;<br>?? +36 30 583 0571<\/td><\/tr><\/tbody><\/table><\/figure>\n\n\n\n<div class=\"wp-block-group\"><div class=\"wp-block-group__inner-container is-layout-constrained wp-block-group-is-layout-constrained\">\n<a href=\"https:\/\/help.unhcr.org\/hungary\/report-misconduct\" style=\"text-decoration: none\">\n\n\n\n<div style=\"background-color:#FFBCC1;color:white;border-radius:10px;padding: 24px 24px 1px\">\n\n\n\n<figure class=\"wp-block-image size-full is-resized\"><img loading=\"lazy\" decoding=\"async\" width=\"100\" height=\"100\" src=\"https:\/\/help.unhcr.org\/hungary\/wp-content\/uploads\/sites\/86\/2024\/07\/callout_report-2.png\" alt=\"\" class=\"wp-image-20191\" style=\"width:70px\" \/><\/figure>\n\n\n\n<div style=\"height:14px\" aria-hidden=\"true\" class=\"wp-block-spacer\"><\/div>\n\n\n\n<p class=\"has-black-color has-text-color has-link-color has-medium-font-size wp-elements-763acfb9fd5110d7720b231de88e6d69\">If you witness or experience any inappropriate behaviour by humanitarian workers, click here to safely report it.<\/p>\n\n\n\n<\/div><\/a>\n<\/div><\/div>\n\n\n\n<p><\/p>\n\n\n\n<div class=\"wp-block-group\"><div class=\"wp-block-group__inner-container is-layout-constrained wp-block-group-is-layout-constrained\">\n<div style=\"background-color:#b9dfff;color:white;border-radius:10px;padding: 24px 24px 4px\">\n\n\n\n<figure class=\"wp-block-image size-full is-resized\"><img loading=\"lazy\" decoding=\"async\" width=\"100\" height=\"100\" src=\"https:\/\/help.unhcr.org\/hungary\/wp-content\/uploads\/sites\/86\/2024\/06\/callout_rcc-1.png\" alt=\"\" class=\"wp-image-18970\" style=\"width:70px\" \/><\/figure>\n\n\n\n<div style=\"height:14px\" aria-hidden=\"true\" class=\"wp-block-spacer\"><\/div>\n\n\n\n<p class=\"has-black-color has-text-color has-link-color has-medium-font-size wp-elements-41ce2414641dbfa10a869784448b8b11\">For more information, feedback, or complaints, call the <strong>UNHCR Refugee Helpline<\/strong> on <strong><a href=\"tel:+36 80 984 583\">+36 80 984 583<\/a>\u200b<\/strong> between Monday \u2013 Friday, 08:00 \u2013 17:00, in Ukrainian, Russian, Hungarian or English, or send an email to <a href=\"mailto:hunbucontact@unhcr.org\">hunbucontact@unhcr.org<\/a>. <\/p>\n\n\n<p class=\"hcr-help-webrtc-block-wrapper\"><button onclick=\"hcrHelpWebRTCOpenModal()\" class=\"hcr-help-webrtc-trigger-modal-button hcr-help-webrtc-trigger-modal-button-blue\">Click here to call UNHCR<\/button><\/p>\n\n\n<\/div>\n<\/div><\/div>\n\n\n\n<p><\/p>\n","protected":false},"excerpt":{"rendered":"<p>ON THIS PAGE YOU CAN LEARN ABOUT: \u2022 Who can enter Hungary?\u2022 Border crossing points\u2022 Required documents for entry\u2022 If your entry is refused\u2022 Help Points around the border\u2022 Travelling to Budapest with public transportation\u2022 Information and emergency housing in Budapest When you want to travel from Ukraine to Hungary, the Hungarian authorities make a [&hellip;]<\/p>\n","protected":false},"author":347,"featured_media":0,"parent":0,"menu_order":2,"comment_status":"closed","ping_status":"closed","template":"","meta":{"_acf_changed":false,"footnotes":""},"class_list":["post-18729","page","type-page","status-publish","hentry"],"acf":[],"_links":{"self":[{"href":"https:\/\/help.unhcr.org\/hungary\/wp-json\/wp\/v2\/pages\/18729","targetHints":{"allow":["GET"]}}],"collection":[{"href":"https:\/\/help.unhcr.org\/hungary\/wp-json\/wp\/v2\/pages"}],"about":[{"href":"https:\/\/help.unhcr.org\/hungary\/wp-json\/wp\/v2\/types\/page"}],"author":[{"embeddable":true,"href":"https:\/\/help.unhcr.org\/hungary\/wp-json\/wp\/v2\/users\/347"}],"replies":[{"embeddable":true,"href":"https:\/\/help.unhcr.org\/hungary\/wp-json\/wp\/v2\/comments?post=18729"}],"version-history":[{"count":304,"href":"https:\/\/help.unhcr.org\/hungary\/wp-json\/wp\/v2\/pages\/18729\/revisions"}],"predecessor-version":[{"id":49467,"href":"https:\/\/help.unhcr.org\/hungary\/wp-json\/wp\/v2\/pages\/18729\/revisions\/49467"}],"wp:attachment":[{"href":"https:\/\/help.unhcr.org\/hungary\/wp-json\/wp\/v2\/media?parent=18729"}],"curies":[{"name":"wp","href":"https:\/\/api.w.org\/{rel}","templated":true}]}}